{"id":2734,"date":"2012-06-03T17:10:44","date_gmt":"2012-06-03T16:10:44","guid":{"rendered":"http:\/\/serveiseducatius.xtec.cat\/badalona\/intraweb\/moby-dick\/"},"modified":"2016-12-13T09:26:46","modified_gmt":"2016-12-13T08:26:46","slug":"moby-dick","status":"publish","type":"page","link":"https:\/\/serveiseducatius.xtec.cat\/badalona\/recursos\/llibres-de-text-lectures-a-leso-premis-ciutat-de-badalona\/moby-dick\/","title":{"rendered":"Moby Dick"},"content":{"rendered":"<table border=\"0\" width=\"94%\">\n<tbody>\n<tr style=\"background-color: #ffffff;\" align=\"left\" valign=\"top\" bgcolor=\"#E3E3C4\">\n<td colspan=\"3\"><span style=\"color: #ff6600;\"><strong><span style=\"font-family: Geneva, Arial, Helvetica, sans-serif; font-size: x-large;\">Moby Dick <\/span><\/strong><\/span><\/td>\n<\/tr>\n<tr style=\"background-color: #ffffff;\">\n<td style=\"width: 31%; height: 280px; text-align: left; vertical-align: top;\" align=\"center\" valign=\"middle\" width=\"31%\" height=\"280\"><img loading=\"lazy\" decoding=\"async\" class=\"alignleft size-full wp-image-5353\" src=\"http:\/\/serveiseducatius.xtec.cat\/badalona\/wp-content\/uploads\/usu1088\/2012\/06\/Moby-Dick-i1n2222619.jpg\" alt=\"moby-dick-i1n2222619\" width=\"175\" height=\"275\" \/><\/td>\n<td align=\"left\" valign=\"top\" width=\"69%\"><span style=\"font-size: small;\"><strong><span style=\"font-family: Geneva, Arial, Helvetica, sans-serif;\">Autor: <\/span><\/strong><span style=\"font-family: Geneva, Arial, Helvetica, sans-serif;\">Herman MELVILLE <strong>58 ex. cast. \/ 57 cat.<br \/>\nT\u00edtol:<\/strong><em>Moby Dick <\/em>\/ Herman Melville ; versi\u00f3 de Josep Lorman<br \/>\n<strong>Publicaci\u00f3: <\/strong>Barcelona : Castellnou, 2006<br \/>\n<strong>Descripci\u00f3 f\u00edsica: <\/strong>156 p. : il. ; 21 cm<br \/>\n<strong>Col\u00b7lecci\u00f3: <\/strong>Kalafat ; 8<\/span><\/span><span style=\"font-family: Geneva, Arial, Helvetica, sans-serif; font-size: small;\">Ismael, un mariner supervivent del balener <em>Pequod<\/em>, ens explica l\u00e2??obsessi\u00f3 del capit\u00e0 Acab per capturar Moby Dick, el\u00a0 gran catxalot que l\u00e2??ha mutilat. Amb aquest secret objectiu, el capit\u00e0 Acab empr\u00e8n una llarga travessia a la recerca del catxalot, durant la qual ha de conv\u00e8ncer els mariners perqu\u00e8 facin seu el repte. Finalment, localitzen Moby Dick, per\u00f2 despr\u00e9s d&#8217;un encontre llarg i ferotge, tot acaba en trag\u00e8dia.<br \/>\n<em>En aquesta adaptaci\u00f3 de <\/em>Moby Dick<em>, la novel\u00b7la m\u00e9s llarga i m\u00e9s coneguda de Herman Melville, he prescindit de la major part de l&#8217;exhaustiva informaci\u00f3 sobre la cacera de la balena de l&#8217;obra original; tamb\u00e9 he alleugerit les descripcions psicol\u00f2giques dels personatges i les reflexions de car\u00e0cter filos\u00f2fic. El resultat \u00e9s una aventura marinera \u00e8pica, en qu\u00e8 es presenta un duel entre l&#8217;home i les forces de la naturalesa, encarnades per un mar inexorable, on viu un \u00e9sser mar\u00ed poder\u00f3s i implacable.<\/em><\/span><\/p>\n<p><span style=\"font-family: Geneva, Arial, Helvetica, sans-serif; font-size: small;\"><strong>Activitats:<\/strong><\/span><\/p>\n<ul>\n<li><span style=\"font-family: Geneva, Arial, Helvetica, sans-serif; font-size: small;\">Dossier de treball: preguntes i solucionari: (<a href=\"http:\/\/www.cpnl.cat\/media\/upload\/pdf\/\/Moby_Dick_complet_editora_grup_30_611.pdf\" target=\"_blank\">enlla\u00e7<\/a>)<\/span><\/li>\n<\/ul>\n<\/td>\n<\/tr>\n<tr style=\"background-color: #ffffff;\" align=\"left\" valign=\"top\" bgcolor=\"#E3E3C4\">\n<td colspan=\"3\" height=\"18\"><span style=\"color: #ff6600;\"><strong><span style=\"font-family: Geneva, Arial, Helvetica, sans-serif; font-size: large;\">Per\u00a0a m\u00e9s informaci\u00f3:<\/span><\/strong><\/span><\/td>\n<\/tr>\n<tr style=\"background-color: #ffffff;\" align=\"left\" valign=\"top\">\n<td colspan=\"3\" height=\"20\"><span style=\"font-family: Geneva, Arial, Helvetica, sans-serif; font-size: small;\">Pots\u00a0contactar amb:<span style=\"color: #ff6600;\"><strong>934602226<\/strong><\/span><\/span><\/td>\n<\/tr>\n<tr align=\"left\" valign=\"top\">\n<td colspan=\"3\" height=\"21\"><span style=\"font-family: Geneva, Arial, Helvetica, sans-serif; font-size: small;\">Correu\u00a0electr\u00f2nic:\u00a0<span style=\"color: #ff6600;\"><strong>crp-badalona@xtec.cat<\/strong><\/span><\/span><\/td>\n<\/tr>\n<tr style=\"background-color: #ffffff;\" align=\"left\" valign=\"top\" bgcolor=\"#E3E3C4\">\n<td colspan=\"3\" height=\"18\"><span style=\"color: #ff6600;\"><strong><span style=\"font-family: Geneva, Arial, Helvetica, sans-serif; font-size: large;\">Organitza:<\/span><\/strong><\/span><\/td>\n<\/tr>\n<tr align=\"left\" valign=\"top\">\n<td colspan=\"3\" height=\"18\"><span style=\"font-family: Geneva, Arial, Helvetica, sans-serif; font-size: small;\">Ajuntament\u00a0de Badalona. \u00c0ea d&#8217;Educaci\u00f3, \u00c0rea de Cultura\u00a0mitjan\u00e7ant la Xarxa Municipal de Biblioteques<\/span><\/td>\n<\/tr>\n<tr style=\"background-color: #ffffff;\" align=\"left\" valign=\"top\">\n<td colspan=\"3\" height=\"18\"><span style=\"font-family: Geneva, Arial, Helvetica, sans-serif; font-size: small;\">Servei\u00a0Educatiu Ciutat de Badalona. Departament d&#8217;Ensenyament. Generalitat de\u00a0Catalunya <\/span><\/td>\n<\/tr>\n<\/tbody>\n<\/table>\n<p>&nbsp;<\/p>\n","protected":false},"excerpt":{"rendered":"<p>Moby Dick Autor: Herman MELVILLE 58 ex. cast. \/ 57 cat. T\u00edtol:Moby Dick \/ Herman Melville ; versi\u00f3 de Josep [&hellip;]<\/p>\n","protected":false},"author":1,"featured_media":0,"parent":2737,"menu_order":0,"comment_status":"closed","ping_status":"closed","template":"page-templates\/side-menu.php","meta":{"_bbp_topic_count":0,"_bbp_reply_count":0,"_bbp_total_topic_count":0,"_bbp_total_reply_count":0,"_bbp_voice_count":0,"_bbp_anonymous_reply_count":0,"_bbp_topic_count_hidden":0,"_bbp_reply_count_hidden":0,"_bbp_forum_subforum_count":0,"site-sidebar-layout":"default","site-content-layout":"","ast-site-content-layout":"","site-content-style":"default","site-sidebar-style":"default","ast-global-header-display":"","ast-banner-title-visibility":"","ast-main-header-display":"","ast-hfb-above-header-display":"","ast-hfb-below-header-display":"","ast-hfb-mobile-header-display":"","site-post-title":"","ast-breadcrumbs-content":"","ast-featured-img":"","footer-sml-layout":"","theme-transparent-header-meta":"","adv-header-id-meta":"","stick-header-meta":"","header-above-stick-meta":"","header-main-stick-meta":"","header-below-stick-meta":"","astra-migrate-meta-layouts":"default","ast-page-background-enabled":"default","ast-page-background-meta":{"desktop":{"background-color":"var(--ast-global-color-4)","background-image":"","background-repeat":"repeat","background-position":"center center","background-size":"auto","background-attachment":"scroll","background-type":"","background-media":"","overlay-type":"","overlay-color":"","overlay-opacity":"","overlay-gradient":""},"tablet":{"background-color":"","background-image":"","background-repeat":"repeat","background-position":"center center","background-size":"auto","background-attachment":"scroll","background-type":"","background-media":"","overlay-type":"","overlay-color":"","overlay-opacity":"","overlay-gradient":""},"mobile":{"background-color":"","background-image":"","background-repeat":"repeat","background-position":"center center","background-size":"auto","background-attachment":"scroll","background-type":"","background-media":"","overlay-type":"","overlay-color":"","overlay-opacity":"","overlay-gradient":""}},"ast-content-background-meta":{"desktop":{"background-color":"var(--ast-global-color-5)","background-image":"","background-repeat":"repeat","background-position":"center center","background-size":"auto","background-attachment":"scroll","background-type":"","background-media":"","overlay-type":"","overlay-color":"","overlay-opacity":"","overlay-gradient":""},"tablet":{"background-color":"var(--ast-global-color-5)","background-image":"","background-repeat":"repeat","background-position":"center center","background-size":"auto","background-attachment":"scroll","background-type":"","background-media":"","overlay-type":"","overlay-color":"","overlay-opacity":"","overlay-gradient":""},"mobile":{"background-color":"var(--ast-global-color-5)","background-image":"","background-repeat":"repeat","background-position":"center center","background-size":"auto","background-attachment":"scroll","background-type":"","background-media":"","overlay-type":"","overlay-color":"","overlay-opacity":"","overlay-gradient":""}},"footnotes":""},"class_list":["post-2734","page","type-page","status-publish","hentry"],"post_mailing_queue_ids":[],"_links":{"self":[{"href":"https:\/\/serveiseducatius.xtec.cat\/badalona\/wp-json\/wp\/v2\/pages\/2734","targetHints":{"allow":["GET"]}}],"collection":[{"href":"https:\/\/serveiseducatius.xtec.cat\/badalona\/wp-json\/wp\/v2\/pages"}],"about":[{"href":"https:\/\/serveiseducatius.xtec.cat\/badalona\/wp-json\/wp\/v2\/types\/page"}],"author":[{"embeddable":true,"href":"https:\/\/serveiseducatius.xtec.cat\/badalona\/wp-json\/wp\/v2\/users\/1"}],"replies":[{"embeddable":true,"href":"https:\/\/serveiseducatius.xtec.cat\/badalona\/wp-json\/wp\/v2\/comments?post=2734"}],"version-history":[{"count":1,"href":"https:\/\/serveiseducatius.xtec.cat\/badalona\/wp-json\/wp\/v2\/pages\/2734\/revisions"}],"predecessor-version":[{"id":5355,"href":"https:\/\/serveiseducatius.xtec.cat\/badalona\/wp-json\/wp\/v2\/pages\/2734\/revisions\/5355"}],"up":[{"embeddable":true,"href":"https:\/\/serveiseducatius.xtec.cat\/badalona\/wp-json\/wp\/v2\/pages\/2737"}],"wp:attachment":[{"href":"https:\/\/serveiseducatius.xtec.cat\/badalona\/wp-json\/wp\/v2\/media?parent=2734"}],"curies":[{"name":"wp","href":"https:\/\/api.w.org\/{rel}","templated":true}]}}