{"id":2711,"date":"2011-11-28T17:21:41","date_gmt":"2011-11-28T16:21:41","guid":{"rendered":"http:\/\/serveiseducatius.xtec.cat\/badalona\/intraweb\/espai-tac\/"},"modified":"2016-11-11T11:58:32","modified_gmt":"2016-11-11T10:58:32","slug":"espai-tac","status":"publish","type":"page","link":"https:\/\/serveiseducatius.xtec.cat\/badalona\/recursos\/espai-tac\/","title":{"rendered":"Espai TAC"},"content":{"rendered":"<p>&nbsp;<\/p>\n<p><span style=\"font-size: 20px;\"><strong>ESPAI TAC<\/strong><\/span><\/p>\n<table class=\" htmtableborders\" style=\"display: table; height: 1615px; width: 784px;\" border=\"0\">\n<tbody>\n<tr>\n<td colspan=\"2\"><span style=\"font-size: 16px;\"><strong>Rob\u00f2tica i programaci\u00f3<\/strong><\/span><\/td>\n<\/tr>\n<tr>\n<td><a title=\"eduCAT 2.0\" href=\"http:\/\/agora.xtec.cat\/se-badalona\/intranet\/index.php?module=pagines&amp;type=user&amp;func=display&amp;pageid=216\" target=\"_blank\"><img decoding=\"async\" style=\"height: 50px; width: 161px;\" src=\"https:\/\/lh5.googleusercontent.com\/-bf1Ck5GRMEU\/VP71YbARS9I\/AAAAAAAACXU\/bkCL5X5sK7c\/s647\/roboticaeducativa.jpg\" \/><\/a><\/p>\n<p><img decoding=\"async\" style=\"height: 38px; width: 175px;\" src=\"https:\/\/lh3.googleusercontent.com\/-j_ITw256IwI\/VkB_76aSJqI\/AAAAAAAAFhs\/LuNzhNl3Q7o\/s448-Ic42\/programacio.jpg\" alt=\"\" \/><br \/>\n<strong><span style=\"font-size: 16px;\">Espais gen\u00e8rics<\/span><\/strong><\/td>\n<td colspan=\"1\"><span style=\"font-size: 12px;\"><a href=\"http:\/\/agora.xtec.cat\/se-badalona\/intranet\/index.php?module=pagines&amp;type=user&amp;func=display&amp;pageid=216\" target=\"_blank\"><strong>Rob\u00f2tica educativa<\/strong><\/a><strong>\u00a0<\/strong><br \/>\nLa rob\u00f2tica educativa \u00e9s un mitj\u00e0 d&#8217;aprenentatge estretament lligat a processos de creaci\u00f3, disseny i construcci\u00f3. Aquest \u00e9s un espai d&#8217;acompanyament per a tots aquells interessats en la programaci\u00f3, la rob\u00f2tica i el pensament computacional per a nens i nenes de totes les edats.<\/span><\/p>\n<p><span style=\"font-family: verdana,geneva,sans-serif;\"><a href=\"http:\/\/agora.xtec.cat\/se-badalona\/intranet\/index.php?module=pagines&amp;type=user&amp;func=display&amp;pageid=230\" target=\"_blank\"><strong>Programaci\u00f3<\/strong><\/a><\/span><\/td>\n<\/tr>\n<tr>\n<td><span style=\"font-size: 12px;\"><a title=\"eduCAT 2.0\" href=\"http:\/\/www.xtec.cat\/innova\/educat\/index.htm\" target=\"_blank\"><img decoding=\"async\" style=\"height: 70px; width: 161px;\" src=\"https:\/\/lh6.googleusercontent.com\/-e-WdGw95tYM\/TtOplr4AFiI\/AAAAAAAAAq0\/UxZy0Wu97HU\/s128\/illu_int_educat2.jpg\" \/><\/a><\/span><\/td>\n<td colspan=\"1\"><span style=\"font-size: 12px;\"><strong><a href=\"http:\/\/www.xtec.cat\/web\/innovacio\/educat\" target=\"_blank\">eduCAT 2.0<\/a><\/strong><br \/>\nEl Programa eduCAT 2.0 promou l\u2019\u00fas dels instruments digitals en els processos d\u2019ensenyament i aprenentatge amb la incorporaci\u00f3 d\u2019ordinadors port\u00e0tils i de sistemes de projecci\u00f3 interactiva a les escoles amb cicle superior de prim\u00e0ria i als centres p\u00fablics de secund\u00e0ria:\u00a0 <a href=\"http:\/\/www.xtec.cat\/web\/innovacio\/educat\/primaria\" target=\"_blank\">Prim\u00e0ria\u00a0\u00a0 <\/a> \/\u00a0 <a href=\"http:\/\/www.xtec.cat\/web\/innovacio\/educat\/secundaria\" target=\"_blank\">Secund\u00e0ria<\/a><\/span><\/td>\n<\/tr>\n<tr>\n<td><span style=\"font-size: 12px;\"><a title=\"Xarxa docent\" href=\"http:\/\/educat.xtec.cat\/\" target=\"_blank\"><img decoding=\"async\" style=\"width: 165px;\" src=\"https:\/\/lh4.googleusercontent.com\/-ZhJ1bOhkRTY\/TtOn764RoDI\/AAAAAAAAAqg\/bRStoEJHvZU\/s235\/xarxa%252520docent%252520educat2.0.png\" alt=\"XARXA DOCENT\" \/><\/a><\/span><\/td>\n<td colspan=\"1\"><span style=\"font-size: 12px;\"><a title=\"XARXA DOCENT\" href=\"http:\/\/educat.xtec.cat\/\" target=\"_blank\"><strong>XARXA DOCENT EDUCAT 2.0 <\/strong><\/a><br \/>\nEspai d&#8217;acompanyament i formaci\u00f3 per al professorat que participa en el Programa eduCAT 2.\u00a0\u00a0 <a title=\"educat 2.0\" href=\"http:\/\/educat.xtec.cat\/group\/governanaca_tac_de_centre\/page\/documentacio-del-programa-educat-2-0?xg_source=activity\" target=\"_blank\">Documentaci\u00f3 del programa eduCAT 2.0<\/a><\/span><\/td>\n<\/tr>\n<tr>\n<td>&nbsp;<\/td>\n<td colspan=\"1\"><span style=\"font-size: 12px;\"><a title=\"\u00c3?s de serveis i recursos web 2.0. Model d'autoritzaci\u00f3\" href=\"http:\/\/www.xtec.cat\/web\/recursos\/tecinformacio\/internet_segura\/documents\/autoritzacio\" target=\"_blank\">Autoritzaci\u00f3 per a l&#8217;\u00fas de serveis i recursos web 2.0. i autoritzaci\u00f3 per a l&#8217;\u00fas d&#8217;imatges dades de caracter personal i materials que elaboren<\/a><\/span><\/td>\n<\/tr>\n<tr>\n<td><\/td>\n<td><\/td>\n<\/tr>\n<tr>\n<td colspan=\"2\"><span style=\"font-size: 16px;\"><strong>Espais de formaci\u00f3, orientaci\u00f3 i publicacions <\/strong><\/span><\/td>\n<\/tr>\n<tr>\n<td><a href=\"http:\/\/ateneu.xtec.cat\/wikiform\/wikiexport\/cursos\/index\" target=\"_blank\"><img decoding=\"async\" style=\"height: 54px; width: 158px;\" src=\"https:\/\/lh5.googleusercontent.com\/-N3oNLq2niBE\/TtOvnOI9egI\/AAAAAAAAArg\/qLu1AzosHnw\/s235\/ateneu.png\" alt=\"ateneu\" \/><\/a><\/td>\n<td colspan=\"1\"><span style=\"font-size: 12px;\"><strong><a href=\"http:\/\/ateneu.xtec.cat\/wikiform\/wikiexport\/cursos\/index\" target=\"_blank\">ATENEU<\/a> <\/strong><br \/>\nMaterials del curs telem\u00e0tic de car\u00e0cter general que ofereix una formaci\u00f3 b\u00e0sica per a tot el professorat que participa en el projecte.<\/span><\/td>\n<\/tr>\n<tr>\n<td><span style=\"font-size: 12px;\"><a href=\"http:\/\/www.xtec.cat\/web\/curriculum\/competenciesbasiques\/ambitdigital\"><img decoding=\"async\" style=\"float: left; height: 30px; width: 155px;\" src=\"http:\/\/www.xtec.cat\/img_seccions\/cb_digital.png\" \/><\/a><\/span><\/td>\n<td><span style=\"font-size: 12px;\"><strong><a href=\"http:\/\/www.xtec.cat\/web\/curriculum\/competenciesbasiques\/ambitdigital\" target=\"_blank\">Compet\u00e8ncies B\u00e0siques de l&#8217;\u00e0mbit digital (Prim\u00e0ria i Secund\u00e0ria)<\/a><\/strong><\/span><\/td>\n<\/tr>\n<tr>\n<td><span style=\"font-size: 12px;\"><img decoding=\"async\" style=\"height: 36px; width: 158px;\" src=\"https:\/\/lh5.googleusercontent.com\/-fUc2lRWZYxE\/TtOxQTR4FTI\/AAAAAAAAAr4\/JaYRZf12Gvk\/s512\/semtac.jpg\" alt=\"stac\" \/><\/span><\/td>\n<td colspan=\"1\"><span style=\"font-size: 12px;\"><a title=\"stacbco\" href=\"https:\/\/sites.google.com\/a\/xtec.cat\/stac-bco\/?pli=1\" target=\"_blank\"><strong>SEMINARIS TAC A BCN Comarques<\/strong><\/a><br \/>\nEspai compartit dels seminaris TAC als SSTT de Barcelona Comarques, permet accedir als materials dels seminaris, recursos TAC i suport TIC.<\/span><\/p>\n<p><span style=\"font-size: 12px;\"><a title=\"Seminari TAC de Badalona\" href=\"http:\/\/odissea.xtec.cat\/course\/view.php?id=3606\" target=\"_blank\"><strong>Moodle del seminari TAC DE Badalona<\/strong><\/a><\/span><\/td>\n<\/tr>\n<tr>\n<td><\/td>\n<td colspan=\"1\">dia<\/td>\n<\/tr>\n<tr>\n<td><span style=\"font-size: 12px;\"><img decoding=\"async\" style=\"height: 45px; width: 124px;\" src=\"https:\/\/sites.google.com\/a\/xtec.cat\/microtallers\/_\/rsrc\/1288793970173\/config\/customLogo.gif?revision=8\" alt=\"microtallers tac\" \/><\/span><\/td>\n<td colspan=\"1\"><span style=\"font-size: 12px;\"><a title=\"Microtallers tac\" href=\"https:\/\/sites.google.com\/a\/xtec.cat\/microtallers\/home\" target=\"_blank\"><strong>Microtallers TAC<\/strong><\/a><br \/>\nMicrotallers&#8221; que pretenen posar a l&#8217;abast de la comunitat educativa un conjunt d&#8217;eines, anomenades &#8220;aplicacions 2.0&#8221;, caracteritzades per la &#8220;no&#8221; dep\u00e8ndencia de programes &#8220;propietaris&#8221; i la facilitat per compartir i treballar de forma col\u00b7laborativa<\/span><\/td>\n<\/tr>\n<tr>\n<td><\/td>\n<td colspan=\"1\"><\/td>\n<\/tr>\n<tr>\n<td><\/td>\n<td><\/td>\n<\/tr>\n<tr>\n<td colspan=\"2\"><span style=\"font-size: 16px;\"><strong>Internet segura\u00a0<\/strong><\/span><\/td>\n<\/tr>\n<tr>\n<td><a title=\"Internet segura\" href=\"http:\/\/www.xtec.cat\/web\/recursos\/tecinformacio\/internet_segura\" target=\"_blank\"><img decoding=\"async\" style=\"height: 42px; width: 178px;\" src=\"http:\/\/www.xtec.cat\/img_seccions\/internet_segura_top.png\" \/><\/a><\/td>\n<td><span style=\"font-size: 12px;\"><strong><a href=\"http:\/\/www.xtec.cat\/web\/recursos\/tecinformacio\/internet_segura\" target=\"_blank\">Espai a l&#8217;XTEC sobre seguretat a Internet\u00a0<\/a><\/strong><\/span><\/p>\n<p><strong><a href=\"http:\/\/xtec.gencat.cat\/ca\/recursos\/tecinformacio\/internet_segura\/diainternet\/index.html\">Dia de la internet segura<\/a><\/strong><\/td>\n<\/tr>\n<tr>\n<td><\/td>\n<td><strong><a title=\"Protocol d'intervenci\u00f3 ciberassetjament entre iguals\" href=\"http:\/\/xtec.gencat.cat\/ca\/centres\/projeducatiu\/convivencia\/recursos\/resconflictes\/ciberassetjament_iguals\/\" target=\"_blank\">Protocol de prevenci\u00f3 detecci\u00f3 i intervenci\u00f3 enfront del ciberassetjament entre iguals<\/a><\/strong><\/p>\n<p><strong><a title=\"Orientacions mal \u00fas del les p\u00e0gines informer\" href=\"http:\/\/xtec.gencat.cat\/ca\/recursos\/tecinformacio\/internet_segura\/orientacions_informer\/\" target=\"_blank\">Orientacions per al tractament del mal \u00fas de les p\u00e0gines INFORMER<\/a><\/strong><br \/>\nEspecial tem\u00e0tic: Dia de la protecci\u00f3 de dades<\/p>\n<p><a title=\"protecci\u00f3 de dades guia professorat\" href=\"http:\/\/www.apd.cat\/ca\/noticia.php?cat_id=226&amp;not_id=353\" target=\"_blank\"><strong>Guia educativa per al professorat sobre privacitat i protecci\u00f3 de dades\u00a0<\/strong><\/a><br \/>\n(apdcat &#8211; autoritat catalana de protecci\u00f3 de dades)<\/p>\n<p><a title=\"\u00c3?s de serveis i recursos web 2.0. Model d'autoritzaci\u00f3\" href=\"http:\/\/www.xtec.cat\/web\/recursos\/tecinformacio\/internet_segura\/documents\/autoritzacio\" target=\"_blank\">Autoritzaci\u00f3 per a l&#8217;\u00fas de serveis i recursos web 2.0. i autoritzaci\u00f3 per a l&#8217;\u00fas d&#8217;imatges dades de caracter\u00a0<\/a><\/td>\n<\/tr>\n<tr>\n<td colspan=\"2\"><strong><span style=\"font-size: 16px;\">Projecte de Geolocalitzaci\u00f3 Mobile History Map MHM<\/span><\/strong><\/p>\n<p><a href=\"http:\/\/agora.xtec.cat\/se-badalona\/intranet\/index.php?module=pagines&amp;type=user&amp;func=display&amp;pageid=218\" target=\"_blank\"><img decoding=\"async\" style=\"height: 71px; width: 412px;\" src=\"https:\/\/lh6.googleusercontent.com\/-nj0XLpm-eK4\/VQa7jDafQ6I\/AAAAAAAACZ8\/OqvBAcxjG9c\/s912\/mhm3.jpg\" alt=\"\" \/><\/a><\/p>\n<p><span style=\"font-size: 16px;\">Espai PDI <\/span><\/td>\n<\/tr>\n<tr>\n<td>\n<div><img decoding=\"async\" style=\"width: 119px;\" src=\"http:\/\/1.bp.blogspot.com\/-XptZUGa7OLQ\/UM9Yki5db-I\/AAAAAAAAAF0\/17NQMGp8cGQ\/s320\/pissa.jpg\" \/><\/div>\n<\/td>\n<td><strong><a title=\"Espai PDI\" href=\"\/se-badalona\/intranet\/index.php?module=pagines&amp;func=display&amp;pageid=175\" target=\"_blank\">Accedeix<\/a><\/strong>\u00a0a la informaci\u00f3 sobre PDI.<\/td>\n<\/tr>\n<tr>\n<td colspan=\"2\"><strong>Recursos TIC \/ TAC <\/strong><\/td>\n<\/tr>\n<tr>\n<td colspan=\"2\">\u00a0<span style=\"font-size: 16px;\"><strong>Selecci\u00f3 d&#8217;alguns enlla\u00e7os a recursos TIC\/TAC<\/strong><\/span><\/p>\n<p><span style=\"font-size: 12px;\"><strong><a href=\"https:\/\/sites.google.com\/a\/xtec.cat\/recursosescola\/home\" target=\"_blank\">Aplicacions Web 2.0 per ensenyar i aprendre (p\u00e0gina de Maite Mir\u00f3)<\/a><\/strong><\/span><\/td>\n<\/tr>\n<tr>\n<td colspan=\"2\"><span style=\"font-size: 12px;\"><strong><a title=\"Recursos digitals per ensenyar, aprendre i treballar\" href=\"https:\/\/sites.google.com\/a\/xtec.cat\/rdzereral\/\" target=\"_blank\">Recursos digitals per ensenyar, aprendre i treballar<\/a><\/strong><\/span><\/td>\n<\/tr>\n<tr>\n<td colspan=\"2\"><span style=\"font-size: 12px;\"><strong><a title=\"L\u00ednies de temps\" href=\"https:\/\/sites.google.com\/a\/xtec.cat\/eines-web-2-0\/home\/linies-del-temps\" target=\"_blank\">L\u00ednies de temps, cronologies<\/a><\/strong> Eines tutorials i exemples<\/span><\/td>\n<\/tr>\n<tr>\n<td colspan=\"2\"><span style=\"font-size: 12px;\"><strong><a title=\"Marcadors socials i curaci\u00f3 de continguts\" href=\"https:\/\/sites.google.com\/a\/xtec.cat\/eines-web-2-0\/marcadors-socials\" target=\"_blank\">Marcadors socials i curaci\u00f3 de continguts<\/a> <\/strong>Delicious, Diigo, Symbaloo, Scoop-it, Pinterest<\/span><\/td>\n<\/tr>\n<tr>\n<td colspan=\"2\"><span style=\"font-size: 12px;\"><a title=\"Eines per publicar, presetnar i compartir\" href=\"https:\/\/sites.google.com\/a\/xtec.cat\/eines-web-2-0\/home\/presentacions\" target=\"_blank\"><strong>Eines per presentar publicar i compartir<\/strong><\/a> Prezi, Slideshare, Vimeo, Issuu, Calameo, Wallwisher, Lino.it&#8230;<\/span><\/td>\n<\/tr>\n<tr>\n<td colspan=\"2\"><span style=\"font-size: 12px;\"><a title=\"Geolocalitzaci\u00f3\" href=\"https:\/\/sites.google.com\/a\/xtec.cat\/eines-web-2-0\/home\/geolocalitzacio-1\" target=\"_blank\"><strong>Eines de Geolocalitzaci\u00f3<\/strong><\/a><\/span><\/td>\n<\/tr>\n<tr>\n<td colspan=\"2\"><span style=\"font-size: 12px;\"><a title=\"Mapes conceptuals\" href=\"https:\/\/sites.google.com\/a\/xtec.cat\/eines-web-2-0\/home\/mapes-conceptuals\" target=\"_blank\"><strong>Mapes concepctuals<\/strong><\/a><\/span><\/td>\n<\/tr>\n<tr>\n<td colspan=\"2\"><span style=\"font-size: 12px;\"><a title=\"Imatge so i r\u00e0dio\" href=\"https:\/\/sites.google.com\/a\/xtec.cat\/eines-web-2-0\/imatge-i-so\" target=\"_blank\"><strong>Imatge, so i r\u00e0dio<\/strong><\/a>. Eines per editar, emmagatzemat i compartir \u00e0udio i imatges. Eines per fer r\u00e0dio. Bancs d&#8217;imatges i m\u00fasiques lliures. Capturadors de pantalla&#8230;<\/span><\/td>\n<\/tr>\n<tr>\n<td colspan=\"2\"><\/td>\n<\/tr>\n<\/tbody>\n<\/table>\n<p>&nbsp;<\/p>\n<p>&nbsp;<\/p>\n","protected":false},"excerpt":{"rendered":"<p>&nbsp; ESPAI TAC Rob\u00f2tica i programaci\u00f3 Espais gen\u00e8rics Rob\u00f2tica educativa\u00a0 La rob\u00f2tica educativa \u00e9s un mitj\u00e0 d&#8217;aprenentatge estretament lligat a [&hellip;]<\/p>\n","protected":false},"author":1,"featured_media":0,"parent":906,"menu_order":0,"comment_status":"closed","ping_status":"closed","template":"page-templates\/side-menu.php","meta":{"_bbp_topic_count":0,"_bbp_reply_count":0,"_bbp_total_topic_count":0,"_bbp_total_reply_count":0,"_bbp_voice_count":0,"_bbp_anonymous_reply_count":0,"_bbp_topic_count_hidden":0,"_bbp_reply_count_hidden":0,"_bbp_forum_subforum_count":0,"site-sidebar-layout":"default","site-content-layout":"","ast-site-content-layout":"","site-content-style":"default","site-sidebar-style":"default","ast-global-header-display":"","ast-banner-title-visibility":"","ast-main-header-display":"","ast-hfb-above-header-display":"","ast-hfb-below-header-display":"","ast-hfb-mobile-header-display":"","site-post-title":"","ast-breadcrumbs-content":"","ast-featured-img":"","footer-sml-layout":"","theme-transparent-header-meta":"","adv-header-id-meta":"","stick-header-meta":"","header-above-stick-meta":"","header-main-stick-meta":"","header-below-stick-meta":"","astra-migrate-meta-layouts":"default","ast-page-background-enabled":"default","ast-page-background-meta":{"desktop":{"background-color":"var(--ast-global-color-4)","background-image":"","background-repeat":"repeat","background-position":"center center","background-size":"auto","background-attachment":"scroll","background-type":"","background-media":"","overlay-type":"","overlay-color":"","overlay-opacity":"","overlay-gradient":""},"tablet":{"background-color":"","background-image":"","background-repeat":"repeat","background-position":"center center","background-size":"auto","background-attachment":"scroll","background-type":"","background-media":"","overlay-type":"","overlay-color":"","overlay-opacity":"","overlay-gradient":""},"mobile":{"background-color":"","background-image":"","background-repeat":"repeat","background-position":"center center","background-size":"auto","background-attachment":"scroll","background-type":"","background-media":"","overlay-type":"","overlay-color":"","overlay-opacity":"","overlay-gradient":""}},"ast-content-background-meta":{"desktop":{"background-color":"var(--ast-global-color-5)","background-image":"","background-repeat":"repeat","background-position":"center center","background-size":"auto","background-attachment":"scroll","background-type":"","background-media":"","overlay-type":"","overlay-color":"","overlay-opacity":"","overlay-gradient":""},"tablet":{"background-color":"var(--ast-global-color-5)","background-image":"","background-repeat":"repeat","background-position":"center center","background-size":"auto","background-attachment":"scroll","background-type":"","background-media":"","overlay-type":"","overlay-color":"","overlay-opacity":"","overlay-gradient":""},"mobile":{"background-color":"var(--ast-global-color-5)","background-image":"","background-repeat":"repeat","background-position":"center center","background-size":"auto","background-attachment":"scroll","background-type":"","background-media":"","overlay-type":"","overlay-color":"","overlay-opacity":"","overlay-gradient":""}},"footnotes":""},"class_list":["post-2711","page","type-page","status-publish","hentry"],"post_mailing_queue_ids":[],"_links":{"self":[{"href":"https:\/\/serveiseducatius.xtec.cat\/badalona\/wp-json\/wp\/v2\/pages\/2711","targetHints":{"allow":["GET"]}}],"collection":[{"href":"https:\/\/serveiseducatius.xtec.cat\/badalona\/wp-json\/wp\/v2\/pages"}],"about":[{"href":"https:\/\/serveiseducatius.xtec.cat\/badalona\/wp-json\/wp\/v2\/types\/page"}],"author":[{"embeddable":true,"href":"https:\/\/serveiseducatius.xtec.cat\/badalona\/wp-json\/wp\/v2\/users\/1"}],"replies":[{"embeddable":true,"href":"https:\/\/serveiseducatius.xtec.cat\/badalona\/wp-json\/wp\/v2\/comments?post=2711"}],"version-history":[{"count":2,"href":"https:\/\/serveiseducatius.xtec.cat\/badalona\/wp-json\/wp\/v2\/pages\/2711\/revisions"}],"predecessor-version":[{"id":5222,"href":"https:\/\/serveiseducatius.xtec.cat\/badalona\/wp-json\/wp\/v2\/pages\/2711\/revisions\/5222"}],"up":[{"embeddable":true,"href":"https:\/\/serveiseducatius.xtec.cat\/badalona\/wp-json\/wp\/v2\/pages\/906"}],"wp:attachment":[{"href":"https:\/\/serveiseducatius.xtec.cat\/badalona\/wp-json\/wp\/v2\/media?parent=2711"}],"curies":[{"name":"wp","href":"https:\/\/api.w.org\/{rel}","templated":true}]}}