{"id":2710,"date":"2011-11-21T13:21:17","date_gmt":"2011-11-21T12:21:17","guid":{"rendered":"http:\/\/serveiseducatius.xtec.cat\/badalona\/intraweb\/llengues-estrangeres-accions-externes\/"},"modified":"2017-02-09T13:44:08","modified_gmt":"2017-02-09T12:44:08","slug":"llengues-estrangeres-accions-externes","status":"publish","type":"page","link":"https:\/\/serveiseducatius.xtec.cat\/badalona\/programa-internacional-erasmus\/llengues-estrangeres-accions-externes\/","title":{"rendered":"Accions externes en relaci\u00f3 a les lleng\u00fces estrangeres"},"content":{"rendered":"<p><strong>Espais d&#8217;informaci\u00f3:<\/strong> <a title=\"Servei de Lleng\u00fces estrangeres\" href=\"http:\/\/srvcnpbs.xtec.cat\/pluriling\/index.html\" target=\"_blank\"><strong>Bloc Servei de Lleng\u00fces Estrangeres<\/strong><\/a>\u00a0 i\u00a0 <a title=\"Ministerio educaci\u00f3n\" href=\"http:\/\/www.educacion.es\/portada.html\" target=\"_blank\"><strong>Ministerio de Educaci\u00f3n<\/strong><\/a><\/p>\n<ul>\n<li><span style=\"color: #3366cc;\"><span style=\"font-size: 16px;\"><strong><strong><span style=\"background-color: #e1e1e1;\">Concurs d&#8217;Angl\u00e8s Interescolar de Catalunya. The FONIX<\/span> <\/strong><\/strong><\/span><\/span><\/li>\n<\/ul>\n<p>Organitzat per International House &#8211; Fundaci\u00f3 Catalana de l&#8217;Esplai en col\u00b7laboraci\u00f3 amb el Departament d&#8217;Educaci\u00f3. Objectiu: Estimular i motivar l&#8217;aprenentatge de la llengua anglesa. Adre\u00e7at a Prim\u00e0ria (CS) i Secund\u00e0ria (ESO, Batxillerat, CF). Fases local, territorial i final.<br \/>\n<strong><em><span style=\"color: #000000;\">Inscripci\u00f3: \u00a0<\/span><\/em><\/strong><strong><span style=\"color: #ff5500;\"><a href=\"http:\/\/www.concurs-angles.info\/\">http:\/\/www.concurs-angles.info\/<\/a><\/span><\/strong><\/p>\n<ul>\n<li><span style=\"color: #3366cc;\"><span style=\"font-size: 16px;\"><strong><strong><span style=\"background-color: #d3d3d3;\">Model de Parlament Europeu<\/span><\/strong><span style=\"background-color: #d3d3d3;\">\u00a0<\/span><\/strong><\/span><\/span><\/li>\n<\/ul>\n<p>Organitzat per Fundaci\u00f3n San Patricio i Cajamadrid.\u00a0Recreaci\u00f3 de sessions parlament\u00e0ries al centre, al Parlament espanyol i al Parlament Europeu.\u00a0Adre\u00e7at a 1r de Batxillerat i 1r de CFGM.<\/p>\n<div><strong><a href=\"http:\/\/www.modeloparlamentoeuropeo.com\" target=\"_parent\"><span style=\"color: #ff5500;\">www.modeloparlamentoeuropeo.com<\/span><\/a><\/strong><\/div>\n<ul>\n<li><span style=\"color: #3366cc;\"><span style=\"font-size: 16px;\"><strong><span style=\"background-color: #e1e1e1;\">Accions del Ministerio de Educaci\u00f3n y Ciencia<\/span><\/strong><\/span><\/span><\/li>\n<\/ul>\n<div>\n<p>&#8211;\u00a0<strong><a href=\"http:\/\/recursostic.educacion.es\/var\/arce\/web\/\" target=\"_blank\">Programa ARCE<\/a>:\u00a0<\/strong>Creaci\u00f3 de xarxes de centres de l&#8217;estat espanyol amb projectes de treball com\u00fa.<\/p>\n<p>&#8211;\u00a0<strong><a href=\"http:\/\/www.oapee.es\/oapee\/inicio\/iniciativas\/sello-europeo.html\" target=\"_blank\">Segell Europeu<\/a>:\u00a0<\/strong>Incentivar i premiar les iniciatives innovadores en l&#8217;ensenyament i aprenentatge de les lleng\u00fces.<\/p>\n<p>&#8211;\u00a0<strong>Estades Ling\u00fc\u00edstiques d&#8217;immersi\u00f3 per a alumnat de 6\u00e8:\u00a0<\/strong>Estada d&#8217;una setmana a alguna CA amb un altre centre de l&#8217;Estat per a treballar Ci\u00e8ncies Naturals.<\/p>\n<p>&#8211; <strong><a href=\"http:\/\/ec.europa.eu\/translatores\/index_es.htm\" target=\"_blank\">Juvenes Translatores<\/a>:\u00a0<\/strong>Direcci\u00f3 general de Traducci\u00f3 de la Comissi\u00f3 Europea.<\/p>\n<\/div>\n<p>&nbsp;<\/p>\n","protected":false},"excerpt":{"rendered":"<p>Espais d&#8217;informaci\u00f3: Bloc Servei de Lleng\u00fces Estrangeres\u00a0 i\u00a0 Ministerio de Educaci\u00f3n Concurs d&#8217;Angl\u00e8s Interescolar de Catalunya. The FONIX Organitzat per [&hellip;]<\/p>\n","protected":false},"author":1,"featured_media":0,"parent":2762,"menu_order":0,"comment_status":"closed","ping_status":"closed","template":"page-templates\/side-menu.php","meta":{"_bbp_topic_count":0,"_bbp_reply_count":0,"_bbp_total_topic_count":0,"_bbp_total_reply_count":0,"_bbp_voice_count":0,"_bbp_anonymous_reply_count":0,"_bbp_topic_count_hidden":0,"_bbp_reply_count_hidden":0,"_bbp_forum_subforum_count":0,"site-sidebar-layout":"default","site-content-layout":"","ast-site-content-layout":"","site-content-style":"default","site-sidebar-style":"default","ast-global-header-display":"","ast-banner-title-visibility":"","ast-main-header-display":"","ast-hfb-above-header-display":"","ast-hfb-below-header-display":"","ast-hfb-mobile-header-display":"","site-post-title":"","ast-breadcrumbs-content":"","ast-featured-img":"","footer-sml-layout":"","theme-transparent-header-meta":"","adv-header-id-meta":"","stick-header-meta":"","header-above-stick-meta":"","header-main-stick-meta":"","header-below-stick-meta":"","astra-migrate-meta-layouts":"default","ast-page-background-enabled":"default","ast-page-background-meta":{"desktop":{"background-color":"var(--ast-global-color-4)","background-image":"","background-repeat":"repeat","background-position":"center center","background-size":"auto","background-attachment":"scroll","background-type":"","background-media":"","overlay-type":"","overlay-color":"","overlay-opacity":"","overlay-gradient":""},"tablet":{"background-color":"","background-image":"","background-repeat":"repeat","background-position":"center center","background-size":"auto","background-attachment":"scroll","background-type":"","background-media":"","overlay-type":"","overlay-color":"","overlay-opacity":"","overlay-gradient":""},"mobile":{"background-color":"","background-image":"","background-repeat":"repeat","background-position":"center center","background-size":"auto","background-attachment":"scroll","background-type":"","background-media":"","overlay-type":"","overlay-color":"","overlay-opacity":"","overlay-gradient":""}},"ast-content-background-meta":{"desktop":{"background-color":"var(--ast-global-color-5)","background-image":"","background-repeat":"repeat","background-position":"center center","background-size":"auto","background-attachment":"scroll","background-type":"","background-media":"","overlay-type":"","overlay-color":"","overlay-opacity":"","overlay-gradient":""},"tablet":{"background-color":"var(--ast-global-color-5)","background-image":"","background-repeat":"repeat","background-position":"center center","background-size":"auto","background-attachment":"scroll","background-type":"","background-media":"","overlay-type":"","overlay-color":"","overlay-opacity":"","overlay-gradient":""},"mobile":{"background-color":"var(--ast-global-color-5)","background-image":"","background-repeat":"repeat","background-position":"center center","background-size":"auto","background-attachment":"scroll","background-type":"","background-media":"","overlay-type":"","overlay-color":"","overlay-opacity":"","overlay-gradient":""}},"footnotes":""},"class_list":["post-2710","page","type-page","status-publish","hentry"],"post_mailing_queue_ids":[],"_links":{"self":[{"href":"https:\/\/serveiseducatius.xtec.cat\/badalona\/wp-json\/wp\/v2\/pages\/2710","targetHints":{"allow":["GET"]}}],"collection":[{"href":"https:\/\/serveiseducatius.xtec.cat\/badalona\/wp-json\/wp\/v2\/pages"}],"about":[{"href":"https:\/\/serveiseducatius.xtec.cat\/badalona\/wp-json\/wp\/v2\/types\/page"}],"author":[{"embeddable":true,"href":"https:\/\/serveiseducatius.xtec.cat\/badalona\/wp-json\/wp\/v2\/users\/1"}],"replies":[{"embeddable":true,"href":"https:\/\/serveiseducatius.xtec.cat\/badalona\/wp-json\/wp\/v2\/comments?post=2710"}],"version-history":[{"count":2,"href":"https:\/\/serveiseducatius.xtec.cat\/badalona\/wp-json\/wp\/v2\/pages\/2710\/revisions"}],"predecessor-version":[{"id":6444,"href":"https:\/\/serveiseducatius.xtec.cat\/badalona\/wp-json\/wp\/v2\/pages\/2710\/revisions\/6444"}],"up":[{"embeddable":true,"href":"https:\/\/serveiseducatius.xtec.cat\/badalona\/wp-json\/wp\/v2\/pages\/2762"}],"wp:attachment":[{"href":"https:\/\/serveiseducatius.xtec.cat\/badalona\/wp-json\/wp\/v2\/media?parent=2710"}],"curies":[{"name":"wp","href":"https:\/\/api.w.org\/{rel}","templated":true}]}}