{"id":2709,"date":"2011-11-21T13:11:11","date_gmt":"2011-11-21T12:11:11","guid":{"rendered":"http:\/\/serveiseducatius.xtec.cat\/badalona\/intraweb\/llengues-estrangeres-altres-accions\/"},"modified":"2017-02-09T13:52:09","modified_gmt":"2017-02-09T12:52:09","slug":"llengues-estrangeres-altres-accions","status":"publish","type":"page","link":"https:\/\/serveiseducatius.xtec.cat\/badalona\/programa-internacional-erasmus\/llengues-estrangeres-altres-accions\/","title":{"rendered":"Altres accions del Departament sobre lleng\u00fces estrangeres"},"content":{"rendered":"<p><span style=\"font-size: 12pt;\">Espai d&#8217;informatiu de refer\u00e8ncia: <a title=\"Servei de Lleng\u00fces estrangeres\" href=\"http:\/\/srvcnpbs.xtec.cat\/pluriling\/index.html\" target=\"_blank\"><strong>Bloc del Servei de Lleng\u00fces Estrangeres<\/strong><\/a><\/span><\/p>\n<ul>\n<li><span style=\"font-size: 12pt;\"><span style=\"color: #3366cc;\"><strong><span style=\"background-color: #e6e6fa;\">Concurs d&#8217;Orat\u00f2ria<\/span><\/strong><\/span><\/span><\/li>\n<\/ul>\n<p style=\"padding-left: 30px;\"><span style=\"font-size: 12pt;\"><span style=\"color: #000000;\">&#8211; <\/span><strong>Convocat\u00f2ria anual<\/strong> adre\u00e7ada a <strong>Prim\u00e0ria (CS) i Secund\u00e0ria (ESO i Batxillerat) <\/strong>de centres p\u00fablics i concertats.<\/span><\/p>\n<p style=\"padding-left: 30px;\"><span style=\"font-size: 12pt;\"><span style=\"font-family: verdana, arial, helvetica, sans-serif;\">&#8211;<\/span> <strong>Presentaci\u00f3<\/strong> d&#8217;un <strong>discurs en tres lleng\u00fces<\/strong>, en modalitats diferents, incloent llengua catalana, castellana, estrangera curricular i d&#8217;origen.<\/span><\/p>\n<p style=\"padding-left: 30px;\"><span style=\"font-size: 12pt;\"><span style=\"font-family: verdana, arial, helvetica, sans-serif;\">&#8211;<\/span> <strong>Modalitat a)<\/strong> Catal\u00e0, castell\u00e0, llengua estrangera curricular.<\/span><\/p>\n<p style=\"padding-left: 30px;\"><span style=\"font-size: 12pt;\"><span style=\"font-family: verdana, arial, helvetica, sans-serif;\">&#8211;<\/span><strong> Modalitat b)<\/strong> Catal\u00e0 i dues lleng\u00fces estrangeres curriculars.<\/span><\/p>\n<p style=\"padding-left: 30px;\"><span style=\"font-size: 12pt;\"><span style=\"font-family: verdana, arial, helvetica, sans-serif;\">&#8211;<\/span> <strong>Modalitat c)<\/strong> Catal\u00e0, llengua estrangera curricular, llengua estrangera familiar o d&#8217;origen que s&#8217;imparteixi com a extraescolar.<\/span><\/p>\n<p style=\"padding-left: 30px;\"><span style=\"font-size: 12pt;\"><span style=\"font-family: verdana, arial, helvetica, sans-serif;\">&#8211;<\/span> <strong>Premi<\/strong>: estades ling\u00fc\u00edstiques a Catalunya i a pa\u00efsos de la corresponent llengua estrangera. Dotaci\u00f3 econ\u00f2mica pels centres.<\/span><\/p>\n<p style=\"padding-left: 30px;\"><span style=\"font-size: 12pt;\"><span style=\"font-family: verdana, arial, helvetica, sans-serif;\">&#8211;<\/span> <strong>Objectiu<\/strong>: millora de la compet\u00e8ncia comunicativa en llengua catalana, castellana i estrangera\/es.<\/span><\/p>\n<div>\n<ul>\n<li><span style=\"font-size: 12pt;\"><span style=\"color: #3366cc;\"><strong><strong><span style=\"background-color: #e6e6fa;\">Ajuts a l&#8217;aprenentatge actiu d&#8217;idiomes<\/span><\/strong><\/strong><\/span><\/span><\/li>\n<\/ul>\n<p style=\"padding-left: 30px;\"><span style=\"font-size: 12pt;\"><span style=\"font-family: verdana, arial, helvetica, sans-serif;\">&#8211;<\/span> <strong>Convocat\u00f2ria anual<\/strong> adre\u00e7ada a <strong>Secund\u00e0ria<\/strong> (ESO, 1r Batx, CF).<\/span><\/p>\n<p style=\"padding-left: 30px;\"><span style=\"font-size: 12pt;\"><span style=\"font-family: verdana, arial, helvetica, sans-serif;\">&#8211;\u00a0<\/span><strong>Treball per Projectes<\/strong><span style=\"font-family: verdana, arial, helvetica, sans-serif;\"> sobre un tema concret portar a terme a l&#8217;\u00e0rea de llengua estrangera amb continu\u00eftat a l&#8217;estranger.<\/span><\/span><br \/>\n<span style=\"font-size: 12pt;\"><span style=\"font-family: verdana, arial, helvetica, sans-serif;\">&#8211;\u00a0<\/span><strong>Premi<\/strong><span style=\"font-family: verdana, arial, helvetica, sans-serif;\">: estades ling\u00fc\u00edstiques a pa\u00efsos de la corresponent llengua estrangera, m\u00ednim 15 dies (13 nits) del 14 de juny al 30 de setembre. Borses de 450 a 1500 \u20ac per alumne\/a.<\/span><\/span><\/p>\n<p style=\"padding-left: 30px;\"><span style=\"font-size: 12pt;\">&#8211;\u00a0<strong>Objectiu<\/strong>:\u00a0Millora de la compet\u00e8ncia comunicativa en llengua estrangera.\u00a0<\/span><span style=\"font-size: 12pt;\">Foment del treball competencial per projectes dins l&#8217;\u00e0rea de llengua estrangera.<\/span><br \/>\n<span style=\"font-size: 12pt;\">\u00a0<\/span><\/p>\n<ul>\n<li><span style=\"font-size: 12pt; background-color: #99ccff;\"><span style=\"color: #3366cc;\"><strong><strong><strong>Estades d&#8217;immersi\u00f3 en llengua anglesa, francesa i alemanya<\/strong><\/strong><\/strong><\/span><\/span><\/li>\n<\/ul>\n<p style=\"padding-left: 30px;\"><span style=\"font-size: 12pt;\">&#8211;\u00a0<strong>Convocat\u00f2ria :<\/strong> anual adre\u00e7ada a centres p\u00fablics de Prim\u00e0ria (CS).<\/span><\/p>\n<p style=\"padding-left: 30px;\"><span style=\"font-size: 12pt;\">&#8211; <strong>Estades<\/strong> ling\u00fc\u00edstiques a Catalunya, en albergs de la xarxa XANASCAT.\u00a0<\/span><\/p>\n<p style=\"padding-left: 30px;\"><span style=\"font-size: 12pt;\">&#8211; <strong>Sol\u00b7licitud<\/strong> dels centres amb l&#8217;acord de les fam\u00edlies o les fam\u00edlies directament a la Ag\u00e8ncia Catalana de la Joventut, dins el programa &#8220;L&#8217;Estiu \u00e9s teu&#8221;\u009d.<\/span><\/p>\n<p style=\"padding-left: 30px;\"><span style=\"font-size: 12pt;\">&#8211;\u00a0<strong>Condicions: <\/strong>Complir com a m\u00ednim una de les seg\u00fcents:\u00a0b<\/span><span style=\"font-size: 12pt;\">ecari llibres de text o ajuts diversos, f<\/span><span style=\"font-size: 12pt;\">am\u00edlia nombrosa o r<\/span>isc de marginaci\u00f3.<\/p>\n<\/div>\n<p>&nbsp;<\/p>\n","protected":false},"excerpt":{"rendered":"<p>Espai d&#8217;informatiu de refer\u00e8ncia: Bloc del Servei de Lleng\u00fces Estrangeres Concurs d&#8217;Orat\u00f2ria &#8211; Convocat\u00f2ria anual adre\u00e7ada a Prim\u00e0ria (CS) i [&hellip;]<\/p>\n","protected":false},"author":1,"featured_media":0,"parent":2762,"menu_order":0,"comment_status":"closed","ping_status":"closed","template":"page-templates\/side-menu.php","meta":{"_bbp_topic_count":0,"_bbp_reply_count":0,"_bbp_total_topic_count":0,"_bbp_total_reply_count":0,"_bbp_voice_count":0,"_bbp_anonymous_reply_count":0,"_bbp_topic_count_hidden":0,"_bbp_reply_count_hidden":0,"_bbp_forum_subforum_count":0,"site-sidebar-layout":"default","site-content-layout":"","ast-site-content-layout":"","site-content-style":"default","site-sidebar-style":"default","ast-global-header-display":"","ast-banner-title-visibility":"","ast-main-header-display":"","ast-hfb-above-header-display":"","ast-hfb-below-header-display":"","ast-hfb-mobile-header-display":"","site-post-title":"","ast-breadcrumbs-content":"","ast-featured-img":"","footer-sml-layout":"","theme-transparent-header-meta":"","adv-header-id-meta":"","stick-header-meta":"","header-above-stick-meta":"","header-main-stick-meta":"","header-below-stick-meta":"","astra-migrate-meta-layouts":"default","ast-page-background-enabled":"default","ast-page-background-meta":{"desktop":{"background-color":"var(--ast-global-color-4)","background-image":"","background-repeat":"repeat","background-position":"center center","background-size":"auto","background-attachment":"scroll","background-type":"","background-media":"","overlay-type":"","overlay-color":"","overlay-opacity":"","overlay-gradient":""},"tablet":{"background-color":"","background-image":"","background-repeat":"repeat","background-position":"center center","background-size":"auto","background-attachment":"scroll","background-type":"","background-media":"","overlay-type":"","overlay-color":"","overlay-opacity":"","overlay-gradient":""},"mobile":{"background-color":"","background-image":"","background-repeat":"repeat","background-position":"center center","background-size":"auto","background-attachment":"scroll","background-type":"","background-media":"","overlay-type":"","overlay-color":"","overlay-opacity":"","overlay-gradient":""}},"ast-content-background-meta":{"desktop":{"background-color":"var(--ast-global-color-5)","background-image":"","background-repeat":"repeat","background-position":"center center","background-size":"auto","background-attachment":"scroll","background-type":"","background-media":"","overlay-type":"","overlay-color":"","overlay-opacity":"","overlay-gradient":""},"tablet":{"background-color":"var(--ast-global-color-5)","background-image":"","background-repeat":"repeat","background-position":"center center","background-size":"auto","background-attachment":"scroll","background-type":"","background-media":"","overlay-type":"","overlay-color":"","overlay-opacity":"","overlay-gradient":""},"mobile":{"background-color":"var(--ast-global-color-5)","background-image":"","background-repeat":"repeat","background-position":"center center","background-size":"auto","background-attachment":"scroll","background-type":"","background-media":"","overlay-type":"","overlay-color":"","overlay-opacity":"","overlay-gradient":""}},"footnotes":""},"class_list":["post-2709","page","type-page","status-publish","hentry"],"post_mailing_queue_ids":[],"_links":{"self":[{"href":"https:\/\/serveiseducatius.xtec.cat\/badalona\/wp-json\/wp\/v2\/pages\/2709","targetHints":{"allow":["GET"]}}],"collection":[{"href":"https:\/\/serveiseducatius.xtec.cat\/badalona\/wp-json\/wp\/v2\/pages"}],"about":[{"href":"https:\/\/serveiseducatius.xtec.cat\/badalona\/wp-json\/wp\/v2\/types\/page"}],"author":[{"embeddable":true,"href":"https:\/\/serveiseducatius.xtec.cat\/badalona\/wp-json\/wp\/v2\/users\/1"}],"replies":[{"embeddable":true,"href":"https:\/\/serveiseducatius.xtec.cat\/badalona\/wp-json\/wp\/v2\/comments?post=2709"}],"version-history":[{"count":3,"href":"https:\/\/serveiseducatius.xtec.cat\/badalona\/wp-json\/wp\/v2\/pages\/2709\/revisions"}],"predecessor-version":[{"id":6449,"href":"https:\/\/serveiseducatius.xtec.cat\/badalona\/wp-json\/wp\/v2\/pages\/2709\/revisions\/6449"}],"up":[{"embeddable":true,"href":"https:\/\/serveiseducatius.xtec.cat\/badalona\/wp-json\/wp\/v2\/pages\/2762"}],"wp:attachment":[{"href":"https:\/\/serveiseducatius.xtec.cat\/badalona\/wp-json\/wp\/v2\/media?parent=2709"}],"curies":[{"name":"wp","href":"https:\/\/api.w.org\/{rel}","templated":true}]}}