{"id":2693,"date":"2011-10-28T21:19:12","date_gmt":"2011-10-28T20:19:12","guid":{"rendered":"http:\/\/serveiseducatius.xtec.cat\/badalona\/intraweb\/recursos-bases-de-dades\/"},"modified":"2019-02-26T15:44:07","modified_gmt":"2019-02-26T14:44:07","slug":"recursos-bases-de-dades","status":"publish","type":"page","link":"https:\/\/serveiseducatius.xtec.cat\/badalona\/recursos\/recursos-bases-de-dades\/","title":{"rendered":"Bases de dades"},"content":{"rendered":"<table class=\" htmtableborders\" style=\"display: table; height: 1064px; width: 633px;\" border=\"0\">\n<tbody>\n<tr>\n<td><strong><a href=\"http:\/\/xtec.gencat.cat\/ca\/innovacio\/historic\/bdllicencies\/\" target=\"_blank\" rel=\"noopener\">Llic\u00e8ncies d&#8217;estudis del Departament d&#8217;Ensenyament<\/a><\/strong><br \/>\n <span style=\"font-size: small;\">Formulari de cerca al cat\u00e0leg d&#8217;estudis realitzats en el marc de les diferents convocat\u00f2ries de llic\u00e8ncies retribu\u00efdes<\/span><\/td>\n<td>\u00a0<img loading=\"lazy\" decoding=\"async\" class=\"alignnone  wp-image-10986\" src=\"https:\/\/serveiseducatius.xtec.cat\/badalona\/wp-content\/uploads\/usu1088\/2019\/02\/1bf1bda0578c425e5ec7fa5c82e5acf7.jpg\" alt=\"\" width=\"153\" height=\"92\" srcset=\"https:\/\/serveiseducatius.xtec.cat\/badalona\/wp-content\/uploads\/usu1088\/2019\/02\/1bf1bda0578c425e5ec7fa5c82e5acf7.jpg 500w, https:\/\/serveiseducatius.xtec.cat\/badalona\/wp-content\/uploads\/usu1088\/2019\/02\/1bf1bda0578c425e5ec7fa5c82e5acf7-300x180.jpg 300w\" sizes=\"auto, (max-width: 153px) 100vw, 153px\" \/><\/td>\n<\/tr>\n<tr>\n<td><strong><a title=\"Google academic\" href=\"http:\/\/scholar.google.es\/\" target=\"_blank\" rel=\"noopener\">Google academic<\/a><\/strong><br \/>\n <span style=\"font-size: small;\"><span style=\"color: #2d2d2d;\">Cercador de llibres y\u00a0articles acad\u00e8mics de diferents disciplines,<br \/>\n molts es poden descarregar en PDF.<\/span><\/span><\/td>\n<td><img decoding=\"async\" style=\"height: 79px; width: 104px;\" src=\"https:\/\/lh5.googleusercontent.com\/-SJTKXM2scZs\/TrjwcoBamPI\/AAAAAAAAAgs\/kob41mDP5gU\/s300\/google-scholar.gif\" \/><\/td>\n<\/tr>\n<tr>\n<td><strong><a href=\"http:\/\/www.eric.ed.gov\/\" target=\"_blank\" rel=\"noopener\">ERIC<\/a><\/strong><br \/>\n <span style=\"font-size: small;\">Education Resources Information CenterA. Departament d&#8217;Educaci\u00f3 dels EUA. En angl\u00e8s.<\/span><\/td>\n<td><img decoding=\"async\" style=\"height: 55px; width: 80px;\" src=\"https:\/\/lh5.googleusercontent.com\/-qxFFlnD4dKY\/TrjshfyvhKI\/AAAAAAAAAeI\/O53aU6DksFE\/s158\/eric.jpg\" \/><\/td>\n<\/tr>\n<tr>\n<td><strong><a href=\"http:\/\/teledoc.urv.es\/educ@ment\/\" target=\"_blank\" rel=\"noopener\">Educ@ment<\/a><\/strong><br \/>\n <span style=\"font-size: small;\"><span style=\"color: #2d2d2d;\">Articles de revista d&#8217;educaci\u00f3 i psicologia. Universitat Rovira i Virgili.<\/span><\/span><\/td>\n<td><img decoding=\"async\" style=\"height: 24px; width: 122px;\" src=\"http:\/\/teledoc.urv.es\/images\/rovira.gif\" alt=\"educ@ment\" \/><\/td>\n<\/tr>\n<tr>\n<td><strong><a href=\"http:\/\/www.redined.mec.es\/menu.php?idioma=ct\" target=\"_blank\" rel=\"noopener\">Redinet<\/a><\/strong><br \/>\n <span style=\"font-size: small;\"><span style=\"color: #1e1e1e;\">Xarxa de bases de dades d&#8217;informaci\u00f3 educativa: investigaci\u00f3, innovaci\u00f3,<br \/>\n recursos i revistes d&#8217;educaci\u00f3. Ministeri d&#8217;Educaci\u00f3 i Ci\u00e8ncia.<\/span><\/span><\/td>\n<td><img decoding=\"async\" style=\"height: 29px; width: 114px;\" src=\"https:\/\/lh4.googleusercontent.com\/-5sHH5AayiA8\/TrjtuheZ5II\/AAAAAAAAAeg\/g4EdegXEk9g\/s235\/redined2.jpg\" \/><\/td>\n<\/tr>\n<tr>\n<td><a href=\"https:\/\/www.redib.org\/\"><strong>Redib<\/strong><\/a><br \/>\n Plataforma de continguts cient\u00edfics i acad\u00e8mics, en format electr\u00f2nic produ\u00efts a l&#8217;\u00e0mbit iberoameric\u00e0.<\/td>\n<td><img decoding=\"async\" style=\"height: 31px; width: 114px;\" src=\"http:\/\/estatico.uned.ac.cr\/paa\/revista\/image\/logo_e-revistas.gif\" alt=\"e-revistas\" \/><\/td>\n<\/tr>\n<tr>\n<td><a href=\"http:\/\/biblioteca.cide.edu\/\" target=\"_blank\" rel=\"noopener\"><strong>Biblioteca CIDE<\/strong><\/a><br \/>\n <span style=\"font-size: small;\"><span style=\"color: #4b4b4b;\">Acc\u00e9s a diferents bases de dades educatives.<\/span><\/span><\/td>\n<td><img decoding=\"async\" style=\"height: 51px; width: 52px;\" src=\"http:\/\/biblioteca.cide.edu\/images\/banner-letrero-infder-cide.gif\" alt=\"cide\" \/><\/td>\n<\/tr>\n<tr>\n<td><strong><a href=\"http:\/\/www.raco.cat\/\" target=\"_blank\" rel=\"noopener\">RACO<\/a><\/strong><br \/>\n <span style=\"font-size: small;\"><span style=\"color: #2d2d2d;\">Revistes cient\u00edfiques, culturals i erudites catalanes amb acc\u00e9s obert.<\/span><\/span><\/td>\n<td><img decoding=\"async\" style=\"height: 56px; width: 67px;\" src=\"https:\/\/lh4.googleusercontent.com\/-iWnr2hW4byk\/Trjw6khFJPI\/AAAAAAAAAhE\/i1mZHIRpSxc\/s90\/RACO.gif\" \/><\/td>\n<\/tr>\n<tr>\n<td><strong><a href=\"http:\/\/sac.gencat.cat\/sacgencat\/AppJava\/organisme_fitxa.jsp?codi=1520\" target=\"_blank\" rel=\"noopener\">Idescat<\/a><\/strong><br \/>\n <span style=\"font-size: small;\"><span style=\"color: #3c3c3c;\">Bases de dades de l&#8217;Institut d&#8217;Estad\u00edstica de Catalunya<\/span><\/span><\/td>\n<td><img decoding=\"async\" style=\"height: 47px; width: 107px;\" src=\"https:\/\/lh5.googleusercontent.com\/-vxilJlZax3Y\/TrjusCIImXI\/AAAAAAAAAfg\/SmR9hSvtFtg\/s228\/idescat.gif\" \/><\/td>\n<\/tr>\n<tr>\n<td><strong><a href=\"http:\/\/sct.uab.cat\/sibhilla\/content\/fons-dhist%C3%B2ria-local-de-catalunya-0\" target=\"_blank\" rel=\"noopener\">SIBHIL\u00b7LA. <\/a><span style=\"color: #333333;\">Servei d&#8217;informaci\u00f3 biobliografica i de documentaci\u00f3 d&#8217;Hist\u00f2ria, llengua Literatura i Art de Catalunya. UAB<\/span><\/strong><br \/>\n <span style=\"font-size: small;\">Base de dades bibliogr\u00e0fica d&#8217;hist\u00f2ria local de Catalunya.<br \/>\n Universitat Aut\u00f2noma de Barcelona i Diputaci\u00f3 de Barcelona.<\/span><\/td>\n<td><img loading=\"lazy\" decoding=\"async\" class=\"alignnone  wp-image-10981\" src=\"https:\/\/serveiseducatius.xtec.cat\/badalona\/wp-content\/uploads\/usu1088\/2019\/02\/logo-sct.png\" alt=\"\" width=\"147\" height=\"92\" srcset=\"https:\/\/serveiseducatius.xtec.cat\/badalona\/wp-content\/uploads\/usu1088\/2019\/02\/logo-sct.png 506w, https:\/\/serveiseducatius.xtec.cat\/badalona\/wp-content\/uploads\/usu1088\/2019\/02\/logo-sct-300x187.png 300w\" sizes=\"auto, (max-width: 147px) 100vw, 147px\" \/><\/td>\n<\/tr>\n<tr>\n<td><strong><a href=\"http:\/\/www.recercat.net\/\" target=\"_blank\" rel=\"noopener\">RecerCAT <\/a><\/strong><br \/>\n Dip\u00f2sit cooperatiu de documents digitals que inclou la literatura de recerca de les universitats i dels centres d&#8217;investigaci\u00f3 de Catalunya<\/td>\n<td><img decoding=\"async\" style=\"height: 38px; width: 119px;\" src=\"https:\/\/lh5.googleusercontent.com\/-8cne6LUUQm8\/Trjv5ECcTkI\/AAAAAAAAAgU\/HKmCH13kj50\/s250\/internet%252520invisible.jpg\" \/><\/td>\n<\/tr>\n<tr>\n<td><a href=\"http:\/\/webs.ucm.es\/BUCM\/compludoc\/general.htm\" target=\"_blank\" rel=\"noopener\"><strong><span style=\"color: #ff5500;\">Compludoc<\/span><\/strong><\/a><br \/>\n <span style=\"font-size: small;\"><span style=\"color: #4b4b4b;\">Base de dades d&#8217;articles de revista mantinguda per la biblioteca de<br \/>\n la Universidad Complutense de Madrid.<\/span><\/span><\/td>\n<td><img decoding=\"async\" style=\"height: 50px; width: 143px;\" src=\"https:\/\/encrypted-tbn2.gstatic.com\/images?q=tbn:ANd9GcQPYFQtASkQWotBxO3lmE_lne5LbTvOPUBp-c2sjDQ47E38TgCK\" \/><\/td>\n<\/tr>\n<tr>\n<td><strong><a title=\"arc\" href=\"http:\/\/apliense.xtec.cat\/arc\/\" target=\"_blank\" rel=\"noopener\">ARC<\/a><\/strong><br \/>\n <span style=\"color: #4b4b4b;\">Aplicaci\u00f3 de Recobriment Curricular i recull recursos de les \u00e0rees de matem\u00e0tiques, <\/span><span style=\"color: #4b4b4b;\">de lleng\u00fces, de ci\u00e8ncies socials, de ci\u00e8ncies naturals i de tecnologia<\/span><\/td>\n<td><img decoding=\"async\" style=\"height: 56px; width: 84px;\" src=\"https:\/\/lh3.googleusercontent.com\/-GiypE947JjE\/TrjvFLFqSVI\/AAAAAAAAAf8\/g_YgSNL4YgA\/s228\/arc.jpg\" \/><\/td>\n<\/tr>\n<tr>\n<td><strong><a href=\"http:\/\/www.tesisenred.net\/\" target=\"_blank\" rel=\"noopener\">Tesis doctorals<\/a> <\/strong><br \/>\n <span style=\"font-size: small;\"><span style=\"color: #696969;\">Cercador de tesis doctorals llegides a les universitats catalanes i a algunes altres de l&#8217;Estat Espanyol.<\/span><\/span><\/td>\n<td><img loading=\"lazy\" decoding=\"async\" class=\"alignnone  wp-image-10984\" src=\"https:\/\/serveiseducatius.xtec.cat\/badalona\/wp-content\/uploads\/usu1088\/2019\/02\/tdx_3-1024x369.jpg\" alt=\"\" width=\"180\" height=\"65\" srcset=\"https:\/\/serveiseducatius.xtec.cat\/badalona\/wp-content\/uploads\/usu1088\/2019\/02\/tdx_3-1024x369.jpg 1024w, https:\/\/serveiseducatius.xtec.cat\/badalona\/wp-content\/uploads\/usu1088\/2019\/02\/tdx_3-300x108.jpg 300w, https:\/\/serveiseducatius.xtec.cat\/badalona\/wp-content\/uploads\/usu1088\/2019\/02\/tdx_3-768x276.jpg 768w, https:\/\/serveiseducatius.xtec.cat\/badalona\/wp-content\/uploads\/usu1088\/2019\/02\/tdx_3.jpg 1200w\" sizes=\"auto, (max-width: 180px) 100vw, 180px\" \/><\/td>\n<\/tr>\n<tr>\n<td>\n<p>\u00a0<a href=\"https:\/\/www.recercat.cat\/\" target=\"_blank\" rel=\"noopener\">Recercat<\/a><\/p>\n<p>Cercador de treballs i projectes fi de carrera,articles, pon\u00e8ncies de congressos, articles de treball.<\/p>\n<\/td>\n<td><img decoding=\"async\" style=\"height: 20px; width: 113px;\" src=\"https:\/\/lh3.googleusercontent.com\/-8Vu8iaNxTEQ\/TqU8lTGYcUI\/AAAAAAAAAUA\/eYusDOqY4pE\/s291\/oca5itx5.jpg\" \/><\/td>\n<\/tr>\n<\/tbody>\n<\/table>\n<p>&nbsp;<\/p>\n<p>&nbsp;<\/p>\n<p>&nbsp;<\/p>\n<p>&nbsp;<\/p>\n","protected":false},"excerpt":{"rendered":"<p>Llic\u00e8ncies d&#8217;estudis del Departament d&#8217;Ensenyament Formulari de cerca al cat\u00e0leg d&#8217;estudis realitzats en el marc de les diferents convocat\u00f2ries de [&hellip;]<\/p>\n","protected":false},"author":1,"featured_media":0,"parent":906,"menu_order":0,"comment_status":"closed","ping_status":"closed","template":"page-templates\/side-menu.php","meta":{"_bbp_topic_count":0,"_bbp_reply_count":0,"_bbp_total_topic_count":0,"_bbp_total_reply_count":0,"_bbp_voice_count":0,"_bbp_anonymous_reply_count":0,"_bbp_topic_count_hidden":0,"_bbp_reply_count_hidden":0,"_bbp_forum_subforum_count":0,"site-sidebar-layout":"default","site-content-layout":"","ast-site-content-layout":"","site-content-style":"default","site-sidebar-style":"default","ast-global-header-display":"","ast-banner-title-visibility":"","ast-main-header-display":"","ast-hfb-above-header-display":"","ast-hfb-below-header-display":"","ast-hfb-mobile-header-display":"","site-post-title":"","ast-breadcrumbs-content":"","ast-featured-img":"","footer-sml-layout":"","theme-transparent-header-meta":"","adv-header-id-meta":"","stick-header-meta":"","header-above-stick-meta":"","header-main-stick-meta":"","header-below-stick-meta":"","astra-migrate-meta-layouts":"default","ast-page-background-enabled":"default","ast-page-background-meta":{"desktop":{"background-color":"var(--ast-global-color-4)","background-image":"","background-repeat":"repeat","background-position":"center center","background-size":"auto","background-attachment":"scroll","background-type":"","background-media":"","overlay-type":"","overlay-color":"","overlay-opacity":"","overlay-gradient":""},"tablet":{"background-color":"","background-image":"","background-repeat":"repeat","background-position":"center center","background-size":"auto","background-attachment":"scroll","background-type":"","background-media":"","overlay-type":"","overlay-color":"","overlay-opacity":"","overlay-gradient":""},"mobile":{"background-color":"","background-image":"","background-repeat":"repeat","background-position":"center center","background-size":"auto","background-attachment":"scroll","background-type":"","background-media":"","overlay-type":"","overlay-color":"","overlay-opacity":"","overlay-gradient":""}},"ast-content-background-meta":{"desktop":{"background-color":"var(--ast-global-color-5)","background-image":"","background-repeat":"repeat","background-position":"center center","background-size":"auto","background-attachment":"scroll","background-type":"","background-media":"","overlay-type":"","overlay-color":"","overlay-opacity":"","overlay-gradient":""},"tablet":{"background-color":"var(--ast-global-color-5)","background-image":"","background-repeat":"repeat","background-position":"center center","background-size":"auto","background-attachment":"scroll","background-type":"","background-media":"","overlay-type":"","overlay-color":"","overlay-opacity":"","overlay-gradient":""},"mobile":{"background-color":"var(--ast-global-color-5)","background-image":"","background-repeat":"repeat","background-position":"center center","background-size":"auto","background-attachment":"scroll","background-type":"","background-media":"","overlay-type":"","overlay-color":"","overlay-opacity":"","overlay-gradient":""}},"footnotes":""},"class_list":["post-2693","page","type-page","status-publish","hentry"],"post_mailing_queue_ids":[],"_links":{"self":[{"href":"https:\/\/serveiseducatius.xtec.cat\/badalona\/wp-json\/wp\/v2\/pages\/2693","targetHints":{"allow":["GET"]}}],"collection":[{"href":"https:\/\/serveiseducatius.xtec.cat\/badalona\/wp-json\/wp\/v2\/pages"}],"about":[{"href":"https:\/\/serveiseducatius.xtec.cat\/badalona\/wp-json\/wp\/v2\/types\/page"}],"author":[{"embeddable":true,"href":"https:\/\/serveiseducatius.xtec.cat\/badalona\/wp-json\/wp\/v2\/users\/1"}],"replies":[{"embeddable":true,"href":"https:\/\/serveiseducatius.xtec.cat\/badalona\/wp-json\/wp\/v2\/comments?post=2693"}],"version-history":[{"count":3,"href":"https:\/\/serveiseducatius.xtec.cat\/badalona\/wp-json\/wp\/v2\/pages\/2693\/revisions"}],"predecessor-version":[{"id":10988,"href":"https:\/\/serveiseducatius.xtec.cat\/badalona\/wp-json\/wp\/v2\/pages\/2693\/revisions\/10988"}],"up":[{"embeddable":true,"href":"https:\/\/serveiseducatius.xtec.cat\/badalona\/wp-json\/wp\/v2\/pages\/906"}],"wp:attachment":[{"href":"https:\/\/serveiseducatius.xtec.cat\/badalona\/wp-json\/wp\/v2\/media?parent=2693"}],"curies":[{"name":"wp","href":"https:\/\/api.w.org\/{rel}","templated":true}]}}