{"id":2692,"date":"2011-10-27T18:18:06","date_gmt":"2011-10-27T17:18:06","guid":{"rendered":"http:\/\/serveiseducatius.xtec.cat\/badalona\/intraweb\/recursos-filosofia-i-etica\/"},"modified":"2016-10-19T12:27:08","modified_gmt":"2016-10-19T11:27:08","slug":"recursos-filosofia-i-etica","status":"publish","type":"page","link":"https:\/\/serveiseducatius.xtec.cat\/badalona\/recursos\/recursos-filosofia-i-etica\/","title":{"rendered":"Recursos de Filosofia i \u00c8tica"},"content":{"rendered":"<ul>\n<li><strong><a href=\"http:\/\/www.filoselectivitat.cat\/\" target=\"_blank\">F<\/a><a href=\"http:\/\/www.filoselectivitat.cat\/\" target=\"_blank\">iloselectivitat<\/a>\u00a0<\/strong><span style=\"color: #444444; font-family: verdana; font-size: small;\"><span style=\"color: #000000;\">Bloc personal de la professora Lluna Pineda.\u00a0<\/span><\/span>Orientacions i material de suport per realitzar l\u2019examen d\u2019Hist\u00f2ria de la Filosofia de les PAU.<\/li>\n<li><strong><a title=\"filosofia 3-18\" href=\"http:\/\/www.grupiref.org\/\" target=\"_blank\">Filosofia 3-18<\/a>\u00a0<\/strong>GRUP IREF.\u00a0<span style=\"background-color: #ffffff; color: #444444; font-family: verdana; font-size: small;\"><span style=\"color: #000000;\">Curr\u00edculum, recursos on line, formaci\u00f3 i articles sobre el projecte Filosofia 3\/18 per a l&#8217;educaci\u00f3 infantil, prim\u00e0ria i secund\u00e0ria.<\/span><\/span><\/li>\n<li><strong><a title=\"creaaif\" href=\"http:\/\/www.creaif.org\/creaif\/\" target=\"_blank\">CREAIF<\/a>\u00a0<\/strong><span style=\"background-color: #ffffff; color: #000000; font-family: verdana; font-size: small;\">Centre de recursos per a l&#8217;ensenyament, aprenentatge i innovaci\u00f3 de la Filosofia<\/span><\/li>\n<li><strong><a title=\"filosofia edu365\" href=\"http:\/\/www.edu365.cat\/batxillerat\/humanitats\/filosofia_i_historia_filosofia.htm\" target=\"_blank\">Filosofia Edu365<\/a>\u00a0<\/strong><span style=\"background-color: #ffffff; color: #000000; font-family: verdana; font-size: 13px;\">Apartat de filosofia de l&#8217;Edu365<\/span><\/li>\n<\/ul>\n<p><span style=\"background-color: #ffffff; color: #008080; font-family: verdana, geneva, sans-serif; font-size: 14pt;\">P\u00c0GINA DE FILOSOFIA A L&#8217;XTEC<\/span><\/p>\n<ul>\n<li><strong><span style=\"color: #ff5500;\"><a href=\"http:\/\/www.paginasobrefilosofia.com\/html\/jugar.html\" target=\"_blank\">Jocs i q\u00fcestionaris amb solucions<\/a> (en castell\u00e0)<\/span><\/strong><\/li>\n<li><em><strong><a href=\"https:\/\/noexisteesteblog.wordpress.com\/\" target=\"_blank\">Este bloc no existe <\/a><\/strong><\/em>Recursos para aprender y ense\u00f1ar a filosofar (recursos per a professors i alumnes)<\/li>\n<\/ul>\n<p><span style=\"font-size: 14pt; font-family: verdana, geneva, sans-serif; color: #008080;\">DICCIONARIS<\/span><\/p>\n<ul>\n<li><strong><a title=\"diccionario filos\u00f3fico\" href=\"http:\/\/www.filosofia.org\/filomat\/pcero.htm\" target=\"_blank\">Diccionari filos\u00f3fico<\/a>\u00a0\u00a0<\/strong><span style=\"color: #000000;\">Revisat per Gustavo Bueno<\/span><\/li>\n<\/ul>\n<p><span style=\"font-size: 14pt; font-family: verdana, geneva, sans-serif; color: #008080;\">BLOGS PER A L&#8217;\u00c0REA DE FILOSOFIA<\/span><\/p>\n<ul>\n<li><a title=\"filoso(e)s\" href=\"http:\/\/rincones.educarex.es\/humanidades\/index.php\/es\/noticias\/blogs-y-webs\/item\/21-fil%C3%B2sofes-del-dm\" target=\"_blank\"><strong>Filosof(e)s<\/strong><\/a><\/li>\n<li><a title=\"en-raonar\" href=\"http:\/\/blocs.xtec.cat\/enraonar\/\" target=\"_blank\"><strong>En-raonar Josep M. Alt\u00e9s<\/strong><\/a><\/li>\n<li><a title=\"la lechuza minerva\" href=\"http:\/\/blog.educastur.es\/lechuzaminerva\/\" target=\"_blank\"><strong>La lechuza de Minerva<\/strong><\/a><\/li>\n<\/ul>\n<p><span style=\"font-family: verdana, geneva, sans-serif; font-size: 14pt; color: #008080;\">\u00c8TICA I DRETS HUMANS<\/span><\/p>\n<ul>\n<li><span style=\"font-family: verdana,arial,helvetica,sans-serif;\"><strong><a title=\"s\u00edndic\" href=\"http:\/\/www.sindic.cat\/ca\/page.asp?id=119\" target=\"_blank\">S\u00edndic de Greuges<\/a>\u00a0<\/strong><\/span><span style=\"background-color: #ffffff; color: #444444; font-family: verdana; font-size: small;\">Materials educatius per als drets dels joves<\/span><\/li>\n<li><span style=\"font-family: verdana,arial,helvetica,sans-serif;\"><strong><a title=\"drets dels infants\" href=\"http:\/\/www.grupiref.org\/cat\/claqueta-drets-nens.htm\" target=\"_blank\">Drets dels infants i joves i cinema<\/a>\u00a0<\/strong><\/span><span style=\"background-color: #ffffff; color: #444444; font-family: verdana; font-size: small;\">Selecci\u00f3 de pel\u00b7l\u00edcules i guies did\u00e0ctiques<\/span><\/li>\n<li><span style=\"font-family: verdana,arial,helvetica,sans-serif;\"><strong><a title=\"pensar els drets humans\" href=\"http:\/\/www.gencat.cat\/drep\/ipau\/sumaris\/pensar_drets_humans.pdf\" target=\"_blank\">Pensar els drets humans<\/a>\u00a0<\/strong><\/span><span style=\"background-color: #ffffff; color: #444444; font-family: verdana; font-size: small;\">Materials per a l&#8217;educaci\u00f3 secund\u00e0ria per con\u00e9ixer els drets humans<\/span>.<\/li>\n<li><span style=\"font-family: verdana,arial,helvetica,sans-serif;\"><strong><a title=\"som joves tenim drets i deures\" href=\"http:\/\/www.grupiref.org\/pensar-els-drets-humans\/apunts_de_pau_i_drets_humans-som_joves_tenim_drets_i_deures.pdf\" target=\"_blank\">Som joves, tenim drets&#8230; i deures<\/a>\u00a0<\/strong><\/span><span style=\"background-color: #ffffff; color: #444444; font-family: verdana; font-size: small;\">Materials per a l&#8217;educaci\u00f3 secund\u00e0ria per con\u00e9ixer els drets humans.<\/span><\/li>\n<li><span style=\"font-family: verdana,arial,helvetica,sans-serif;\"><strong><a title=\"\u00e8tica i cinema\" href=\"http:\/\/www.grupiref.org\/cat\/cinema-etica.htm\" target=\"_blank\">Etica i cinema<\/a>\u00a0<\/strong><\/span><span style=\"background-color: #ffffff; color: #444444; font-family: verdana; font-size: small;\">Sel\u00b7lecci\u00f3 de pel\u00b7l\u00edcules i guies did\u00e0ctiques.<\/span><\/li>\n<li><span style=\"font-family: verdana,arial,helvetica,sans-serif;\"><strong><a title=\"edualter\" href=\"http:\/\/www.edualter.org\/index.ca.htm\" target=\"_blank\">Edualter<\/a>\u00a0<\/strong><\/span><span style=\"background-color: #ffffff; color: #444444; font-family: verdana; font-size: small;\">Xarxa de recursos sobre educaci\u00f3 per la pau, el desenvolupament i la interculturalitat.<\/span><\/li>\n<li><span style=\"font-family: verdana,arial,helvetica,sans-serif;\"><strong><a title=\"intermon oxfam\" href=\"http:\/\/www.intermonoxfam.org\/ca\/page.asp?id=99\" target=\"_blank\">Intermon Oxfam<\/a>\u00a0<\/strong><\/span><span style=\"background-color: #ffffff; color: #444444; font-family: verdana; font-size: 13px;\">Web de l&#8217;ONG amb diversos materials educatius que permeten la incorporaci\u00f3 de l&#8217;enfocament d&#8217;una ciutadania global en la pr\u00e0ctica educativa.<\/span><\/li>\n<\/ul>\n<p>&nbsp;<\/p>\n<p>&nbsp;<\/p>\n","protected":false},"excerpt":{"rendered":"<p>Filoselectivitat\u00a0Bloc personal de la professora Lluna Pineda.\u00a0Orientacions i material de suport per realitzar l\u2019examen d\u2019Hist\u00f2ria de la Filosofia de les [&hellip;]<\/p>\n","protected":false},"author":1,"featured_media":0,"parent":906,"menu_order":0,"comment_status":"closed","ping_status":"closed","template":"","meta":{"_bbp_topic_count":0,"_bbp_reply_count":0,"_bbp_total_topic_count":0,"_bbp_total_reply_count":0,"_bbp_voice_count":0,"_bbp_anonymous_reply_count":0,"_bbp_topic_count_hidden":0,"_bbp_reply_count_hidden":0,"_bbp_forum_subforum_count":0,"site-sidebar-layout":"default","site-content-layout":"","ast-site-content-layout":"","site-content-style":"default","site-sidebar-style":"default","ast-global-header-display":"","ast-banner-title-visibility":"","ast-main-header-display":"","ast-hfb-above-header-display":"","ast-hfb-below-header-display":"","ast-hfb-mobile-header-display":"","site-post-title":"","ast-breadcrumbs-content":"","ast-featured-img":"","footer-sml-layout":"","theme-transparent-header-meta":"","adv-header-id-meta":"","stick-header-meta":"","header-above-stick-meta":"","header-main-stick-meta":"","header-below-stick-meta":"","astra-migrate-meta-layouts":"default","ast-page-background-enabled":"default","ast-page-background-meta":{"desktop":{"background-color":"var(--ast-global-color-4)","background-image":"","background-repeat":"repeat","background-position":"center center","background-size":"auto","background-attachment":"scroll","background-type":"","background-media":"","overlay-type":"","overlay-color":"","overlay-opacity":"","overlay-gradient":""},"tablet":{"background-color":"","background-image":"","background-repeat":"repeat","background-position":"center center","background-size":"auto","background-attachment":"scroll","background-type":"","background-media":"","overlay-type":"","overlay-color":"","overlay-opacity":"","overlay-gradient":""},"mobile":{"background-color":"","background-image":"","background-repeat":"repeat","background-position":"center center","background-size":"auto","background-attachment":"scroll","background-type":"","background-media":"","overlay-type":"","overlay-color":"","overlay-opacity":"","overlay-gradient":""}},"ast-content-background-meta":{"desktop":{"background-color":"var(--ast-global-color-5)","background-image":"","background-repeat":"repeat","background-position":"center center","background-size":"auto","background-attachment":"scroll","background-type":"","background-media":"","overlay-type":"","overlay-color":"","overlay-opacity":"","overlay-gradient":""},"tablet":{"background-color":"var(--ast-global-color-5)","background-image":"","background-repeat":"repeat","background-position":"center center","background-size":"auto","background-attachment":"scroll","background-type":"","background-media":"","overlay-type":"","overlay-color":"","overlay-opacity":"","overlay-gradient":""},"mobile":{"background-color":"var(--ast-global-color-5)","background-image":"","background-repeat":"repeat","background-position":"center center","background-size":"auto","background-attachment":"scroll","background-type":"","background-media":"","overlay-type":"","overlay-color":"","overlay-opacity":"","overlay-gradient":""}},"footnotes":""},"class_list":["post-2692","page","type-page","status-publish","hentry"],"post_mailing_queue_ids":[],"_links":{"self":[{"href":"https:\/\/serveiseducatius.xtec.cat\/badalona\/wp-json\/wp\/v2\/pages\/2692","targetHints":{"allow":["GET"]}}],"collection":[{"href":"https:\/\/serveiseducatius.xtec.cat\/badalona\/wp-json\/wp\/v2\/pages"}],"about":[{"href":"https:\/\/serveiseducatius.xtec.cat\/badalona\/wp-json\/wp\/v2\/types\/page"}],"author":[{"embeddable":true,"href":"https:\/\/serveiseducatius.xtec.cat\/badalona\/wp-json\/wp\/v2\/users\/1"}],"replies":[{"embeddable":true,"href":"https:\/\/serveiseducatius.xtec.cat\/badalona\/wp-json\/wp\/v2\/comments?post=2692"}],"version-history":[{"count":4,"href":"https:\/\/serveiseducatius.xtec.cat\/badalona\/wp-json\/wp\/v2\/pages\/2692\/revisions"}],"predecessor-version":[{"id":5044,"href":"https:\/\/serveiseducatius.xtec.cat\/badalona\/wp-json\/wp\/v2\/pages\/2692\/revisions\/5044"}],"up":[{"embeddable":true,"href":"https:\/\/serveiseducatius.xtec.cat\/badalona\/wp-json\/wp\/v2\/pages\/906"}],"wp:attachment":[{"href":"https:\/\/serveiseducatius.xtec.cat\/badalona\/wp-json\/wp\/v2\/media?parent=2692"}],"curies":[{"name":"wp","href":"https:\/\/api.w.org\/{rel}","templated":true}]}}