{"id":2691,"date":"2011-10-27T17:26:58","date_gmt":"2011-10-27T16:26:58","guid":{"rendered":"http:\/\/serveiseducatius.xtec.cat\/badalona\/intraweb\/recursos-matematiques\/"},"modified":"2016-10-24T08:39:33","modified_gmt":"2016-10-24T06:39:33","slug":"recursos-matematiques","status":"publish","type":"page","link":"https:\/\/serveiseducatius.xtec.cat\/badalona\/recursos\/recursos-matematiques\/","title":{"rendered":"Recursos de Matem\u00e0tiques"},"content":{"rendered":"<p><span style=\"font-family: verdana, geneva, sans-serif; font-size: 12pt;\"><strong><span style=\"color: #ff5500;\"><a title=\"matem\u00e0tiques\" href=\"index.php?module=pagines&amp;type=user&amp;func=display&amp;pageid=214\" target=\"_blank\">PRESENTACIONS REALITZADES EN EL MARC DELS TALLERS DE MATEM\u00c0TIQUES\u00a0<\/a><\/span><\/strong><span style=\"color: #ff5500;\"><a title=\"matem\u00e0tiques\" href=\"index.php?module=pagines&amp;type=user&amp;func=display&amp;pageid=214\" target=\"_blank\"><span style=\"color: #000000;\">Curs 2014-2015.<\/span><\/a><\/span><\/span><\/p>\n<p><span style=\"font-size: 12pt;\"><span style=\"font-family: verdana,geneva,sans-serif;\"><strong>Tallers per a Educaci\u00f3 Infantil i Educaci\u00f3 Prim\u00e0ria<\/strong> realitzats amb la col\u00b7laboraci\u00f3 de l&#8217;Editorial Barcanova.<\/span><span style=\"font-family: verdana,geneva,sans-serif;\"><br \/>\nRosa Maria Terradellas de la UdG, Facultat d&#8217;Educaci\u00f3 i Psicologia, Pedagogia. (<a href=\"https:\/\/drive.google.com\/file\/d\/0B8iO_h_UisQhdVBfR1g4ODd2ekk\/view?usp=sharing\" target=\"_blank\"><strong>Presentaci\u00f3<\/strong><\/a>)<br \/>\n<\/span><\/span><span style=\"font-size: 12pt;\"><span style=\"font-family: verdana,geneva,sans-serif;\"><strong>Experi\u00e8ncies de centres<br \/>\n&#8211; <\/strong>Ana Bel\u00e9n Gonz\u00e1lez i Judit Torns de la .Llar Nero Nas<strong>\u00a0\u00a0<strong><a href=\"https:\/\/drive.google.com\/open?id=0B8iO_h_UisQhVXpCVk12THhHY28&amp;authuser=0\" target=\"_blank\">Presentaci\u00f3<\/a><\/strong><br \/>\n&#8211; <\/strong>Rosa Maria Canals del Col\u00b7legi Maristes Champagnat<strong>\u00a0\u00a0<strong><a href=\"https:\/\/drive.google.com\/open?id=0B8iO_h_UisQhVGV2YnY5SUIxX1U&amp;authuser=0\" target=\"_blank\">Presentaci\u00f3<\/a><\/strong><br \/>\n&#8211; <\/strong>Aida Jurado i Yolanda Luna de l&#8217;Escola Antoni Botey<strong>\u00a0\u00a0<strong><a href=\"https:\/\/prezi.com\/lxotwahamdqp\/copy-of-els-nostres-racons\/?utm_campaign=share&amp;utm_medium=copy\" target=\"_blank\">Presentaci\u00f3<\/a><\/strong><\/strong><\/span><\/span><span style=\"font-size: 12pt;\">Portes obertes a les Escoles Bressol:<\/span><span style=\"font-size: 12px;\"><span style=\"font-family: verdana,geneva,sans-serif;\"><span style=\"font-size: 12pt;\"><strong><strong><strong><a href=\"http:\/\/www.fmrp.cat\/inici\/40\/portes-obertes-a-les-escoles-bressol\" target=\"_blank\">Reculls d&#8217;experi\u00e8ncies <\/a><\/strong><br \/>\nPresentacions: <strong><a href=\"https:\/\/drive.google.com\/file\/d\/0B8iO_h_UisQhYWhJUmh3VUZYbHc\/view?usp=sharing\" target=\"_blank\">Recull 1-15<\/a><\/strong>, <strong><a href=\"https:\/\/drive.google.com\/file\/d\/0B8iO_h_UisQhdG42bzNtUWlFNjA\/view?usp=sharing\" target=\"_blank\">Recull 16-30<\/a><\/strong><br \/>\nWebs recomanades: <a href=\"http:\/\/06garraf.wordpress.com\/\" target=\"_blank\"><strong>Xarxa 0-6 Garraf<\/strong><\/a><a href=\"https:\/\/prezi.com\/lxotwahamdqp\/copy-of-els-nostres-racons\/?utm_campaign=share&amp;utm_medium=copy\" target=\"_blank\">, <\/a><a href=\"http:\/\/www.elsafareig.org\/\" target=\"_blank\"><strong>El safareig<\/strong><\/a><a href=\"https:\/\/prezi.com\/lxotwahamdqp\/copy-of-els-nostres-racons\/?utm_campaign=share&amp;utm_medium=copy\" target=\"_blank\">, <\/a><a href=\"http:\/\/www.xtec.cat\/web\/curriculum\/infantil\" target=\"_blank\"><strong>Experi\u00e8ncies infantil XTEC<\/strong><\/a><a href=\"https:\/\/prezi.com\/lxotwahamdqp\/copy-of-els-nostres-racons\/?utm_campaign=share&amp;utm_medium=copy\" target=\"_blank\">,<\/a><br \/>\n<strong><a href=\"http:\/\/www.xtec.cat\/web\/recursos\/edinfantil\" target=\"_blank\">Recursos infantil XTEC<\/a>, \u00a0<\/strong><a href=\"https:\/\/prezi.com\/lxotwahamdqp\/copy-of-els-nostres-racons\/?utm_campaign=share&amp;utm_medium=copy\" target=\"_blank\">Maleta Expressart,\u00a0<\/a>\u00a0<a href=\"http:\/\/serveiseducatius.xtec.cat\/badalona\/categoria\/recursos\/maletes-pedagogiques\/\"><strong>Maletes pedag\u00f2giques CRP de Badalona<br \/>\n<\/strong><\/a><\/strong><\/strong><\/span><\/span><\/span><\/p>\n<hr \/>\n<ul>\n<li><span style=\"font-family: verdana, geneva, sans-serif; font-size: 12pt;\">EL 20\/2\/13, al CRP de Badalona, es va realitzar la confer\u00e8ncia\u00a0<strong>&#8220;Aprenem i ensenyem matem\u00e0tiques&#8221;<\/strong>, a c\u00e0rrec d&#8217;<strong>Anton Aubanell i Montserrat Torra, Sergi del Moral i Joan Jare\u00f1o <\/strong>,\u00a0equip del<strong><a href=\"http:\/\/phobos.xtec.cat\/creamat\/joomla\/\" target=\"_blank\" rel=\"nofollow\"> Creamat<\/a><\/strong>\u00a0(Centre de Recursos per Ensenyar i Aprendre Matem\u00e0tiques)<\/span><\/li>\n<li><span style=\"font-size: 12pt;\"><span style=\"font-family: verdana,geneva,sans-serif;\">V\u00eddeo de la confer\u00e8ncia enregistrat uns dies abans a Santa Coloma de Gramenet):\u00a0<\/span><strong><a title=\"Presentacio creamat sta_coloma\" href=\"http:\/\/www.slideshare.net\/crpsantacolomag\/presentacio-creamat-stacoloma\" target=\"_blank\">Presentaci\u00f3 creamat Sta Coloma de Gramenet<\/a><\/strong><\/span><\/li>\n<\/ul>\n<p><span style=\"font-size: 14pt; font-family: verdana, geneva, sans-serif; color: #008080;\">DESPLEGAMENT COMPETENCIAL<\/span><\/p>\n<ul>\n<li><span style=\"font-size: 12pt;\"><span style=\"font-family: verdana,geneva,sans-serif;\"><strong><a href=\"http:\/\/ensenyament.gencat.cat\/web\/.content\/home\/departament\/publicacions\/colleccions\/competencies-basiques\/primaria\/prim-matematic.pdf\" target=\"_blank\">Compet\u00e8ncies b\u00e0siques de l&#8217;\u00e0mbit matem\u00e0tic. Educaci\u00f3 prim\u00e0ria <\/a><\/strong><br \/>\nAquest document d&#8217;orientacions de compet\u00e8ncies b\u00e0siques de l&#8217;\u00e0mbit matem\u00e0tic de l&#8217;educaci\u00f3 prim\u00e0ria pret\u00e9n ajudar els centres a l&#8217;hora de desenvolupar el curr\u00edculum<br \/>\nde l&#8217;\u00e0rea de matem\u00e0tiques.<\/span><\/span><\/li>\n<li><span style=\"font-size: 12pt;\"><span style=\"font-family: verdana,geneva,sans-serif;\"><strong><a href=\"http:\/\/ensenyament.gencat.cat\/web\/.content\/home\/departament\/publicacions\/colleccions\/competencies-basiques\/eso\/eso-matematic.pdf\" target=\"_blank\">Compet\u00e8ncies b\u00e0siques de l&#8217;\u00e0mbit matem\u00e0tic. Educaci\u00f3 secund\u00e0ria obligat\u00f2ria<\/a><\/strong><br \/>\n<span style=\"background-color: #ffffff; color: #000000;\">La finalitat d&#8217;aquest document d&#8217;orientacions de compet\u00e8ncies b\u00e0siques de l&#8217;\u00e0mbit matem\u00e0tic de l&#8217;ESO\u00a0\u00e9s ajudar els centres a l&#8217;hora de desenvolupar el curr\u00edculum de la mat\u00e8ria de <\/span><span style=\"background-color: #ffffff; color: #000000;\">matem\u00e0tiques<\/span><span style=\"background-color: #ffffff; color: #000000;\">.<\/span><\/span><\/span><\/li>\n<\/ul>\n<p><span style=\"font-family: verdana, geneva, sans-serif; font-size: 14pt; color: #008080;\">MATEM\u00c0TIQUES A L&#8217;XTEC, CESIRE I ARC<\/span><\/p>\n<ul>\n<li><span style=\"font-size: 12pt;\"><span style=\"font-family: verdana,geneva,sans-serif;\"><strong><a title=\"Recursos de matem\u00e0tiques a l'XTEC\" href=\"http:\/\/www.xtec.cat\/web\/recursos\/matematiques\" target=\"_blank\">Recursos de matem\u00e0tiques a l&#8217;XTEC\u00a0<\/a><\/strong><\/span><\/span><\/li>\n<li><span style=\"font-size: 12pt;\"><span style=\"font-family: verdana,geneva,sans-serif;\"><strong><a title=\"creamat\" href=\"http:\/\/srvcnpbs.xtec.cat\/creamat\/joomla\/\" target=\"_blank\">CESIRE-CREAMAT<\/a>\u00a0<\/strong><span style=\"color: #444444;\">Centre de recursos per a ensenyar i aprendre\u00a0matem\u00e0tiques.<\/span><\/span><\/span><\/li>\n<li><span style=\"font-size: 12pt;\"><span style=\"font-family: verdana,geneva,sans-serif;\"><strong><span style=\"color: #ff6600;\"><a style=\"color: #ff5500;\" title=\"arc\" href=\"http:\/\/apliense.xtec.cat\/arc\/cercador2\/t-\/dr-matem%C3%A0tiques\" target=\"_blank\">ARC<\/a>\u00a0<\/span><\/strong>Aplicaci\u00f3 de recursos al curr\u00edculum .\u00a0Recull propostes\u00a0d&#8217;activitats, seq\u00fc\u00e8ncies\u00a0did\u00e0ctiques\u00a0i\u00a0recursos, que enllacen directament amb el curr\u00edculum de l&#8217;\u00e0rea de matem\u00e0tiques i d&#8217;altres \u00e0rees.<\/span><\/span><\/li>\n<li><strong><a href=\"https:\/\/drive.google.com\/file\/d\/0B8iO_h_UisQhVnh0SVAwQlRmVWs\/view?usp=sharing\" target=\"_blank\">On trobar Problemes?<\/a>\u00a0 \u00a0<\/strong>FIC Resoluci\u00f3 de problemes a educaci\u00f3 infantil i prim\u00e0ria<\/li>\n<li><strong><a class=\"contentpagetitle\" href=\"http:\/\/srvcnpbs.xtec.cat\/creamat\/joomla\/index.php\/documents\/43-altres-documents-de-suport-curricular\/776-calendari-dactivitats-anuals-de-matematiques-per-a-lalumnat\">Calendari d&#8217;activitats anuals de matem\u00e0tiques per a l&#8217;alumnat<\/a><\/strong><\/li>\n<\/ul>\n<p><span style=\"color: #008080; font-family: verdana, geneva, sans-serif; font-size: 14pt;\">ALTRES ENLLA\u00c7OS<\/span><\/p>\n<ul>\n<li><span style=\"font-size: 12pt;\"><span style=\"font-family: verdana,geneva,sans-serif;\"><a title=\"matem\u00e0tiques\" href=\"http:\/\/www.scoop.it\/t\/atalaia-educativa?tag=matem%C3%A0tiques\" target=\"_blank\"><strong><span style=\"color: #ff5500;\">Selecci\u00f3 de recursos a &#8220;El Badiu del CRP (Scoop.it)<\/span><\/strong><\/a><br \/>\nUna amplia selecci\u00f3 de recursos entorn la matem\u00e0tiques.<\/span><\/span><\/li>\n<li><span style=\"font-size: 12pt;\"><span style=\"font-family: verdana,geneva,sans-serif;\"><strong><a title=\"Materials manipulatiu de matem\u00e0tiques\" href=\"https:\/\/docs.google.com\/a\/xtec.cat\/viewer?a=v&amp;pid=sites&amp;srcid=eHRlYy5jYXR8ZWwtY2FsY3VsfGd4OjI1OTNmNTU3ZGEzYjY5YzY\" target=\"_blank\">Material manipulatiu de l&#8217;\u00e0rea de matem\u00e0tiques<\/a><\/strong><br \/>\nRelaci\u00f3 de material elaborada per l&#8217;Escola Artur Martorell en el marc de la Formaci\u00f3 Interna de centre (FIC), sobre el C\u00e0lcul Mental, realitzada durant el curs 2012-13.<\/span><\/span><\/li>\n<li><span style=\"font-size: 12pt;\"><span style=\"font-family: verdana,geneva,sans-serif;\"><strong><a title=\"MMACA\" href=\"http:\/\/www.mmaca.cat\/\" target=\"_blank\">Museu de Matem\u00e0tiques de Catalunya MMACA<\/a><\/strong><br \/>\nPalau Mercader de Cornell\u00e0 de Llobregat. Cal reservar visita<\/span><\/span><\/li>\n<li><span style=\"font-size: 12pt;\"><span style=\"font-family: verdana,geneva,sans-serif;\"><span style=\"color: #ff5500;\"><strong><a title=\"gamar\" href=\"http:\/\/gamar.udg.es\/\" target=\"_blank\">GAMAR<\/a><\/strong><br \/>\n<span style=\"color: #444444;\">Gabinet de materials i de recerca per\u00a0a la matem\u00e0tica a l&#8217;escola, creat per la\u00a0M.\u00a0Ant\u00f2nia\u00a0Canals<\/span><\/span><\/span><\/span><\/li>\n<li><span style=\"font-size: 12pt;\"><span style=\"font-family: verdana,geneva,sans-serif;\"><span style=\"color: #444444;\"><strong><a title=\"notemates\" href=\"http:\/\/pinterest.com\/notemates\/\" target=\"_blank\">notemates<\/a><\/strong><br \/>\nInteressant Pinterest\u00a0 amb recursos sobre <\/span><span style=\"color: #444444;\">aspectes relacionats amb les matem\u00e0tiques<\/span><\/span><\/span><\/li>\n<li><span style=\"font-size: 12pt;\"><span style=\"font-family: verdana,geneva,sans-serif;\"><strong><a style=\"font-family: verdana,arial,helvetica,sans-serif;\" title=\"toomates\" href=\"http:\/\/www.toomates.net\/\" target=\"_blank\">Toomates<\/a><\/strong><br \/>\nRecull de llistes\u00a0d&#8217;exercicis\u00a0de matem\u00e0tiques per a l&#8217;etapa ESO i\u00a0per a l&#8217;atenci\u00f3 a la\u00a0diversitat.<\/span><\/span><\/li>\n<li><span style=\"font-size: 12pt;\"><span style=\"font-family: verdana,geneva,sans-serif;\"><strong><a id=\"themeTitleA\" class=\"tCustomization tCustomization_topic_title\" title=\"matematikas\" href=\"http:\/\/www.scoop.it\/t\/matematikasi\" target=\"_blank\">MATEmatikaSI <\/a><\/strong>Un Scoop-it amb nombrosos recursos per fer gaudir als amants de les matem\u00e0tiques<\/span><\/span><\/li>\n<li><span style=\"font-size: 12pt;\"><span style=\"font-family: verdana,geneva,sans-serif;\"><a title=\"fotomat\" href=\"http:\/\/www.fotomat.es\/\" target=\"_blank\"><strong>Fotomat<\/strong><\/a>. Fotografia i matem\u00e0tiques<\/span><\/span><\/li>\n<li><span style=\"font-size: 12pt;\"><span style=\"font-family: verdana,geneva,sans-serif;\"><strong><a title=\"A Math Dictionary for kids\" href=\"http:\/\/www.amathsdictionaryforkids.com\/dictionary.html\" target=\"_blank\">A Math Dictionary for Kids<\/a><\/strong><br \/>\nDiccionari en angl\u00e8s de matem\u00e0tiques per a nens i nenes<\/span><\/span><\/li>\n<\/ul>\n<p>&nbsp;<\/p>\n<p>&nbsp;<\/p>\n<p>&nbsp;<\/p>\n<p>&nbsp;<\/p>\n<p>&nbsp;<\/p>\n<p>&nbsp;<\/p>\n<p>&nbsp;<\/p>\n<p>&nbsp;<\/p>\n","protected":false},"excerpt":{"rendered":"<p>PRESENTACIONS REALITZADES EN EL MARC DELS TALLERS DE MATEM\u00c0TIQUES\u00a0Curs 2014-2015. Tallers per a Educaci\u00f3 Infantil i Educaci\u00f3 Prim\u00e0ria realitzats amb [&hellip;]<\/p>\n","protected":false},"author":1,"featured_media":0,"parent":906,"menu_order":0,"comment_status":"closed","ping_status":"closed","template":"page-templates\/side-menu.php","meta":{"_bbp_topic_count":0,"_bbp_reply_count":0,"_bbp_total_topic_count":0,"_bbp_total_reply_count":0,"_bbp_voice_count":0,"_bbp_anonymous_reply_count":0,"_bbp_topic_count_hidden":0,"_bbp_reply_count_hidden":0,"_bbp_forum_subforum_count":0,"site-sidebar-layout":"default","site-content-layout":"","ast-site-content-layout":"","site-content-style":"default","site-sidebar-style":"default","ast-global-header-display":"","ast-banner-title-visibility":"","ast-main-header-display":"","ast-hfb-above-header-display":"","ast-hfb-below-header-display":"","ast-hfb-mobile-header-display":"","site-post-title":"","ast-breadcrumbs-content":"","ast-featured-img":"","footer-sml-layout":"","theme-transparent-header-meta":"","adv-header-id-meta":"","stick-header-meta":"","header-above-stick-meta":"","header-main-stick-meta":"","header-below-stick-meta":"","astra-migrate-meta-layouts":"default","ast-page-background-enabled":"default","ast-page-background-meta":{"desktop":{"background-color":"var(--ast-global-color-4)","background-image":"","background-repeat":"repeat","background-position":"center center","background-size":"auto","background-attachment":"scroll","background-type":"","background-media":"","overlay-type":"","overlay-color":"","overlay-opacity":"","overlay-gradient":""},"tablet":{"background-color":"","background-image":"","background-repeat":"repeat","background-position":"center center","background-size":"auto","background-attachment":"scroll","background-type":"","background-media":"","overlay-type":"","overlay-color":"","overlay-opacity":"","overlay-gradient":""},"mobile":{"background-color":"","background-image":"","background-repeat":"repeat","background-position":"center center","background-size":"auto","background-attachment":"scroll","background-type":"","background-media":"","overlay-type":"","overlay-color":"","overlay-opacity":"","overlay-gradient":""}},"ast-content-background-meta":{"desktop":{"background-color":"var(--ast-global-color-5)","background-image":"","background-repeat":"repeat","background-position":"center center","background-size":"auto","background-attachment":"scroll","background-type":"","background-media":"","overlay-type":"","overlay-color":"","overlay-opacity":"","overlay-gradient":""},"tablet":{"background-color":"var(--ast-global-color-5)","background-image":"","background-repeat":"repeat","background-position":"center center","background-size":"auto","background-attachment":"scroll","background-type":"","background-media":"","overlay-type":"","overlay-color":"","overlay-opacity":"","overlay-gradient":""},"mobile":{"background-color":"var(--ast-global-color-5)","background-image":"","background-repeat":"repeat","background-position":"center center","background-size":"auto","background-attachment":"scroll","background-type":"","background-media":"","overlay-type":"","overlay-color":"","overlay-opacity":"","overlay-gradient":""}},"footnotes":""},"class_list":["post-2691","page","type-page","status-publish","hentry"],"post_mailing_queue_ids":[],"_links":{"self":[{"href":"https:\/\/serveiseducatius.xtec.cat\/badalona\/wp-json\/wp\/v2\/pages\/2691","targetHints":{"allow":["GET"]}}],"collection":[{"href":"https:\/\/serveiseducatius.xtec.cat\/badalona\/wp-json\/wp\/v2\/pages"}],"about":[{"href":"https:\/\/serveiseducatius.xtec.cat\/badalona\/wp-json\/wp\/v2\/types\/page"}],"author":[{"embeddable":true,"href":"https:\/\/serveiseducatius.xtec.cat\/badalona\/wp-json\/wp\/v2\/users\/1"}],"replies":[{"embeddable":true,"href":"https:\/\/serveiseducatius.xtec.cat\/badalona\/wp-json\/wp\/v2\/comments?post=2691"}],"version-history":[{"count":4,"href":"https:\/\/serveiseducatius.xtec.cat\/badalona\/wp-json\/wp\/v2\/pages\/2691\/revisions"}],"predecessor-version":[{"id":5096,"href":"https:\/\/serveiseducatius.xtec.cat\/badalona\/wp-json\/wp\/v2\/pages\/2691\/revisions\/5096"}],"up":[{"embeddable":true,"href":"https:\/\/serveiseducatius.xtec.cat\/badalona\/wp-json\/wp\/v2\/pages\/906"}],"wp:attachment":[{"href":"https:\/\/serveiseducatius.xtec.cat\/badalona\/wp-json\/wp\/v2\/media?parent=2691"}],"curies":[{"name":"wp","href":"https:\/\/api.w.org\/{rel}","templated":true}]}}