{"id":2690,"date":"2011-10-25T11:39:32","date_gmt":"2011-10-25T10:39:32","guid":{"rendered":"http:\/\/serveiseducatius.xtec.cat\/badalona\/intraweb\/recursos-artistica\/"},"modified":"2016-10-19T12:50:46","modified_gmt":"2016-10-19T11:50:46","slug":"recursos-artistica","status":"publish","type":"page","link":"https:\/\/serveiseducatius.xtec.cat\/badalona\/recursos\/recursos-artistica\/","title":{"rendered":"Recursos d&#8217; Educaci\u00f3 art\u00edstica"},"content":{"rendered":"<p><span style=\"color: #008080;\"><span style=\"font-family: verdana, geneva, sans-serif; font-size: 14pt;\">DESPLEGAMENT COMPETENCIAL DE L&#8217;\u00c0MBIT ART\u00cdSTIC<\/span><\/span><\/p>\n<ul>\n<li><span style=\"font-size: 12pt;\"><strong><span style=\"font-family: verdana, geneva, sans-serif;\"><a href=\"http:\/\/ensenyament.gencat.cat\/web\/.content\/home\/departament\/publicacions\/colleccions\/competencies-basiques\/primaria\/prim-artistic.pdf\">Compet\u00e8ncies b\u00e0siques de l\u2019\u00e0mbit art\u00edstic.\u00a0Educaci\u00f3 art\u00edstica: visual i pl\u00e0stica, m\u00fasica i dansa<\/a>.<br \/>\n<\/span><\/strong><span style=\"font-family: verdana, geneva, sans-serif;\">Identificaci\u00f3 i desplegament a l\u2019educaci\u00f3 prim\u00e0ria<\/span><span style=\"font-family: verdana, geneva, sans-serif;\">.<\/span><span style=\"font-family: verdana, geneva, sans-serif;\">pdf\u00a0<a tabindex=\"-1\" href=\"http:\/\/ensenyament.gencat.cat\/web\/.content\/home\/departament\/publicacions\/colleccions\/competencies-basiques\/primaria\/prim-artistic.pdf\" target=\"_blank\">ensenyament.gencat.cat\/\u2026\/prim-artistic.pdf<\/a><\/span><\/span><\/li>\n<li><span style=\"font-family: verdana, geneva, sans-serif; font-size: 12pt;\"><span style=\"font-family: verdana, geneva, sans-serif;\"><strong><a href=\"http:\/\/ensenyament.gencat.cat\/web\/.content\/home\/departament\/publicacions\/colleccions\/competencies-basiques\/eso\/eso-ambit-artistic.pdf\">Compet\u00e8ncies b\u00e0siques de l\u2019\u00e0mbit art\u00edstic.\u00a0Educaci\u00f3 art\u00edstica: visual i pl\u00e0stica, m\u00fasica i dansa<\/a><br \/>\n<\/strong>Identificaci\u00f3 i desplegament a l\u2019educaci\u00f3 secund\u00e0ria\u00a0<span style=\"font-family: verdana, geneva, sans-serif;\">.<\/span><span style=\"font-family: verdana, geneva, sans-serif;\">pdf\u00a0<\/span><\/span><\/span><\/li>\n<\/ul>\n<p><span style=\"font-family: verdana, geneva, sans-serif; font-size: 14pt; color: #008080;\">RECURSOS VISUAL I PL\u00c0STICA<\/span><\/p>\n<p><span style=\"font-family: verdana, geneva, sans-serif; font-size: 12pt; color: #008080;\">ALTRES WEBS<\/span><\/p>\n<ul>\n<li><span style=\"font-size: 12pt;\"><strong><span style=\"font-family: verdana, arial, helvetica, sans-serif;\"><a href=\"http:\/\/www.xtec.cat\/web\/recursos\/visualplastica\" target=\"_blank\">Apartat de visual i pl\u00e0stica a la p\u00e0gina de l&#8217;XTEC<\/a><\/span><\/strong><\/span><\/li>\n<li><span style=\"font-size: 12pt;\"><strong><span style=\"font-family: verdana, arial, helvetica, sans-serif;\"><a href=\"http:\/\/www.mesquetapes.com\/\" target=\"_blank\">M\u00e9s\u00a0que tapes<\/a>\u00a0<\/span><\/strong><span style=\"font-family: verdana, arial, helvetica, sans-serif;\">Lloc per compartir\u00a0idees i materials<\/span><\/span><\/li>\n<li><span style=\"font-size: 12pt;\"><strong><span style=\"font-family: verdana, arial, helvetica, sans-serif;\"><span style=\"font-family: verdana, geneva, sans-serif;\"><a href=\"http:\/\/www.xtec.cat\/crp-badalona\/recursos\/4aula\/area\/mascares\/page_00.htm\" target=\"_blank\">M\u00e0scares\u00a0al CI. Escola Jungfrau<\/a><\/span>\u00a0<\/span><\/strong><span style=\"font-family: verdana, geneva, sans-serif;\">Materials, proc\u00e9s d&#8217;elaboraci\u00f3,\u00a0exemples<\/span><\/span><\/li>\n<li><span style=\"font-size: 12pt;\"><span style=\"font-family: verdana, arial, helvetica, sans-serif;\"><strong><a title=\"el arte de crear\" href=\"http:\/\/mcarmenepv.blogspot.com.es\/p\/educacion-plastica.html?spref=tw\" target=\"_blank\">El arte de crear<\/a>\u00a0<\/strong><\/span><span style=\"font-family: verdana, arial, helvetica, sans-serif;\">Bloc que recull webs, portals i aplicacions relacionades amb l&#8217;\u00e0rea de visual i pl\u00e0stica<\/span><\/span><\/li>\n<li><span style=\"font-size: 12pt;\"><strong><span style=\"font-family: verdana, geneva, sans-serif;\"><a href=\"http:\/\/colorschemedesigner.com\/\" target=\"_blank\">Esquema de colors per a crear dissenys<\/a><\/span>\u00a0<\/strong><span style=\"font-family: verdana, geneva, sans-serif;\">Eina per a crear combinacions de colors<\/span><\/span><\/li>\n<li><span style=\"font-size: 12pt;\"><span style=\"font-family: verdana, arial, helvetica, sans-serif;\"><strong><a title=\"el arte de crear\" href=\"http:\/\/mcarmenepv.blogspot.com.es\/p\/educacion-plastica.html?spref=tw\" target=\"_blank\">El arte de crear<\/a>\u00a0 \u00a0<\/strong><\/span><span style=\"font-family: verdana, arial, helvetica, sans-serif;\">Bloc que recull webs, portals i aplicacions relacionades amb l&#8217;\u00e0rea de visual i pl\u00e0stica.<\/span><\/span><\/li>\n<li><span style=\"font-family: verdana, geneva, sans-serif; font-size: 12pt;\"><strong><a href=\"http:\/\/colorschemedesigner.com\/\" target=\"_blank\">Esquema de colors per a crear dissenys<\/a>\u00a0<\/strong>Eina per a crear combinacions de colors<\/span><\/li>\n<li><span style=\"font-family: verdana, geneva, sans-serif; font-size: 12pt;\"><strong><a title=\"Perspectiva C\u00f3nica \" href=\"http:\/\/palmera.pntic.mec.es\/~jcuadr2\/conica\/\" target=\"_blank\">Perspectiva<\/a><\/strong><strong style=\"font-size: small;\"><a title=\"Perspectiva C\u00f3nica \" href=\"http:\/\/palmera.pntic.mec.es\/~jcuadr2\/conica\/\" target=\"_blank\"> c\u00f2nica<\/a>\u00a0<\/strong>Dibuix t\u00e8cnic ESO i Batxillerat<\/span><\/li>\n<li><span style=\"font-family: verdana, geneva, sans-serif; font-size: 12pt;\"><strong><a href=\"http:\/\/www.maestrosdelweb.com\/editorial\/psykopaint-crea-y-edita-tus-obras-de-arte\/\" target=\"_blank\" rel=\"bookmark\">Psykopaint<\/a>\u00a0<\/strong>Editor d&#8217;imatges per crear i editar les teves pr\u00f2pies obres d&#8217;art<\/span><\/li>\n<\/ul>\n<p><span style=\"color: #808080;\"><span style=\"color: #808080;\"><span style=\"color: #808080;\"><span style=\"font-family: verdana, geneva, sans-serif; font-size: 12pt; color: #008080;\">SCOOP-IT<\/span><br \/>\n<span style=\"font-family: verdana, geneva, sans-serif; font-size: 12pt; color: #000000;\">Una xarxa social per seleccionar, classificar i compartir recursos educatius que es troben a la xarxa\u00a0<\/span><\/span><\/span><\/span><\/p>\n<ul>\n<li><span style=\"font-size: 12pt;\"><span style=\"font-family: verdana, geneva, sans-serif;\"><strong style=\"color: #ff5500;\"><a title=\"Recuros d'art\" href=\"http:\/\/www.scoop.it\/t\/atalaia-educativa?tag=art\" target=\"_blank\">Selecci\u00f3 de recursos d&#8217;art<\/a>\u00a0 <\/strong><\/span><span style=\"font-family: verdana, geneva, sans-serif;\">Una amplia sel\u00b7lecci\u00f3 de recursos d&#8217;art trobats a la xarxa (scoop.it)<\/span><\/span><\/li>\n<li><span style=\"font-size: 12pt;\"><strong><span style=\"font-family: verdana, arial, helvetica, sans-serif;\"><a href=\"http:\/\/www.scoop.it\/t\/atalaia-educativa?tag=manualitats\" target=\"_blank\">Manualitats<\/a><\/span><\/strong><span style=\"font-family: verdana, arial, helvetica, sans-serif;\">\u00a0(scoop.it)<\/span><\/span><\/li>\n<li><span style=\"font-size: 12pt;\"><strong><a href=\"http:\/\/www.scoop.it\/t\/atalaia-educativa?tag=pintors\" target=\"_blank\"><span style=\"font-family: verdana, arial, helvetica, sans-serif;\">Recursos sobre pintors<\/span>\u00a0<\/a><span style=\"font-family: arial, helvetica, sans-serif;\">\u00a0(<\/span><\/strong><span style=\"font-family: arial, helvetica, sans-serif;\"><span style=\"font-family: verdana, geneva, sans-serif;\">Scoop.it)<\/span><\/span><\/span><\/li>\n<li><span style=\"font-size: 12pt;\"><span style=\"font-family: verdana, arial, helvetica, sans-serif;\"><a href=\"http:\/\/www.scoop.it\/t\/atalaia-educativa\/?q=MUSEUS\" target=\"_blank\"><strong>Museus<\/strong><\/a><\/span>\u00a0<span style=\"font-family: arial, helvetica, sans-serif;\"><b>\u00a0\u00a0<\/b><\/span><span style=\"font-family: arial, helvetica, sans-serif;\"><span style=\"font-family: arial, helvetica, sans-serif;\"><span style=\"font-family: verdana, geneva, sans-serif;\">(Scoop.it)<\/span><\/span><\/span><\/span><\/li>\n<\/ul>\n<p><span style=\"color: #008080; font-size: 12pt;\"><span style=\"font-family: verdana, geneva, sans-serif;\">ESPAI PINTEREST<\/span><\/span><br \/>\n<span style=\"font-size: 12pt; font-family: verdana, geneva, sans-serif;\">Pinterest ha\u00a0esdevingut una xarxa social ideal per a compartir continguts visuals, en\u00a0aquests cas idees per a manualitats i treballs de pl\u00e0stica.\u00a0Podeu visitar el <strong><a href=\"https:\/\/es.pinterest.com\/sebadalona\/\" target=\"_blank\">Pinterest del SE de Badalona<\/a>\u00a0<\/strong>i us oferim tamb\u00e9 d&#8217;altres Pinterest que us poder ser d&#8217;utilitat<\/span><span style=\"font-size: 10pt; font-family: verdana, geneva, sans-serif;\"><span style=\"font-size: 10pt; font-family: verdana, geneva, sans-serif;\"><br \/>\n<\/span><\/span><\/p>\n<table>\n<tbody>\n<tr>\n<td><strong><a href=\"http:\/\/pinterest.com\/ferdemestres\/mondrian\/\" target=\"_blank\">Mondrian<\/a><br \/>\n<\/strong><a href=\"http:\/\/pinterest.com\/ferdemestres\/mondrian\/\" target=\"_blank\"><strong>T<\/strong><\/a><strong><a href=\"http:\/\/pinterest.com\/entelequia\/tapes-albums\/\" target=\"_blank\">apes d\u2019\u00e0lbum<br \/>\n<\/a><a title=\"Idees capsa\" href=\"http:\/\/pinterest.com\/rosasolerb\/idees-capsa\/\" target=\"_blank\">Capsa d\u2019idees<br \/>\n<\/a><a title=\"Manualitats\" href=\"http:\/\/pinterest.com\/rosasolerb\/manualitats\/\" target=\"_blank\">Manualitats (1)<br \/>\n<\/a><a href=\"http:\/\/pinterest.com\/ferdemestres\/manualitats\/\" target=\"_blank\">Manualitats (2)<\/a><br \/>\n<a title=\"Idees de visual i pl\u00e0stica\" href=\"http:\/\/pinterest.com\/rosasolerb\/visual-i-plastica\/\" target=\"_blank\">Idees de visual i pl\u00e0stica<\/a><\/strong><\/td>\n<td><a href=\"http:\/\/pinterest.com\/ferdemestres\/plastica-amb-agulles-d-estendre-la-roba\/\" target=\"_blank\"><strong>Amb agulles d\u2019estendre<br \/>\n<\/strong><\/a><strong><a href=\"http:\/\/pinterest.com\/ferdemestres\/plastica-amb-plats-i-gots\/\" target=\"_blank\">Amb plats i gots<br \/>\n<\/a><a title=\"Papiroflexia\" href=\"http:\/\/pinterest.com\/rosasolerb\/papiroflexia\/\" target=\"_blank\">Papiroflexia<br \/>\n<\/a><a href=\"http:\/\/pinterest.com\/rosasolerb\/dibuix\/\" target=\"_blank\">Dibuix<br \/>\n<\/a><a title=\"krototak\" href=\"http:\/\/krokotak.com\/\" target=\"_blank\">Krototack<br \/>\n<\/a><a title=\"Art Flowers\" href=\"http:\/\/www.pinterest.com\/stephjoey\/art-flowers\/\" target=\"_blank\">Art (Flowers)<\/a><\/strong><\/td>\n<td>&nbsp;<\/p>\n<p>&nbsp;<\/td>\n<\/tr>\n<\/tbody>\n<\/table>\n<p><span style=\"font-family: verdana, geneva, sans-serif; font-size: 14pt; color: #800000;\"><strong><br \/>\n<\/strong><span style=\"color: #008080;\">RECURSOS M\u00daSICA\/DANSA<\/span><\/span><\/p>\n<ul>\n<li><span style=\"font-family: verdana, geneva, sans-serif; font-size: 12pt;\"><a href=\"http:\/\/xtec.gencat.cat\/ca\/recursos\/musica\/\"><strong>Recursos m\u00fasica a l&#8217;XTEC<\/strong><\/a><\/span><\/li>\n<li><span style=\"font-size: 12pt; font-family: verdana, geneva, sans-serif;\"><strong><a href=\"http:\/\/edu365.cat\/infantil\/musica\/index.htm\" target=\"_blank\">Recursos de m\u00fasica a l&#8217;Edu365<\/a><\/strong><\/span><\/li>\n<li><span style=\"font-family: verdana, geneva, sans-serif; font-size: 12pt;\"><strong><a href=\"http:\/\/grups.blanquerna.url.edu\/musical\/\">Calaix de m\u00fasic<\/a><\/strong>\u00a0Centre de recursos virtual per a l&#8217;educaci\u00f3 musical. Blanquerna<\/span><\/li>\n<li><span style=\"font-size: 12pt; font-family: verdana, geneva, sans-serif;\"><strong><a title=\"recursos de m\u00fasica CM i CS\" href=\"https:\/\/sites.google.com\/a\/xtec.cat\/rdzereral\/cm-i-cs-musica\" target=\"_blank\">Recursos de m\u00fasica per a CM i CS de prim\u00e0ria<\/a><\/strong><\/span><\/li>\n<li><span style=\"font-family: verdana, geneva, sans-serif; font-size: 12pt;\"><a href=\"http:\/\/www.memoryfiles.org\/51audicions\/index.html\"><strong>51 audicions<\/strong><\/a>. Dolors Bonal, Manel Artigas, Ignasi Barjau<\/span><\/li>\n<li><span style=\"font-size: 12pt;\"><strong><a href=\"http:\/\/www.xtec.cat\/monografics\/crestoma\/crestoma.htm\" target=\"_blank\">Can\u00e7ons tradicionals catalanes<\/a> <\/strong>Crestomatia de can\u00e7ons tradicionals catalanes<\/span><\/li>\n<\/ul>\n<p><span style=\"font-family: verdana, geneva, sans-serif; font-size: 14pt; color: #008080;\"><span style=\"font-size: 14pt;\">PINTEREST SOBRE M\u00daSICA<\/span><\/span><\/p>\n<ul>\n<li><span style=\"font-family: verdana, geneva, sans-serif; font-size: 12pt;\"><strong><a href=\"https:\/\/es.pinterest.com\/sebadalona\/danses-m%C3%BAsiques-i-coreografies\/\" target=\"_blank\">Danses: m\u00fasiques i coreografies<\/a><\/strong><\/span><\/li>\n<li><span style=\"font-family: verdana, geneva, sans-serif; font-size: 12pt;\"><strong><a href=\"https:\/\/es.pinterest.com\/ClasedeMusica20\/\" target=\"_blank\">Clase de m\u00fasica 2.0<\/a><\/strong><\/span><\/li>\n<li><span style=\"font-size: 12pt;\"><strong><span style=\"font-family: verdana, geneva, sans-serif;\"><a href=\"https:\/\/es.pinterest.com\/sebadalona\/fes-que-soni-m%C3%BAsica\/\" target=\"_blank\">Fes que soni <\/a><\/span><\/strong>(instruments casolans)<\/span><\/li>\n<\/ul>\n<p><span style=\"font-family: verdana, geneva, sans-serif; font-size: 14pt; color: #008080;\">SCOOP-IT <strong>EL RAC\u00d3 DE LA M\u00daSICA<\/strong><\/span><br \/>\n<span style=\"font-size: 12pt;\"><span style=\"font-family: verdana, arial, helvetica, sans-serif;\">Selecci\u00f3 de recursos en l\u00ednia per al professorat i l&#8217;aula de m\u00fasica<\/span><\/span><\/p>\n<table class=\" htmtableborders\" style=\"width: 264px; border: 1px dotted #000000; border-collapse: collapse; height: 262px; display: table;\" width=\"411\" cellpadding=\"5\">\n<tbody>\n<tr>\n<td style=\"border: 1px dotted #000000;\"><iframe loading=\"lazy\" src=\"http:\/\/www.scoop.it\/t\/el-raco-de-la-musica\/js?format=square&amp;numberOfPosts=5&amp;title=El+rac%C3%B3+de+la+m%C3%BAsica&amp;speed=5&amp;mode=normal&amp;width=250\" width=\"250\" height=\"250\" frameborder=\"0\" scrolling=\"no\" align=\"middle\"><\/iframe><\/td>\n<\/tr>\n<\/tbody>\n<\/table>\n<p>&nbsp;<\/p>\n<p>&nbsp;<\/p>\n<p>&nbsp;<\/p>\n<p>&nbsp;<\/p>\n","protected":false},"excerpt":{"rendered":"<p>DESPLEGAMENT COMPETENCIAL DE L&#8217;\u00c0MBIT ART\u00cdSTIC Compet\u00e8ncies b\u00e0siques de l\u2019\u00e0mbit art\u00edstic.\u00a0Educaci\u00f3 art\u00edstica: visual i pl\u00e0stica, m\u00fasica i dansa. Identificaci\u00f3 i desplegament [&hellip;]<\/p>\n","protected":false},"author":1,"featured_media":0,"parent":906,"menu_order":0,"comment_status":"closed","ping_status":"closed","template":"","meta":{"_bbp_topic_count":0,"_bbp_reply_count":0,"_bbp_total_topic_count":0,"_bbp_total_reply_count":0,"_bbp_voice_count":0,"_bbp_anonymous_reply_count":0,"_bbp_topic_count_hidden":0,"_bbp_reply_count_hidden":0,"_bbp_forum_subforum_count":0,"site-sidebar-layout":"default","site-content-layout":"","ast-site-content-layout":"","site-content-style":"default","site-sidebar-style":"default","ast-global-header-display":"","ast-banner-title-visibility":"","ast-main-header-display":"","ast-hfb-above-header-display":"","ast-hfb-below-header-display":"","ast-hfb-mobile-header-display":"","site-post-title":"","ast-breadcrumbs-content":"","ast-featured-img":"","footer-sml-layout":"","theme-transparent-header-meta":"","adv-header-id-meta":"","stick-header-meta":"","header-above-stick-meta":"","header-main-stick-meta":"","header-below-stick-meta":"","astra-migrate-meta-layouts":"default","ast-page-background-enabled":"default","ast-page-background-meta":{"desktop":{"background-color":"var(--ast-global-color-4)","background-image":"","background-repeat":"repeat","background-position":"center center","background-size":"auto","background-attachment":"scroll","background-type":"","background-media":"","overlay-type":"","overlay-color":"","overlay-opacity":"","overlay-gradient":""},"tablet":{"background-color":"","background-image":"","background-repeat":"repeat","background-position":"center center","background-size":"auto","background-attachment":"scroll","background-type":"","background-media":"","overlay-type":"","overlay-color":"","overlay-opacity":"","overlay-gradient":""},"mobile":{"background-color":"","background-image":"","background-repeat":"repeat","background-position":"center center","background-size":"auto","background-attachment":"scroll","background-type":"","background-media":"","overlay-type":"","overlay-color":"","overlay-opacity":"","overlay-gradient":""}},"ast-content-background-meta":{"desktop":{"background-color":"var(--ast-global-color-5)","background-image":"","background-repeat":"repeat","background-position":"center center","background-size":"auto","background-attachment":"scroll","background-type":"","background-media":"","overlay-type":"","overlay-color":"","overlay-opacity":"","overlay-gradient":""},"tablet":{"background-color":"var(--ast-global-color-5)","background-image":"","background-repeat":"repeat","background-position":"center center","background-size":"auto","background-attachment":"scroll","background-type":"","background-media":"","overlay-type":"","overlay-color":"","overlay-opacity":"","overlay-gradient":""},"mobile":{"background-color":"var(--ast-global-color-5)","background-image":"","background-repeat":"repeat","background-position":"center center","background-size":"auto","background-attachment":"scroll","background-type":"","background-media":"","overlay-type":"","overlay-color":"","overlay-opacity":"","overlay-gradient":""}},"footnotes":""},"class_list":["post-2690","page","type-page","status-publish","hentry"],"post_mailing_queue_ids":[],"_links":{"self":[{"href":"https:\/\/serveiseducatius.xtec.cat\/badalona\/wp-json\/wp\/v2\/pages\/2690","targetHints":{"allow":["GET"]}}],"collection":[{"href":"https:\/\/serveiseducatius.xtec.cat\/badalona\/wp-json\/wp\/v2\/pages"}],"about":[{"href":"https:\/\/serveiseducatius.xtec.cat\/badalona\/wp-json\/wp\/v2\/types\/page"}],"author":[{"embeddable":true,"href":"https:\/\/serveiseducatius.xtec.cat\/badalona\/wp-json\/wp\/v2\/users\/1"}],"replies":[{"embeddable":true,"href":"https:\/\/serveiseducatius.xtec.cat\/badalona\/wp-json\/wp\/v2\/comments?post=2690"}],"version-history":[{"count":4,"href":"https:\/\/serveiseducatius.xtec.cat\/badalona\/wp-json\/wp\/v2\/pages\/2690\/revisions"}],"predecessor-version":[{"id":5064,"href":"https:\/\/serveiseducatius.xtec.cat\/badalona\/wp-json\/wp\/v2\/pages\/2690\/revisions\/5064"}],"up":[{"embeddable":true,"href":"https:\/\/serveiseducatius.xtec.cat\/badalona\/wp-json\/wp\/v2\/pages\/906"}],"wp:attachment":[{"href":"https:\/\/serveiseducatius.xtec.cat\/badalona\/wp-json\/wp\/v2\/media?parent=2690"}],"curies":[{"name":"wp","href":"https:\/\/api.w.org\/{rel}","templated":true}]}}