{"id":2689,"date":"2011-10-25T10:51:38","date_gmt":"2011-10-25T09:51:38","guid":{"rendered":"http:\/\/serveiseducatius.xtec.cat\/badalona\/intraweb\/recursos-convivencia\/"},"modified":"2016-09-22T17:12:05","modified_gmt":"2016-09-22T16:12:05","slug":"recursos-convivencia","status":"publish","type":"page","link":"https:\/\/serveiseducatius.xtec.cat\/badalona\/recursos\/recursos-convivencia\/","title":{"rendered":"Recursos per a la conviv\u00e8ncia"},"content":{"rendered":"<p><span style=\"color: #3600a5;\"><strong><span style=\"font-family: verdana, arial, helvetica, sans-serif;\"><span style=\"font-size: x-large;\"><span style=\"font-size: medium;\"><span style=\"font-size: large;\">Alumnat nouvingut, conviv\u00e8ncia, fam\u00edlia i escola, coeducaci\u00f3<\/span><\/span><\/span><\/span><\/strong><\/span><span style=\"color: #1476a5;\"><span style=\"font-size: large;\"><span style=\"color: #3600a5;\">&#8230;<\/span><\/span><\/span><\/p>\n<table class=\" htmtableborders\" style=\"display: table; color: #ffffff; height: 1528px;\" border=\"0\" width=\"836\">\n<tbody>\n<tr>\n<td valign=\"middle\" bgcolor=\"#3600A5\" width=\"367\"><span style=\"color: #ffffff;\"><span style=\"font-size: medium;\"><span style=\"font-family: verdana, arial, helvetica, sans-serif;\"><strong>Alumnat nouvingut. Aules d&#8217;acollida<\/strong><\/span><\/span><\/span><\/td>\n<td valign=\"middle\" width=\"15\"><\/td>\n<td valign=\"middle\" bgcolor=\"#3600A5\" width=\"337\"><span style=\"color: #ffffff;\"><span style=\"font-family: verdana, arial, helvetica, sans-serif; font-size: medium;\"><strong>Conviv\u00e8ncia<\/strong><\/span><\/span><\/td>\n<\/tr>\n<tr>\n<td valign=\"top\" height=\"57\"><a title=\"alumnat nouvingut a l'xtec\" href=\"http:\/\/www.xtec.cat\/web\/projectes\/alumnatnou\" target=\"_blank\"><span style=\"font-size: small;\"><span style=\"font-family: verdana, arial, helvetica, sans-serif;\"><strong>Alum<span style=\"font-size: small;\">nat <\/span>nou vingut a l&#8217;X<span style=\"font-size: small;\">TEC<\/span><\/strong><\/span><\/span><\/a><span style=\"color: #000000;\"><br \/>\n<\/span><span style=\"font-family: verdana, arial, helvetica, sans-serif; font-size: 10pt;\"><span style=\"color: #000000;\">Conjunt de recursos i materials per facilitar l\u00e2??itinerari educatiu de l\u00e2??alumnat nouvingut en el proc\u00e9s de la seva incorporaci\u00f3 als centres i en el tr\u00e0nsit a l\u00e2??acc\u00e9s al curr\u00edculum ordinari.<\/span><\/span><\/td>\n<td valign=\"top\"><\/td>\n<td valign=\"top\"><span style=\"font-family: verdana, arial, helvetica, sans-serif; font-size: small;\"><a href=\"http:\/\/www.xtec.cat\/web\/centres\/convivencia\" target=\"_blank\"><strong>Projecte de conviv\u00e8ncia a l&#8217;XTEC<\/strong><\/a><\/span><span style=\"color: #000000;\"><span style=\"font-family: verdana, arial, helvetica, sans-serif; font-size: xx-small;\"><br \/>\n<span style=\"font-size: 10pt;\">Reflecteix totes les accions que el centre docent desenvolupa per tal de capacitar tot l\u00e2??alumnat i la resta de la comunitat educativa per a la conviv\u00e8ncia i la gesti\u00f3 positiva de conflictes.<\/span><\/span><\/span><\/td>\n<\/tr>\n<tr>\n<td valign=\"top\" height=\"30\"><strong><span style=\"font-family: verdana, arial, helvetica, sans-serif; font-size: small;\"><a title=\"Blog de l'equip LIC de Badalona\" href=\"\/se-badalona\/intranet\/blocs.xtec.cat\/licbadalona\/\" target=\"_blank\">Bloc de l&#8217;equip LIC de Badalona<\/a><\/span><\/strong><\/td>\n<td valign=\"top\"><\/td>\n<td valign=\"top\"><span style=\"color: #000000;\"><strong><span style=\"font-family: verdana, arial, helvetica, sans-serif; font-size: small;\"><a title=\"educaci\u00f3 per a la ciutadania\" href=\"http:\/\/www.xtec.cat\/web\/recursos\/edciutadania\" target=\"_blank\">Educaci\u00f3 per a la ciutadania<\/a><\/span><\/strong><span style=\"font-family: verdana, arial, helvetica, sans-serif; font-size: 8pt;\">(xtec)<\/span><\/span><\/td>\n<\/tr>\n<tr>\n<td valign=\"top\" height=\"62\"><strong><span style=\"font-family: verdana, arial, helvetica, sans-serif; font-size: small;\"><a title=\"Blog de l'equip LIC de Badalona\" href=\"\/se-badalona\/intranet\/blocs.xtec.cat\/licbadalona\/\" target=\"_blank\">Plans Educatius d&#8217;Entorn<br \/>\n<span style=\"font-size: xx-small;\"><span style=\"color: #ff5500;\"><br \/>\n<\/span><\/span><\/a><\/span><\/strong><a title=\"Blog de l'equip LIC de Badalona\" href=\"\/se-badalona\/intranet\/blocs.xtec.cat\/licbadalona\/\" target=\"_blank\"><span style=\"font-family: verdana, arial, helvetica, sans-serif; font-size: small;\"><strong><span style=\"font-size: small;\"><span style=\"font-size: small;\">L&#8217;acollida en contextos de diversitat ling\u00fc\u00edstica i cultural. <span style=\"font-size: 8pt;\">R<\/span><\/span><\/span><span style=\"font-size: 8pt;\">ecursos i estrat\u00e8gies d&#8217;acompanyament<\/span><\/strong><\/span><br \/>\n<\/a><\/td>\n<td valign=\"top\"><\/td>\n<td valign=\"top\"><span style=\"font-family: verdana, arial, helvetica, sans-serif; font-size: small;\"><strong><a href=\"http:\/\/www20.gencat.cat\/portal\/site\/ensenyament\/menuitem.a735c8413184c341c65d3082b0c0e1a0\/?vgnextoid=424b335108fb7110VgnVCM1000008d0c1e0aRCRD&amp;vgnextchannel=424b335108fb7110VgnVCM1000008d0c1e0aRCRD&amp;vgnextfmt=default\" target=\"_blank\">Projecte de conviv\u00e8ncia<\/a><\/strong><span style=\"color: #000000;\"><span style=\"font-size: xx-small;\"> (gencat.cat)<br \/>\n<span style=\"font-size: 10pt;\">Un instrument on es reflect<\/span><\/span><\/span><\/span><span style=\"color: #000000; font-size: 10pt;\"><span style=\"font-family: verdana, arial, helvetica, sans-serif;\">eixen les accions que el centre docent desenvolupa per capacitar tot l&#8217;alumnat i la resta de la comunitat educativa per a la conviv\u00e8ncia i la gesti\u00f3 positiva de conflicte.<\/span><\/span><\/td>\n<\/tr>\n<tr>\n<td rowspan=\"2\" valign=\"top\"><span style=\"font-size: small;\"><strong><span style=\"color: #000000; font-family: verdana, arial, helvetica, sans-serif;\"><a href=\"http:\/\/dl.dropbox.com\/u\/13145229\/FORMACI%C3%93%2C%20PRESENTACIONS\/La%20lectura%20a%20l%E2%80%99aula%20d%E2%80%99acollida_presentaci%C3%B3%20SE%20Badalona.pptx\" target=\"_blank\">La<br \/>\nlectura a l&#8217;aula d&#8217;acollida: una aproximaci\u00f3 intercultural<\/a><\/span><\/strong><span style=\"color: #000000; font-family: verdana, arial, helvetica, sans-serif;\"><br \/>\n<span style=\"font-size: 8pt;\">(Presentaci\u00f3 Power Point de Llu\u00efsa<br \/>\nSalvador.2012 | Equip LIC Badalona)<\/span><\/span><\/span><\/td>\n<td rowspan=\"2\" valign=\"top\"><\/td>\n<td rowspan=\"2\" valign=\"top\"><strong><a href=\"http:\/\/www.xtec.cat\/web\/centres\/convivencia\/recursos\/resconflictes\/ciberassetjament_iguals\" target=\"_blank\"><span style=\"font-family: verdana, arial, helvetica, sans-serif; font-size: small;\">Protocol de prevenci\u00f3, detecci\u00f3 i intervenci\u00f3 enfront el ciberassetjament entre iguals<\/span><\/a><\/strong><\/td>\n<\/tr>\n<tr>\n<td valign=\"top\" height=\"72\"><span style=\"font-size: small;\"><span style=\"font-size: small;\"><strong><span style=\"font-family: verdana, arial, helvetica, sans-serif;\"><a href=\"http:\/\/www.xtec.cat\/crp-badalona\/recursos\/liccontes\/index.htm\" target=\"_blank\">Una<br \/>\nm\u00e0 de contes. Una proposta did\u00e0ctica<\/a><\/span><\/strong><\/span><span style=\"color: #000000;\"><br \/>\n<\/span><\/span><span style=\"color: #000000; font-size: 10pt;\"> <span style=\"font-family: verdana, arial, helvetica, sans-serif;\">Propostes de treball a partir<br \/>\nde tres contes recollits a &#8220;Una m\u00e0 de contes&#8221;<\/span> <span style=\"font-family: verdana, arial, helvetica, sans-serif;\">pensades<br \/>\nper a l&#8217;alumnat de l&#8217;aula d&#8217;acollida de prim\u00e0ria.<\/span><\/span><\/td>\n<td valign=\"top\"><\/td>\n<td valign=\"top\"><span style=\"font-size: small;\"><strong><a title=\"gram\u00e0tiques de la conviv\u00e8ncia\" href=\"http:\/\/www.xtec.cat\/crp-badalona\/recursos\/gramat\/index.htm\" target=\"_blank\"><span style=\"font-family: verdana, arial, helvetica, sans-serif;\">Gram\u00e0tiques de la conviv\u00e8ncia<\/span><\/a><\/strong><span style=\"color: #000000; font-size: 10pt;\"> <span style=\"font-family: verdana, arial, helvetica, sans-serif;\">(Llefi\u00e0- La Salut)<\/span><br \/>\n<span style=\"font-family: verdana, arial, helvetica, sans-serif;\"> Un<br \/>\ntreball d&#8217;investigaci\u00f3 sobre les<br \/>\nrelacions ve\u00efnals als barris de La Salut i Llefi\u00e0 que permet iniciar una reflexi\u00f3<br \/>\nsobre la conviv\u00e8ncia, abandonant els estereotips i aproximant-se a<br \/>\nd&#8217;altres punts de vista possibles.<\/span><\/span><\/span><\/td>\n<\/tr>\n<tr>\n<td valign=\"top\" height=\"34\"><span style=\"font-family: verdana, arial, helvetica, sans-serif; font-size: small;\"><strong><a href=\"http:\/\/www.xtec.cat\/crp-badalona\/recursos\/lic\/eines.htm\" target=\"_blank\">Eines per sensibilitzar i promoure la reflexi\u00f3 en l&#8217;\u00e0mbit dels equips docents<\/a><\/strong><\/span><\/td>\n<td valign=\"top\"><\/td>\n<td valign=\"top\"><strong><a href=\"\/se-badalona\/intranet\/index.php?module=pagines&amp;func=display&amp;pageid=114\" target=\"_blank\"><span style=\"font-family: verdana, arial, helvetica, sans-serif; font-size: small;\">J<\/span><span style=\"font-family: verdana, arial, helvetica, sans-serif; font-size: small;\">ornada Badalona, educaci\u00f3 i entorn<br \/>\n<\/span><\/a><\/strong><span style=\"font-size: small;\"><span style=\"color: #000000;\"><span style=\"font-family: verdana, arial, helvetica, sans-serif;\"><span style=\"font-size: xx-small;\"><span style=\"font-size: xx-small;\">(<\/span>Badalona, 27 de juny 2012)<\/span><\/span><\/span><\/span><\/td>\n<\/tr>\n<tr>\n<td rowspan=\"2\" valign=\"top\"><span style=\"font-family: verdana, arial, helvetica, sans-serif; font-size: small;\"><strong><a href=\"http:\/\/www.xtec.net\/sgfp\/llicencies\/200203\/resums\/mgrau.html\" target=\"_blank\">Interculturalitat i can\u00e7ons<\/a><\/strong><span style=\"color: #000000;\"><br \/>\n<span style=\"font-size: 10pt;\">Llic\u00e8ncia d&#8217;estudis. Aquest treball ha estat orientat per ser eminentment pr\u00e0ctic. Els materials que el componen podran ser utilitzats tant a l\u00e2??aula de m\u00fasica com a l\u00e2??aula normal.<\/span><\/span><\/span><\/td>\n<td valign=\"top\"><\/td>\n<td valign=\"top\" height=\"26\"><\/td>\n<\/tr>\n<tr>\n<td valign=\"top\"><\/td>\n<td valign=\"top\"><span style=\"font-size: small;\"><span style=\"color: #000000;\"><span style=\"font-family: verdana, arial, helvetica, sans-serif;\"><span style=\"font-size: xx-small;\"><br \/>\n<\/span><\/span><\/span><\/span><\/td>\n<\/tr>\n<tr>\n<td valign=\"top\"><span style=\"font-family: verdana, arial, helvetica, sans-serif; font-size: small;\"><strong><a href=\"http:\/\/aulaacollidaitaca.wikispaces.com\/\" target=\"_blank\">Des de l&#8217;aula d&#8217;acollida de l&#8217;INS Itaca<\/a><\/strong><span style=\"color: #000000;\"><br \/>\n<span style=\"font-size: 10pt;\">L&#8217;objectiu d&#8217;aquesta wiki \u00e9s posar a l&#8217;abast de tothom materials per treballar amb alumnat nouvingut <\/span><\/span><\/span><\/td>\n<td valign=\"top\"><\/td>\n<td valign=\"middle\"><\/td>\n<\/tr>\n<tr>\n<td rowspan=\"2\" valign=\"top\"><span style=\"font-size: small;\"><strong><a href=\"http:\/\/www.xtec.cat\/crp-badalona\/recursos\/acollida0506\/index.htm\" target=\"_blank\"><span style=\"font-family: verdana, arial, helvetica, sans-serif;\">Programacions<br \/>\nde llengua Nivell inicial de Catal\u00e0. <\/span><\/a><a href=\"http:\/\/www.museudebadalona.cat\/\" target=\"_blank\"><span style=\"font-family: verdana, arial, helvetica, sans-serif;\">Aula<br \/>\nAcollida (GT acollida Badalona) <\/span><\/a><\/strong><span style=\"color: #000000;\"><br \/>\n<\/span><\/span><span style=\"color: #000000; font-size: 10pt;\"> <span style=\"font-family: verdana, arial, helvetica, sans-serif;\">Programaci\u00f3<br \/>\ncompleta per a alumnat nouvingut a prim\u00e0ria, en qu\u00e8 s&#8217;hi recullen<br \/>\nels 11 temes de la programaci\u00f3 <\/span><span style=\"font-family: verdana, arial, helvetica, sans-serif;\">de<br \/>\nnivell inicial de catal\u00e0 (A1, usuari b\u00e0sic) per a escolars de<br \/>\n8 a 16 anys<\/span><\/span><\/td>\n<td rowspan=\"2\" valign=\"top\"><\/td>\n<td valign=\"top\" bgcolor=\"#3600A5\" height=\"26\"><span style=\"font-family: verdana, arial, helvetica, sans-serif; font-size: medium; color: #ffffff;\"><strong>Coeducaci\u00f3<\/strong><\/span><\/td>\n<\/tr>\n<tr>\n<td valign=\"middle\"><strong><a title=\"coeducaci\u00f3 a l'xtec\" href=\"http:\/\/www.xtec.cat\/web\/projectes\/coeducacio\" target=\"_blank\"><span style=\"font-family: verdana, arial, helvetica, sans-serif; font-size: small;\">Portal de <span style=\"font-size: small;\">C<\/span>oeducaci\u00f3 a l&#8217;XTEC<\/span><\/a><\/strong><\/td>\n<\/tr>\n<tr>\n<td valign=\"top\"><span style=\"color: #ff5500;\"><strong><span style=\"font-family: verdana, arial, helvetica, sans-serif; font-size: small;\"><a title=\"dcicionaris\" href=\"http:\/\/www.edu365.cat\/agora\/\" target=\"_blank\">Diccionaris <\/a><\/span><\/strong><\/span><span style=\"font-size: 10pt;\"><span style=\"font-family: verdana, arial, helvetica, sans-serif;\"><a title=\"dcicionaris\" href=\"http:\/\/www.edu365.cat\/agora\/\" target=\"_blank\"><span style=\"color: #000000;\">catal\u00e0-xin\u00e8s, urd\u00fa, \u00e0rab i amazig <\/span><\/a><\/span><span style=\"font-family: verdana, arial, helvetica, sans-serif;\"><a title=\"dcicionaris\" href=\"http:\/\/www.edu365.cat\/agora\/\" target=\"_blank\"><span style=\"color: #000000;\">(edu365)<\/span><\/a><\/span><\/span><strong><span style=\"font-family: verdana, arial, helvetica, sans-serif; font-size: small;\"><a title=\"dcicionaris\" href=\"http:\/\/www.edu365.cat\/agora\/\" target=\"_blank\"><span style=\"color: #000000;\"><br \/>\n<\/span><\/a><\/span><\/strong><\/td>\n<td valign=\"top\"><\/td>\n<td valign=\"top\"><span style=\"font-family: verdana, arial, helvetica, sans-serif; font-size: small;\"><span style=\"color: #000000;\"><strong><a title=\"Recursos a xtec per a la coeduaci\u00f3\" href=\"http:\/\/www.xtec.cat\/web\/projectes\/coeducacio\/recursos\" target=\"_blank\">Recursos per a la c<span style=\"font-size: small;\">oeducaci\u00f3<\/span><\/a><\/strong><br \/>\n<\/span><\/span><\/td>\n<\/tr>\n<tr>\n<td valign=\"top\"><\/td>\n<td valign=\"top\"><\/td>\n<td valign=\"top\"><span style=\"color: #ff732e;\"><a title=\"8 de mar\u00e7, abans durant i despr\u00e9s\" href=\"http:\/\/www.xtec.cat\/web\/projectes\/coeducacio\/enllacos\/8marc\" target=\"_blank\"><strong><span style=\"font-family: verdana, arial, helvetica, sans-serif; font-size: small;\">8 de mar\u00e7: abans, durant i despr\u00e9s<\/span><\/strong><\/a><\/span><span style=\"color: #000000;\"><br \/>\n<\/span><\/td>\n<\/tr>\n<tr>\n<td bgcolor=\"#3600A5\"><span style=\"color: #ffffff;\"><span style=\"font-family: verdana, arial, helvetica, sans-serif; font-size: medium;\"><strong>Fam\u00edlia i escola<\/strong><\/span><\/span><\/td>\n<td><\/td>\n<td valign=\"top\"><span style=\"color: #000000;\"><a title=\"experi\u00e8ncies coeduaci\u00f3\" href=\"http:\/\/www.xtec.cat\/web\/projectes\/coeducacio\/experiencies\" target=\"_blank\"><strong><span style=\"font-family: verdana, arial, helvetica, sans-serif; font-size: small;\">Experi<span style=\"font-size: small;\">\u00e8<\/span>ncies de coeducaci\u00f3: <span style=\"font-size: small;\">i<\/span>nfantil, prim\u00e0ria i secund\u00e0ria<\/span><\/strong><\/a><\/span><\/td>\n<\/tr>\n<tr>\n<td valign=\"top\"><strong><span style=\"font-family: verdana, arial, helvetica, sans-serif; font-size: small;\"><a title=\"Escola i fam\u00edlia a l'xtec\" href=\"http:\/\/www.xtec.cat\/web\/comunitat\/escolaifamilia\" target=\"_blank\">Escola i fam\u00edlia a l&#8217;XTEC<\/a><\/span><\/strong><\/td>\n<td valign=\"top\"><\/td>\n<td valign=\"middle\" bgcolor=\"#FFFFFF\"><span style=\"font-family: verdana, arial, helvetica, sans-serif; font-size: small;\"><span style=\"color: #000000;\"><strong><a title=\"Institut Catal\u00e0 de les Dones\" href=\"http:\/\/www20.gencat.cat\/portal\/site\/icdones\/menuitem.351404635dde900639a72641b0c0e1a0\/?vgnextoid=46a9e0a3f4b8d110VgnVCM1000008d0c1e0aRCRD&amp;vgnextchannel=46a9e0a3f4b8d110VgnVCM1000008d0c1e0aRCRD\" target=\"_blank\">Inst<span style=\"font-size: small;\">itut Catal\u00e0 de les <span style=\"font-size: small;\">D<\/span>ones<\/span><\/a><\/strong><\/span><\/span><\/td>\n<\/tr>\n<tr>\n<td valign=\"top\"><span style=\"font-family: verdana, arial, helvetica, sans-serif; font-size: small;\"><a title=\"Fam\u00edlia i escola\" href=\"http:\/\/www20.gencat.cat\/portal\/site\/familiaescola\/\" target=\"_blank\"><strong>Fam\u00edlia i escola<\/strong><\/a><span style=\"color: #000000;\"><br \/>\n<\/span><\/span><span style=\"font-family: verdana, arial, helvetica, sans-serif; font-size: 10pt;\"><span style=\"color: #000000;\">Espai web Escola i Fam\u00edlia. Junts x l\u00e2??Educaci\u00f3 que ofereix informaci\u00f3, orientacions i recursos per millorar la implicaci\u00f3 de la fam\u00edlia en el proc\u00e9s escolar dels seus fills i filles i facilitar-los la tasca educativa.<\/span><\/span><\/td>\n<td valign=\"top\"><\/td>\n<td valign=\"top\"><\/td>\n<\/tr>\n<tr>\n<td valign=\"top\"><a href=\"http:\/\/sid.usal.es\/idocs\/F8\/FDO25844\/guiaf2_INICO.pdf\" target=\"_blank\"><span style=\"font-family: verdana, arial, helvetica, sans-serif; font-size: small;\"><strong>Guia d&#8217;intervenci\u00f3 i suport a les fam\u00edlies de persones amb discapacitat <\/strong><\/span><br \/>\n<\/a><span style=\"color: #000000; font-size: 10pt;\"><span style=\"font-family: verdana, arial, helvetica, sans-serif;\">Document de la &#8220;Consejer\u00eda para la Igualdad y Bienestar Social. Junta de Andaluc\u00eda&#8221;<\/span><\/span><\/td>\n<td valign=\"top\"><\/td>\n<td valign=\"top\"><\/td>\n<\/tr>\n<\/tbody>\n<\/table>\n<p>&nbsp;<\/p>\n<p><span style=\"font-family: verdana, arial, helvetica, sans-serif; font-size: medium;\"><br \/>\n<\/span><\/p>\n<p>&nbsp;<\/p>\n<p>&nbsp;<\/p>\n","protected":false},"excerpt":{"rendered":"<p>Alumnat nouvingut, conviv\u00e8ncia, fam\u00edlia i escola, coeducaci\u00f3&#8230; Alumnat nouvingut. Aules d&#8217;acollida Conviv\u00e8ncia Alumnat nou vingut a l&#8217;XTEC Conjunt de recursos [&hellip;]<\/p>\n","protected":false},"author":1,"featured_media":0,"parent":906,"menu_order":0,"comment_status":"closed","ping_status":"closed","template":"page-templates\/side-menu.php","meta":{"_bbp_topic_count":0,"_bbp_reply_count":0,"_bbp_total_topic_count":0,"_bbp_total_reply_count":0,"_bbp_voice_count":0,"_bbp_anonymous_reply_count":0,"_bbp_topic_count_hidden":0,"_bbp_reply_count_hidden":0,"_bbp_forum_subforum_count":0,"site-sidebar-layout":"default","site-content-layout":"","ast-site-content-layout":"","site-content-style":"default","site-sidebar-style":"default","ast-global-header-display":"","ast-banner-title-visibility":"","ast-main-header-display":"","ast-hfb-above-header-display":"","ast-hfb-below-header-display":"","ast-hfb-mobile-header-display":"","site-post-title":"","ast-breadcrumbs-content":"","ast-featured-img":"","footer-sml-layout":"","theme-transparent-header-meta":"","adv-header-id-meta":"","stick-header-meta":"","header-above-stick-meta":"","header-main-stick-meta":"","header-below-stick-meta":"","astra-migrate-meta-layouts":"default","ast-page-background-enabled":"default","ast-page-background-meta":{"desktop":{"background-color":"var(--ast-global-color-4)","background-image":"","background-repeat":"repeat","background-position":"center center","background-size":"auto","background-attachment":"scroll","background-type":"","background-media":"","overlay-type":"","overlay-color":"","overlay-opacity":"","overlay-gradient":""},"tablet":{"background-color":"","background-image":"","background-repeat":"repeat","background-position":"center center","background-size":"auto","background-attachment":"scroll","background-type":"","background-media":"","overlay-type":"","overlay-color":"","overlay-opacity":"","overlay-gradient":""},"mobile":{"background-color":"","background-image":"","background-repeat":"repeat","background-position":"center center","background-size":"auto","background-attachment":"scroll","background-type":"","background-media":"","overlay-type":"","overlay-color":"","overlay-opacity":"","overlay-gradient":""}},"ast-content-background-meta":{"desktop":{"background-color":"var(--ast-global-color-5)","background-image":"","background-repeat":"repeat","background-position":"center center","background-size":"auto","background-attachment":"scroll","background-type":"","background-media":"","overlay-type":"","overlay-color":"","overlay-opacity":"","overlay-gradient":""},"tablet":{"background-color":"var(--ast-global-color-5)","background-image":"","background-repeat":"repeat","background-position":"center center","background-size":"auto","background-attachment":"scroll","background-type":"","background-media":"","overlay-type":"","overlay-color":"","overlay-opacity":"","overlay-gradient":""},"mobile":{"background-color":"var(--ast-global-color-5)","background-image":"","background-repeat":"repeat","background-position":"center center","background-size":"auto","background-attachment":"scroll","background-type":"","background-media":"","overlay-type":"","overlay-color":"","overlay-opacity":"","overlay-gradient":""}},"footnotes":""},"class_list":["post-2689","page","type-page","status-publish","hentry"],"post_mailing_queue_ids":[],"_links":{"self":[{"href":"https:\/\/serveiseducatius.xtec.cat\/badalona\/wp-json\/wp\/v2\/pages\/2689","targetHints":{"allow":["GET"]}}],"collection":[{"href":"https:\/\/serveiseducatius.xtec.cat\/badalona\/wp-json\/wp\/v2\/pages"}],"about":[{"href":"https:\/\/serveiseducatius.xtec.cat\/badalona\/wp-json\/wp\/v2\/types\/page"}],"author":[{"embeddable":true,"href":"https:\/\/serveiseducatius.xtec.cat\/badalona\/wp-json\/wp\/v2\/users\/1"}],"replies":[{"embeddable":true,"href":"https:\/\/serveiseducatius.xtec.cat\/badalona\/wp-json\/wp\/v2\/comments?post=2689"}],"version-history":[{"count":3,"href":"https:\/\/serveiseducatius.xtec.cat\/badalona\/wp-json\/wp\/v2\/pages\/2689\/revisions"}],"predecessor-version":[{"id":4798,"href":"https:\/\/serveiseducatius.xtec.cat\/badalona\/wp-json\/wp\/v2\/pages\/2689\/revisions\/4798"}],"up":[{"embeddable":true,"href":"https:\/\/serveiseducatius.xtec.cat\/badalona\/wp-json\/wp\/v2\/pages\/906"}],"wp:attachment":[{"href":"https:\/\/serveiseducatius.xtec.cat\/badalona\/wp-json\/wp\/v2\/media?parent=2689"}],"curies":[{"name":"wp","href":"https:\/\/api.w.org\/{rel}","templated":true}]}}