{"id":2687,"date":"2011-10-24T12:57:50","date_gmt":"2011-10-24T11:57:50","guid":{"rendered":"http:\/\/serveiseducatius.xtec.cat\/badalona\/intraweb\/recursos-cercadors\/"},"modified":"2019-02-25T16:49:54","modified_gmt":"2019-02-25T15:49:54","slug":"recursos-cercadors","status":"publish","type":"page","link":"https:\/\/serveiseducatius.xtec.cat\/badalona\/recursos\/portal-de-recursos-educatius\/recursos-cercadors\/","title":{"rendered":"Cercadors"},"content":{"rendered":"<p><strong>Cercadors<\/strong><\/p>\n<p><a href=\"http:\/\/www.google.cat\/\" target=\"_blank\" rel=\"noopener\"><strong>Google<\/strong><\/a> El m\u00e9s popular<\/p>\n<p><a href=\"http:\/\/blogsearch.google.cat\/?hl=ca&amp;tab=wb\" target=\"_blank\" rel=\"noopener\"><strong>Google. Blocs<\/strong><\/a> Cercador de blocs.<\/p>\n<p><a href=\"http:\/\/www.alltheweb.es\/\" target=\"_blank\" rel=\"noopener\"><strong>Alltheweb<\/strong> <\/a>Potent i r\u00e0pid.<\/p>\n<p><a href=\"http:\/\/buscabiografias.com\/\" target=\"_blank\" rel=\"noopener\"><strong>Buscabiograf\u00edas<\/strong><\/a> Cercador de biografies.<\/p>\n<p><strong>Cercadors per a nois i noies<\/strong><\/p>\n<p><a href=\"http:\/\/www.kidrex.org\/\" target=\"_blank\" rel=\"noopener\"><strong>KidRex<\/strong><\/a> Cercador infantil basat en Google.(En angl\u00e8s)<\/p>\n<p><a href=\"http:\/\/kids.yahoo.com\/\" target=\"_blank\" rel=\"noopener\"><strong>Yahoo! Kids<\/strong><\/a> Versi\u00f3 infantil del cercador Yahoo! (En angl\u00e8s)<\/p>\n<p>&nbsp;<\/p>\n<p>&nbsp;<\/p>\n","protected":false},"excerpt":{"rendered":"<p>Cercadors Google El m\u00e9s popular Google. Blocs Cercador de blocs. Alltheweb Potent i r\u00e0pid. Buscabiograf\u00edas Cercador de biografies. Cercadors per [&hellip;]<\/p>\n","protected":false},"author":1,"featured_media":0,"parent":2769,"menu_order":0,"comment_status":"closed","ping_status":"closed","template":"page-templates\/side-menu.php","meta":{"_bbp_topic_count":0,"_bbp_reply_count":0,"_bbp_total_topic_count":0,"_bbp_total_reply_count":0,"_bbp_voice_count":0,"_bbp_anonymous_reply_count":0,"_bbp_topic_count_hidden":0,"_bbp_reply_count_hidden":0,"_bbp_forum_subforum_count":0,"site-sidebar-layout":"default","site-content-layout":"","ast-site-content-layout":"","site-content-style":"default","site-sidebar-style":"default","ast-global-header-display":"","ast-banner-title-visibility":"","ast-main-header-display":"","ast-hfb-above-header-display":"","ast-hfb-below-header-display":"","ast-hfb-mobile-header-display":"","site-post-title":"","ast-breadcrumbs-content":"","ast-featured-img":"","footer-sml-layout":"","theme-transparent-header-meta":"","adv-header-id-meta":"","stick-header-meta":"","header-above-stick-meta":"","header-main-stick-meta":"","header-below-stick-meta":"","astra-migrate-meta-layouts":"default","ast-page-background-enabled":"default","ast-page-background-meta":{"desktop":{"background-color":"var(--ast-global-color-4)","background-image":"","background-repeat":"repeat","background-position":"center center","background-size":"auto","background-attachment":"scroll","background-type":"","background-media":"","overlay-type":"","overlay-color":"","overlay-opacity":"","overlay-gradient":""},"tablet":{"background-color":"","background-image":"","background-repeat":"repeat","background-position":"center center","background-size":"auto","background-attachment":"scroll","background-type":"","background-media":"","overlay-type":"","overlay-color":"","overlay-opacity":"","overlay-gradient":""},"mobile":{"background-color":"","background-image":"","background-repeat":"repeat","background-position":"center center","background-size":"auto","background-attachment":"scroll","background-type":"","background-media":"","overlay-type":"","overlay-color":"","overlay-opacity":"","overlay-gradient":""}},"ast-content-background-meta":{"desktop":{"background-color":"var(--ast-global-color-5)","background-image":"","background-repeat":"repeat","background-position":"center center","background-size":"auto","background-attachment":"scroll","background-type":"","background-media":"","overlay-type":"","overlay-color":"","overlay-opacity":"","overlay-gradient":""},"tablet":{"background-color":"var(--ast-global-color-5)","background-image":"","background-repeat":"repeat","background-position":"center center","background-size":"auto","background-attachment":"scroll","background-type":"","background-media":"","overlay-type":"","overlay-color":"","overlay-opacity":"","overlay-gradient":""},"mobile":{"background-color":"var(--ast-global-color-5)","background-image":"","background-repeat":"repeat","background-position":"center center","background-size":"auto","background-attachment":"scroll","background-type":"","background-media":"","overlay-type":"","overlay-color":"","overlay-opacity":"","overlay-gradient":""}},"footnotes":""},"class_list":["post-2687","page","type-page","status-publish","hentry"],"post_mailing_queue_ids":[],"_links":{"self":[{"href":"https:\/\/serveiseducatius.xtec.cat\/badalona\/wp-json\/wp\/v2\/pages\/2687","targetHints":{"allow":["GET"]}}],"collection":[{"href":"https:\/\/serveiseducatius.xtec.cat\/badalona\/wp-json\/wp\/v2\/pages"}],"about":[{"href":"https:\/\/serveiseducatius.xtec.cat\/badalona\/wp-json\/wp\/v2\/types\/page"}],"author":[{"embeddable":true,"href":"https:\/\/serveiseducatius.xtec.cat\/badalona\/wp-json\/wp\/v2\/users\/1"}],"replies":[{"embeddable":true,"href":"https:\/\/serveiseducatius.xtec.cat\/badalona\/wp-json\/wp\/v2\/comments?post=2687"}],"version-history":[{"count":3,"href":"https:\/\/serveiseducatius.xtec.cat\/badalona\/wp-json\/wp\/v2\/pages\/2687\/revisions"}],"predecessor-version":[{"id":10955,"href":"https:\/\/serveiseducatius.xtec.cat\/badalona\/wp-json\/wp\/v2\/pages\/2687\/revisions\/10955"}],"up":[{"embeddable":true,"href":"https:\/\/serveiseducatius.xtec.cat\/badalona\/wp-json\/wp\/v2\/pages\/2769"}],"wp:attachment":[{"href":"https:\/\/serveiseducatius.xtec.cat\/badalona\/wp-json\/wp\/v2\/media?parent=2687"}],"curies":[{"name":"wp","href":"https:\/\/api.w.org\/{rel}","templated":true}]}}