{"id":2680,"date":"2011-10-05T16:47:44","date_gmt":"2011-10-05T15:47:44","guid":{"rendered":"http:\/\/serveiseducatius.xtec.cat\/badalona\/intraweb\/recursos-ciencies-de-la-naturalesa\/"},"modified":"2016-11-07T09:07:39","modified_gmt":"2016-11-07T08:07:39","slug":"recursos-ciencies-de-la-naturalesa","status":"publish","type":"page","link":"https:\/\/serveiseducatius.xtec.cat\/badalona\/recursos\/recursos-ciencies-de-la-naturalesa\/","title":{"rendered":"Recursos Ci\u00e8ncies de la naturalesa"},"content":{"rendered":"<p><img loading=\"lazy\" decoding=\"async\" class=\"wp-image-4821 alignleft\" src=\"http:\/\/serveiseducatius.xtec.cat\/badalona\/wp-content\/uploads\/usu1088\/2011\/10\/ciencia.jpg\" alt=\"ciencia\" width=\"769\" height=\"275\" srcset=\"https:\/\/serveiseducatius.xtec.cat\/badalona\/wp-content\/uploads\/usu1088\/2011\/10\/ciencia.jpg 867w, https:\/\/serveiseducatius.xtec.cat\/badalona\/wp-content\/uploads\/usu1088\/2011\/10\/ciencia-300x107.jpg 300w, https:\/\/serveiseducatius.xtec.cat\/badalona\/wp-content\/uploads\/usu1088\/2011\/10\/ciencia-768x275.jpg 768w\" sizes=\"auto, (max-width: 769px) 100vw, 769px\" \/><\/p>\n<p>&nbsp;<\/p>\n<table class=\" htmtableborders\" style=\"display: table; height: 1014px; width: 770px;\" border=\"0\">\n<tbody>\n<tr>\n<td><a href=\"https:\/\/sites.google.com\/a\/xtec.cat\/badaciencia\/recursos\" target=\"_blank\"><span style=\"font-family: verdana, geneva, sans-serif;\"><b>Congr\u00e9s de Ci\u00e8ncia d&#8217;educaci\u00f3 Infantil i Prim\u00e0ria de Badalona<\/b><\/span><\/a><\/td>\n<td><\/td>\n<td><span style=\"font-family: verdana, geneva, sans-serif;\"><strong><a href=\"http:\/\/www.scoop.it\/t\/atalaia-educativa?tag=anatomia\" target=\"_blank\">Selecci\u00f3 de recursos d&#8217;anatomia per treballar el cos hum\u00e0<\/a><\/strong><\/span><\/td>\n<\/tr>\n<tr>\n<td><span style=\"font-family: verdana, geneva, sans-serif;\"><a title=\"Recursos de ci\u00e8ncies al Badiu del CRP\" href=\"http:\/\/www.scoop.it\/t\/atalaia-educativa?tag=ci%C3%A8ncies\" target=\"_blank\"><strong>Recursos de Ci\u00e8ncies <\/strong><\/a><\/span><br \/>\n<span style=\"font-family: verdana, geneva, sans-serif;\"> Selecci\u00f3 de recursos sobre temes de <strong>ci\u00e8ncies de la naturalesa <\/strong>(biologia, f\u00edsica, qu\u00edmica, anatomia&#8230;) realitzada pels Serveis Educatius de Badalona (scoop.it)<\/span><\/td>\n<td><span style=\"font-family: verdana, geneva, sans-serif;\">\u00a0<\/span><\/td>\n<td><span style=\"font-family: verdana, geneva, sans-serif;\"><strong><a title=\"Web del CDEC\" href=\"http:\/\/srvcnpbs.xtec.cat\/cdec\/\" target=\"_blank\">CDEC Centre de Documentaci\u00f3 i Experimentaci\u00f3 en Ci\u00e8ncies<\/a>\u00a0 CESIRE\u00a0<\/strong><\/span><br \/>\n<span style=\"font-family: verdana, geneva, sans-serif;\"> CDEC \u00e9s un <em>centre espec\u00edfic de suport a la recerca i la innovaci\u00f3<\/em> que promou la innovaci\u00f3 i la millora de l&#8217;ensenyament i l&#8217;aprenentatge de les ci\u00e8ncies a l&#8217;aula.<\/span><\/td>\n<\/tr>\n<tr>\n<td><span style=\"font-family: verdana, geneva, sans-serif;\"><strong><a title=\"Ci\u00e8ncies de la naturalesa a l'xtec\" href=\"http:\/\/www.xtec.cat\/web\/recursos\/ccnn\" target=\"_blank\">Recursos de ci\u00e8ncies de la naturalesa l&#8217;XTEC<\/a><\/strong><\/span><br \/>\n<span style=\"font-family: verdana, geneva, sans-serif;\"> Recull de recursos de ci\u00e8ncies naturals de l&#8217;espai <em>Escola oberta<\/em> de la XTEC.<strong><a href=\"http:\/\/apliense.xtec.cat\/arc\/cercador2\/t-72\/c-8446\/a-8389\" target=\"_blank\">ARC <\/a><\/strong>(cercador d&#8217;activitats)<\/span><\/td>\n<td><span style=\"font-family: verdana, geneva, sans-serif;\">\u00a0<\/span><\/td>\n<td><span style=\"font-family: verdana, geneva, sans-serif;\"><strong><a href=\"http:\/\/www.edu365.cat\/primaria\/muds\/natural\/index.htm\" target=\"_blank\">Medi natural. Prim\u00e0ria. edu365.cat<\/a><\/strong><\/span><br \/>\n<span style=\"font-family: verdana, geneva, sans-serif;\"> Activitats de ci\u00e8ncies naturals per a prim\u00e0ria publicades a <em>edu365.cat.<\/em><\/span><\/td>\n<\/tr>\n<tr>\n<td><span style=\"font-family: verdana, geneva, sans-serif;\"><strong><a href=\"http:\/\/webquest.xtec.cat\/enlla\/?cat=3\" target=\"_blank\">Webquests de ci\u00e8ncies naturals<\/a><\/strong><\/span><br \/>\n<span style=\"font-family: verdana, geneva, sans-serif;\"> Webquests elaborades sobre diferents \u00e0mbits de les ci\u00e8ncies naturals:\u00a0<a href=\"http:\/\/weib.caib.es\/Recursos\/reproduccio_webquest\/inici.htm\" target=\"_blank\">La funci\u00f3 de reproducci\u00f3 (sec)\u00a0<\/a>\u00a0 <a href=\"http:\/\/weib.caib.es\/Recursos\/tabac_webquest\/inici.htm\" target=\"_blank\">El tabac (sec)<\/a><a href=\"http:\/\/weib.caib.es\/Recursos\/reproduccio_webquest\/inici.htm\"><br \/>\n<\/a><a href=\"http:\/\/weib.caib.es\/Recursos\/jardiners_webquest\/inici.htm\" target=\"_blank\">Jardiners al nostre centre (sec)<\/a>\u00a0 \u00a0 \u00a0 <a href=\"http:\/\/weib.caib.es\/Recursos\/solar_system_webquest\/inici.htm\" target=\"_blank\">The solar system (sec)<\/a><\/span><br \/>\n<span style=\"font-family: verdana, geneva, sans-serif;\"> <a href=\"http:\/\/weib.caib.es\/Recursos\/dieta_equilibrada_webquest\/inici.htm\" target=\"_blank\">Saps mantenir l&#8217;equilibri?<\/a><\/span><\/td>\n<td><span style=\"font-family: verdana, geneva, sans-serif;\">\u00a0<\/span><\/td>\n<td><span style=\"font-family: verdana, geneva, sans-serif;\"><strong><a href=\"http:\/\/www.edu365.cat\/eso\/muds\/ciencies\/index.htm\" target=\"_blank\">Ci\u00e8ncies naturals. ESO. edu365.cat<\/a><\/strong><\/span><br \/>\n<span style=\"font-family: verdana, geneva, sans-serif;\"> Activitats de ci\u00e8ncies naturals per a l&#8217;ESO publicades a <em>edu365.cat.<\/em><\/span><\/td>\n<\/tr>\n<tr>\n<td><span style=\"font-family: verdana, geneva, sans-serif;\"><strong><a title=\"Escola del Mar de Badalona\" href=\"https:\/\/sites.google.com\/a\/xtec.cat\/proposta-educativa-de-badalona\/educacio-ambiental\/emar\" target=\"_blank\">Escola del Mar. Centres d&#8217;estudis marins de Badalona<\/a><\/strong><\/span><br \/>\n<span style=\"font-family: verdana, geneva, sans-serif;\"> Oferta educativa de l&#8217;Escola del Mar de Badalona<\/span><\/td>\n<td><span style=\"font-family: verdana, geneva, sans-serif;\">\u00a0<\/span><\/td>\n<td><span style=\"font-family: verdana, geneva, sans-serif;\"><a href=\"http:\/\/www.ccma.cat\/tv3\/quequicom\/\" target=\"_blank\"><strong>Qu\u00e8 qui com<\/strong><\/a><\/span><br \/>\n<span style=\"font-family: verdana, geneva, sans-serif;\"> Accediu als programes des de TV3 a la carta)<\/span><\/td>\n<\/tr>\n<tr>\n<td><span style=\"font-family: verdana, geneva, sans-serif;\"><strong><a title=\"Escola de natura de Badalona\" href=\"https:\/\/sites.google.com\/a\/xtec.cat\/proposta-educativa-de-badalona\/educacio-ambiental\/enatura\" target=\"_blank\">Escola de Natura Angeleta Ferrer de Badalona<\/a><\/strong><\/span><br \/>\n<span style=\"font-family: verdana, geneva, sans-serif;\"> Oferta educativa de l&#8217;Escola de Natura de Badalona<\/span><\/td>\n<td><span style=\"font-family: verdana, geneva, sans-serif;\">\u00a0<\/span><\/td>\n<td><span style=\"font-family: verdana, geneva, sans-serif;\"><a href=\"http:\/\/enelnuvol.blogspot.com.es\/2012\/10\/canals-de-youtube-per-nens-per-aprendre.html\" target=\"_blank\"><strong>Canals de YouTube per a nens per a aprendre ci\u00e9ncies<\/strong><\/a><\/span><\/td>\n<\/tr>\n<tr>\n<td><span style=\"font-family: verdana, geneva, sans-serif;\"><a href=\"http:\/\/www.concyteq.edu.mx\/PDF\/ManualPreescolarUltimaVersion.pdf\" target=\"_blank\"><strong>Manual d&#8217;experiments per a preescolar<\/strong><\/a><\/span><\/td>\n<td><span style=\"font-family: verdana, geneva, sans-serif;\">\u00a0<\/span><\/td>\n<td><span style=\"font-family: verdana, geneva, sans-serif;\"><strong><a href=\"http:\/\/www.eol.org\/\" target=\"_blank\">Encyclopedia of Life<\/a><\/strong><\/span><br \/>\n<span style=\"font-family: verdana, geneva, sans-serif;\"> Enciclop\u00e8dia sobre els \u00e9ssers vius (en angl\u00e8s)<\/span><\/td>\n<\/tr>\n<tr>\n<td><span style=\"font-family: verdana, geneva, sans-serif;\"><strong><a href=\"http:\/\/www.experciencia.com\/\" target=\"_blank\">Experimentos para ni\u00f1os y para aprender ciencia <\/a><\/strong><\/span><\/td>\n<td><span style=\"font-family: verdana, geneva, sans-serif;\">\u00a0<\/span><\/td>\n<td><span style=\"font-family: verdana, geneva, sans-serif;\"><strong><a href=\"http:\/\/www.biodiversidadvirtual.com\/\" target=\"_blank\">Biodiversidad Virtual<\/a><\/strong><\/span><br \/>\n<span style=\"font-family: verdana, geneva, sans-serif;\"> <em>Banc d&#8217;imatges<\/em> d&#8217;animals, plantes, geologia, fen\u00f2mens atmosf\u00e8rics i h\u00e0bitats.<\/span><\/td>\n<\/tr>\n<tr>\n<td>\n<div><span style=\"font-family: verdana, geneva, sans-serif;\"><a href=\"http:\/\/www.scribd.com\/doc\/6941561\/100-experimentos-sencillos-de-fisica-y-quimica\" target=\"_blank\"><strong>100 experimentos sencillos de F\u00edsica y Qu\u00edmica<\/strong><\/a><\/span><\/div>\n<\/td>\n<td><span style=\"font-family: verdana, geneva, sans-serif;\">\u00a0<\/span><\/td>\n<td><span style=\"font-family: verdana, geneva, sans-serif;\"><a href=\"http:\/\/www.crecim.cat\/portal\/index.php\/ca-ES\" target=\"_blank\"><strong>CRECIM<\/strong><\/a>\u00a0Centre de Recerca per a l&#8217;Educaci\u00f3 Cient\u00edfica i Matem\u00e0tica.<\/span><\/td>\n<\/tr>\n<tr>\n<td><span style=\"font-family: verdana, geneva, sans-serif;\"><span style=\"font-size: 14px;\"><strong><a title=\"Pinterest ciencia i experimentaci\u00f3\" href=\"http:\/\/pinterest.com\/rosasolerb\/ciencia-experimentacio\/\" target=\"_blank\">Ci\u00e8ncia i experimentaci\u00f3<\/a> <\/strong><\/span>(Pinterest)<\/span><\/td>\n<td><span style=\"font-family: verdana, geneva, sans-serif;\">\u00a0<\/span><\/td>\n<td><span style=\"font-family: verdana, geneva, sans-serif;\">\u00a0<strong><a href=\"http:\/\/www.umanresa.cat\/ca\/lab06\" target=\"_blank\">LAB 0-6 Universitat Manresa<\/a><\/strong><\/span><\/td>\n<\/tr>\n<tr>\n<td><span style=\"font-family: verdana, geneva, sans-serif;\"><strong><span style=\"font-size: 12px;\"><span style=\"font-size: 14px;\"><a href=\"http:\/\/grupkimeia.blogspot.com.es\/p\/fotos.html\" target=\"_blank\">Qu\u00edmica a infantil i prim\u00e0ria<\/a><\/span>\u00a0<\/span>(GT Kimea)<\/strong><\/span><\/p>\n<div style=\"color: #444444; font-family: arial, sans-serif; font-size: 13.3333px; line-height: 21.3333px;\">\n<p><span style=\"font-size: 14px; font-family: verdana, geneva, sans-serif; color: #00ccff;\"><strong><a style=\"line-height: 21.3333px; color: #00ccff;\" href=\"http:\/\/fisicaperinfantiliprimaria.blogspot.com.es\/\" target=\"_blank\">F\u00edsica a infantil i prim\u00e0ria<\/a><\/strong><\/span><\/p>\n<\/div>\n<div style=\"color: #444444; font-family: arial, sans-serif; font-size: 13.3333px; line-height: 21.3333px;\">\n<p><span style=\"font-size: 14px; font-family: verdana, geneva, sans-serif; color: #00ccff;\"><strong><a style=\"color: #00ccff;\" href=\"http:\/\/grupcienciesip.blogspot.com.es\/\" target=\"_blank\">F\u00edsica para infantil i prim\u00e0ria<\/a><\/strong><\/span><\/p>\n<div style=\"color: #444444; font-family: arial, sans-serif; font-size: 13.3333px; line-height: 21.3333px;\"><span style=\"font-family: verdana,geneva,sans-serif;\"><span style=\"font-size: 14px;\"><strong><a href=\"http:\/\/www.rrfisica.cat\/\" target=\"_blank\">Recursos de f\u00edsica<\/a><\/strong><\/span><\/span><\/div>\n<p><span style=\"font-family: verdana, geneva, sans-serif;\">Revista electr\u00f2nica de la Societat Catalana de F\u00edsica.<\/span><\/p>\n<p><span style=\"font-family: verdana, geneva, sans-serif;\"><a href=\"http:\/\/www.segirones.cat\/images\/recursos\/lallum\/pho4kids.pdf\" target=\"_blank\"><span style=\"font-size: 14px;\"><strong>Taller de \u00f3ptica para primaria<\/strong><\/span><\/a><\/span><\/p>\n<p><span style=\"font-size: 14px; font-family: verdana, geneva, sans-serif;\"><strong><a href=\"http:\/\/www.segirones.cat\/images\/recursos\/lallum\/10csic.pdf\" target=\"_blank\">Un universo de luz<\/a> <\/strong><span style=\"font-size: 12px;\">Fichas de experimentos. Consejos y recomendaciones<\/span><\/span><br \/>\n<span style=\"font-family: verdana, geneva, sans-serif;\"> <span style=\"font-size: 14px;\"><a href=\"https:\/\/fislab.wordpress.com\/category\/optica\/\" target=\"_blank\"><strong>FisLab <\/strong><\/a><\/span>Recull d&#8217;experi\u00e8ncies senzilles per a l&#8217;aula sobre la llum<\/span><\/p>\n<p><span style=\"font-family: verdana, geneva, sans-serif;\"><span style=\"font-family: verdana, sans-serif; font-size: small;\"><span style=\"font-size: 10pt;\"><strong><a href=\"http:\/\/gent.uab.cat\/conxitamarquez\/sites\/gent.uab.cat.conxitamarquez\/files\/Couso_M%C3%A1rquez_Guix_2016.pdf\" target=\"_blank\" rel=\"nofollow\">Qu\u00e8 podem ensenyar i aprendre sobre la llum. Mapa de progr\u00e9s a l&#8217;aula<\/a>.<\/strong><\/span> <i>Digna Couso\/Conxita M\u00e0rquez\u00a0<\/i><\/span>Departament de Did\u00e0ctica<br \/>\nde les Ci\u00e8ncies Experimentals. UAB.<br \/>\n<\/span><\/p>\n<p><strong><span style=\"font-family: verdana, sans-serif; font-size: 10pt;\"><a href=\"http:\/\/www.segirones.cat\/images\/recursos\/lallum\/pho4kids.pdf\" target=\"_blank\" rel=\"nofollow\">Taller de \u00f3ptica para prim\u00e0ria<\/a><\/span><\/strong>\u00a0(pdf) Programa Ciencia Viva de Arag\u00f3n<\/p>\n<\/div>\n<\/td>\n<td><span style=\"font-family: verdana, geneva, sans-serif;\">\u00a0<\/span><\/td>\n<td><span style=\"font-family: verdana, geneva, sans-serif;\"><span style=\"color: #ff8c00; font-weight: bold;\">&#8211;<span style=\"color: #33cccc;\">\u00a0<\/span><\/span><span style=\"font-weight: bold; color: #00ccff;\"><a style=\"color: #00ccff; font-weight: bold;\" title=\"enciclop\u00e8dia de la ci\u00e8ncia\" href=\"http:\/\/www.edu365.cat\/aulanet\/ciencia\/\" target=\"_blank\">Enciclop\u00e8dia de la ci\u00e8ncia 2.0<\/a><\/span><\/span><br \/>\n<span style=\"font-family: verdana, geneva, sans-serif;\">&#8211; MaTem\u00e0tiques, F\u00edsica i Qu\u00edmica i<br \/>\nCi\u00e8ncies Naturals\u00a0<strong><a href=\"http:\/\/www.esa.int\/esaKIDSen\/\" target=\"_blank\">ESA Kids<br \/>\n<\/a><\/strong><\/span><br \/>\n<span style=\"font-family: verdana, geneva, sans-serif;\">&#8211; Espai educatiu de l&#8217;Ag\u00e8ncia Espacial \u00a0 \u00a0 <\/span><br \/>\n<span style=\"font-family: verdana, geneva, sans-serif;\">\u00a0 Europea.<strong><a href=\"http:\/\/www.nineplanets.org\/\" target=\"_blank\">The Nine <span style=\"font-size: 8pt;\">(8)<\/span>\u00a0Planets<\/a><br \/>\n<\/strong><\/span><span style=\"font-family: verdana, geneva, sans-serif;\">\u00a0<span style=\"font-size: 10pt;\"> <span style=\"font-size: 8pt;\">Informaci\u00f3 molt completa sobre el sistema solar<br \/>\n<\/span><\/span><\/span><br \/>\n<span style=\"font-family: verdana, geneva, sans-serif;\">&#8211;\u00a0<strong><a href=\"http:\/\/faculty.washington.edu\/chudler\/neurok.html\" target=\"_blank\">Neuroscience for Kids<\/a>\u00a0<\/strong><span style=\"font-size: 8pt;\">Recursos per \u00a0 \u00a0 \u00a0 \u00a0 \u00a0<\/span><\/span><span style=\"font-family: verdana, geneva, sans-serif; font-size: 8pt;\">aprendre el funcionament del cervell i del sistema \u00a0 \u00a0nervi\u00f3s<br \/>\n<\/span><br \/>\n<span style=\"font-family: verdana, geneva, sans-serif;\">&#8211;\u00a0<strong><a href=\"http:\/\/www.nasa.gov\/offices\/education\/about\/index.html\" target=\"_blank\">NASA Education<\/a>\u00a0<\/strong><span style=\"font-size: 8pt;\">Recursos per al<br \/>\n<\/span><\/span><span style=\"font-family: verdana, geneva, sans-serif; font-size: 8pt;\">\u00a0 \u00a0professorat i l&#8217;alumnat, creats per l&#8217;ag\u00e8ncia<br \/>\nespacial nordamericana\u00a0<\/span><\/td>\n<\/tr>\n<tr>\n<td><span style=\"font-family: verdana, geneva, sans-serif;\"><span style=\"font-size: 14px;\"><strong><a href=\"http:\/\/www.recercaenaccio.cat\/\" target=\"_blank\">Recerca en acci\u00f3<\/a><\/strong><br \/>\n<\/span>P<span style=\"color: #222222;\">ortal que aplega un total de 135 experiments cient\u00edfics de tota mena sobre<\/span>\u00a0qu\u00edmica, f\u00edsica, biologia, geologia i tecnologia<span style=\"font-size: small;\">.\u00a0<\/span><span style=\"color: #222222;\">Cont\u00e9 p<\/span><span style=\"background-color: transparent; color: #222222;\">ropostes per a tots els nivells educatius, de<\/span><span style=\"background-color: transparent;\">\u00a0<\/span>Prim\u00e0ria a Batxillerat.<\/span>Recerca en acci\u00f3 selecci\u00f3 de v\u00eddeos<\/td>\n<td><span style=\"font-family: verdana, geneva, sans-serif;\">\u00a0<\/span><\/td>\n<td><span style=\"font-family: verdana, geneva, sans-serif;\"><strong><a href=\"http:\/\/nsdl.org\/\" target=\"_blank\">The National Science Digital Library<\/a><\/strong><\/span><br \/>\n<span style=\"font-family: verdana, geneva, sans-serif;\"> Recull de recursos electr\u00f2nics per a l&#8217;ensenyament de les ci\u00e8ncies (en angl\u00e8s).<\/span><\/td>\n<\/tr>\n<tr>\n<td>\n<div style=\"color: #444444; font-family: arial, sans-serif; font-size: 13.3333px; line-height: 21.3333px;\">\n<p><span style=\"font-size: 10pt; font-family: verdana, geneva, sans-serif;\"><strong><a href=\"http:\/\/www.cienciaenaccion.org\/\" target=\"_blank\">Ciencia en acci\u00f3n<\/a><\/strong><\/span><\/p>\n<\/div>\n<div style=\"color: #444444; font-family: arial, sans-serif; font-size: 13.3333px; line-height: 21.3333px;\"><span style=\"font-size: 10pt; font-family: verdana, geneva, sans-serif;\"><a href=\"http:\/\/docente2punto0.blogspot.com.es\/2011\/05\/juguemos-con-la-tabla-periodica.html\" target=\"_blank\"><strong>Activitats amb la taula peri\u00f2dica<\/strong><\/a><\/span><\/div>\n<div style=\"color: #444444; font-family: arial, sans-serif; font-size: 13.3333px; line-height: 21.3333px;\"><span style=\"font-size: 10pt; font-family: verdana, geneva, sans-serif;\">\u00a0<\/span><\/div>\n<p style=\"color: #444444; font-family: arial, sans-serif; font-size: 13.3333px; line-height: 21.3333px;\"><span style=\"font-size: 10pt; font-family: verdana, geneva, sans-serif;\"><strong><a href=\"http:\/\/www.termcat.cat\/docs\/Taula_Periodica_Elements\/?ct=t(Quimica_Tramesa_Especialitzada)\" target=\"_blank\">Taula peri\u00f2dica dels elements (Termcat)<\/a><\/strong><\/span><\/p>\n<p style=\"color: #444444; font-family: arial, sans-serif; font-size: 13.3333px; line-height: 21.3333px;\"><span style=\"font-size: 10pt; font-family: verdana, geneva, sans-serif;\"><strong><a href=\"http:\/\/web2.0calc.es\/\" target=\"_blank\">Calculadora cient\u00edfica (en l\u00ednia)<\/a><\/strong><\/span><\/p>\n<\/td>\n<td><span style=\"font-family: verdana, geneva, sans-serif;\">\u00a0<\/span><\/td>\n<td><span style=\"font-family: verdana, geneva, sans-serif;\"><strong><a href=\"http:\/\/www.phschool.com\/science\/biology_place\/\" target=\"_blank\">The Biology Place<\/a><\/strong><\/span><br \/>\n<span style=\"font-family: verdana, geneva, sans-serif;\"> Recull d&#8217;activitats, experiments i glossari, de l&#8217;editorial Pearson.<\/span><\/td>\n<\/tr>\n<\/tbody>\n<\/table>\n<p>&nbsp;<\/p>\n<p>&nbsp;<\/p>\n<p>&nbsp;<\/p>\n<p>&nbsp;<\/p>\n","protected":false},"excerpt":{"rendered":"<p>&nbsp; Congr\u00e9s de Ci\u00e8ncia d&#8217;educaci\u00f3 Infantil i Prim\u00e0ria de Badalona Selecci\u00f3 de recursos d&#8217;anatomia per treballar el cos hum\u00e0 Recursos [&hellip;]<\/p>\n","protected":false},"author":1,"featured_media":0,"parent":906,"menu_order":0,"comment_status":"closed","ping_status":"closed","template":"page-templates\/side-menu.php","meta":{"_bbp_topic_count":0,"_bbp_reply_count":0,"_bbp_total_topic_count":0,"_bbp_total_reply_count":0,"_bbp_voice_count":0,"_bbp_anonymous_reply_count":0,"_bbp_topic_count_hidden":0,"_bbp_reply_count_hidden":0,"_bbp_forum_subforum_count":0,"site-sidebar-layout":"default","site-content-layout":"","ast-site-content-layout":"","site-content-style":"default","site-sidebar-style":"default","ast-global-header-display":"","ast-banner-title-visibility":"","ast-main-header-display":"","ast-hfb-above-header-display":"","ast-hfb-below-header-display":"","ast-hfb-mobile-header-display":"","site-post-title":"","ast-breadcrumbs-content":"","ast-featured-img":"","footer-sml-layout":"","theme-transparent-header-meta":"","adv-header-id-meta":"","stick-header-meta":"","header-above-stick-meta":"","header-main-stick-meta":"","header-below-stick-meta":"","astra-migrate-meta-layouts":"default","ast-page-background-enabled":"default","ast-page-background-meta":{"desktop":{"background-color":"var(--ast-global-color-4)","background-image":"","background-repeat":"repeat","background-position":"center center","background-size":"auto","background-attachment":"scroll","background-type":"","background-media":"","overlay-type":"","overlay-color":"","overlay-opacity":"","overlay-gradient":""},"tablet":{"background-color":"","background-image":"","background-repeat":"repeat","background-position":"center center","background-size":"auto","background-attachment":"scroll","background-type":"","background-media":"","overlay-type":"","overlay-color":"","overlay-opacity":"","overlay-gradient":""},"mobile":{"background-color":"","background-image":"","background-repeat":"repeat","background-position":"center center","background-size":"auto","background-attachment":"scroll","background-type":"","background-media":"","overlay-type":"","overlay-color":"","overlay-opacity":"","overlay-gradient":""}},"ast-content-background-meta":{"desktop":{"background-color":"var(--ast-global-color-5)","background-image":"","background-repeat":"repeat","background-position":"center center","background-size":"auto","background-attachment":"scroll","background-type":"","background-media":"","overlay-type":"","overlay-color":"","overlay-opacity":"","overlay-gradient":""},"tablet":{"background-color":"var(--ast-global-color-5)","background-image":"","background-repeat":"repeat","background-position":"center center","background-size":"auto","background-attachment":"scroll","background-type":"","background-media":"","overlay-type":"","overlay-color":"","overlay-opacity":"","overlay-gradient":""},"mobile":{"background-color":"var(--ast-global-color-5)","background-image":"","background-repeat":"repeat","background-position":"center center","background-size":"auto","background-attachment":"scroll","background-type":"","background-media":"","overlay-type":"","overlay-color":"","overlay-opacity":"","overlay-gradient":""}},"footnotes":""},"class_list":["post-2680","page","type-page","status-publish","hentry"],"post_mailing_queue_ids":[],"_links":{"self":[{"href":"https:\/\/serveiseducatius.xtec.cat\/badalona\/wp-json\/wp\/v2\/pages\/2680","targetHints":{"allow":["GET"]}}],"collection":[{"href":"https:\/\/serveiseducatius.xtec.cat\/badalona\/wp-json\/wp\/v2\/pages"}],"about":[{"href":"https:\/\/serveiseducatius.xtec.cat\/badalona\/wp-json\/wp\/v2\/types\/page"}],"author":[{"embeddable":true,"href":"https:\/\/serveiseducatius.xtec.cat\/badalona\/wp-json\/wp\/v2\/users\/1"}],"replies":[{"embeddable":true,"href":"https:\/\/serveiseducatius.xtec.cat\/badalona\/wp-json\/wp\/v2\/comments?post=2680"}],"version-history":[{"count":4,"href":"https:\/\/serveiseducatius.xtec.cat\/badalona\/wp-json\/wp\/v2\/pages\/2680\/revisions"}],"predecessor-version":[{"id":5165,"href":"https:\/\/serveiseducatius.xtec.cat\/badalona\/wp-json\/wp\/v2\/pages\/2680\/revisions\/5165"}],"up":[{"embeddable":true,"href":"https:\/\/serveiseducatius.xtec.cat\/badalona\/wp-json\/wp\/v2\/pages\/906"}],"wp:attachment":[{"href":"https:\/\/serveiseducatius.xtec.cat\/badalona\/wp-json\/wp\/v2\/media?parent=2680"}],"curies":[{"name":"wp","href":"https:\/\/api.w.org\/{rel}","templated":true}]}}