{"id":2679,"date":"2011-10-05T16:35:38","date_gmt":"2011-10-05T15:35:38","guid":{"rendered":"http:\/\/serveiseducatius.xtec.cat\/badalona\/intraweb\/recursos-ciencies-socials\/"},"modified":"2016-10-19T12:57:54","modified_gmt":"2016-10-19T11:57:54","slug":"recursos-ciencies-socials","status":"publish","type":"page","link":"https:\/\/serveiseducatius.xtec.cat\/badalona\/recursos\/recursos-ciencies-socials\/","title":{"rendered":"Recursos Ci\u00e8ncies socials"},"content":{"rendered":"<p><img loading=\"lazy\" decoding=\"async\" class=\"alignleft wp-image-4825\" src=\"http:\/\/serveiseducatius.xtec.cat\/badalona\/wp-content\/uploads\/usu1088\/2011\/10\/medi-2.jpg\" alt=\"medi-2\" width=\"760\" height=\"193\" srcset=\"https:\/\/serveiseducatius.xtec.cat\/badalona\/wp-content\/uploads\/usu1088\/2011\/10\/medi-2.jpg 863w, https:\/\/serveiseducatius.xtec.cat\/badalona\/wp-content\/uploads\/usu1088\/2011\/10\/medi-2-300x76.jpg 300w, https:\/\/serveiseducatius.xtec.cat\/badalona\/wp-content\/uploads\/usu1088\/2011\/10\/medi-2-768x195.jpg 768w\" sizes=\"auto, (max-width: 760px) 100vw, 760px\" \/><\/p>\n<p>&nbsp;<\/p>\n<p>&nbsp;<\/p>\n<p>&nbsp;<\/p>\n<p>&nbsp;<\/p>\n<p>&nbsp;<\/p>\n<p><span style=\"font-size: 14pt; font-family: verdana, geneva, sans-serif; color: #008080;\">ART GEOGRAFIA I HIST\u00d2RIA<\/span><\/p>\n<table class=\" htmtableborders\" style=\"display: table; height: 774px; width: 768px;\" border=\"0\">\n<tbody>\n<tr>\n<td><a title=\"el badiu\" href=\"http:\/\/www.scoop.it\/t\/atalaia-educativa?tag=ci%C3%A8ncies%20socials\" target=\"_blank\"><strong>Recursos de ci\u00e8ncies socials, geografia i hist\u00f2ria<\/strong><\/a><br \/>\nSelecci\u00f3 de recursos sobre temes de <strong>ci\u00e8ncies socials, geografia i hist\u00f2ria<\/strong>, realitzada pel CRP Badalona<\/td>\n<td><\/td>\n<td><a title=\"Recuros d'art\" href=\"http:\/\/www.scoop.it\/t\/atalaia-educativa?tag=art\" target=\"_blank\"><strong>Selecci\u00f3 de recursos d&#8217;art <\/strong><\/a><br \/>\nSelecci\u00f3 de recursos sobre temes d&#8217;<strong>art<\/strong> realitzada pels CRP Badalona<\/td>\n<\/tr>\n<tr>\n<td><a title=\"Arxiu hist\u00f2ric de Llefi\u00e0\" href=\"http:\/\/www.llefia.org\/arxiu\/\" target=\"_blank\"><strong>Arxiu hist\u00f2ric de Llefi\u00e0<\/strong><\/a><br \/>\nFons fotogr\u00e0fic, pl\u00e0nols, cartells, dossiers&#8230; que formen part de la mem\u00f2ria col\u00b7lectiva, aconseguit a trav\u00e9s de ve\u00efns i entitats protagonistes de la hist\u00f2ria del barri.<\/td>\n<td><\/td>\n<td><strong><a href=\"http:\/\/www.idescat.cat\/\" target=\"_blank\">Institut d&#8217;Estad\u00edstica de Catalunya<\/a><\/strong><br \/>\nDades de poblaci\u00f3, economia, societat&#8230; de Catalunya.<\/td>\n<\/tr>\n<tr>\n<td><a title=\"Hist\u00f2ria de Badalona\" href=\"https:\/\/sites.google.com\/a\/xtec.cat\/badalona\/?pli=1\" target=\"_blank\"><strong>Hist\u00f2ria de Badalona<\/strong><\/a> Recull d&#8217;imatges, v\u00eddeos i altres documents sobre la hist\u00f2ria de Badalona elaborat inicialment pel CRP de Badalona i que s&#8217;anir\u00e0 enriquin a partir de les aportacions d&#8217;altres testimonis i entitats.<\/p>\n<p>&nbsp;<\/p>\n<p><strong><a style=\"color: #ff0000;\" href=\"http:\/\/www.museudebadalona.cat\/\" target=\"_blank\">Museu de Badalona <\/a><\/strong><br \/>\nInformaci\u00f3 de les activitats del Museu de Badalona<\/td>\n<td><\/td>\n<td><strong><a href=\"http:\/\/www.icc.cat\/\" target=\"_blank\">Institut Cartogr\u00e0fic de Catalunya<\/a><\/strong><br \/>\nConsulta i desc\u00e0rrega de mapes.<strong><a href=\"https:\/\/sites.google.com\/a\/xtec.cat\/eines-web-2-0\/home\/geolocalitzacio-1\" target=\"_blank\">Geolocalitzaci\u00f3 i mapes<\/a><\/strong><br \/>\n<strong><a href=\"http:\/\/www.instamaps.cat\/\">INSTAMAPS<\/a>\u00a0<\/strong>Galeria de mapes i crea el teu propi mapa<\/td>\n<\/tr>\n<tr>\n<td><strong><a href=\"http:\/\/catpaisatge.net\/educacio\/\" target=\"_blank\">Ciutat, territori, paisatge<\/a><\/strong><br \/>\nMaterials did\u00e0ctics per al coneixement del territori i la sensibilitzaci\u00f3 envers el paisatge a Catalunya<br \/>\nadre\u00e7ats\u00a0 l&#8217;educaci\u00f3 secund\u00e0ria.<\/td>\n<td rowspan=\"2\"><\/td>\n<td rowspan=\"2\"><strong><a href=\"http:\/\/betaportal.icgc.cat\/\" target=\"_blank\">BetaPortal ICGC<\/a>\u00a0<\/strong>Geoinformnaci\u00f3<\/p>\n<p><strong><a href=\"https:\/\/es.batchgeo.com\/\" target=\"_blank\">Batchgeo<\/a>\u00a0 <\/strong>Creaci\u00f3 de mapes<\/td>\n<\/tr>\n<tr>\n<td><strong><a title=\"recursos de ci\u00e8ncie socials i hist\u00f2ria a l'XTEC\" href=\"http:\/\/www.xtec.cat\/web\/recursos\/socials\" target=\"_blank\">Ci\u00e8ncies socials geografia i hist\u00f2ria\u00a0 a l&#8217;XTEC<\/a><\/strong><br \/>\nReull de recursos de ci\u00e8ncies socials a l&#8217;XTEC.<\/td>\n<\/tr>\n<tr>\n<td><strong><a href=\"http:\/\/www.edu365.cat\/primaria\/muds\/socials\/index.htm\" target=\"_blank\">Medi social i cultural. Prim\u00e0ria. edu365.cat<\/a><\/strong><br \/>\nActivitats de ci\u00e8ncies socials per a prim\u00e0ria publicades a <strong>edu365.cat<\/strong>.<\/td>\n<td><\/td>\n<td><strong><a href=\"http:\/\/www.stepmap.com\/\" target=\"_blank\">StepMaps<\/a>\u00a0<\/strong>Per crear mapes interactius propis<\/td>\n<\/tr>\n<tr>\n<td><strong><a href=\"http:\/\/www.edu365.cat\/eso\/muds\/socials\/index.htm\" target=\"_blank\">Ci\u00e8ncies socials. ESO. edu365.cat<\/a><\/strong><br \/>\nActivitats de ci\u00e8ncies socials per a l&#8217;ESO publicades a <strong>edu365.cat<\/strong>.<\/td>\n<td><\/td>\n<td><strong><a href=\"http:\/\/www.scoop.it\/t\/atalaia-educativa\/?tag=geolocalitzaci%C3%B3\" target=\"_blank\">Geolocalitzaci\u00f3<\/a><\/strong><br \/>\nSelecci\u00f3 de recursos de geolocalitzaci\u00f3 a Scoop-it<\/td>\n<\/tr>\n<tr>\n<td><strong><a href=\"http:\/\/www.edu365.cat\/eso\/muds\/socials\/index.htm\" target=\"_blank\">Ci\u00e8ncies socials. ESO. edu365.cat<\/a><\/strong><br \/>\nActivitats de ci\u00e8ncies socials per a l&#8217;ESO publicades a <strong>edu365.cat<\/strong>.<\/td>\n<td><\/td>\n<td><strong><a href=\"http:\/\/www.google.com\/publicdata\/overview?ds=z1foifl1a0gsn2_&amp;hl=ca\" target=\"_blank\">Indicadors dels municipis catalans<\/a><\/strong><br \/>\nDades de l&#8217;Institut d&#8217;Estad\u00edstica de Catalunya presentades a trav\u00e9s del servei Google Public Data Explorer.<br \/>\nPermet unes visualitzacions molt atractives en diferents tipus de gr\u00e0fics.<\/td>\n<\/tr>\n<tr>\n<td><strong><a href=\"http:\/\/webquest.xtec.cat\/enlla\/?cat=4\" target=\"_blank\">Webquests de ci\u00e8ncies socials<\/a><\/strong><br \/>\nWebquests elaborades sobre diferents \u00e0mbits de les ci\u00e8ncies socials<\/td>\n<td><\/td>\n<td><strong><a href=\"http:\/\/mdc.cbuc.cat\/index.php\" target=\"_blank\">Mem\u00f2ria Digital de Catalunya<\/a><\/strong><br \/>\nCol\u00b7leccions digitalitzades de revistes antigues, mapes, fotografies, cartells, etc.<\/td>\n<\/tr>\n<tr>\n<td><a title=\"ARC: Ci\u00e8ncies socials, geografia i hist\u00f2ria\" href=\"http:\/\/apliense.xtec.cat\/arc\/cercador\/t-32\/d-ciencies%20socials-hist%C3%B2ria-geografia\" target=\"_blank\"><strong>Ci\u00e8ncies Socials, geografia hist\u00f2ria <\/strong><\/a><br \/>\nSelecci\u00f3 a l&#8217;ARC<\/td>\n<td><\/td>\n<td><strong><a href=\"http:\/\/www.artehistoria.jcyl.es\/\" target=\"_blank\">ArteHistoria<\/a><\/strong><br \/>\nArticles, biografies, imatges, v\u00eddeos, mapes&#8230; sobre hist\u00f2ria i art.<\/td>\n<\/tr>\n<tr>\n<td><strong><a title=\"Atlas of world history\" href=\"http:\/\/commons.wikimedia.org\/wiki\/Atlas_of_world_history?uselang=ca\" target=\"_blank\">Atlas of World history<\/a><\/strong><br \/>\nRecull de mapes d&#8217;hist\u00f2ria disponibles a Wikimedia Commons.<\/td>\n<td><\/td>\n<td><strong><a href=\"http:\/\/www.nationalgeographic.com\/xpeditions\/\" target=\"_blank\">Xpeditions. National Geographic<\/a><\/strong><br \/>\nUnitats did\u00e0ctiques i activitats relacionades amb la geografia (en angl\u00e8s).<br \/>\n.<\/td>\n<\/tr>\n<tr>\n<td><strong><a href=\"http:\/\/www.atlasofworldhistory.com\/\" target=\"_blank\">Atlas of World History<\/a><\/strong><br \/>\nAtles hist\u00f2ric d&#8217;Europa, \u00c3?sia i \u00c3?frica. Abasta de l&#8217;any -3000 al 1000.<\/td>\n<td rowspan=\"2\"><\/td>\n<td rowspan=\"2\"><strong><a title=\"CRONOLOGIA CATALUNYA - ESPANYA - M\u00c3?N s.XVIII-XIX-XX\" href=\"http:\/\/www.buxaweb.com\/historia\/cronologia\/index.htm\" target=\"_blank\">Cronologia dels segles XVIII, XIX i XX<\/a><\/strong><br \/>\nRecull elaborat per Juli\u00e0 Buxadera, amb els fets m\u00e9s destacats -any per any- a Catalunya, Espanya i al m\u00f3n<strong><a href=\"http:\/\/www.observatori.org\/paula\/catala\/\" target=\"_blank\">Paula<\/a><\/strong><br \/>\nPortal d&#8217;educaci\u00f3 per a la pau.<strong><a title=\"Visita virtual a la mezquita de C\u00f3rdoba\" href=\"http:\/\/www.catedraldecordoba.es\/visita\/index.html\" target=\"_blank\">Visita virtual a la Mezquita C\u00f3rdoba<\/a><\/strong><\/td>\n<\/tr>\n<tr>\n<td>&nbsp;<\/p>\n<p><strong><a href=\"http:\/\/www.historypin.com\/\" target=\"_blank\">Historypin<\/a><\/strong><br \/>\nLloc que permet consultar i afegir, de forma geolocalitzada, fotografies i v\u00eddeos antics utilitzant &#8220;Google Maps&#8221; i &#8220;Google Street View&#8221;<\/td>\n<\/tr>\n<tr>\n<td><a title=\"mo-do\" href=\"http:\/\/www.rtve.es\/filmoteca\/no-do\/\" target=\"_blank\"><strong>NO-DO<\/strong><\/a><br \/>\nNoticiarios y documentales cinematogr\u00e1ficos 1943-1981<\/td>\n<td><\/td>\n<td><a title=\"artcyclopedia\" href=\"http:\/\/www.artcyclopedia.com\/\" target=\"_blank\"><strong>Artcyclopedia<\/strong><\/a><\/p>\n<p><strong><a title=\"educahist\u00f2ria\" href=\"http:\/\/www.educahistoria.com\/\" target=\"_blank\">Educahist\u00f2riab<\/a><\/strong><br \/>\nRecull de presentacions multim\u00e8dia amb exercicis interactius, v\u00eddeos, animacions&#8230;<\/td>\n<\/tr>\n<tr>\n<td><strong><a title=\"Buscabiografias\" href=\"http:\/\/www.buscabiografias.com\/bios\/\" target=\"_blank\">Buscabiografias<\/a><\/strong><\/td>\n<td><\/td>\n<td><a style=\"font-weight: bold;\" title=\"web de les ci\u00e8ncies socials\" href=\"http:\/\/www.xtec.cat\/~aguiu1\/socials\/index.htm\" target=\"_blank\">Web de les Ci\u00e8ncies Socials<\/a>\u00a0(Andreu Guiu)<br \/>\nAra a\u00a0<a title=\"Facebook\" href=\"https:\/\/www.facebook.com\/cienciessocials\" target=\"_blank\">Facebook<\/a><\/td>\n<\/tr>\n<tr>\n<td><strong><a href=\"http:\/\/histotube.blogspot.com.es\/\" target=\"_blank\">Histotube<\/a><\/strong><br \/>\nHistoTube \u00e9s un projecte que t\u00e9 com a objectiu posar a l&#8217;abast de docents, alumnes i interessats per la hist\u00f2ria i el patrimoni una sel\u00b7lecci\u00f3 dels v\u00eddeos sobre aquesta tem\u00e0tica que es poden trobar a la xarxa<\/td>\n<td><\/td>\n<td>\n<p style=\"text-align: start;\"><a title=\"Proyecto Alquimia: ciencias geografia y historia\" href=\"http:\/\/recursostic.educacion.es\/primaria\/alquimia\/web\/index.html\" target=\"_blank\"><strong>Proyecto Alquimia: Ciencias Geografia y hist\u00f2ria<\/strong><\/a><\/p>\n<\/td>\n<\/tr>\n<tr>\n<td><\/td>\n<td><\/td>\n<td><\/td>\n<\/tr>\n<\/tbody>\n<\/table>\n<p>&nbsp;<\/p>\n<p>&nbsp;<\/p>\n<p>&nbsp;<\/p>\n<p>&nbsp;<\/p>\n<p>&nbsp;<\/p>\n","protected":false},"excerpt":{"rendered":"<p>&nbsp; &nbsp; &nbsp; &nbsp; &nbsp; ART GEOGRAFIA I HIST\u00d2RIA Recursos de ci\u00e8ncies socials, geografia i hist\u00f2ria Selecci\u00f3 de recursos sobre [&hellip;]<\/p>\n","protected":false},"author":1,"featured_media":0,"parent":906,"menu_order":0,"comment_status":"closed","ping_status":"closed","template":"page-templates\/side-menu.php","meta":{"_bbp_topic_count":0,"_bbp_reply_count":0,"_bbp_total_topic_count":0,"_bbp_total_reply_count":0,"_bbp_voice_count":0,"_bbp_anonymous_reply_count":0,"_bbp_topic_count_hidden":0,"_bbp_reply_count_hidden":0,"_bbp_forum_subforum_count":0,"site-sidebar-layout":"default","site-content-layout":"","ast-site-content-layout":"","site-content-style":"default","site-sidebar-style":"default","ast-global-header-display":"","ast-banner-title-visibility":"","ast-main-header-display":"","ast-hfb-above-header-display":"","ast-hfb-below-header-display":"","ast-hfb-mobile-header-display":"","site-post-title":"","ast-breadcrumbs-content":"","ast-featured-img":"","footer-sml-layout":"","theme-transparent-header-meta":"","adv-header-id-meta":"","stick-header-meta":"","header-above-stick-meta":"","header-main-stick-meta":"","header-below-stick-meta":"","astra-migrate-meta-layouts":"default","ast-page-background-enabled":"default","ast-page-background-meta":{"desktop":{"background-color":"var(--ast-global-color-4)","background-image":"","background-repeat":"repeat","background-position":"center center","background-size":"auto","background-attachment":"scroll","background-type":"","background-media":"","overlay-type":"","overlay-color":"","overlay-opacity":"","overlay-gradient":""},"tablet":{"background-color":"","background-image":"","background-repeat":"repeat","background-position":"center center","background-size":"auto","background-attachment":"scroll","background-type":"","background-media":"","overlay-type":"","overlay-color":"","overlay-opacity":"","overlay-gradient":""},"mobile":{"background-color":"","background-image":"","background-repeat":"repeat","background-position":"center center","background-size":"auto","background-attachment":"scroll","background-type":"","background-media":"","overlay-type":"","overlay-color":"","overlay-opacity":"","overlay-gradient":""}},"ast-content-background-meta":{"desktop":{"background-color":"var(--ast-global-color-5)","background-image":"","background-repeat":"repeat","background-position":"center center","background-size":"auto","background-attachment":"scroll","background-type":"","background-media":"","overlay-type":"","overlay-color":"","overlay-opacity":"","overlay-gradient":""},"tablet":{"background-color":"var(--ast-global-color-5)","background-image":"","background-repeat":"repeat","background-position":"center center","background-size":"auto","background-attachment":"scroll","background-type":"","background-media":"","overlay-type":"","overlay-color":"","overlay-opacity":"","overlay-gradient":""},"mobile":{"background-color":"var(--ast-global-color-5)","background-image":"","background-repeat":"repeat","background-position":"center center","background-size":"auto","background-attachment":"scroll","background-type":"","background-media":"","overlay-type":"","overlay-color":"","overlay-opacity":"","overlay-gradient":""}},"footnotes":""},"class_list":["post-2679","page","type-page","status-publish","hentry"],"post_mailing_queue_ids":[],"_links":{"self":[{"href":"https:\/\/serveiseducatius.xtec.cat\/badalona\/wp-json\/wp\/v2\/pages\/2679","targetHints":{"allow":["GET"]}}],"collection":[{"href":"https:\/\/serveiseducatius.xtec.cat\/badalona\/wp-json\/wp\/v2\/pages"}],"about":[{"href":"https:\/\/serveiseducatius.xtec.cat\/badalona\/wp-json\/wp\/v2\/types\/page"}],"author":[{"embeddable":true,"href":"https:\/\/serveiseducatius.xtec.cat\/badalona\/wp-json\/wp\/v2\/users\/1"}],"replies":[{"embeddable":true,"href":"https:\/\/serveiseducatius.xtec.cat\/badalona\/wp-json\/wp\/v2\/comments?post=2679"}],"version-history":[{"count":3,"href":"https:\/\/serveiseducatius.xtec.cat\/badalona\/wp-json\/wp\/v2\/pages\/2679\/revisions"}],"predecessor-version":[{"id":5069,"href":"https:\/\/serveiseducatius.xtec.cat\/badalona\/wp-json\/wp\/v2\/pages\/2679\/revisions\/5069"}],"up":[{"embeddable":true,"href":"https:\/\/serveiseducatius.xtec.cat\/badalona\/wp-json\/wp\/v2\/pages\/906"}],"wp:attachment":[{"href":"https:\/\/serveiseducatius.xtec.cat\/badalona\/wp-json\/wp\/v2\/media?parent=2679"}],"curies":[{"name":"wp","href":"https:\/\/api.w.org\/{rel}","templated":true}]}}