{"id":2675,"date":"2011-10-04T12:15:29","date_gmt":"2011-10-04T11:15:29","guid":{"rendered":"http:\/\/serveiseducatius.xtec.cat\/badalona\/intraweb\/recursos-bancs-dimatges-i-sons\/"},"modified":"2016-09-15T08:54:29","modified_gmt":"2016-09-15T07:54:29","slug":"recursos-bancs-dimatges-i-sons","status":"publish","type":"page","link":"https:\/\/serveiseducatius.xtec.cat\/badalona\/recursos\/portal-de-recursos-educatius\/recursos-bancs-dimatges-i-sons\/","title":{"rendered":"Bancs d&#8217;imatges, v\u00eddeos i sons"},"content":{"rendered":"<table class=\" htmtableborders\" style=\"display: table; height: 1615px; width: 799px;\" border=\"0\">\n<tbody>\n<tr>\n<td><span style=\"color: #000000;\"><strong>Banc d&#8217;imatges<\/strong><\/span><\/p>\n<p><strong><span style=\"font-size: 10pt;\"><a title=\"BANCO DE IMAGENES I SONIDOS\" href=\"http:\/\/recursostic.educacion.es\/bancoimagenes\/web\/\" target=\"_blank\">Banco de im\u00e1genes y sonidos<\/a><\/span><\/strong><br \/>\nBanc d&#8217;imatges i sons d&#8217;\u00fas lliure del Ministeri d&#8217;Educaci\u00f3.<\/p>\n<p><strong><span style=\"font-size: 10pt;\"><a href=\"http:\/\/www.xtec.net\/dnee\/mic\/\" target=\"_blank\">Magatzem d&#8217;icones catalanes<\/a><\/span><\/strong><br \/>\nIcones classificades en diferents \u00e0mbits i adaptades a la realitat catalana.<\/p>\n<p><strong><span style=\"font-size: 12pt;\"><a href=\"http:\/\/embed.ly\/provider\/fotopedia\" target=\"_blank\"><span style=\"font-size: 10pt;\">Fotopedia<\/span><\/a><\/span><\/strong><br \/>\nEnciclop\u00e8dia col\u00b7laborativa de fotografies.<\/p>\n<p><a href=\"https:\/\/www.flickr.com\/\" target=\"_blank\"><strong><span style=\"font-size: 10pt;\">Flickr\u00a0<\/span><\/strong><\/a><br \/>\nImatges al portal Flickr<\/p>\n<p><strong><a href=\"http:\/\/compfight.com\/\" target=\"_blank\">Compfight<\/a><\/strong><br \/>\nCercador d&#8217;imatges a Flickr. Permet establir criteris de filtatge,<br \/>\ncom ara que siguin de llic\u00e8ncia Creative Commons.<\/p>\n<p><strong><a title=\"photopin\" href=\"http:\/\/photopin.com\/\" target=\"_blank\">Photopin<\/a><\/strong><br \/>\nCerca fotos Creative Comons dins de Flickr<\/p>\n<p><strong><a title=\"cercador d'imatges per colors\" href=\"http:\/\/labs.tineye.com\/multicolr#results\" target=\"_blank\">Cercador d&#8217;imatges per colors<\/a><\/strong><br \/>\nBusca imatges amb els colors que seleccionats pr\u00e8viament<\/p>\n<p><strong><a title=\"photosforclass\" href=\"http:\/\/photosforclass.com\/\" target=\"_blank\">Photos for Class<\/a><\/strong><br \/>\nCerca fotos Creative Comons dins de Flickr<\/td>\n<td><strong><span style=\"font-size: 10pt;\"><a href=\"http:\/\/www.sxc.hu\/\" target=\"_blank\">Stock.Xchng<\/a><\/span><\/strong><\/p>\n<p>Portal d&#8217;imatges gratu\u00eft<\/p>\n<p><strong><a href=\"http:\/\/www.public-domain-photos.com\/\" target=\"_blank\">Public Domain Photos<\/a><\/strong><br \/>\nFotos i cliparts de domini p\u00fablic.<\/p>\n<p><a title=\"selecci\u00f3 de bancs d'imatges academiques\" href=\"http:\/\/www.totemguard.com\/aulatotem\/2011\/11\/excelentes-bancos-de-imagenes-academicas-para-profesores-y-alumnos\/#\" target=\"_blank\"><strong>Selecci\u00f3 de banc d&#8217;imatges acad\u00e8miques per a professors i alumnes<\/strong><\/a><\/p>\n<p><strong><a href=\"http:\/\/www.freephotosbank.com\/\" target=\"_blank\">Free Photos Bank<\/a><\/strong><br \/>\nFotos gratu\u00eftes sobre diferents temes.<\/p>\n<p><strong><span style=\"font-size: 10pt;\"><a href=\"http:\/\/www.morguefile.com\/\" target=\"_blank\">MorgueFile<\/a><\/span><\/strong><br \/>\nArxiu d&#8217;imatges gratu\u00eftes.<\/p>\n<p><strong><span style=\"font-size: 10pt;\"><a href=\"http:\/\/bancodefotos.net\/pixel-perfect-digital-fotos-gratuitas-para-disenadores\/\" target=\"_blank\">Pixel Perfect Digital<\/a><\/span><\/strong><br \/>\nCol\u00b7lecci\u00f3 d&#8217;imatges gratu\u00eftes<\/p>\n<p><a title=\"banc d'imatges a l'scoop del CRP\" href=\"http:\/\/www.scoop.it\/t\/atalaia-educativa?tag=bancs+d%27imatges\" target=\"_blank\"><strong>Altres bancs d&#8217;imatges recollits a<\/strong><\/a><a title=\"banc d'imatges a l'scoop del CRP\" href=\"http:\/\/www.scoop.it\/t\/atalaia-educativa?tag=bancs+d%27imatges\" target=\"_blank\"><strong>l&#8217;scoop-it El Badiu del CRP<\/strong><\/a><\/p>\n<p>&nbsp;<\/p>\n<p>&nbsp;<\/p>\n<p>&nbsp;<\/p>\n<p>&nbsp;<\/p>\n<p>&nbsp;<\/p>\n<p>&nbsp;<\/p>\n<p>&nbsp;<\/td>\n<\/tr>\n<tr>\n<td><strong><strong>Bancs de sons (gratu\u00efts)<\/strong><\/strong><\/p>\n<p><strong><span style=\"font-size: 10pt;\"><a title=\"BANCO DE IMAGENES I SONIDOS\" href=\"http:\/\/recursostic.educacion.es\/bancoimagenes\/web\/\" target=\"_blank\">Banco de im\u00e1genes y sonidos INTEF<\/a><\/span><\/strong><br \/>\nBanc d&#8217;imatges i sons d&#8217;\u00fas lliure del Ministerio d&#8217;Educaci\u00f3n<\/p>\n<p><strong><span style=\"font-size: 10pt;\"><a href=\"http:\/\/soungle.com\/\" target=\"_blank\">Soungle<\/a><\/span><\/strong><br \/>\nCol\u00b7lecci\u00f3 de sons.<\/p>\n<p><strong><a href=\"http:\/\/freeplaymusic.com\/\" target=\"_blank\">Freeplaymusic<\/a><\/strong> \u00c3?mplia biblioteca sonora de diferents estils i g\u00e8neres musicals: 6993 pistes d&#8217;audio lliures per descarregar.<\/p>\n<p><strong><a title=\"elongsound. sons gratuits\" href=\"http:\/\/www.elongsound.com\/sonidos-gratis.html\" target=\"_blank\">ElongSound<\/a> <\/strong>T\u00e9 efectes de so de carrers i altres ambients.<\/p>\n<p><strong><a href=\"http:\/\/www.universal-soundbank.com\/\" target=\"_blank\">UniversalSoundbank.com<\/a><\/strong> Web francesa que cont\u00e9 sons, m\u00fasica i sons instrumentals<\/p>\n<p><strong><a href=\"http:\/\/www.grsites.com\/archive\/sounds\/\" target=\"_blank\">Grsites.com<\/a><\/strong> Lloc amb una gran varietat d&#8217;efectes de so.<\/p>\n<p><strong><a href=\"http:\/\/www.mediacollege.com\/downloads\/sound-effects\/\" target=\"_blank\">Mediacollege<\/a><\/strong> Sons d&#8217;aliens, ciutats i animals ho trobareu a l&#8217;espai gratuit<\/p>\n<p><strong><a href=\"http:\/\/www.findsounds.com\/\">Findsounds.com<\/a>\u00a0<\/strong><\/p>\n<p>T\u00e9 material en\u00a0<a href=\"http:\/\/www.findsounds.com\/typesGerman.html\">alem\u00e1n<\/a>,<a href=\"http:\/\/www.findsounds.com\/typesSpanish.html\">espa\u00f1ol<\/a>,\u00a0<a href=\"http:\/\/www.findsounds.com\/typesFrench.html\">franc\u00e9s<\/a>,\u00a0<a href=\"http:\/\/www.findsounds.com\/typesPortuguese.html\">portugu\u00e9s<\/a>, entre d&#8217;altres idiomes.<\/p>\n<p><strong><a href=\"http:\/\/www.flashkit.com\/soundfx\/\">Flashkit.com<\/a><\/strong> T\u00e9 composicions en 15 cartegories i tamb\u00e9 una p\u00e0gina per a <a href=\"http:\/\/es.wikipedia.org\/wiki\/Loop_%28m%C3%BAsica%29\" target=\"_blank\">loops<\/a>, que pots revisar des d&#8217; <a href=\"http:\/\/www.flashkit.com\/loops\/\" target=\"_blank\">aqu\u00ed<\/a>.<\/p>\n<p>&nbsp;<\/p>\n<p>&nbsp;<\/p>\n<p>&nbsp;<\/p>\n<p>&nbsp;<\/td>\n<td><strong><strong>Banc de v\u00eddeos<\/strong><\/strong><\/p>\n<p><strong><span style=\"font-size: 10pt;\"><a href=\"http:\/\/www.edu3.cat\/\" target=\"_blank\">edu3.cat<\/a><\/span><\/strong><br \/>\nPortal de recursos multim\u00e8dia del Departament d&#8217;Educaci\u00f3 i la Corporaci\u00f3 Catalana de Mitjans Audiovisuals.<\/p>\n<p><a title=\"Arxiu del NO-DO\" href=\"http:\/\/www.rtve.es\/filmoteca\/no-do\/\" target=\"_blank\"><strong>NO-DO\u00a0 <\/strong><\/a>NO-DO, noticieros y documentales pertenecientes al archivo hist\u00f3rico de la Filmoteca Espa\u00f1ola. Todos los v\u00eddeos del NO-DO en<br \/>\nRTVE.es<\/p>\n<p><strong><span style=\"font-size: 10pt;\"><a href=\"http:\/\/www.teachertube.com\/\" target=\"_blank\">TeacherTube<\/a><\/span><\/strong><br \/>\nV\u00eddeos de car\u00e0cter educatiu, majorit\u00e0riament en angl\u00e8s.<\/p>\n<p><strong><a title=\"youtube.com\/education\" href=\"http:\/\/www.youtube.com\/education\" target=\"_blank\">YouTube. Education<\/a><\/strong><br \/>\nServei de v\u00eddeos de Youtube classificats per nivells i temes. Els v\u00eddeos estan seleccionats en funci\u00f3 de la seva aplicaci\u00f3 did\u00e0ctica.<\/p>\n<p><a title=\"youtube teachers\" href=\"http:\/\/www.youtube.com\/teachers\" target=\"_blank\"><strong>Youtube.Teachers <\/strong><\/a>Inclou m\u00e9s de 700.000 v\u00eddeos educatius d&#8217;alta qualitat. Hi ha v\u00eddeos des de la astrof\u00edsica fins a la zoologia<\/p>\n<p><strong><a title=\"como funcionan las cosas\" href=\"http:\/\/www.youtube.com\/playlist?list=PL687CA85771A4D7D2\" target=\"_blank\">Como funcionan las cosas<\/a> <\/strong>Sobre la serie animada acerca de la tecnolog\u00eda&#8230; Videos animados sobre el funcionamiento de las m\u00e1quina<\/p>\n<p><strong><a title=\"docuciencia\" href=\"http:\/\/www.docuciencia.es\/\" target=\"_blank\">Docuciencia<\/a><\/strong> Bloc de divulgaci\u00f3 cient\u00edfica amb els m\u00e9s importantes documentales cient\u00edfics (en castell\u00e0)<\/p>\n<p><strong><a title=\"histotube\" href=\"http:\/\/histotube.blogspot.com.es\/\" target=\"_blank\">Histotube.cat <\/a><\/strong><br \/>\nPortal de v\u00eddeos d&#8217;hist\u00f2ria i patrimoni en llengua catalana.<\/p>\n<p><a title=\"The Periodic Table of Videos\" href=\"http:\/\/www.periodicvideos.com\/#\" target=\"_blank\"><strong>The Periodic Table Of Videos<\/strong><\/a><br \/>\nProjecte de la Universitat de Nottigham entorn dels elements qu\u00edmics. Han redissenyat la taula peri\u00f2dica en una versi\u00f3 web on cada element cont\u00e9 un v\u00eddeo explicatiu de las caracter\u00edstiques, propietats i les seves aplicacions<\/p>\n<p><strong><a title=\"namanthis\" href=\"http:\/\/namathis.com\/\" target=\"_blank\">Namanthis<\/a><\/strong> Lloc on s&#8217;han seleccionat prop de 10000 v\u00eddeos amb continguts did\u00e0ctics.<\/p>\n<p><strong><span style=\"font-size: 10pt;\"><a href=\"http:\/\/vimeo.com\/\" target=\"_blank\">Vimeo<\/a><\/span><\/strong><br \/>\nV\u00eddeos de totes les tem\u00e0tiques.<\/p>\n<p>&nbsp;<\/p>\n<p>&nbsp;<\/td>\n<\/tr>\n<\/tbody>\n<\/table>\n<p>&nbsp;<\/p>\n","protected":false},"excerpt":{"rendered":"<p>Banc d&#8217;imatges Banco de im\u00e1genes y sonidos Banc d&#8217;imatges i sons d&#8217;\u00fas lliure del Ministeri d&#8217;Educaci\u00f3. Magatzem d&#8217;icones catalanes Icones [&hellip;]<\/p>\n","protected":false},"author":1,"featured_media":0,"parent":2769,"menu_order":0,"comment_status":"closed","ping_status":"closed","template":"page-templates\/side-menu.php","meta":{"_bbp_topic_count":0,"_bbp_reply_count":0,"_bbp_total_topic_count":0,"_bbp_total_reply_count":0,"_bbp_voice_count":0,"_bbp_anonymous_reply_count":0,"_bbp_topic_count_hidden":0,"_bbp_reply_count_hidden":0,"_bbp_forum_subforum_count":0,"site-sidebar-layout":"default","site-content-layout":"","ast-site-content-layout":"","site-content-style":"default","site-sidebar-style":"default","ast-global-header-display":"","ast-banner-title-visibility":"","ast-main-header-display":"","ast-hfb-above-header-display":"","ast-hfb-below-header-display":"","ast-hfb-mobile-header-display":"","site-post-title":"","ast-breadcrumbs-content":"","ast-featured-img":"","footer-sml-layout":"","theme-transparent-header-meta":"","adv-header-id-meta":"","stick-header-meta":"","header-above-stick-meta":"","header-main-stick-meta":"","header-below-stick-meta":"","astra-migrate-meta-layouts":"default","ast-page-background-enabled":"default","ast-page-background-meta":{"desktop":{"background-color":"var(--ast-global-color-4)","background-image":"","background-repeat":"repeat","background-position":"center center","background-size":"auto","background-attachment":"scroll","background-type":"","background-media":"","overlay-type":"","overlay-color":"","overlay-opacity":"","overlay-gradient":""},"tablet":{"background-color":"","background-image":"","background-repeat":"repeat","background-position":"center center","background-size":"auto","background-attachment":"scroll","background-type":"","background-media":"","overlay-type":"","overlay-color":"","overlay-opacity":"","overlay-gradient":""},"mobile":{"background-color":"","background-image":"","background-repeat":"repeat","background-position":"center center","background-size":"auto","background-attachment":"scroll","background-type":"","background-media":"","overlay-type":"","overlay-color":"","overlay-opacity":"","overlay-gradient":""}},"ast-content-background-meta":{"desktop":{"background-color":"var(--ast-global-color-5)","background-image":"","background-repeat":"repeat","background-position":"center center","background-size":"auto","background-attachment":"scroll","background-type":"","background-media":"","overlay-type":"","overlay-color":"","overlay-opacity":"","overlay-gradient":""},"tablet":{"background-color":"var(--ast-global-color-5)","background-image":"","background-repeat":"repeat","background-position":"center center","background-size":"auto","background-attachment":"scroll","background-type":"","background-media":"","overlay-type":"","overlay-color":"","overlay-opacity":"","overlay-gradient":""},"mobile":{"background-color":"var(--ast-global-color-5)","background-image":"","background-repeat":"repeat","background-position":"center center","background-size":"auto","background-attachment":"scroll","background-type":"","background-media":"","overlay-type":"","overlay-color":"","overlay-opacity":"","overlay-gradient":""}},"footnotes":""},"class_list":["post-2675","page","type-page","status-publish","hentry"],"post_mailing_queue_ids":[],"_links":{"self":[{"href":"https:\/\/serveiseducatius.xtec.cat\/badalona\/wp-json\/wp\/v2\/pages\/2675","targetHints":{"allow":["GET"]}}],"collection":[{"href":"https:\/\/serveiseducatius.xtec.cat\/badalona\/wp-json\/wp\/v2\/pages"}],"about":[{"href":"https:\/\/serveiseducatius.xtec.cat\/badalona\/wp-json\/wp\/v2\/types\/page"}],"author":[{"embeddable":true,"href":"https:\/\/serveiseducatius.xtec.cat\/badalona\/wp-json\/wp\/v2\/users\/1"}],"replies":[{"embeddable":true,"href":"https:\/\/serveiseducatius.xtec.cat\/badalona\/wp-json\/wp\/v2\/comments?post=2675"}],"version-history":[{"count":3,"href":"https:\/\/serveiseducatius.xtec.cat\/badalona\/wp-json\/wp\/v2\/pages\/2675\/revisions"}],"predecessor-version":[{"id":4608,"href":"https:\/\/serveiseducatius.xtec.cat\/badalona\/wp-json\/wp\/v2\/pages\/2675\/revisions\/4608"}],"up":[{"embeddable":true,"href":"https:\/\/serveiseducatius.xtec.cat\/badalona\/wp-json\/wp\/v2\/pages\/2769"}],"wp:attachment":[{"href":"https:\/\/serveiseducatius.xtec.cat\/badalona\/wp-json\/wp\/v2\/media?parent=2675"}],"curies":[{"name":"wp","href":"https:\/\/api.w.org\/{rel}","templated":true}]}}