{"id":2674,"date":"2011-10-04T11:46:23","date_gmt":"2011-10-04T10:46:23","guid":{"rendered":"http:\/\/serveiseducatius.xtec.cat\/badalona\/intraweb\/recursos-atles\/"},"modified":"2016-09-15T08:01:27","modified_gmt":"2016-09-15T07:01:27","slug":"recursos-atles","status":"publish","type":"page","link":"https:\/\/serveiseducatius.xtec.cat\/badalona\/recursos\/portal-de-recursos-educatius\/recursos-atles\/","title":{"rendered":"Mapes i atlas"},"content":{"rendered":"<table border=\"0\" width=\"694\">\n<tbody>\n<tr>\n<td width=\"545\">\n<ul>\n<li><span style=\"color: #0070a5; font-family: verdana, arial, helvetica, sans-serif; font-size: medium;\"><strong><a href=\"http:\/\/www.icc.cat\/vissir3\/\" target=\"_blank\"><span style=\"color: #ff3300;\">Institut\u00a0Cartogr\u00e0fic de Catalunya<\/span><\/a><\/strong><\/span><span style=\"font-family: verdana, arial, helvetica, sans-serif; font-size: small;\"><span style=\"font-family: verdana, arial, helvetica, sans-serif; font-size: small;\"><br \/>\n<span style=\"color: #000000;\">Localitzaci\u00f3, visualitzaci\u00f3 i desc\u00e0rrega<br \/>\nde mapes.<\/span><\/span><\/span><\/li>\n<li><span style=\"font-family: verdana, arial, helvetica, sans-serif; font-size: medium;\"><strong><a href=\"http:\/\/www.google.es\/url?sa=t&amp;rct=j&amp;q=google%2Bmaps&amp;source=web&amp;cd=1&amp;ved=0CC8QFjAA&amp;url=http%3A%2F%2Fmaps.google.es%2F&amp;ei=U0SpToCkK4X08QOY-9WSDA&amp;usg=AFQjCNH1IVUDSytjrJh9k6P4SNFpfE-nAg\" target=\"_blank\"><span style=\"color: #ff3300;\">Google\u00a0Maps<\/span><\/a><\/strong><\/span><span style=\"font-family: verdana, arial, helvetica, sans-serif; font-size: small;\"><span style=\"font-family: verdana, arial, helvetica, sans-serif; font-size: small;\"><br \/>\n<span style=\"color: #000000;\">Mapes i imatges de sat\u00e8l\u00b7lit del m\u00f3n.<\/span><\/span><\/span><\/li>\n<li><span style=\"font-family: verdana, arial, helvetica, sans-serif; font-size: medium;\"><strong><a href=\"http:\/\/mercuri.icc.cat\/website\/guia\/carrerer.html\" target=\"_blank\"><span style=\"color: #ff3300;\">Guia\u00a0de Catalunya<\/span><\/a><\/strong><\/span><span style=\"font-family: verdana, arial, helvetica, sans-serif; font-size: small;\"><span style=\"font-family: verdana, arial, helvetica, sans-serif; font-size: small;\"><br \/>\n<span style=\"color: #000000;\">Localitzaci\u00f3 de municipis, carrers i\u00a0altres indrets de Catalunya<\/span><\/span><\/span><\/li>\n<li><span style=\"font-family: verdana, arial, helvetica, sans-serif; font-size: medium;\"><strong><a title=\"mapes a l'xtec\" href=\"http:\/\/www.xtec.cat\/web\/recursos\/socials\/mapes\" target=\"_blank\"><span style=\"color: #ff3300;\">Mapes<\/span><\/a><\/strong><\/span><span style=\"font-family: verdana, arial, helvetica, sans-serif; font-size: small;\"><span style=\"font-family: verdana, arial, helvetica, sans-serif; font-size: small;\"><br \/>\n<span style=\"color: #000000;\">Recull de materials cartogr\u00e0fics de la\u00a0XTEC.<\/span><\/span><\/span><\/li>\n<li><span style=\"font-family: verdana, arial, helvetica, sans-serif; font-size: medium;\"><strong><a title=\"world atles\" href=\"http:\/\/www.worldatlas.com\/\" target=\"_blank\"><span style=\"color: #ff3300;\">World\u00a0Atlas<\/span><\/a><\/strong><\/span><span style=\"font-family: arial, helvetica, sans-serif; font-size: small;\"><span style=\"font-family: verdana, arial, helvetica, sans-serif;\"> <span style=\"color: #000000;\">Atles mundial, amb mapes descarregables.<\/span><\/span><\/span><\/li>\n<\/ul>\n<\/td>\n<td width=\"197\"><\/td>\n<td valign=\"top\"><\/td>\n<\/tr>\n<tr>\n<td><\/td>\n<td><\/td>\n<td valign=\"top\"><\/td>\n<\/tr>\n<\/tbody>\n<\/table>\n<p>&nbsp;<\/p>\n","protected":false},"excerpt":{"rendered":"<p>Institut\u00a0Cartogr\u00e0fic de Catalunya Localitzaci\u00f3, visualitzaci\u00f3 i desc\u00e0rrega de mapes. Google\u00a0Maps Mapes i imatges de sat\u00e8l\u00b7lit del m\u00f3n. Guia\u00a0de Catalunya Localitzaci\u00f3 [&hellip;]<\/p>\n","protected":false},"author":1,"featured_media":0,"parent":2769,"menu_order":0,"comment_status":"closed","ping_status":"closed","template":"page-templates\/side-menu.php","meta":{"_bbp_topic_count":0,"_bbp_reply_count":0,"_bbp_total_topic_count":0,"_bbp_total_reply_count":0,"_bbp_voice_count":0,"_bbp_anonymous_reply_count":0,"_bbp_topic_count_hidden":0,"_bbp_reply_count_hidden":0,"_bbp_forum_subforum_count":0,"site-sidebar-layout":"default","site-content-layout":"","ast-site-content-layout":"","site-content-style":"default","site-sidebar-style":"default","ast-global-header-display":"","ast-banner-title-visibility":"","ast-main-header-display":"","ast-hfb-above-header-display":"","ast-hfb-below-header-display":"","ast-hfb-mobile-header-display":"","site-post-title":"","ast-breadcrumbs-content":"","ast-featured-img":"","footer-sml-layout":"","theme-transparent-header-meta":"","adv-header-id-meta":"","stick-header-meta":"","header-above-stick-meta":"","header-main-stick-meta":"","header-below-stick-meta":"","astra-migrate-meta-layouts":"default","ast-page-background-enabled":"default","ast-page-background-meta":{"desktop":{"background-color":"var(--ast-global-color-4)","background-image":"","background-repeat":"repeat","background-position":"center center","background-size":"auto","background-attachment":"scroll","background-type":"","background-media":"","overlay-type":"","overlay-color":"","overlay-opacity":"","overlay-gradient":""},"tablet":{"background-color":"","background-image":"","background-repeat":"repeat","background-position":"center center","background-size":"auto","background-attachment":"scroll","background-type":"","background-media":"","overlay-type":"","overlay-color":"","overlay-opacity":"","overlay-gradient":""},"mobile":{"background-color":"","background-image":"","background-repeat":"repeat","background-position":"center center","background-size":"auto","background-attachment":"scroll","background-type":"","background-media":"","overlay-type":"","overlay-color":"","overlay-opacity":"","overlay-gradient":""}},"ast-content-background-meta":{"desktop":{"background-color":"var(--ast-global-color-5)","background-image":"","background-repeat":"repeat","background-position":"center center","background-size":"auto","background-attachment":"scroll","background-type":"","background-media":"","overlay-type":"","overlay-color":"","overlay-opacity":"","overlay-gradient":""},"tablet":{"background-color":"var(--ast-global-color-5)","background-image":"","background-repeat":"repeat","background-position":"center center","background-size":"auto","background-attachment":"scroll","background-type":"","background-media":"","overlay-type":"","overlay-color":"","overlay-opacity":"","overlay-gradient":""},"mobile":{"background-color":"var(--ast-global-color-5)","background-image":"","background-repeat":"repeat","background-position":"center center","background-size":"auto","background-attachment":"scroll","background-type":"","background-media":"","overlay-type":"","overlay-color":"","overlay-opacity":"","overlay-gradient":""}},"footnotes":""},"class_list":["post-2674","page","type-page","status-publish","hentry"],"post_mailing_queue_ids":[],"_links":{"self":[{"href":"https:\/\/serveiseducatius.xtec.cat\/badalona\/wp-json\/wp\/v2\/pages\/2674","targetHints":{"allow":["GET"]}}],"collection":[{"href":"https:\/\/serveiseducatius.xtec.cat\/badalona\/wp-json\/wp\/v2\/pages"}],"about":[{"href":"https:\/\/serveiseducatius.xtec.cat\/badalona\/wp-json\/wp\/v2\/types\/page"}],"author":[{"embeddable":true,"href":"https:\/\/serveiseducatius.xtec.cat\/badalona\/wp-json\/wp\/v2\/users\/1"}],"replies":[{"embeddable":true,"href":"https:\/\/serveiseducatius.xtec.cat\/badalona\/wp-json\/wp\/v2\/comments?post=2674"}],"version-history":[{"count":3,"href":"https:\/\/serveiseducatius.xtec.cat\/badalona\/wp-json\/wp\/v2\/pages\/2674\/revisions"}],"predecessor-version":[{"id":4591,"href":"https:\/\/serveiseducatius.xtec.cat\/badalona\/wp-json\/wp\/v2\/pages\/2674\/revisions\/4591"}],"up":[{"embeddable":true,"href":"https:\/\/serveiseducatius.xtec.cat\/badalona\/wp-json\/wp\/v2\/pages\/2769"}],"wp:attachment":[{"href":"https:\/\/serveiseducatius.xtec.cat\/badalona\/wp-json\/wp\/v2\/media?parent=2674"}],"curies":[{"name":"wp","href":"https:\/\/api.w.org\/{rel}","templated":true}]}}