{"id":2673,"date":"2011-10-04T09:52:36","date_gmt":"2011-10-04T08:52:36","guid":{"rendered":"http:\/\/serveiseducatius.xtec.cat\/badalona\/intraweb\/recursos-enciclopedies-diccionaris-i-traductors\/"},"modified":"2025-01-22T13:19:08","modified_gmt":"2025-01-22T12:19:08","slug":"recursos-enciclopedies-diccionaris-i-traductors","status":"publish","type":"page","link":"https:\/\/serveiseducatius.xtec.cat\/badalona\/recursos\/portal-de-recursos-educatius\/recursos-enciclopedies-diccionaris-i-traductors\/","title":{"rendered":"Enciclop\u00e8dies, diccionaris i traductors"},"content":{"rendered":"<p>&nbsp;<\/p>\n<table class=\" htmtableborders\" style=\"display: table; height: 977px; width: 765px;\" border=\"0\">\n<tbody>\n<tr>\n<td><strong>Enciclop\u00e8dies<\/strong><\/td>\n<td rowspan=\"2\">\n<p><img decoding=\"async\" style=\"height: 105px; width: 92px;\" src=\"http:\/\/upload.wikimedia.org\/wikipedia\/commons\/thumb\/4\/41\/Wikipedia-logo-v2-ca.svg\/135px-Wikipedia-logo-v2-ca.svg.png\" \/><\/p>\n<p>&nbsp;<\/p>\n<p>&nbsp;<\/p>\n<p>&nbsp;<\/p>\n<p>&nbsp;<\/p>\n<p>&nbsp;<\/p>\n<\/td>\n<\/tr>\n<tr>\n<td>\n<ul>\n<li><span style=\"font-size: 12px;\"><span style=\"font-family: verdana,geneva,sans-serif;\"><a href=\"http:\/\/www.enciclopedia.cat\/\" target=\"_blank\" rel=\"noopener\"><strong>L&#8217;Enciclopedia Catalana<\/strong><\/a><br \/>\nEdici\u00f3 digital revisada de la Gran Enciclop\u00e8dia Catalana i el Gran Diccionari de la Llengua.<\/span><\/span><\/li>\n<li><span style=\"font-size: 12px;\"><span style=\"font-family: verdana,geneva,sans-serif;\"><a href=\"http:\/\/en.wikipedia.org\/wiki\/Main_Page\" target=\"_blank\" rel=\"noopener\"><strong>Wikipedia, the free encyplopedia<\/strong><\/a><br \/>\nEdici\u00f3 anglesa de l&#8217;enciclop\u00e8dia. De llarg, la que compta amb m\u00e9s articles.<\/span><\/span><\/li>\n<li><span style=\"font-size: 12px;\"><span style=\"font-family: verdana,geneva,sans-serif;\"><a href=\"http:\/\/ca.wikipedia.org\/wiki\/Portada\" target=\"_blank\" rel=\"noopener\"><strong>Viquip\u00e8dia<\/strong><\/a><br \/>\nLa Viquip\u00e8dia \u00e9s una enciclop\u00e8dia elaborada de forma col\u00b7laborativa.<\/span><\/span><\/li>\n<li><span style=\"font-size: 12px;\"><span style=\"font-family: verdana,geneva,sans-serif;\"><a href=\"http:\/\/www.encyclopedia.com\/\" target=\"_blank\" rel=\"noopener\"><strong>Encyclopedia<\/strong><\/a><br \/>\nCerca combinada a diverses enciclop\u00e8dies i diccionaris (en angl\u00e8s).<\/span><\/span><\/li>\n<\/ul>\n<\/td>\n<\/tr>\n<tr>\n<td><span style=\"font-size: 12px;\"><span style=\"font-family: verdana,geneva,sans-serif;\"><strong>Diccionaris<\/strong><\/span><\/span><\/td>\n<td rowspan=\"4\">\n<p>&nbsp;<\/p>\n<p>&nbsp;<\/p>\n<p>&nbsp;<\/p>\n<p>&nbsp;<\/p>\n<p>&nbsp;<\/p>\n<p>&nbsp;<\/p>\n<p>&nbsp;<\/p>\n<p>&nbsp;<\/p>\n<p><span style=\"font-size: 12px;\"><span style=\"font-family: verdana,geneva,sans-serif;\"><img decoding=\"async\" style=\"height: 136px; width: 100px;\" src=\"http:\/\/www.grec.cat\/home\/cel\/multiling\/multi1.jpg\" \/><\/span><\/span><\/p>\n<p><span style=\"font-size: 12px;\"><span style=\"font-family: verdana,geneva,sans-serif;\"><img decoding=\"async\" style=\"height: 37px; width: 139px;\" src=\"http:\/\/www.termcat.cat\/images\/rm-logo02.png\" \/><\/span><\/span><\/p>\n<p>&nbsp;<\/p>\n<\/td>\n<\/tr>\n<tr>\n<td>\n<ul>\n<li><span style=\"font-size: 12px;\"><span style=\"font-family: verdana,geneva,sans-serif;\"><a href=\"http:\/\/dlc.iec.cat\/\" target=\"_blank\" rel=\"noopener\"><strong>Diccionari de la llengua catalana<\/strong><\/a><br \/>\nAcc\u00e9s al diccionari de l&#8217;Institut d&#8217;Estudis Catalans.<\/span><\/span><\/li>\n<li><span style=\"font-size: 12px;\"><span style=\"font-family: verdana,geneva,sans-serif;\"><strong><a href=\"https:\/\/aplicacions.llengua.gencat.cat\/llc\/AppJava\/index.html\" target=\"_blank\" rel=\"noopener\">OPTIMOT<\/a> <\/strong><br \/>\nUn servei de <strong>consultes ling\u00fc\u00edstiques<\/strong>, que ofereix la Direcci\u00f3 General de Pol\u00edtica Ling\u00fc\u00edstica en col\u00b7laboraci\u00f3 amb l&#8217;Institut d&#8217;Estudis Catalans i el Centre de Terminologia TERMCAT.<\/span><\/span><\/li>\n<li><span style=\"font-size: 12px;\"><span style=\"font-family: verdana,geneva,sans-serif;\"><a href=\"http:\/\/www.termcat.cat\/\" target=\"_blank\" rel=\"noopener\"><strong>TermCaT<\/strong><\/a><br \/>\nAcc\u00e9s a diversos diccionaris tem\u00e0tics i a un servei de consultes terminol\u00f2giques en l\u00ednia.<\/span><\/span><\/li>\n<li><span style=\"font-size: 12px;\"><span style=\"font-family: verdana,geneva,sans-serif;\"><a href=\"http:\/\/dcvb.iecat.net\/\" target=\"_blank\" rel=\"noopener\"><strong>Diccionari catal\u00e0-valenci\u00e0-balear<\/strong><\/a><br \/>\nEdici\u00f3 electr\u00f2nica del Diccionari catal\u00e0-valenci\u00e0-balear d\u00e2??A. M. Alcover i F. de B. Moll.<\/span><\/span><\/li>\n<li><span style=\"font-size: 12px;\"><span style=\"font-family: verdana,geneva,sans-serif;\"><a href=\"http:\/\/www.diccionaris.cat\/\" target=\"_blank\" rel=\"noopener\"><strong>Diccionaris.cat<\/strong><\/a><br \/>\nD\u00f3na aAcc\u00e9s a la consulta de diferents diccionaris: catal\u00e0, de sin\u00f2nims, catal\u00e0-castell\u00e0, catal\u00e0-angl\u00e8s i catal\u00e0-franc\u00e8s, de l&#8217;editorial Larousse.<\/span><\/span><\/li>\n<li><span style=\"font-size: 12px;\"><span style=\"font-family: verdana,geneva,sans-serif;\"><strong><a href=\"http:\/\/buscon.rae.es\/draeI\/html\/cabecera.htm\" target=\"_blank\" rel=\"noopener\"><span style=\"color: #ff5500;\">Diccionari de la llengua espa\u00f1ola<\/span><\/a><\/strong><br \/>\nAcc\u00e9s al diccionari de la Real Academia Espa\u00f1ola.<\/span><\/span><\/li>\n<li><span style=\"font-size: 12px;\"><span style=\"font-family: verdana,geneva,sans-serif;\"><a title=\"GOODRAE\" href=\"http:\/\/recursosdidacticos.es\/goodrae\/index.php\" target=\"_blank\" rel=\"noopener\"><strong>Goodrae<\/strong><\/a> Diccionari basat en el Diccionario de la Real Academia Espa\u00f1ola. Es pot utilitzar coma diccionari invers. For\u00e7a \u00fatil per alumnes de prim\u00e0ria<\/span><\/span><\/li>\n<li><span style=\"font-size: 12px;\"><span style=\"font-family: verdana,geneva,sans-serif;\"><a href=\"http:\/\/www.grec.cat\/cgibin\/mlt00.pgm\" target=\"_blank\" rel=\"noopener\"><strong>Diccionari multiling\u00fce<\/strong><\/a><br \/>\nDiccionari catal\u00e0-castell\u00e0-angl\u00e8s-franc\u00e8s-alemany de l&#8217;Enciclop\u00e8dia Catalana.<\/span><\/span><\/li>\n<li><span style=\"font-size: 12px;\"><span style=\"font-family: verdana,geneva,sans-serif;\"><strong><a href=\"http:\/\/www.wordreference.com\/\" target=\"_blank\" rel=\"noopener\"><span style=\"color: #ff5500;\">WordReference<\/span><\/a><\/strong><br \/>\nDiccionari multiling\u00fce<\/span><\/span><\/li>\n<li><a href=\"https:\/\/www.linguee.es\/\">Linguee<\/a><\/li>\n<\/ul>\n<\/td>\n<\/tr>\n<tr>\n<td><span style=\"font-size: 12px;\"><span style=\"font-family: verdana,geneva,sans-serif;\"><strong>Traductors<\/strong><\/span><\/span><\/td>\n<\/tr>\n<tr>\n<td>\n<ul>\n<li>\n<div><span style=\"font-size: 12px;\"><span style=\"font-family: verdana,geneva,sans-serif;\"><strong><a title=\"TRADUCTOR DE GOOGLE\" href=\"http:\/\/translate.google.com\/?hl=es\" target=\"_blank\" rel=\"noopener\">Traductor de Google<\/a><\/strong><br \/>\nTraductor multiling\u00fce<\/span><\/span><\/div>\n<\/li>\n<li>\n<div><span style=\"font-size: 12px;\"><span style=\"font-family: verdana,geneva,sans-serif;\"><a href=\"http:\/\/llengua.gencat.cat\/ca\/eines_i_serveis\/traduccio-automatica-en-linia\/\" target=\"_blank\" rel=\"noopener\"><strong>Traductor de la Generalitat de Catalunya<\/strong><\/a><br \/>\nTraductor autom\u00e0tic<\/span><\/span><\/div>\n<\/li>\n<li><span style=\"font-size: 12px;\"><span style=\"font-family: verdana,geneva,sans-serif;\"><strong><a title=\"Traducci\u00f3 anotada del xin\u00e8s\" href=\"http:\/\/www.chino-china.com\/herramientas\/anotaciones.html\" target=\"_blank\" rel=\"noopener\">Traducci\u00f3 anotada del xin\u00e8s<\/a><\/strong><\/span><\/span><\/li>\n<li><span style=\"font-size: 12px;\"><span style=\"font-family: verdana,geneva,sans-serif;\"><a title=\"traductor multiling\u00fce per a nens i nenes\" href=\"http:\/\/www.logos.it\/lang\/transl_ca.html\" target=\"_blank\" rel=\"noopener\"><strong>T<span style=\"color: #ff5500;\">raductor multiling\u00fce per a nens i nenes<\/span><\/strong><\/a><\/span><\/span><\/li>\n<\/ul>\n<\/td>\n<\/tr>\n<\/tbody>\n<\/table>\n<p>&nbsp;<\/p>\n<p>&nbsp;<\/p>\n<p>&nbsp;<\/p>\n","protected":false},"excerpt":{"rendered":"<p>&nbsp; Enciclop\u00e8dies &nbsp; &nbsp; &nbsp; &nbsp; &nbsp; L&#8217;Enciclopedia Catalana Edici\u00f3 digital revisada de la Gran Enciclop\u00e8dia Catalana i el Gran [&hellip;]<\/p>\n","protected":false},"author":1,"featured_media":0,"parent":2769,"menu_order":0,"comment_status":"closed","ping_status":"closed","template":"","meta":{"_bbp_topic_count":0,"_bbp_reply_count":0,"_bbp_total_topic_count":0,"_bbp_total_reply_count":0,"_bbp_voice_count":0,"_bbp_anonymous_reply_count":0,"_bbp_topic_count_hidden":0,"_bbp_reply_count_hidden":0,"_bbp_forum_subforum_count":0,"site-sidebar-layout":"default","site-content-layout":"","ast-site-content-layout":"default","site-content-style":"default","site-sidebar-style":"default","ast-global-header-display":"","ast-banner-title-visibility":"","ast-main-header-display":"","ast-hfb-above-header-display":"","ast-hfb-below-header-display":"","ast-hfb-mobile-header-display":"","site-post-title":"","ast-breadcrumbs-content":"","ast-featured-img":"","footer-sml-layout":"","theme-transparent-header-meta":"default","adv-header-id-meta":"","stick-header-meta":"","header-above-stick-meta":"","header-main-stick-meta":"","header-below-stick-meta":"","astra-migrate-meta-layouts":"set","ast-page-background-enabled":"default","ast-page-background-meta":{"desktop":{"background-color":"var(--ast-global-color-4)","background-image":"","background-repeat":"repeat","background-position":"center center","background-size":"auto","background-attachment":"scroll","background-type":"","background-media":"","overlay-type":"","overlay-color":"","overlay-opacity":"","overlay-gradient":""},"tablet":{"background-color":"","background-image":"","background-repeat":"repeat","background-position":"center center","background-size":"auto","background-attachment":"scroll","background-type":"","background-media":"","overlay-type":"","overlay-color":"","overlay-opacity":"","overlay-gradient":""},"mobile":{"background-color":"","background-image":"","background-repeat":"repeat","background-position":"center center","background-size":"auto","background-attachment":"scroll","background-type":"","background-media":"","overlay-type":"","overlay-color":"","overlay-opacity":"","overlay-gradient":""}},"ast-content-background-meta":{"desktop":{"background-color":"var(--ast-global-color-5)","background-image":"","background-repeat":"repeat","background-position":"center center","background-size":"auto","background-attachment":"scroll","background-type":"","background-media":"","overlay-type":"","overlay-color":"","overlay-opacity":"","overlay-gradient":""},"tablet":{"background-color":"var(--ast-global-color-5)","background-image":"","background-repeat":"repeat","background-position":"center center","background-size":"auto","background-attachment":"scroll","background-type":"","background-media":"","overlay-type":"","overlay-color":"","overlay-opacity":"","overlay-gradient":""},"mobile":{"background-color":"var(--ast-global-color-5)","background-image":"","background-repeat":"repeat","background-position":"center center","background-size":"auto","background-attachment":"scroll","background-type":"","background-media":"","overlay-type":"","overlay-color":"","overlay-opacity":"","overlay-gradient":""}},"footnotes":""},"class_list":["post-2673","page","type-page","status-publish","hentry"],"post_mailing_queue_ids":[],"_links":{"self":[{"href":"https:\/\/serveiseducatius.xtec.cat\/badalona\/wp-json\/wp\/v2\/pages\/2673","targetHints":{"allow":["GET"]}}],"collection":[{"href":"https:\/\/serveiseducatius.xtec.cat\/badalona\/wp-json\/wp\/v2\/pages"}],"about":[{"href":"https:\/\/serveiseducatius.xtec.cat\/badalona\/wp-json\/wp\/v2\/types\/page"}],"author":[{"embeddable":true,"href":"https:\/\/serveiseducatius.xtec.cat\/badalona\/wp-json\/wp\/v2\/users\/1"}],"replies":[{"embeddable":true,"href":"https:\/\/serveiseducatius.xtec.cat\/badalona\/wp-json\/wp\/v2\/comments?post=2673"}],"version-history":[{"count":5,"href":"https:\/\/serveiseducatius.xtec.cat\/badalona\/wp-json\/wp\/v2\/pages\/2673\/revisions"}],"predecessor-version":[{"id":24367,"href":"https:\/\/serveiseducatius.xtec.cat\/badalona\/wp-json\/wp\/v2\/pages\/2673\/revisions\/24367"}],"up":[{"embeddable":true,"href":"https:\/\/serveiseducatius.xtec.cat\/badalona\/wp-json\/wp\/v2\/pages\/2769"}],"wp:attachment":[{"href":"https:\/\/serveiseducatius.xtec.cat\/badalona\/wp-json\/wp\/v2\/media?parent=2673"}],"curies":[{"name":"wp","href":"https:\/\/api.w.org\/{rel}","templated":true}]}}