{"id":23973,"date":"2025-01-09T15:49:41","date_gmt":"2025-01-09T14:49:41","guid":{"rendered":"https:\/\/serveiseducatius.xtec.cat\/badalona\/?page_id=23973"},"modified":"2025-01-15T11:38:30","modified_gmt":"2025-01-15T10:38:30","slug":"tastet-10-esporgada-i-orientacions-de-seleccio-de-recursos","status":"publish","type":"page","link":"https:\/\/serveiseducatius.xtec.cat\/badalona\/tastet-10-esporgada-i-orientacions-de-seleccio-de-recursos\/","title":{"rendered":"Tastet 10: Esporgada i orientacions de selecci\u00f3 de recursos"},"content":{"rendered":"<p><a href=\"https:\/\/docs.google.com\/forms\/d\/1iqSg0j3dNRr0AjlAbeOanf8Ks7KwQpO6iS8YukZ6rg0\/edit?usp=sharing\" target=\"_blank\" rel=\"noopener\"><img loading=\"lazy\" decoding=\"async\" class=\"wp-image-24014 alignleft\" src=\"https:\/\/serveiseducatius.xtec.cat\/badalona\/wp-content\/uploads\/usu1088\/2025\/01\/Esporgada.png\" alt=\"\" width=\"260\" height=\"260\" srcset=\"https:\/\/serveiseducatius.xtec.cat\/badalona\/wp-content\/uploads\/usu1088\/2025\/01\/Esporgada.png 500w, https:\/\/serveiseducatius.xtec.cat\/badalona\/wp-content\/uploads\/usu1088\/2025\/01\/Esporgada-300x300.png 300w, https:\/\/serveiseducatius.xtec.cat\/badalona\/wp-content\/uploads\/usu1088\/2025\/01\/Esporgada-150x150.png 150w\" sizes=\"auto, (max-width: 260px) 100vw, 260px\" \/><\/a>Tenir una bona col\u00b7lecci\u00f3 de materials a l&#8217;abast de l&#8217;alumnat \u00e9s el primer pas per potenciar la lectura al centre. Per\u00f2 no tot val a l&#8217;hora de seleccionar llibres i netejar les col\u00b7leccions. Descobreix els principals recursos per fer la selecci\u00f3 i les passes per mantenir una col\u00b7lecci\u00f3 de qualitat per mitj\u00e0 de l&#8217;esporgada del fons. Adre\u00e7at a centres de prim\u00e0ria i secund\u00e0ria.<\/p>\n<p><strong><a href=\"https:\/\/docs.google.com\/forms\/d\/e\/1FAIpQLSdhEcZMBDedTY45iubakmVZSZ0C4CkPK2O34KPcN4gQ2soXXA\/viewform\" target=\"_blank\" rel=\"noopener noreferrer\">Formulari<\/a><a href=\"https:\/\/docs.google.com\/forms\/d\/e\/1FAIpQLSdhEcZMBDedTY45iubakmVZSZ0C4CkPK2O34KPcN4gQ2soXXA\/viewform\" target=\"_blank\" rel=\"noopener noreferrer\"> de sol\u00b7licitud<\/a><\/strong><\/p>\n","protected":false},"excerpt":{"rendered":"<p>Tenir una bona col\u00b7lecci\u00f3 de materials a l&#8217;abast de l&#8217;alumnat \u00e9s el primer pas per potenciar la lectura al centre. [&hellip;]<\/p>\n","protected":false},"author":49,"featured_media":0,"parent":0,"menu_order":0,"comment_status":"closed","ping_status":"closed","template":"","meta":{"_bbp_topic_count":0,"_bbp_reply_count":0,"_bbp_total_topic_count":0,"_bbp_total_reply_count":0,"_bbp_voice_count":0,"_bbp_anonymous_reply_count":0,"_bbp_topic_count_hidden":0,"_bbp_reply_count_hidden":0,"_bbp_forum_subforum_count":0,"site-sidebar-layout":"default","site-content-layout":"","ast-site-content-layout":"","site-content-style":"default","site-sidebar-style":"default","ast-global-header-display":"","ast-banner-title-visibility":"","ast-main-header-display":"","ast-hfb-above-header-display":"","ast-hfb-below-header-display":"","ast-hfb-mobile-header-display":"","site-post-title":"","ast-breadcrumbs-content":"","ast-featured-img":"","footer-sml-layout":"","theme-transparent-header-meta":"","adv-header-id-meta":"","stick-header-meta":"","header-above-stick-meta":"","header-main-stick-meta":"","header-below-stick-meta":"","astra-migrate-meta-layouts":"default","ast-page-background-enabled":"default","ast-page-background-meta":{"desktop":{"background-color":"var(--ast-global-color-4)","background-image":"","background-repeat":"repeat","background-position":"center center","background-size":"auto","background-attachment":"scroll","background-type":"","background-media":"","overlay-type":"","overlay-color":"","overlay-opacity":"","overlay-gradient":""},"tablet":{"background-color":"","background-image":"","background-repeat":"repeat","background-position":"center center","background-size":"auto","background-attachment":"scroll","background-type":"","background-media":"","overlay-type":"","overlay-color":"","overlay-opacity":"","overlay-gradient":""},"mobile":{"background-color":"","background-image":"","background-repeat":"repeat","background-position":"center center","background-size":"auto","background-attachment":"scroll","background-type":"","background-media":"","overlay-type":"","overlay-color":"","overlay-opacity":"","overlay-gradient":""}},"ast-content-background-meta":{"desktop":{"background-color":"var(--ast-global-color-5)","background-image":"","background-repeat":"repeat","background-position":"center center","background-size":"auto","background-attachment":"scroll","background-type":"","background-media":"","overlay-type":"","overlay-color":"","overlay-opacity":"","overlay-gradient":""},"tablet":{"background-color":"var(--ast-global-color-5)","background-image":"","background-repeat":"repeat","background-position":"center center","background-size":"auto","background-attachment":"scroll","background-type":"","background-media":"","overlay-type":"","overlay-color":"","overlay-opacity":"","overlay-gradient":""},"mobile":{"background-color":"var(--ast-global-color-5)","background-image":"","background-repeat":"repeat","background-position":"center center","background-size":"auto","background-attachment":"scroll","background-type":"","background-media":"","overlay-type":"","overlay-color":"","overlay-opacity":"","overlay-gradient":""}},"footnotes":""},"class_list":["post-23973","page","type-page","status-publish","hentry"],"post_mailing_queue_ids":[],"_links":{"self":[{"href":"https:\/\/serveiseducatius.xtec.cat\/badalona\/wp-json\/wp\/v2\/pages\/23973","targetHints":{"allow":["GET"]}}],"collection":[{"href":"https:\/\/serveiseducatius.xtec.cat\/badalona\/wp-json\/wp\/v2\/pages"}],"about":[{"href":"https:\/\/serveiseducatius.xtec.cat\/badalona\/wp-json\/wp\/v2\/types\/page"}],"author":[{"embeddable":true,"href":"https:\/\/serveiseducatius.xtec.cat\/badalona\/wp-json\/wp\/v2\/users\/49"}],"replies":[{"embeddable":true,"href":"https:\/\/serveiseducatius.xtec.cat\/badalona\/wp-json\/wp\/v2\/comments?post=23973"}],"version-history":[{"count":4,"href":"https:\/\/serveiseducatius.xtec.cat\/badalona\/wp-json\/wp\/v2\/pages\/23973\/revisions"}],"predecessor-version":[{"id":24174,"href":"https:\/\/serveiseducatius.xtec.cat\/badalona\/wp-json\/wp\/v2\/pages\/23973\/revisions\/24174"}],"wp:attachment":[{"href":"https:\/\/serveiseducatius.xtec.cat\/badalona\/wp-json\/wp\/v2\/media?parent=23973"}],"curies":[{"name":"wp","href":"https:\/\/api.w.org\/{rel}","templated":true}]}}