{"id":23965,"date":"2025-01-09T15:45:11","date_gmt":"2025-01-09T14:45:11","guid":{"rendered":"https:\/\/serveiseducatius.xtec.cat\/badalona\/?page_id=23965"},"modified":"2025-01-15T11:39:11","modified_gmt":"2025-01-15T10:39:11","slug":"tastet-7-talladora-laser","status":"publish","type":"page","link":"https:\/\/serveiseducatius.xtec.cat\/badalona\/tastet-7-talladora-laser\/","title":{"rendered":"Tastet 7: Talladora l\u00e0ser"},"content":{"rendered":"<p><a href=\"https:\/\/docs.google.com\/forms\/d\/1iqSg0j3dNRr0AjlAbeOanf8Ks7KwQpO6iS8YukZ6rg0\/edit?usp=sharing\" target=\"_blank\" rel=\"noopener\"><img loading=\"lazy\" decoding=\"async\" class=\" wp-image-24021 alignleft\" src=\"https:\/\/serveiseducatius.xtec.cat\/badalona\/wp-content\/uploads\/usu1088\/2025\/01\/Talladora-laser.png\" alt=\"\" width=\"317\" height=\"317\" srcset=\"https:\/\/serveiseducatius.xtec.cat\/badalona\/wp-content\/uploads\/usu1088\/2025\/01\/Talladora-laser.png 500w, https:\/\/serveiseducatius.xtec.cat\/badalona\/wp-content\/uploads\/usu1088\/2025\/01\/Talladora-laser-300x300.png 300w, https:\/\/serveiseducatius.xtec.cat\/badalona\/wp-content\/uploads\/usu1088\/2025\/01\/Talladora-laser-150x150.png 150w\" sizes=\"auto, (max-width: 317px) 100vw, 317px\" \/><\/a>El tastet consisteix a con\u00e8ixer el funcionament de la talladora l\u00e0ser XTool S1, aix\u00ed com aprendre a fer una producci\u00f3.<\/p>\n<p>Aquest tast es dur\u00e0 a terme <strong><span style=\"font-size: 18pt;\">a partir del 3r trimestre<\/span>.<\/strong><\/p>\n<p style=\"text-align: left;\"><strong><a href=\"https:\/\/docs.google.com\/forms\/d\/e\/1FAIpQLSdhEcZMBDedTY45iubakmVZSZ0C4CkPK2O34KPcN4gQ2soXXA\/viewform\" target=\"_blank\" rel=\"noopener noreferrer\">Formulari<\/a><a href=\"https:\/\/docs.google.com\/forms\/d\/1iqSg0j3dNRr0AjlAbeOanf8Ks7KwQpO6iS8YukZ6rg0\/edit?usp=sharing\" target=\"_blank\" rel=\"noopener noreferrer\"> de sol\u00b7licitud<\/a><\/strong> <a href=\"https:\/\/docs.google.com\/forms\/d\/1iqSg0j3dNRr0AjlAbeOanf8Ks7KwQpO6iS8YukZ6rg0\/edit?usp=sharing\" target=\"_blank\" rel=\"noopener\"><img loading=\"lazy\" decoding=\"async\" class=\"size-full wp-image-24005 aligncenter\" src=\"https:\/\/serveiseducatius.xtec.cat\/badalona\/wp-content\/uploads\/usu1088\/2025\/01\/xtool.png\" alt=\"\" width=\"480\" height=\"277\" srcset=\"https:\/\/serveiseducatius.xtec.cat\/badalona\/wp-content\/uploads\/usu1088\/2025\/01\/xtool.png 480w, https:\/\/serveiseducatius.xtec.cat\/badalona\/wp-content\/uploads\/usu1088\/2025\/01\/xtool-300x173.png 300w\" sizes=\"auto, (max-width: 480px) 100vw, 480px\" \/><\/a><\/p>\n","protected":false},"excerpt":{"rendered":"<p>El tastet consisteix a con\u00e8ixer el funcionament de la talladora l\u00e0ser XTool S1, aix\u00ed com aprendre a fer una producci\u00f3. [&hellip;]<\/p>\n","protected":false},"author":49,"featured_media":0,"parent":0,"menu_order":0,"comment_status":"closed","ping_status":"closed","template":"","meta":{"_bbp_topic_count":0,"_bbp_reply_count":0,"_bbp_total_topic_count":0,"_bbp_total_reply_count":0,"_bbp_voice_count":0,"_bbp_anonymous_reply_count":0,"_bbp_topic_count_hidden":0,"_bbp_reply_count_hidden":0,"_bbp_forum_subforum_count":0,"site-sidebar-layout":"default","site-content-layout":"","ast-site-content-layout":"","site-content-style":"default","site-sidebar-style":"default","ast-global-header-display":"","ast-banner-title-visibility":"","ast-main-header-display":"","ast-hfb-above-header-display":"","ast-hfb-below-header-display":"","ast-hfb-mobile-header-display":"","site-post-title":"","ast-breadcrumbs-content":"","ast-featured-img":"","footer-sml-layout":"","theme-transparent-header-meta":"","adv-header-id-meta":"","stick-header-meta":"","header-above-stick-meta":"","header-main-stick-meta":"","header-below-stick-meta":"","astra-migrate-meta-layouts":"default","ast-page-background-enabled":"default","ast-page-background-meta":{"desktop":{"background-color":"var(--ast-global-color-4)","background-image":"","background-repeat":"repeat","background-position":"center center","background-size":"auto","background-attachment":"scroll","background-type":"","background-media":"","overlay-type":"","overlay-color":"","overlay-opacity":"","overlay-gradient":""},"tablet":{"background-color":"","background-image":"","background-repeat":"repeat","background-position":"center center","background-size":"auto","background-attachment":"scroll","background-type":"","background-media":"","overlay-type":"","overlay-color":"","overlay-opacity":"","overlay-gradient":""},"mobile":{"background-color":"","background-image":"","background-repeat":"repeat","background-position":"center center","background-size":"auto","background-attachment":"scroll","background-type":"","background-media":"","overlay-type":"","overlay-color":"","overlay-opacity":"","overlay-gradient":""}},"ast-content-background-meta":{"desktop":{"background-color":"var(--ast-global-color-5)","background-image":"","background-repeat":"repeat","background-position":"center center","background-size":"auto","background-attachment":"scroll","background-type":"","background-media":"","overlay-type":"","overlay-color":"","overlay-opacity":"","overlay-gradient":""},"tablet":{"background-color":"var(--ast-global-color-5)","background-image":"","background-repeat":"repeat","background-position":"center center","background-size":"auto","background-attachment":"scroll","background-type":"","background-media":"","overlay-type":"","overlay-color":"","overlay-opacity":"","overlay-gradient":""},"mobile":{"background-color":"var(--ast-global-color-5)","background-image":"","background-repeat":"repeat","background-position":"center center","background-size":"auto","background-attachment":"scroll","background-type":"","background-media":"","overlay-type":"","overlay-color":"","overlay-opacity":"","overlay-gradient":""}},"footnotes":""},"class_list":["post-23965","page","type-page","status-publish","hentry"],"post_mailing_queue_ids":[],"_links":{"self":[{"href":"https:\/\/serveiseducatius.xtec.cat\/badalona\/wp-json\/wp\/v2\/pages\/23965","targetHints":{"allow":["GET"]}}],"collection":[{"href":"https:\/\/serveiseducatius.xtec.cat\/badalona\/wp-json\/wp\/v2\/pages"}],"about":[{"href":"https:\/\/serveiseducatius.xtec.cat\/badalona\/wp-json\/wp\/v2\/types\/page"}],"author":[{"embeddable":true,"href":"https:\/\/serveiseducatius.xtec.cat\/badalona\/wp-json\/wp\/v2\/users\/49"}],"replies":[{"embeddable":true,"href":"https:\/\/serveiseducatius.xtec.cat\/badalona\/wp-json\/wp\/v2\/comments?post=23965"}],"version-history":[{"count":6,"href":"https:\/\/serveiseducatius.xtec.cat\/badalona\/wp-json\/wp\/v2\/pages\/23965\/revisions"}],"predecessor-version":[{"id":24177,"href":"https:\/\/serveiseducatius.xtec.cat\/badalona\/wp-json\/wp\/v2\/pages\/23965\/revisions\/24177"}],"wp:attachment":[{"href":"https:\/\/serveiseducatius.xtec.cat\/badalona\/wp-json\/wp\/v2\/media?parent=23965"}],"curies":[{"name":"wp","href":"https:\/\/api.w.org\/{rel}","templated":true}]}}