{"id":23955,"date":"2025-01-09T14:08:33","date_gmt":"2025-01-09T13:08:33","guid":{"rendered":"https:\/\/serveiseducatius.xtec.cat\/badalona\/?page_id=23955"},"modified":"2025-01-15T11:37:18","modified_gmt":"2025-01-15T10:37:18","slug":"tastet-2-radio-avancat","status":"publish","type":"page","link":"https:\/\/serveiseducatius.xtec.cat\/badalona\/tastet-2-radio-avancat\/","title":{"rendered":"Tastet 2: R\u00e0dio avan\u00e7at"},"content":{"rendered":"<p><span style=\"font-weight: 400;\"><a href=\"https:\/\/docs.google.com\/forms\/d\/1iqSg0j3dNRr0AjlAbeOanf8Ks7KwQpO6iS8YukZ6rg0\/edit?usp=sharing\" target=\"_blank\" rel=\"noopener\"><img loading=\"lazy\" decoding=\"async\" class=\"wp-image-24019 alignleft\" src=\"https:\/\/serveiseducatius.xtec.cat\/badalona\/wp-content\/uploads\/usu1088\/2025\/01\/Radio-edicio-audio.png\" alt=\"\" width=\"322\" height=\"322\" srcset=\"https:\/\/serveiseducatius.xtec.cat\/badalona\/wp-content\/uploads\/usu1088\/2025\/01\/Radio-edicio-audio.png 500w, https:\/\/serveiseducatius.xtec.cat\/badalona\/wp-content\/uploads\/usu1088\/2025\/01\/Radio-edicio-audio-300x300.png 300w, https:\/\/serveiseducatius.xtec.cat\/badalona\/wp-content\/uploads\/usu1088\/2025\/01\/Radio-edicio-audio-150x150.png 150w\" sizes=\"auto, (max-width: 322px) 100vw, 322px\" \/><\/a>El tastet consisteix a donar a con\u00e8ixer l\u2019<strong>Audacity<\/strong> i que el personal docent treballi amb el programa. <\/span><\/p>\n<p><span style=\"font-weight: 400;\">A partir d\u2019un fragment d\u2019una entrevista a en David Bueno, els docents, en parelles o grups de tres, redactaran una breu presentaci\u00f3, i un acomiadament pel fragment d\u2019entrevista presentat. Despr\u00e9s l\u2019hauran d\u2019enregistrar per finalment fer el muntatge amb l\u2019Audacity, combinant els diferents \u00e0udios, introduint m\u00fasica i incloent-hi algun efecte. Generalment, aquest tastet t\u00e9 lloc despr\u00e9s que el centre hagi realitzat el <em>Tastet 1: R\u00e0dio inicial<\/em>, i el principal objectiu \u00e9s veure la senzillesa d\u2019\u00fas del programa Audacity.<\/span><\/p>\n<p><a href=\"https:\/\/docs.google.com\/forms\/d\/e\/1FAIpQLSdhEcZMBDedTY45iubakmVZSZ0C4CkPK2O34KPcN4gQ2soXXA\/viewform\" target=\"_blank\" rel=\"noopener\">Formulari d&#8217;inscripci\u00f3<\/a><\/p>\n","protected":false},"excerpt":{"rendered":"<p>El tastet consisteix a donar a con\u00e8ixer l\u2019Audacity i que el personal docent treballi amb el programa. A partir d\u2019un [&hellip;]<\/p>\n","protected":false},"author":49,"featured_media":0,"parent":0,"menu_order":0,"comment_status":"closed","ping_status":"closed","template":"","meta":{"_bbp_topic_count":0,"_bbp_reply_count":0,"_bbp_total_topic_count":0,"_bbp_total_reply_count":0,"_bbp_voice_count":0,"_bbp_anonymous_reply_count":0,"_bbp_topic_count_hidden":0,"_bbp_reply_count_hidden":0,"_bbp_forum_subforum_count":0,"site-sidebar-layout":"default","site-content-layout":"","ast-site-content-layout":"","site-content-style":"default","site-sidebar-style":"default","ast-global-header-display":"","ast-banner-title-visibility":"","ast-main-header-display":"","ast-hfb-above-header-display":"","ast-hfb-below-header-display":"","ast-hfb-mobile-header-display":"","site-post-title":"","ast-breadcrumbs-content":"","ast-featured-img":"","footer-sml-layout":"","theme-transparent-header-meta":"","adv-header-id-meta":"","stick-header-meta":"","header-above-stick-meta":"","header-main-stick-meta":"","header-below-stick-meta":"","astra-migrate-meta-layouts":"default","ast-page-background-enabled":"default","ast-page-background-meta":{"desktop":{"background-color":"var(--ast-global-color-4)","background-image":"","background-repeat":"repeat","background-position":"center center","background-size":"auto","background-attachment":"scroll","background-type":"","background-media":"","overlay-type":"","overlay-color":"","overlay-opacity":"","overlay-gradient":""},"tablet":{"background-color":"","background-image":"","background-repeat":"repeat","background-position":"center center","background-size":"auto","background-attachment":"scroll","background-type":"","background-media":"","overlay-type":"","overlay-color":"","overlay-opacity":"","overlay-gradient":""},"mobile":{"background-color":"","background-image":"","background-repeat":"repeat","background-position":"center center","background-size":"auto","background-attachment":"scroll","background-type":"","background-media":"","overlay-type":"","overlay-color":"","overlay-opacity":"","overlay-gradient":""}},"ast-content-background-meta":{"desktop":{"background-color":"var(--ast-global-color-5)","background-image":"","background-repeat":"repeat","background-position":"center center","background-size":"auto","background-attachment":"scroll","background-type":"","background-media":"","overlay-type":"","overlay-color":"","overlay-opacity":"","overlay-gradient":""},"tablet":{"background-color":"var(--ast-global-color-5)","background-image":"","background-repeat":"repeat","background-position":"center center","background-size":"auto","background-attachment":"scroll","background-type":"","background-media":"","overlay-type":"","overlay-color":"","overlay-opacity":"","overlay-gradient":""},"mobile":{"background-color":"var(--ast-global-color-5)","background-image":"","background-repeat":"repeat","background-position":"center center","background-size":"auto","background-attachment":"scroll","background-type":"","background-media":"","overlay-type":"","overlay-color":"","overlay-opacity":"","overlay-gradient":""}},"footnotes":""},"class_list":["post-23955","page","type-page","status-publish","hentry"],"post_mailing_queue_ids":[],"_links":{"self":[{"href":"https:\/\/serveiseducatius.xtec.cat\/badalona\/wp-json\/wp\/v2\/pages\/23955","targetHints":{"allow":["GET"]}}],"collection":[{"href":"https:\/\/serveiseducatius.xtec.cat\/badalona\/wp-json\/wp\/v2\/pages"}],"about":[{"href":"https:\/\/serveiseducatius.xtec.cat\/badalona\/wp-json\/wp\/v2\/types\/page"}],"author":[{"embeddable":true,"href":"https:\/\/serveiseducatius.xtec.cat\/badalona\/wp-json\/wp\/v2\/users\/49"}],"replies":[{"embeddable":true,"href":"https:\/\/serveiseducatius.xtec.cat\/badalona\/wp-json\/wp\/v2\/comments?post=23955"}],"version-history":[{"count":5,"href":"https:\/\/serveiseducatius.xtec.cat\/badalona\/wp-json\/wp\/v2\/pages\/23955\/revisions"}],"predecessor-version":[{"id":24173,"href":"https:\/\/serveiseducatius.xtec.cat\/badalona\/wp-json\/wp\/v2\/pages\/23955\/revisions\/24173"}],"wp:attachment":[{"href":"https:\/\/serveiseducatius.xtec.cat\/badalona\/wp-json\/wp\/v2\/media?parent=23955"}],"curies":[{"name":"wp","href":"https:\/\/api.w.org\/{rel}","templated":true}]}}