{"id":21359,"date":"2024-02-04T21:33:58","date_gmt":"2024-02-04T20:33:58","guid":{"rendered":"https:\/\/serveiseducatius.xtec.cat\/badalona\/?page_id=21359"},"modified":"2024-02-14T16:52:16","modified_gmt":"2024-02-14T15:52:16","slug":"celebracio-del-dia-de-la-radio-2024-cent-anys-explicant-histories","status":"publish","type":"page","link":"https:\/\/serveiseducatius.xtec.cat\/badalona\/celebracio-del-dia-de-la-radio-2024-cent-anys-explicant-histories\/","title":{"rendered":"Celebraci\u00f3 del Dia de la R\u00e0dio 2024. \u201cCent anys explicant hist\u00f2ries\u201d"},"content":{"rendered":"<p>En aquesta p\u00e0gina hi trobareu les peces sonores que els centres han enregistrat. Estan basades en contes, llegendes o hist\u00f2ries tant de Badalona com de la resta de Catalunya i del m\u00f3n.\u00a0<\/p>\n<p>Aquesta vegada tenim dues emissions el mateix dia 13 de febrer. Una des de Badalona amb diferents emissions en directe i l&#8217;altra l&#8217;emissi\u00f3 que recull el treball de tots els centres de Catalunya que han participat en aquesta celebraci\u00f3.<\/p>\n<p><a href=\"http:\/\/ja.cat\/diaradio\" target=\"_blank\" rel=\"noopener\"><img loading=\"lazy\" decoding=\"async\" class=\"alignleft wp-image-16467\" src=\"https:\/\/serveiseducatius.xtec.cat\/badalona\/wp-content\/uploads\/usu1088\/2021\/05\/onaircrp.png\" alt=\"\" width=\"113\" height=\"103\" srcset=\"https:\/\/serveiseducatius.xtec.cat\/badalona\/wp-content\/uploads\/usu1088\/2021\/05\/onaircrp.png 477w, https:\/\/serveiseducatius.xtec.cat\/badalona\/wp-content\/uploads\/usu1088\/2021\/05\/onaircrp-300x274.png 300w\" sizes=\"auto, (max-width: 113px) 100vw, 113px\" \/><\/a><\/p>\n<p>&nbsp;<\/p>\n<p>Cliqueu aqu\u00ed per escoltar l&#8217;emissi\u00f3 en directe de Badalona. Aquesta \u00e9s la graella de programaci\u00f3.<\/p>\n<p>&nbsp;<\/p>\n<p>Si voleu escoltar les llegendes d\u2019altres territoris i l\u2019emissi\u00f3 en directe del <strong>13 de febrer<\/strong> ho podeu fer a la p\u00e0gina del projecte: <a href=\"https:\/\/projectes.xtec.cat\/canaldereporters\/dia-mundial-de-la-radio-100-anys-explicant-histories\/\" target=\"_blank\" rel=\"noopener\">https:\/\/projectes.xtec.cat\/canaldereporters\/13-de-febrer-dia-mundial-de-la-radio-100-anys-explicant-histories\/<\/a><\/p>\n<p>En aquesta p\u00e0gina recollirem totes les hist\u00f2ries i llegendes que han preparat els alumnes dels centres de Badalona.<\/p>\n<table style=\"border-collapse: collapse; width: 68.0928%; height: 224px;\">\n<tbody>\n<tr style=\"height: 32px;\">\n<td style=\"width: 25%; height: 32px;\">Escola Josep Boada<\/td>\n<td style=\"width: 7.30602%; height: 32px;\"><a href=\"https:\/\/drive.google.com\/file\/d\/19cAwHIbXeOqMIuEZAGZJ2KwLR2kXgI2r\/view?usp=sharing\" target=\"_blank\" rel=\"noopener\">Enlla\u00e7<\/a><\/td>\n<td style=\"width: 25.8702%; height: 32px;\">Escola Merc\u00e8 Rodoreda<\/td>\n<td style=\"width: 8.16261%; height: 32px;\"><a href=\"https:\/\/drive.google.com\/file\/d\/1oAURbhf4hwPeW4GnxPaiKyMGmqGvoasM\/view?usp=sharing\" target=\"_blank\" rel=\"noopener\">Enlla\u00e7<\/a><\/td>\n<\/tr>\n<tr style=\"height: 32px;\">\n<td style=\"width: 25%; height: 32px;\">Escola Josep Carner<\/td>\n<td style=\"width: 7.30602%; height: 32px;\"><a href=\"https:\/\/drive.google.com\/drive\/folders\/1NMJhxQMNczGjfHyIoO1C-ZTGoI8vIXAH?usp=sharing\" target=\"_blank\" rel=\"noopener\">Enlla\u00e7<\/a><\/td>\n<td style=\"width: 25.8702%; height: 32px;\">Escola Feliu i Vegu\u00e9s<\/td>\n<td style=\"width: 8.16261%; height: 32px;\"><a href=\"https:\/\/drive.google.com\/drive\/folders\/1FIeaCuHMW7IzC2-NjaO3qNvGDezFoMWp?usp=sharing\" target=\"_blank\" rel=\"noopener\">Enlla\u00e7<\/a><\/td>\n<\/tr>\n<tr style=\"height: 32px;\">\n<td style=\"width: 25%; height: 32px;\">Escola Pau Picasso<\/td>\n<td style=\"width: 7.30602%; height: 32px;\"><a href=\"https:\/\/drive.google.com\/drive\/folders\/15dq3CwYE1L22-0_6EPHpli2S5DF-S4Gn?usp=sharing\" target=\"_blank\" rel=\"noopener\">Enlla\u00e7<\/a><\/td>\n<td style=\"width: 25.8702%; height: 32px;\">Institut Escola Sant Jordi<\/td>\n<td style=\"width: 8.16261%; height: 32px;\"><a href=\"https:\/\/drive.google.com\/drive\/folders\/1f5i-_fTacuEkjoIojb0MiVT_6o3dYvb6?usp=sharing\" target=\"_blank\" rel=\"noopener\">Enlla\u00e7<\/a><\/td>\n<\/tr>\n<tr style=\"height: 32px;\">\n<td style=\"width: 25%; height: 32px;\">Institut Escola Tur\u00f3 d&#8217;en Caritg<\/td>\n<td style=\"width: 7.30602%; height: 32px;\"><a href=\"https:\/\/drive.google.com\/drive\/folders\/17g9qtuEzPMuAnYSvLt1-ap0qLlzgF6Wc?usp=sharing\">Enlla\u00e7<\/a><\/td>\n<td style=\"width: 25.8702%; height: 32px;\">Institut Eugeni d&#8217;Ors<\/td>\n<td style=\"width: 8.16261%; height: 32px;\"><a href=\"https:\/\/drive.google.com\/drive\/folders\/1pmFc2V08Y0IbqKjovBA7hjstddvv-8_V?usp=sharing\" target=\"_blank\" rel=\"noopener\">Enlla\u00e7<\/a><\/td>\n<\/tr>\n<tr style=\"height: 32px;\">\n<td style=\"width: 25%; height: 32px;\">Institut Isaac Alb\u00e9niz<\/td>\n<td style=\"width: 7.30602%; height: 32px;\"><a href=\"https:\/\/drive.google.com\/drive\/folders\/1GU21YmzVuXRnhRn4t_2w5UPw-f9TEgCb?usp=sharing\">Enlla\u00e7<\/a><\/td>\n<td style=\"width: 25.8702%; height: 32px;\">Institut La Riera<\/td>\n<td style=\"width: 8.16261%; height: 32px;\"><a href=\"https:\/\/drive.google.com\/drive\/folders\/1rexODgEtxQ0LcrVKbmgy8NtpkRHM5n_T?usp=sharing\">Enlla\u00e7<\/a><\/td>\n<\/tr>\n<tr style=\"height: 32px;\">\n<td style=\"width: 25%; height: 32px;\">Institut Pompeu Fabra<\/td>\n<td style=\"width: 7.30602%; height: 32px;\"><a href=\"https:\/\/drive.google.com\/drive\/folders\/11abCAsM36R0y4D1AyUPzhkAtJoejdjhn?usp=sharing\" target=\"_blank\" rel=\"noopener\">Enlla\u00e7<\/a><\/td>\n<td style=\"width: 25.8702%; height: 32px;\">Col\u00b7legi Sant Andreu<\/td>\n<td style=\"width: 8.16261%; height: 32px;\"><a href=\"https:\/\/drive.google.com\/drive\/folders\/1ulhdow3SUtAoZ_A2Zd2FiuEt0KJTBwD0?usp=sharing\" target=\"_blank\" rel=\"noopener\">Enlla\u00e7<\/a><\/td>\n<\/tr>\n<tr style=\"height: 32px;\">\n<td style=\"width: 25%; height: 32px;\">CFA Morera Pomar<\/td>\n<td style=\"width: 7.30602%; height: 32px;\"><a href=\"https:\/\/drive.google.com\/file\/d\/1qj2b_QF-9NY7Z1mUJnxdLgEn2Ekoiq2v\/view?usp=sharing\" target=\"_blank\" rel=\"noopener\">Enlla\u00e7<\/a><\/td>\n<td style=\"width: 25.8702%; height: 32px;\">CFA Gran Sol<\/td>\n<td style=\"width: 8.16261%; height: 32px;\"><a href=\"https:\/\/drive.google.com\/drive\/folders\/1uGmlFPldOZxrTCJSLDSqWlW9EZDZ-oVI?usp=sharing\" target=\"_blank\" rel=\"noopener\">Enlla\u00e7<\/a><\/td>\n<\/tr>\n<\/tbody>\n<\/table>\n<p><b>#canaldereporters #100anysradio<\/b><\/p>\n","protected":false},"excerpt":{"rendered":"<p>En aquesta p\u00e0gina hi trobareu les peces sonores que els centres han enregistrat. Estan basades en contes, llegendes o hist\u00f2ries [&hellip;]<\/p>\n","protected":false},"author":1,"featured_media":0,"parent":0,"menu_order":0,"comment_status":"closed","ping_status":"closed","template":"","meta":{"_bbp_topic_count":0,"_bbp_reply_count":0,"_bbp_total_topic_count":0,"_bbp_total_reply_count":0,"_bbp_voice_count":0,"_bbp_anonymous_reply_count":0,"_bbp_topic_count_hidden":0,"_bbp_reply_count_hidden":0,"_bbp_forum_subforum_count":0,"site-sidebar-layout":"default","site-content-layout":"","ast-site-content-layout":"","site-content-style":"default","site-sidebar-style":"default","ast-global-header-display":"","ast-banner-title-visibility":"","ast-main-header-display":"","ast-hfb-above-header-display":"","ast-hfb-below-header-display":"","ast-hfb-mobile-header-display":"","site-post-title":"","ast-breadcrumbs-content":"","ast-featured-img":"","footer-sml-layout":"","theme-transparent-header-meta":"","adv-header-id-meta":"","stick-header-meta":"","header-above-stick-meta":"","header-main-stick-meta":"","header-below-stick-meta":"","astra-migrate-meta-layouts":"default","ast-page-background-enabled":"default","ast-page-background-meta":{"desktop":{"background-color":"var(--ast-global-color-4)","background-image":"","background-repeat":"repeat","background-position":"center center","background-size":"auto","background-attachment":"scroll","background-type":"","background-media":"","overlay-type":"","overlay-color":"","overlay-opacity":"","overlay-gradient":""},"tablet":{"background-color":"","background-image":"","background-repeat":"repeat","background-position":"center center","background-size":"auto","background-attachment":"scroll","background-type":"","background-media":"","overlay-type":"","overlay-color":"","overlay-opacity":"","overlay-gradient":""},"mobile":{"background-color":"","background-image":"","background-repeat":"repeat","background-position":"center center","background-size":"auto","background-attachment":"scroll","background-type":"","background-media":"","overlay-type":"","overlay-color":"","overlay-opacity":"","overlay-gradient":""}},"ast-content-background-meta":{"desktop":{"background-color":"var(--ast-global-color-5)","background-image":"","background-repeat":"repeat","background-position":"center center","background-size":"auto","background-attachment":"scroll","background-type":"","background-media":"","overlay-type":"","overlay-color":"","overlay-opacity":"","overlay-gradient":""},"tablet":{"background-color":"var(--ast-global-color-5)","background-image":"","background-repeat":"repeat","background-position":"center center","background-size":"auto","background-attachment":"scroll","background-type":"","background-media":"","overlay-type":"","overlay-color":"","overlay-opacity":"","overlay-gradient":""},"mobile":{"background-color":"var(--ast-global-color-5)","background-image":"","background-repeat":"repeat","background-position":"center center","background-size":"auto","background-attachment":"scroll","background-type":"","background-media":"","overlay-type":"","overlay-color":"","overlay-opacity":"","overlay-gradient":""}},"footnotes":""},"class_list":["post-21359","page","type-page","status-publish","hentry"],"post_mailing_queue_ids":[],"_links":{"self":[{"href":"https:\/\/serveiseducatius.xtec.cat\/badalona\/wp-json\/wp\/v2\/pages\/21359","targetHints":{"allow":["GET"]}}],"collection":[{"href":"https:\/\/serveiseducatius.xtec.cat\/badalona\/wp-json\/wp\/v2\/pages"}],"about":[{"href":"https:\/\/serveiseducatius.xtec.cat\/badalona\/wp-json\/wp\/v2\/types\/page"}],"author":[{"embeddable":true,"href":"https:\/\/serveiseducatius.xtec.cat\/badalona\/wp-json\/wp\/v2\/users\/1"}],"replies":[{"embeddable":true,"href":"https:\/\/serveiseducatius.xtec.cat\/badalona\/wp-json\/wp\/v2\/comments?post=21359"}],"version-history":[{"count":6,"href":"https:\/\/serveiseducatius.xtec.cat\/badalona\/wp-json\/wp\/v2\/pages\/21359\/revisions"}],"predecessor-version":[{"id":21488,"href":"https:\/\/serveiseducatius.xtec.cat\/badalona\/wp-json\/wp\/v2\/pages\/21359\/revisions\/21488"}],"wp:attachment":[{"href":"https:\/\/serveiseducatius.xtec.cat\/badalona\/wp-json\/wp\/v2\/media?parent=21359"}],"curies":[{"name":"wp","href":"https:\/\/api.w.org\/{rel}","templated":true}]}}