{"id":21317,"date":"2024-01-30T17:29:37","date_gmt":"2024-01-30T16:29:37","guid":{"rendered":"https:\/\/serveiseducatius.xtec.cat\/badalona\/?page_id=21317"},"modified":"2025-01-21T10:03:02","modified_gmt":"2025-01-21T09:03:02","slug":"radio-escolar","status":"publish","type":"page","link":"https:\/\/serveiseducatius.xtec.cat\/badalona\/radio-escolar\/","title":{"rendered":"La r\u00e0dio escolar"},"content":{"rendered":"<p>La r\u00e0dio ofereix una oportunitat per aprendre amb sentit. Aprenem amb sentit quan apropem l\u2019escola a les situacions, q\u00fcestions i problemes reals de la vida quotidiana.<\/p>\n<p>Incloure activitats amb r\u00e0dio i v\u00eddeo a les escoles permet treballar la llengua oral i escrita en tots els seus vessants. S\u00f3n mitjans molt propers que motiven i engresquen als alumnes. S\u00f3n eines f\u00e0cils de fer servir que no necessiten ni tecnologia espec\u00edfica ni coneixements complicats per als professors.<\/p>\n<p>Treballar amb aquestes eines permet:<\/p>\n<ul class=\"fix-media-list-overlap\">\n<li class=\"level1\">\n<div class=\"li\">Fomentar el treball col\u00b7laboratiu.<\/div>\n<\/li>\n<li class=\"level1\">\n<div class=\"li\">Assignar i distribuir les feines, totes elles necess\u00e0ries per al producte final.<\/div>\n<\/li>\n<li class=\"level1\">\n<div class=\"li\">Fomentar la responsabilitat i comprom\u00eds.<\/div>\n<\/li>\n<li class=\"level1\">\n<div class=\"li\">Treballar la diversitat.<\/div>\n<\/li>\n<li class=\"level1\">\n<div class=\"li\">Treballar diferents mitjans tecnol\u00f2gics.<\/div>\n<\/li>\n<li class=\"level1\">\n<div class=\"li\">Practicar l&#8217;autoavaluaci\u00f3 i regulaci\u00f3 de la feina.<\/div>\n<\/li>\n<\/ul>\n<table style=\"border-collapse: collapse; width: 68.6698%; height: 129px;\">\n<tbody>\n<tr style=\"height: 129px;\">\n<td style=\"width: 50%; height: 129px;\"><img loading=\"lazy\" decoding=\"async\" class=\"aligncenter  wp-image-21426\" src=\"https:\/\/serveiseducatius.xtec.cat\/badalona\/wp-content\/uploads\/usu1088\/2024\/02\/recursos-site.png\" alt=\"\" width=\"299\" height=\"293\" srcset=\"https:\/\/serveiseducatius.xtec.cat\/badalona\/wp-content\/uploads\/usu1088\/2024\/02\/recursos-site.png 838w, https:\/\/serveiseducatius.xtec.cat\/badalona\/wp-content\/uploads\/usu1088\/2024\/02\/recursos-site-300x293.png 300w, https:\/\/serveiseducatius.xtec.cat\/badalona\/wp-content\/uploads\/usu1088\/2024\/02\/recursos-site-768x751.png 768w\" sizes=\"auto, (max-width: 299px) 100vw, 299px\" \/><\/td>\n<td style=\"width: 50%; height: 129px;\"><img loading=\"lazy\" decoding=\"async\" class=\"aligncenter wp-image-21356 \" src=\"https:\/\/serveiseducatius.xtec.cat\/badalona\/wp-content\/uploads\/usu1088\/2024\/02\/Presentacio-Seminari-CRP-Badalona_27_9_2023.jpg\" alt=\"\" width=\"485\" height=\"273\" srcset=\"https:\/\/serveiseducatius.xtec.cat\/badalona\/wp-content\/uploads\/usu1088\/2024\/02\/Presentacio-Seminari-CRP-Badalona_27_9_2023.jpg 960w, https:\/\/serveiseducatius.xtec.cat\/badalona\/wp-content\/uploads\/usu1088\/2024\/02\/Presentacio-Seminari-CRP-Badalona_27_9_2023-300x169.jpg 300w, https:\/\/serveiseducatius.xtec.cat\/badalona\/wp-content\/uploads\/usu1088\/2024\/02\/Presentacio-Seminari-CRP-Badalona_27_9_2023-768x432.jpg 768w\" sizes=\"auto, (max-width: 485px) 100vw, 485px\" \/><\/td>\n<\/tr>\n<\/tbody>\n<\/table>\n","protected":false},"excerpt":{"rendered":"<p>La r\u00e0dio ofereix una oportunitat per aprendre amb sentit. Aprenem amb sentit quan apropem l\u2019escola a les situacions, q\u00fcestions i [&hellip;]<\/p>\n","protected":false},"author":1,"featured_media":0,"parent":0,"menu_order":0,"comment_status":"closed","ping_status":"closed","template":"","meta":{"_bbp_topic_count":0,"_bbp_reply_count":0,"_bbp_total_topic_count":0,"_bbp_total_reply_count":0,"_bbp_voice_count":0,"_bbp_anonymous_reply_count":0,"_bbp_topic_count_hidden":0,"_bbp_reply_count_hidden":0,"_bbp_forum_subforum_count":0,"site-sidebar-layout":"default","site-content-layout":"","ast-site-content-layout":"default","site-content-style":"default","site-sidebar-style":"default","ast-global-header-display":"","ast-banner-title-visibility":"","ast-main-header-display":"","ast-hfb-above-header-display":"","ast-hfb-below-header-display":"","ast-hfb-mobile-header-display":"","site-post-title":"","ast-breadcrumbs-content":"","ast-featured-img":"","footer-sml-layout":"","theme-transparent-header-meta":"default","adv-header-id-meta":"","stick-header-meta":"","header-above-stick-meta":"","header-main-stick-meta":"","header-below-stick-meta":"","astra-migrate-meta-layouts":"set","ast-page-background-enabled":"default","ast-page-background-meta":{"desktop":{"background-color":"var(--ast-global-color-4)","background-image":"","background-repeat":"repeat","background-position":"center center","background-size":"auto","background-attachment":"scroll","background-type":"","background-media":"","overlay-type":"","overlay-color":"","overlay-opacity":"","overlay-gradient":""},"tablet":{"background-color":"","background-image":"","background-repeat":"repeat","background-position":"center center","background-size":"auto","background-attachment":"scroll","background-type":"","background-media":"","overlay-type":"","overlay-color":"","overlay-opacity":"","overlay-gradient":""},"mobile":{"background-color":"","background-image":"","background-repeat":"repeat","background-position":"center center","background-size":"auto","background-attachment":"scroll","background-type":"","background-media":"","overlay-type":"","overlay-color":"","overlay-opacity":"","overlay-gradient":""}},"ast-content-background-meta":{"desktop":{"background-color":"var(--ast-global-color-5)","background-image":"","background-repeat":"repeat","background-position":"center center","background-size":"auto","background-attachment":"scroll","background-type":"","background-media":"","overlay-type":"","overlay-color":"","overlay-opacity":"","overlay-gradient":""},"tablet":{"background-color":"var(--ast-global-color-5)","background-image":"","background-repeat":"repeat","background-position":"center center","background-size":"auto","background-attachment":"scroll","background-type":"","background-media":"","overlay-type":"","overlay-color":"","overlay-opacity":"","overlay-gradient":""},"mobile":{"background-color":"var(--ast-global-color-5)","background-image":"","background-repeat":"repeat","background-position":"center center","background-size":"auto","background-attachment":"scroll","background-type":"","background-media":"","overlay-type":"","overlay-color":"","overlay-opacity":"","overlay-gradient":""}},"footnotes":""},"class_list":["post-21317","page","type-page","status-publish","hentry"],"post_mailing_queue_ids":[],"_links":{"self":[{"href":"https:\/\/serveiseducatius.xtec.cat\/badalona\/wp-json\/wp\/v2\/pages\/21317","targetHints":{"allow":["GET"]}}],"collection":[{"href":"https:\/\/serveiseducatius.xtec.cat\/badalona\/wp-json\/wp\/v2\/pages"}],"about":[{"href":"https:\/\/serveiseducatius.xtec.cat\/badalona\/wp-json\/wp\/v2\/types\/page"}],"author":[{"embeddable":true,"href":"https:\/\/serveiseducatius.xtec.cat\/badalona\/wp-json\/wp\/v2\/users\/1"}],"replies":[{"embeddable":true,"href":"https:\/\/serveiseducatius.xtec.cat\/badalona\/wp-json\/wp\/v2\/comments?post=21317"}],"version-history":[{"count":7,"href":"https:\/\/serveiseducatius.xtec.cat\/badalona\/wp-json\/wp\/v2\/pages\/21317\/revisions"}],"predecessor-version":[{"id":24304,"href":"https:\/\/serveiseducatius.xtec.cat\/badalona\/wp-json\/wp\/v2\/pages\/21317\/revisions\/24304"}],"wp:attachment":[{"href":"https:\/\/serveiseducatius.xtec.cat\/badalona\/wp-json\/wp\/v2\/media?parent=21317"}],"curies":[{"name":"wp","href":"https:\/\/api.w.org\/{rel}","templated":true}]}}