{"id":1779,"date":"2016-03-16T08:51:48","date_gmt":"2016-03-16T07:51:48","guid":{"rendered":"http:\/\/serveiseducatius.xtec.cat\/badalona\/?page_id=1779"},"modified":"2025-05-16T13:29:43","modified_gmt":"2025-05-16T11:29:43","slug":"trobada-de-nens-i-nenes-dansaires","status":"publish","type":"page","link":"https:\/\/serveiseducatius.xtec.cat\/badalona\/trobada-de-nens-i-nenes-dansaires\/","title":{"rendered":"Trobada de nens i nenes dansaires"},"content":{"rendered":"<p style=\"text-align: justify;\"><img loading=\"lazy\" decoding=\"async\" class=\" wp-image-22056 alignright\" src=\"https:\/\/serveiseducatius.xtec.cat\/badalona\/wp-content\/uploads\/usu1088\/2024\/05\/trobada-nens-i-nenes-dansaires.png\" alt=\"\" width=\"383\" height=\"380\" srcset=\"https:\/\/serveiseducatius.xtec.cat\/badalona\/wp-content\/uploads\/usu1088\/2024\/05\/trobada-nens-i-nenes-dansaires.png 783w, https:\/\/serveiseducatius.xtec.cat\/badalona\/wp-content\/uploads\/usu1088\/2024\/05\/trobada-nens-i-nenes-dansaires-300x298.png 300w, https:\/\/serveiseducatius.xtec.cat\/badalona\/wp-content\/uploads\/usu1088\/2024\/05\/trobada-nens-i-nenes-dansaires-150x150.png 150w, https:\/\/serveiseducatius.xtec.cat\/badalona\/wp-content\/uploads\/usu1088\/2024\/05\/trobada-nens-i-nenes-dansaires-768x763.png 768w\" sizes=\"auto, (max-width: 383px) 100vw, 383px\" \/>La\u00a0<strong>Trobada de nens i nenes dansaires<\/strong> de Badalona \u00e9s una activitat impulsada i organitzada pels Mestres de M\u00fasica d\u2019Educaci\u00f3 Infantil i Prim\u00e0ria, amb el suport organitzatiu del CRP de Badalona, del Departament d\u2019Educaci\u00f3 de la Generalitat de Catalunya, i el Servei d\u2019Educaci\u00f3 de l\u2019Ajuntament de Badalona en suport econ\u00f2mic per a infraestructures i recursos humans. Des de fa ja moltes edicions hi col\u00b7laboren diverses entitats com <a href=\"https:\/\/m.facebook.com\/people\/Badalona-Sardanista\/100092030915963\/\" target=\"_blank\" rel=\"noopener\">Badalona Sardanista<\/a>, l\u2019<a href=\"https:\/\/www.institutdelteatre.cat\/\" target=\"_blank\" rel=\"noopener\">Institut del Teatre de la Diputaci\u00f3 de Barcelona, <\/a>el ballet <a href=\"https:\/\/www.silviapallisera.com\/\" target=\"_blank\" rel=\"noopener\">S\u00edlvia Pallisera<\/a> i el <a href=\"https:\/\/www.penya.com\/ca\/\" target=\"_blank\" rel=\"noopener\">Club Joventut Badalona<\/a>.\u00a0<\/p>\n<p style=\"text-align: justify;\">Coincidint amb les <a href=\"https:\/\/festesdemaig.cat\/\" target=\"_blank\" rel=\"noopener\">Festes de Maig de Badalona<\/a>, durant tres dies, es reuneixen al <a href=\"https:\/\/maps.google.com\/maps?hl=ca&amp;gl=es&amp;um=1&amp;ie=UTF-8&amp;fb=1&amp;sa=X&amp;ftid=0x12a4a29f17096759:0x7544a7bf718e1267\" target=\"_blank\" rel=\"noopener\">Palau Ol\u00edmpic de Badalona<\/a> m\u00e9s de 5000 alumnes d&#8217;I3 a 4t curs de prim\u00e0ria d&#8217;escoles i instituts escola de Badalona, per ensenyar a les fam\u00edlies les danses populars i d&#8217;arreu del m\u00f3n que han anat practicant durant tot el curs.<\/p>\n<p style=\"text-align: justify;\">Des dels Mestres de M\u00fasica\u00a0 s\u2019organitzen, diferents activitats al voltant de la dansa popular catalana i d\u2019arreu del m\u00f3n. Aquesta experi\u00e8ncia, en concret, consta de les fases seg\u00fcents:<\/p>\n<ul style=\"list-style-type: disc; text-align: justify;\">\n<li>Sessions formatives per als\/les mestres de m\u00fasica.<\/li>\n<li>Treball a l\u2019aula al llarg del curs amb els nens i nenes d\u2019educaci\u00f3 infantil (des d&#8217;I3 a 4t de prim\u00e0ria).<\/li>\n<li>Trobades entre els\/les mestres de m\u00fasica de les escoles de Badalona, per intercanviar materials, crear propostes did\u00e0ctiques, etc.<\/li>\n<li>Trobada dels nens i nenes dansaires al Palau Municipal d\u2019Esports, a final de curs.<\/li>\n<\/ul>\n<p style=\"text-align: justify;\">Els objectius que es pretenen aconseguir s\u00f3n aquests:<\/p>\n<ul style=\"list-style-type: disc;\">\n<li style=\"text-align: justify;\">Apropar la m\u00fasica als nens i les nenes mitjan\u00e7ant la dansa.<\/li>\n<li style=\"text-align: justify;\">Despertar la il\u00b7lusi\u00f3 i potenciar la responsabilitat dels nens i nenes per compartir una tasca col\u00b7lectiva amb altres escoles.<\/li>\n<li style=\"text-align: justify;\">Potenciar la coordinaci\u00f3 psicomotriu dels infants i la seva relaci\u00f3 amb l\u2019espai.<\/li>\n<li style=\"text-align: justify;\">Promoure la interculturalitat a trav\u00e9s del coneixement de danses d\u2019arreu del m\u00f3n i tradicionals catalanes.<\/li>\n<li style=\"text-align: justify;\">Implicar diferents col\u00b7lectius en un mateix projecte: infants, mestres,\u00a0 especialistes de m\u00fasica<\/li>\n<\/ul>\n","protected":false},"excerpt":{"rendered":"<p>La\u00a0Trobada de nens i nenes dansaires de Badalona \u00e9s una activitat impulsada i organitzada pels Mestres de M\u00fasica d\u2019Educaci\u00f3 Infantil [&hellip;]<\/p>\n","protected":false},"author":1,"featured_media":0,"parent":0,"menu_order":0,"comment_status":"closed","ping_status":"closed","template":"","meta":{"_bbp_topic_count":0,"_bbp_reply_count":0,"_bbp_total_topic_count":0,"_bbp_total_reply_count":0,"_bbp_voice_count":0,"_bbp_anonymous_reply_count":0,"_bbp_topic_count_hidden":0,"_bbp_reply_count_hidden":0,"_bbp_forum_subforum_count":0,"site-sidebar-layout":"default","site-content-layout":"","ast-site-content-layout":"default","site-content-style":"default","site-sidebar-style":"default","ast-global-header-display":"","ast-banner-title-visibility":"","ast-main-header-display":"","ast-hfb-above-header-display":"","ast-hfb-below-header-display":"","ast-hfb-mobile-header-display":"","site-post-title":"","ast-breadcrumbs-content":"","ast-featured-img":"","footer-sml-layout":"","theme-transparent-header-meta":"default","adv-header-id-meta":"","stick-header-meta":"","header-above-stick-meta":"","header-main-stick-meta":"","header-below-stick-meta":"","astra-migrate-meta-layouts":"set","ast-page-background-enabled":"default","ast-page-background-meta":{"desktop":{"background-color":"var(--ast-global-color-4)","background-image":"","background-repeat":"repeat","background-position":"center center","background-size":"auto","background-attachment":"scroll","background-type":"","background-media":"","overlay-type":"","overlay-color":"","overlay-opacity":"","overlay-gradient":""},"tablet":{"background-color":"","background-image":"","background-repeat":"repeat","background-position":"center center","background-size":"auto","background-attachment":"scroll","background-type":"","background-media":"","overlay-type":"","overlay-color":"","overlay-opacity":"","overlay-gradient":""},"mobile":{"background-color":"","background-image":"","background-repeat":"repeat","background-position":"center center","background-size":"auto","background-attachment":"scroll","background-type":"","background-media":"","overlay-type":"","overlay-color":"","overlay-opacity":"","overlay-gradient":""}},"ast-content-background-meta":{"desktop":{"background-color":"var(--ast-global-color-5)","background-image":"","background-repeat":"repeat","background-position":"center center","background-size":"auto","background-attachment":"scroll","background-type":"","background-media":"","overlay-type":"","overlay-color":"","overlay-opacity":"","overlay-gradient":""},"tablet":{"background-color":"var(--ast-global-color-5)","background-image":"","background-repeat":"repeat","background-position":"center center","background-size":"auto","background-attachment":"scroll","background-type":"","background-media":"","overlay-type":"","overlay-color":"","overlay-opacity":"","overlay-gradient":""},"mobile":{"background-color":"var(--ast-global-color-5)","background-image":"","background-repeat":"repeat","background-position":"center center","background-size":"auto","background-attachment":"scroll","background-type":"","background-media":"","overlay-type":"","overlay-color":"","overlay-opacity":"","overlay-gradient":""}},"footnotes":""},"class_list":["post-1779","page","type-page","status-publish","hentry"],"post_mailing_queue_ids":[],"_links":{"self":[{"href":"https:\/\/serveiseducatius.xtec.cat\/badalona\/wp-json\/wp\/v2\/pages\/1779","targetHints":{"allow":["GET"]}}],"collection":[{"href":"https:\/\/serveiseducatius.xtec.cat\/badalona\/wp-json\/wp\/v2\/pages"}],"about":[{"href":"https:\/\/serveiseducatius.xtec.cat\/badalona\/wp-json\/wp\/v2\/types\/page"}],"author":[{"embeddable":true,"href":"https:\/\/serveiseducatius.xtec.cat\/badalona\/wp-json\/wp\/v2\/users\/1"}],"replies":[{"embeddable":true,"href":"https:\/\/serveiseducatius.xtec.cat\/badalona\/wp-json\/wp\/v2\/comments?post=1779"}],"version-history":[{"count":8,"href":"https:\/\/serveiseducatius.xtec.cat\/badalona\/wp-json\/wp\/v2\/pages\/1779\/revisions"}],"predecessor-version":[{"id":25377,"href":"https:\/\/serveiseducatius.xtec.cat\/badalona\/wp-json\/wp\/v2\/pages\/1779\/revisions\/25377"}],"wp:attachment":[{"href":"https:\/\/serveiseducatius.xtec.cat\/badalona\/wp-json\/wp\/v2\/media?parent=1779"}],"curies":[{"name":"wp","href":"https:\/\/api.w.org\/{rel}","templated":true}]}}