{"id":1771,"date":"2016-03-16T00:18:25","date_gmt":"2016-03-15T23:18:25","guid":{"rendered":"http:\/\/serveiseducatius.xtec.cat\/badalona\/?page_id=1771"},"modified":"2023-11-21T10:22:57","modified_gmt":"2023-11-21T09:22:57","slug":"jornades-cientifiques-densenyament-secundari","status":"publish","type":"page","link":"https:\/\/serveiseducatius.xtec.cat\/badalona\/jornades-cientifiques-densenyament-secundari\/","title":{"rendered":"Jornades Cient\u00edfiques de Batxillerat de Badalona"},"content":{"rendered":"<h5>Jornades Cient\u00edfiques de Batxillerat de Badalona\u00a0<\/h5>\n<h5><span style=\"font-size: large;\"><b>x, x i x d&#8217;xxx de 20xx<a href=\"http:\/\/serveiseducatius.xtec.cat\/badalona\/wp-content\/uploads\/usu1088\/2016\/03\/logo1.jpg\"><img loading=\"lazy\" decoding=\"async\" class=\" wp-image-1777 alignright\" src=\"http:\/\/serveiseducatius.xtec.cat\/badalona\/wp-content\/uploads\/usu1088\/2016\/03\/logo1.jpg\" alt=\"logo1\" width=\"244\" height=\"373\" srcset=\"https:\/\/serveiseducatius.xtec.cat\/badalona\/wp-content\/uploads\/usu1088\/2016\/03\/logo1.jpg 300w, https:\/\/serveiseducatius.xtec.cat\/badalona\/wp-content\/uploads\/usu1088\/2016\/03\/logo1-197x300.jpg 197w\" sizes=\"auto, (max-width: 244px) 100vw, 244px\" \/><\/a><br \/>\n<\/b><\/span><\/h5>\n<p>&nbsp;<\/p>\n<ul>\n<li><span style=\"font-size: 10pt; font-family: verdana, geneva, sans-serif;\"><strong><a href=\"http:\/\/serveiseducatius.xtec.cat\/badalona\/categoria\/dinamitzacio\/jornades-cientifiques\/\">Espai web de les JC<\/a><\/strong><\/span><\/li>\n<li><b><span style=\"font-size: small;\">Organitzaci\u00f3<\/span><\/b><\/li>\n<li><b><span style=\"font-size: small;\"><a href=\"https:\/\/drive.google.com\/open?id=0B8iO_h_UisQhVDkxVU5hSEhwd2s\" target=\"_blank\" rel=\"noopener\">Full de sol\u00b7licitud de participaci\u00f3<\/a><br \/>\n<\/span><\/b><\/li>\n<li><b><span style=\"font-size: small;\">Relaci\u00f3 de tots els treballs presentats<br \/>\n<\/span><\/b><\/li>\n<li><b><span style=\"font-size: small;\">Resums treballs dia x d&#8217;xxx<br \/>\n<\/span><\/b><\/li>\n<li><span style=\"font-size: small;\"><b>Resums treballs dia x d&#8217;xxx<\/b><\/span><\/li>\n<li><span style=\"font-size: small;\"><b>Resums treballs dia x d&#8217;xxx<\/b><\/span><\/li>\n<\/ul>\n<p><strong>ASPECTES ORGANITZATIUS<\/strong><\/p>\n<ul>\n<li><span style=\"font-family: Geneva, Arial, Helvetica, san-serif;\">Els dies x, x i x d&#8217;xxx de 20xx es presentaran els treballs al <a href=\"http:\/\/www.bcin.org\/imgs\/mapa.jpg\" target=\"_blank\" rel=\"nofollow noopener\">Centre Internacional de Negocis de Badalona &#8220;BCIN<\/a>&#8220;.<\/span><\/li>\n<li><span style=\"font-family: Geneva, Arial, Helvetica, san-serif;\"><b>\u00c9s molt important<\/b> que ompliu el <a href=\"https:\/\/drive.google.com\/open?id=0B8iO_h_UisQhVDkxVU5hSEhwd2s\" target=\"_blank\" rel=\"noopener\">full annex<\/a> amb totes les dades que es demanen i es el feu arribar abans del xx de xxx<br \/>\n<\/span><\/li>\n<li><span style=\"font-family: Geneva, Arial, Helvetica, san-serif;\">Per a les presentacions:<\/span>\n<ul>\n<li><span style=\"font-family: Geneva, Arial, Helvetica, san-serif;\"><b>Auditori<\/b>: En cas que recolzeu la vostra presentaci\u00f3 amb algun suport digital (presentaci\u00f3 en PowerPoint, Prezi, v\u00eddeo digital &#8230;), cal que ens la porteu al CRP abans del dia xx de xxx.<\/span> (Veure orientacions)<\/li>\n<li><span style=\"font-family: Geneva, Arial, Helvetica, san-serif;\"><b>Vest\u00edbul<\/b>: Haureu d&#8217;enviar-nos el vostre full , per confeccionar el p\u00f2ster per al plaf\u00f3 al CRP abans del dia xx de xxx. <\/span>(Veure orientacions)<\/li>\n<\/ul>\n<\/li>\n<li><span style=\"font-family: Geneva, Arial, Helvetica, san-serif;\">Cal lliurar als organitzadors en CD (el dia de la presentaci\u00f3) o trametre&#8217;l per <a href=\"mailto:crp-badalona@xtec.cat\" target=\"_blank\" rel=\"noopener\">correu electr\u00f2nic<\/a> (els dies posteriors):<\/span>\n<ul>\n<li><span style=\"font-family: Geneva, Arial, Helvetica, san-serif;\">El <b>resum del treball. <\/b>Aquest resum haur\u00e0 de respectar l&#8217;esquema proposat anteriorment (hip\u00f2tesi, disseny experimental, conclusions) i ocupar un espai m\u00e0xim de 4 fulls. \u00c9s molt important q<\/span>ue en el contingut de l&#8217;arxiu consti clarament: T\u00edtol, nom i cognoms de l&#8217;autor\/a, tutor\/a i centre)<\/li>\n<\/ul>\n<\/li>\n<\/ul>\n<p><strong>ALTRES<\/strong><br \/>\n<span style=\"font-family: Geneva, Arial, Helvetica, san-serif;\"><b><span style=\"color: #cc0000;\">Sol\u00b7licitud de participaci\u00f3. <\/span><\/b>Cal emplenar els <a href=\"https:\/\/drive.google.com\/open?id=0B8iO_h_UisQhVDkxVU5hSEhwd2s\" target=\"_blank\" rel=\"noopener\">fulls annexos.<br \/>\n<\/a><\/span><span style=\"font-family: Geneva, Arial, Helvetica, san-serif;\">Us recordem que cal presentar les sol\u00b7licituds de participaci\u00f3 (s&#8217;adjunta model) <b>abans del xx de xxx.<br \/>\n<\/b><\/span><\/p>\n<p><span style=\"color: #99ff00; font-family: Geneva, Arial, Helvetica, san-serif;\"><b><span style=\"color: #cc0000;\">Treballs per centre.<br \/>\n<\/span><\/b><\/span>Cada centre pot presentar un m\u00e0xim de <b>5 treballs<\/b>. D\u2019aquests treballs, <b>3<\/b> es presentaran a l\u2019<b>auditori<\/b> i <b>2 al vest\u00edbul.<\/b><\/p>\n<p>S\u2019ha de vetllar perqu\u00e8 aquests treballs <b>destaquin per la seva part experimental<\/b> i\u00a0 pel seu <b>car\u00e0cter divulgatiu<\/b>. Cal donar rellev\u00e0ncia a la recerca, a la part\u00a0 pr\u00e0ctica, a com ho ha treballat i viscut l\u2019alumne&#8230;<\/p>\n<p>Considerem que el marc de les JJCC no \u00e9s l\u2019adequat per\u00a0 presentar els treballs que nom\u00e9s s\u00f3n fruit d\u2019una bona aplicaci\u00f3 de la compet\u00e8ncia informacional, tot i que puguin ser molt \u00a0bons.<\/p>\n","protected":false},"excerpt":{"rendered":"<p>Jornades Cient\u00edfiques de Batxillerat de Badalona\u00a0 x, x i x d&#8217;xxx de 20xx &nbsp; Espai web de les JC Organitzaci\u00f3 [&hellip;]<\/p>\n","protected":false},"author":1,"featured_media":0,"parent":0,"menu_order":0,"comment_status":"closed","ping_status":"closed","template":"","meta":{"_bbp_topic_count":0,"_bbp_reply_count":0,"_bbp_total_topic_count":0,"_bbp_total_reply_count":0,"_bbp_voice_count":0,"_bbp_anonymous_reply_count":0,"_bbp_topic_count_hidden":0,"_bbp_reply_count_hidden":0,"_bbp_forum_subforum_count":0,"site-sidebar-layout":"default","site-content-layout":"","ast-site-content-layout":"","site-content-style":"default","site-sidebar-style":"default","ast-global-header-display":"","ast-banner-title-visibility":"","ast-main-header-display":"","ast-hfb-above-header-display":"","ast-hfb-below-header-display":"","ast-hfb-mobile-header-display":"","site-post-title":"","ast-breadcrumbs-content":"","ast-featured-img":"","footer-sml-layout":"","theme-transparent-header-meta":"","adv-header-id-meta":"","stick-header-meta":"","header-above-stick-meta":"","header-main-stick-meta":"","header-below-stick-meta":"","astra-migrate-meta-layouts":"default","ast-page-background-enabled":"default","ast-page-background-meta":{"desktop":{"background-color":"var(--ast-global-color-4)","background-image":"","background-repeat":"repeat","background-position":"center center","background-size":"auto","background-attachment":"scroll","background-type":"","background-media":"","overlay-type":"","overlay-color":"","overlay-opacity":"","overlay-gradient":""},"tablet":{"background-color":"","background-image":"","background-repeat":"repeat","background-position":"center center","background-size":"auto","background-attachment":"scroll","background-type":"","background-media":"","overlay-type":"","overlay-color":"","overlay-opacity":"","overlay-gradient":""},"mobile":{"background-color":"","background-image":"","background-repeat":"repeat","background-position":"center center","background-size":"auto","background-attachment":"scroll","background-type":"","background-media":"","overlay-type":"","overlay-color":"","overlay-opacity":"","overlay-gradient":""}},"ast-content-background-meta":{"desktop":{"background-color":"var(--ast-global-color-5)","background-image":"","background-repeat":"repeat","background-position":"center center","background-size":"auto","background-attachment":"scroll","background-type":"","background-media":"","overlay-type":"","overlay-color":"","overlay-opacity":"","overlay-gradient":""},"tablet":{"background-color":"var(--ast-global-color-5)","background-image":"","background-repeat":"repeat","background-position":"center center","background-size":"auto","background-attachment":"scroll","background-type":"","background-media":"","overlay-type":"","overlay-color":"","overlay-opacity":"","overlay-gradient":""},"mobile":{"background-color":"var(--ast-global-color-5)","background-image":"","background-repeat":"repeat","background-position":"center center","background-size":"auto","background-attachment":"scroll","background-type":"","background-media":"","overlay-type":"","overlay-color":"","overlay-opacity":"","overlay-gradient":""}},"footnotes":""},"class_list":["post-1771","page","type-page","status-publish","hentry"],"post_mailing_queue_ids":[],"_links":{"self":[{"href":"https:\/\/serveiseducatius.xtec.cat\/badalona\/wp-json\/wp\/v2\/pages\/1771","targetHints":{"allow":["GET"]}}],"collection":[{"href":"https:\/\/serveiseducatius.xtec.cat\/badalona\/wp-json\/wp\/v2\/pages"}],"about":[{"href":"https:\/\/serveiseducatius.xtec.cat\/badalona\/wp-json\/wp\/v2\/types\/page"}],"author":[{"embeddable":true,"href":"https:\/\/serveiseducatius.xtec.cat\/badalona\/wp-json\/wp\/v2\/users\/1"}],"replies":[{"embeddable":true,"href":"https:\/\/serveiseducatius.xtec.cat\/badalona\/wp-json\/wp\/v2\/comments?post=1771"}],"version-history":[{"count":4,"href":"https:\/\/serveiseducatius.xtec.cat\/badalona\/wp-json\/wp\/v2\/pages\/1771\/revisions"}],"predecessor-version":[{"id":20988,"href":"https:\/\/serveiseducatius.xtec.cat\/badalona\/wp-json\/wp\/v2\/pages\/1771\/revisions\/20988"}],"wp:attachment":[{"href":"https:\/\/serveiseducatius.xtec.cat\/badalona\/wp-json\/wp\/v2\/media?parent=1771"}],"curies":[{"name":"wp","href":"https:\/\/api.w.org\/{rel}","templated":true}]}}