{"id":14442,"date":"2020-08-25T19:54:25","date_gmt":"2020-08-25T17:54:25","guid":{"rendered":"http:\/\/serveiseducatius.xtec.cat\/badalona\/?page_id=14442"},"modified":"2021-10-06T09:07:53","modified_gmt":"2021-10-06T07:07:53","slug":"zona-formadors-tasques-associades","status":"publish","type":"page","link":"https:\/\/serveiseducatius.xtec.cat\/badalona\/activitats\/zona-formadors\/zona-formadors-tasques-associades\/","title":{"rendered":"Zona formadors. Tasques associades"},"content":{"rendered":"<p><img loading=\"lazy\" decoding=\"async\" class=\" wp-image-14450 alignright\" src=\"https:\/\/serveiseducatius.xtec.cat\/badalona\/wp-content\/uploads\/usu1088\/2020\/08\/Benchmark-Assessments_0.png\" alt=\"\" width=\"290\" height=\"189\" srcset=\"https:\/\/serveiseducatius.xtec.cat\/badalona\/wp-content\/uploads\/usu1088\/2020\/08\/Benchmark-Assessments_0.png 460w, https:\/\/serveiseducatius.xtec.cat\/badalona\/wp-content\/uploads\/usu1088\/2020\/08\/Benchmark-Assessments_0-300x196.png 300w\" sizes=\"auto, (max-width: 290px) 100vw, 290px\" \/>Quan una persona rep un enc\u00e0rrec de formaci\u00f3, l&#8217;acceptaci\u00f3 del mateix porta un seguit de tasques associades que es detallen a continuaci\u00f3. Es troben ordenades en relaci\u00f3 al desenvolupament de l&#8217;activitat.<\/p>\n<p><em><span style=\"color: #ff0000;\"><strong>IMPORTANT:<\/strong><\/span> S&#8217;ha de respectar el calendari establert. En cas de no ser possible o de voler canviar alguna data, s&#8217;ha de comunicar al CRP abans de dur a terme el canvi.<\/em><\/p>\n<p><span style=\"color: #ff0000;\"><strong>ABANS D&#8217;INICIAR L&#8217;ACTIVITAT:<\/strong><\/span><\/p>\n<p><b>1. En rebre l&#8217;enc\u00e0rrec de formaci\u00f3:<\/b> cal enviar un document que contingui la descripci\u00f3, els objectius, els continguts i l&#8217;avaluaci\u00f3 de l&#8217;activitat formativa. Tamb\u00e9 cal una proposta de calendari (hores totals de l&#8217;activitat, dies i horari en qu\u00e8 es desenvolupar\u00e0&#8230;) que ser\u00e0 confirmat pel CRP en funci\u00f3 de les possibilitats de l&#8217;espai on es desenvolupi l&#8217;activitat.<\/p>\n<p><strong>2.<\/strong> Cal omplir el full de dades personals i banc\u00e0ries. <b><a href=\"https:\/\/serveiseducatius.xtec.cat\/badalona\/docs\/pla-de-formacio-de-badalona-documents\/?bp-attachment=Fitxa-Dades-formador.doc\" target=\"_blank\" rel=\"noopener noreferrer\">[Desc\u00e0rrega del document de dades del formador\/coordinador de l&#8217;activitat]<\/a><\/b><\/p>\n<p><strong><span style=\"color: #ff0000;\">DURANT L&#8217;ACTIVITAT:<\/span><\/strong><\/p>\n<p><b>Gesti\u00f3 de l\u2019activitat de formaci\u00f3.<\/b>\u00a0L\u2019aplicaci\u00f3 GTAF a Internet (<b><a href=\"https:\/\/aplicacions.gestioeducativa.gencat.cat\/pls\/gtaf\/inici\" rel=\"nofollow\">http:\/\/aplitic.xtec.cat\/pls\/gtaf\/<\/a><\/b>) \u00e9s l\u2019eina de gesti\u00f3 per a totes les activitats de formaci\u00f3 que s\u2019organitzen en el marc del Pla de Formaci\u00f3 Permanent del Departament d\u2019Educaci\u00f3. La persona formadora hi tindr\u00e0 acc\u00e9s <u>una setmana abans de la data d\u2019inici de l\u2019activitat i trenta dies despr\u00e9s de la seva finalitzaci\u00f3<\/u>. Hi podr\u00e0 accedir amb l\u2019identificador i la contrasenya XTEC. En cas de no tenir-la cal posar-se en contacte amb el CRP.<\/p>\n<p><strong>3.<\/strong> El formador accedir\u00e0 a l&#8217;aplicatiu GTAF i es podr\u00e0 imprimir el full de signatures (que cal tenir preparat per a la primera sessi\u00f3) i el llistat d&#8217;assistents. El seguiment de l&#8217;assist\u00e8ncia dels alumnes es far\u00e0 sessi\u00f3 a sessi\u00f3 \u2013 encara que en alguns casos pot ser globalment-. Cal que a partir del full de signatures es vagi completant l\u2019assist\u00e8ncia al GTAF. <b><a href=\"http:\/\/serveiseducatius.xtec.cat\/badalona\/docs\/pla-de-formacio-de-badalona-documents\/?bp-attachment=Tutorial-GTAF.pdf\" target=\"_blank\" rel=\"noopener noreferrer\">[Consulta Tutorial GTAF]<\/a><\/b><\/p>\n<p><b>4. Avaluaci\u00f3. <\/b>Cal que el formador ompli el q\u00fcestionari de valoraci\u00f3 de l&#8217;activitat <b><a href=\"http:\/\/serveiseducatius.xtec.cat\/badalona\/docs\/pla-de-formacio-de-badalona-documents\/?bp-attachment=tutorial_questionari_formador-coordinador.pdf\" target=\"_blank\" rel=\"noopener noreferrer\">[Tutorial del q\u00fcestionari per al formador]<\/a>. <\/b>Document sobre l\u2019avaluaci\u00f3 de aprofitament de les activitats formatives elaborat pel seminari d\u2019avaluaci\u00f3 de la formaci\u00f3 de la UAB. <b><a href=\"http:\/\/serveiseducatius.xtec.cat\/badalona\/docs\/pla-de-formacio-de-badalona-documents\/?bp-attachment=Aprofitament.pdf\" target=\"_blank\" rel=\"noopener noreferrer\">[Avaluaci\u00f3 de l&#8217;aprofitament de les activitats formatives]<\/a><\/b><\/p>\n<p><strong><span style=\"color: #ff0000;\">DESPR\u00c9S DE FINALITZAR L&#8217;ACTIVITAT:<\/span><\/strong><\/p>\n<p><b>5. Tancament de l\u2019activitat.<\/b> Un cop acabada l\u2019activitat es deixaran uns dies per a que formador i assistents omplin els q\u00fcestionaris de valoraci\u00f3 de l&#8217;activitat. Per poder tancar-la i expedir el certificat cal: <span style=\"font-family: inherit; font-size: 1em;\">Fer arribar al CRP el <strong>full de signatures<\/strong> i l\u2019<strong>acta signada digitalment<\/strong> on constar\u00e0 com s\u2019ha avaluat l\u2019aprofitament de l\u2019activitat.<\/span><\/p>\n","protected":false},"excerpt":{"rendered":"<p>Quan una persona rep un enc\u00e0rrec de formaci\u00f3, l&#8217;acceptaci\u00f3 del mateix porta un seguit de tasques associades que es detallen [&hellip;]<\/p>\n","protected":false},"author":1,"featured_media":0,"parent":548,"menu_order":0,"comment_status":"closed","ping_status":"closed","template":"","meta":{"_bbp_topic_count":0,"_bbp_reply_count":0,"_bbp_total_topic_count":0,"_bbp_total_reply_count":0,"_bbp_voice_count":0,"_bbp_anonymous_reply_count":0,"_bbp_topic_count_hidden":0,"_bbp_reply_count_hidden":0,"_bbp_forum_subforum_count":0,"site-sidebar-layout":"default","site-content-layout":"","ast-site-content-layout":"","site-content-style":"default","site-sidebar-style":"default","ast-global-header-display":"","ast-banner-title-visibility":"","ast-main-header-display":"","ast-hfb-above-header-display":"","ast-hfb-below-header-display":"","ast-hfb-mobile-header-display":"","site-post-title":"","ast-breadcrumbs-content":"","ast-featured-img":"","footer-sml-layout":"","theme-transparent-header-meta":"","adv-header-id-meta":"","stick-header-meta":"","header-above-stick-meta":"","header-main-stick-meta":"","header-below-stick-meta":"","astra-migrate-meta-layouts":"default","ast-page-background-enabled":"default","ast-page-background-meta":{"desktop":{"background-color":"var(--ast-global-color-4)","background-image":"","background-repeat":"repeat","background-position":"center center","background-size":"auto","background-attachment":"scroll","background-type":"","background-media":"","overlay-type":"","overlay-color":"","overlay-opacity":"","overlay-gradient":""},"tablet":{"background-color":"","background-image":"","background-repeat":"repeat","background-position":"center center","background-size":"auto","background-attachment":"scroll","background-type":"","background-media":"","overlay-type":"","overlay-color":"","overlay-opacity":"","overlay-gradient":""},"mobile":{"background-color":"","background-image":"","background-repeat":"repeat","background-position":"center center","background-size":"auto","background-attachment":"scroll","background-type":"","background-media":"","overlay-type":"","overlay-color":"","overlay-opacity":"","overlay-gradient":""}},"ast-content-background-meta":{"desktop":{"background-color":"var(--ast-global-color-5)","background-image":"","background-repeat":"repeat","background-position":"center center","background-size":"auto","background-attachment":"scroll","background-type":"","background-media":"","overlay-type":"","overlay-color":"","overlay-opacity":"","overlay-gradient":""},"tablet":{"background-color":"var(--ast-global-color-5)","background-image":"","background-repeat":"repeat","background-position":"center center","background-size":"auto","background-attachment":"scroll","background-type":"","background-media":"","overlay-type":"","overlay-color":"","overlay-opacity":"","overlay-gradient":""},"mobile":{"background-color":"var(--ast-global-color-5)","background-image":"","background-repeat":"repeat","background-position":"center center","background-size":"auto","background-attachment":"scroll","background-type":"","background-media":"","overlay-type":"","overlay-color":"","overlay-opacity":"","overlay-gradient":""}},"footnotes":""},"class_list":["post-14442","page","type-page","status-publish","hentry"],"post_mailing_queue_ids":[],"_links":{"self":[{"href":"https:\/\/serveiseducatius.xtec.cat\/badalona\/wp-json\/wp\/v2\/pages\/14442","targetHints":{"allow":["GET"]}}],"collection":[{"href":"https:\/\/serveiseducatius.xtec.cat\/badalona\/wp-json\/wp\/v2\/pages"}],"about":[{"href":"https:\/\/serveiseducatius.xtec.cat\/badalona\/wp-json\/wp\/v2\/types\/page"}],"author":[{"embeddable":true,"href":"https:\/\/serveiseducatius.xtec.cat\/badalona\/wp-json\/wp\/v2\/users\/1"}],"replies":[{"embeddable":true,"href":"https:\/\/serveiseducatius.xtec.cat\/badalona\/wp-json\/wp\/v2\/comments?post=14442"}],"version-history":[{"count":4,"href":"https:\/\/serveiseducatius.xtec.cat\/badalona\/wp-json\/wp\/v2\/pages\/14442\/revisions"}],"predecessor-version":[{"id":26025,"href":"https:\/\/serveiseducatius.xtec.cat\/badalona\/wp-json\/wp\/v2\/pages\/14442\/revisions\/26025"}],"up":[{"embeddable":true,"href":"https:\/\/serveiseducatius.xtec.cat\/badalona\/wp-json\/wp\/v2\/pages\/548"}],"wp:attachment":[{"href":"https:\/\/serveiseducatius.xtec.cat\/badalona\/wp-json\/wp\/v2\/media?parent=14442"}],"curies":[{"name":"wp","href":"https:\/\/api.w.org\/{rel}","templated":true}]}}