{"id":1367,"date":"2016-01-10T18:17:05","date_gmt":"2016-01-10T17:17:05","guid":{"rendered":"http:\/\/serveiseducatius.xtec.cat\/badalona\/?page_id=1367"},"modified":"2025-10-14T14:20:28","modified_gmt":"2025-10-14T12:20:28","slug":"eap","status":"publish","type":"page","link":"https:\/\/serveiseducatius.xtec.cat\/badalona\/el-servei-educatiu\/equip\/eap\/","title":{"rendered":"EAP"},"content":{"rendered":"<p><strong>EAP B-55 (Equip d&#8217;Assessorament i Orientaci\u00f3 Psicopedag\u00f2gica)<\/strong><\/p>\n<table style=\"height: 1049px; width: 68.1132%;\" border=\"0\">\n<tbody>\n<tr style=\"height: 46px;\">\n<td style=\"height: 26px; width: 99.361%;\">\n<p>Atenci\u00f3 al p\u00fablic a <strong>hores convingudes.<\/strong><\/p>\n<p>Als matins, els\/les professionals de l&#8217;EAP fan atenci\u00f3 directa en els centres escolars que tenen assignats<\/p>\n<\/td>\n<\/tr>\n<tr style=\"height: 96px;\">\n<td style=\"height: 39px; width: 99.361%;\">\n<p>Si voleu contactar amb l&#8217;EAP, podeu fer-ho mitjan\u00e7ant el tel\u00e8fon o un correu electr\u00f2nic (si sabeu a qui va dirigida la consulta, la resposta ser\u00e0 m\u00e9s r\u00e0pida:<\/p>\n<ul>\n<li>Tel\u00e8fon:\u00a0<strong>934602226 (extensi\u00f3 1)<\/strong><\/li>\n<li>Correu electr\u00f2nic: <strong><a href=\"mailto:a8901007@xtec.cat\">a8901007@xtec.cat<\/a><\/strong><\/li>\n<\/ul>\n<\/td>\n<\/tr>\n<tr style=\"height: 31px;\">\n<td style=\"height: 31px; width: 99.361%;\"><strong>EQUIP:<\/strong><\/td>\n<\/tr>\n<tr style=\"height: 31px;\">\n<td style=\"height: 31px; width: 99.361%;\"><strong>Psicopedagogs i psicopedagogues:<\/strong><\/td>\n<\/tr>\n<tr style=\"height: 31px;\">\n<td style=\"height: 31px; width: 99.361%;\">Teresa de la Mano (directora)<\/td>\n<\/tr>\n<tr style=\"height: 31px;\">\n<td style=\"height: 31px; width: 99.361%;\">Esther Crisol (psicopedagoga)<\/td>\n<\/tr>\n<tr style=\"height: 31px;\">\n<td style=\"height: 31px; width: 99.361%;\">Alejandra Ferrero (psicopedagoga)<\/td>\n<\/tr>\n<tr style=\"height: 31px;\">\n<td style=\"height: 31px; width: 99.361%;\">Anna Bertran (psicopedagoga)<\/td>\n<\/tr>\n<tr style=\"height: 31px;\">\n<td style=\"height: 31px; width: 99.361%;\">Alba Serrano (psicopedagoga)<\/td>\n<\/tr>\n<tr style=\"height: 31px;\">\n<td style=\"height: 31px; width: 99.361%;\">Maria Lobato (psicopedagoga)<\/td>\n<\/tr>\n<tr style=\"height: 31px;\">\n<td style=\"height: 31px; width: 99.361%;\">Oliverio Font (psicopedagog)<\/td>\n<\/tr>\n<tr style=\"height: 31px;\">\n<td style=\"height: 31px; width: 99.361%;\">Elena Cecilio (psicopedagoga)<\/td>\n<\/tr>\n<tr style=\"height: 31px;\">\n<td style=\"height: 31px; width: 99.361%;\">Trini Galipienso (psicopedagoga)<\/td>\n<\/tr>\n<tr style=\"height: 32px;\">\n<td style=\"width: 99.361%; height: 32px;\">Meritxell Salvat (psicopedagoga)<\/td>\n<\/tr>\n<tr style=\"height: 32px;\">\n<td style=\"width: 99.361%; height: 32px;\">Emma Bassaganya (psicopedagoga)<\/td>\n<\/tr>\n<tr style=\"height: 31px;\">\n<td style=\"height: 31px; width: 99.361%;\">Cristina And\u00fajar (psicopedagoga)<\/td>\n<\/tr>\n<tr style=\"height: 33px;\">\n<td style=\"width: 99.361%; height: 33px;\">Aroa Barrera (psicopedagoga)<\/td>\n<\/tr>\n<tr style=\"height: 33px;\">\n<td style=\"width: 99.361%; height: 33px;\">Rosa Cuesta (psicopedagoga)<\/td>\n<\/tr>\n<tr style=\"height: 31px;\">\n<td style=\"height: 31px; width: 99.361%;\">Laia Delriu (psicopedagoga)<\/td>\n<\/tr>\n<tr style=\"height: 33px;\">\n<td style=\"width: 99.361%; height: 33px;\">N\u00faria Serra (psicopedagoga)<\/td>\n<\/tr>\n<tr style=\"height: 33px;\">\n<td style=\"width: 99.361%; height: 33px;\">Alba Campos (psicopedagoga)<\/td>\n<\/tr>\n<tr style=\"height: 33px;\">\n<td style=\"width: 99.361%; height: 33px;\">Raquel Mill\u00e1n (psicopedagoga)<\/td>\n<\/tr>\n<tr>\n<td style=\"width: 99.361%;\">Laura P\u00e9rez (psicopedagoga)<\/td>\n<\/tr>\n<tr>\n<td style=\"width: 99.361%;\">Marta Farr\u00fas (psicopedagoga)<\/td>\n<\/tr>\n<tr>\n<td style=\"width: 99.361%;\">\u00a0<\/td>\n<\/tr>\n<tr>\n<td style=\"width: 99.361%;\">\u00a0<\/td>\n<\/tr>\n<tr>\n<td style=\"width: 99.361%;\"><strong>Fisioterapeutes:<\/strong><\/td>\n<\/tr>\n<tr>\n<td style=\"width: 99.361%;\">Sergi Biurrun (fisioterapeuta)<\/td>\n<\/tr>\n<tr>\n<td style=\"width: 99.361%;\">Patricia Gil (fisioterapeuta)<\/td>\n<\/tr>\n<tr>\n<td style=\"width: 99.361%;\">Sahida Fern\u00e1ndez\u00a0(fisioterapeuta)<\/td>\n<\/tr>\n<tr style=\"height: 33px;\">\n<td style=\"width: 99.361%; height: 33px;\">Esther Rodrigo (fisioterapeuta)<\/td>\n<\/tr>\n<tr>\n<td style=\"width: 99.361%;\">\u00a0<\/td>\n<\/tr>\n<tr style=\"height: 31px;\">\n<td style=\"height: 31px; width: 99.361%;\"><strong>Treballadores socials:<\/strong><\/td>\n<\/tr>\n<tr style=\"height: 32px;\">\n<td style=\"width: 99.361%; height: 32px;\">Cristina Fern\u00e1ndez (treballadora social)<\/td>\n<\/tr>\n<tr style=\"height: 32px;\">\n<td style=\"width: 99.361%; height: 32px;\">TS2 (treballadora social)<\/td>\n<\/tr>\n<tr style=\"height: 32px;\">\n<td style=\"width: 99.361%; height: 32px;\">Catherine Bonhoure (treballadora social)<\/td>\n<\/tr>\n<tr style=\"height: 33px;\">\n<td style=\"width: 99.361%; height: 33px;\">N\u00faria Mata (treballadora social)<\/td>\n<\/tr>\n<tr style=\"height: 33px;\">\n<td style=\"width: 99.361%; height: 33px;\">Meritxell Moreno (treballadora social)<\/td>\n<\/tr>\n<\/tbody>\n<\/table>\n<p>&nbsp;<\/p>\n","protected":false},"excerpt":{"rendered":"<p>EAP B-55 (Equip d&#8217;Assessorament i Orientaci\u00f3 Psicopedag\u00f2gica) Atenci\u00f3 al p\u00fablic a hores convingudes. Als matins, els\/les professionals de l&#8217;EAP fan [&hellip;]<\/p>\n","protected":false},"author":1,"featured_media":0,"parent":306,"menu_order":2,"comment_status":"closed","ping_status":"closed","template":"","meta":{"_bbp_topic_count":0,"_bbp_reply_count":0,"_bbp_total_topic_count":0,"_bbp_total_reply_count":0,"_bbp_voice_count":0,"_bbp_anonymous_reply_count":0,"_bbp_topic_count_hidden":0,"_bbp_reply_count_hidden":0,"_bbp_forum_subforum_count":0,"site-sidebar-layout":"default","site-content-layout":"","ast-site-content-layout":"default","site-content-style":"default","site-sidebar-style":"default","ast-global-header-display":"","ast-banner-title-visibility":"","ast-main-header-display":"","ast-hfb-above-header-display":"","ast-hfb-below-header-display":"","ast-hfb-mobile-header-display":"","site-post-title":"","ast-breadcrumbs-content":"","ast-featured-img":"","footer-sml-layout":"","theme-transparent-header-meta":"default","adv-header-id-meta":"","stick-header-meta":"","header-above-stick-meta":"","header-main-stick-meta":"","header-below-stick-meta":"","astra-migrate-meta-layouts":"set","ast-page-background-enabled":"default","ast-page-background-meta":{"desktop":{"background-color":"var(--ast-global-color-4)","background-image":"","background-repeat":"repeat","background-position":"center center","background-size":"auto","background-attachment":"scroll","background-type":"","background-media":"","overlay-type":"","overlay-color":"","overlay-opacity":"","overlay-gradient":""},"tablet":{"background-color":"","background-image":"","background-repeat":"repeat","background-position":"center center","background-size":"auto","background-attachment":"scroll","background-type":"","background-media":"","overlay-type":"","overlay-color":"","overlay-opacity":"","overlay-gradient":""},"mobile":{"background-color":"","background-image":"","background-repeat":"repeat","background-position":"center center","background-size":"auto","background-attachment":"scroll","background-type":"","background-media":"","overlay-type":"","overlay-color":"","overlay-opacity":"","overlay-gradient":""}},"ast-content-background-meta":{"desktop":{"background-color":"var(--ast-global-color-5)","background-image":"","background-repeat":"repeat","background-position":"center center","background-size":"auto","background-attachment":"scroll","background-type":"","background-media":"","overlay-type":"","overlay-color":"","overlay-opacity":"","overlay-gradient":""},"tablet":{"background-color":"var(--ast-global-color-5)","background-image":"","background-repeat":"repeat","background-position":"center center","background-size":"auto","background-attachment":"scroll","background-type":"","background-media":"","overlay-type":"","overlay-color":"","overlay-opacity":"","overlay-gradient":""},"mobile":{"background-color":"var(--ast-global-color-5)","background-image":"","background-repeat":"repeat","background-position":"center center","background-size":"auto","background-attachment":"scroll","background-type":"","background-media":"","overlay-type":"","overlay-color":"","overlay-opacity":"","overlay-gradient":""}},"footnotes":""},"class_list":["post-1367","page","type-page","status-publish","hentry"],"post_mailing_queue_ids":[],"_links":{"self":[{"href":"https:\/\/serveiseducatius.xtec.cat\/badalona\/wp-json\/wp\/v2\/pages\/1367","targetHints":{"allow":["GET"]}}],"collection":[{"href":"https:\/\/serveiseducatius.xtec.cat\/badalona\/wp-json\/wp\/v2\/pages"}],"about":[{"href":"https:\/\/serveiseducatius.xtec.cat\/badalona\/wp-json\/wp\/v2\/types\/page"}],"author":[{"embeddable":true,"href":"https:\/\/serveiseducatius.xtec.cat\/badalona\/wp-json\/wp\/v2\/users\/1"}],"replies":[{"embeddable":true,"href":"https:\/\/serveiseducatius.xtec.cat\/badalona\/wp-json\/wp\/v2\/comments?post=1367"}],"version-history":[{"count":7,"href":"https:\/\/serveiseducatius.xtec.cat\/badalona\/wp-json\/wp\/v2\/pages\/1367\/revisions"}],"predecessor-version":[{"id":26045,"href":"https:\/\/serveiseducatius.xtec.cat\/badalona\/wp-json\/wp\/v2\/pages\/1367\/revisions\/26045"}],"up":[{"embeddable":true,"href":"https:\/\/serveiseducatius.xtec.cat\/badalona\/wp-json\/wp\/v2\/pages\/306"}],"wp:attachment":[{"href":"https:\/\/serveiseducatius.xtec.cat\/badalona\/wp-json\/wp\/v2\/media?parent=1367"}],"curies":[{"name":"wp","href":"https:\/\/api.w.org\/{rel}","templated":true}]}}