{"id":11184,"date":"2019-03-15T09:41:51","date_gmt":"2019-03-15T08:41:51","guid":{"rendered":"http:\/\/serveiseducatius.xtec.cat\/badalona\/?page_id=11184"},"modified":"2023-02-09T12:48:42","modified_gmt":"2023-02-09T11:48:42","slug":"microbit","status":"publish","type":"page","link":"https:\/\/serveiseducatius.xtec.cat\/badalona\/recursos\/robotica-educativa\/microbit\/","title":{"rendered":"Micro:bit"},"content":{"rendered":"<table style=\"width: 100%;\" border=\"0\">\n<tbody>\n<tr>\n<td style=\"background-color: #449fff; text-align: left; vertical-align: top; width: 36.8197%;\"><strong><a name=\"probot\"><\/a><\/strong><span style=\"font-size: 14px;\"><strong><span style=\"font-family: verdana,geneva,sans-serif;\"><span style=\"font-size: 20px;\">Micro:bit<\/span><\/span><\/strong><\/span><\/td>\n<td style=\"background-color: #449fff; text-align: left; vertical-align: top; width: 62.6001%;\"><span style=\"font-family: verdana,geneva,sans-serif;\"><span style=\"font-size: 14px;\"><strong>Prop\u00f2sit:<\/strong> Petit dispositiu inform\u00e0tic programable, llan\u00e7at per la BBC l\u2019any 2015 amb l\u2019objectiu de facilitar i fer divertit l\u2019aprenentatge de la programaci\u00f3 i el control de dispositius f\u00edsics, com sensors i actuadors.<\/span><\/span><\/td>\n<\/tr>\n<tr>\n<td style=\"width: 36.8197%;\"><img loading=\"lazy\" decoding=\"async\" class=\"alignnone  wp-image-17652\" src=\"https:\/\/serveiseducatius.xtec.cat\/badalona\/wp-content\/uploads\/usu1088\/2022\/02\/microbit.png\" alt=\"\" width=\"195\" height=\"143\" srcset=\"https:\/\/serveiseducatius.xtec.cat\/badalona\/wp-content\/uploads\/usu1088\/2022\/02\/microbit.png 648w, https:\/\/serveiseducatius.xtec.cat\/badalona\/wp-content\/uploads\/usu1088\/2022\/02\/microbit-300x220.png 300w\" sizes=\"auto, (max-width: 195px) 100vw, 195px\" \/><\/td>\n<td style=\"vertical-align: top; width: 62.6001%;\">\n<ul>\n<li><span style=\"font-family: verdana,geneva,sans-serif;\"><span style=\"font-size: 14px;\">Targeta programable dirigida a nens i nenes de 7 a 12 anys.<\/span><\/span><\/li>\n<li><span style=\"font-family: verdana,geneva,sans-serif;\"><span style=\"font-size: 14px;\">Maquinari i programari de codi obert (open source)<\/span><\/span><\/li>\n<li>Entorn de programaci\u00f3 gr\u00e0fic propi: <b><a href=\"https:\/\/makecode.microbit.org\/\" target=\"_blank\" rel=\"noopener noreferrer\">MakeCode<\/a><\/b><\/li>\n<li><span style=\"font-family: verdana, geneva, sans-serif;\">Ideal per iniciar-se en el m\u00f3n &#8220;maker&#8221; i en el prototipatge<\/span><\/li>\n<\/ul>\n<\/td>\n<\/tr>\n<tr>\n<td style=\"background-color: #449fff; width: 36.8197%;\"><span style=\"font-family: verdana,geneva,sans-serif;\"><strong><span style=\"font-size: 14px;\">Guies d&#8217;usuari i tutorials:<\/span><\/strong><\/span><\/td>\n<td style=\"background-color: #449fff; width: 62.6001%;\"><strong><span style=\"font-family: verdana,geneva,sans-serif;\"><span style=\"font-size: 14px;\">Recursos diversos:<\/span><\/span><\/strong><\/td>\n<\/tr>\n<tr>\n<td style=\"text-align: left; vertical-align: top; width: 36.8197%;\">\n<ul>\n<li><a href=\"https:\/\/projectes.xtec.cat\/steamcat\/general\/crea-dissenya-i-construeix-projectes-amb-microbit\/\" target=\"_blank\" rel=\"noopener\">Crea, dissenya i construeix projectes amb micro:bit<\/a><\/li>\n<li><a href=\"http:\/\/microes.org\/descargas\/manual-de-programacion-microbit.pdf\" target=\"_blank\" rel=\"noopener\">Manual de programaci\u00f3 de micro:bit (castell\u00e0)<\/a><\/li>\n<\/ul>\n<\/td>\n<td style=\"text-align: left; vertical-align: top; width: 62.6001%;\">\n<ul>\n<li><a href=\"https:\/\/microbit.org\/\" target=\"_blank\" rel=\"noopener\">Micro:bit<\/a><\/li>\n<li><a href=\"https:\/\/www.youtube.com\/channel\/UCJRGTnzeb0esPmsE-mFkPGg\" target=\"_blank\" rel=\"noopener\">Canal Youtube Micro:bit Educational Foundation<\/a><\/li>\n<li><a href=\"https:\/\/microbit.hackster.io\/\" target=\"_blank\" rel=\"noopener\">Hackster.io Micro:bit projects<\/a><\/li>\n<li><a class=\"GAuSPc\" tabindex=\"0\" href=\"https:\/\/sites.google.com\/xtec.cat\/ic-microbit\/inici?authuser=0\" aria-hidden=\"false\"><span class=\"QTKDff p46B7e\">I&amp;C amb micro:bit<\/span><\/a><\/li>\n<li>\n<div class=\"CjVfdc\"><a href=\"https:\/\/sites.google.com\/xtec.cat\/microbit\/inici\" target=\"_blank\" rel=\"noopener\"><span class=\" CGqCRe\">Creativitat a l&#8217;aula amb microbit (CRP Baix Llobregat II)<\/span><\/a><\/div>\n<\/li>\n<li>\n<p>La placa Micro:bit es pot programar, entre altres, des de les plataformes:<\/p>\n<ul>\n<li><a href=\"https:\/\/microbit.org\/\" target=\"_blank\" rel=\"noopener noreferrer\">https:\/\/microbit.org\/<\/a><\/li>\n<li><a href=\"https:\/\/scratch.mit.edu\/\" target=\"_blank\" rel=\"noopener noreferrer\">https:\/\/scratch.mit.edu\/<\/a><\/li>\n<li><a href=\"http:\/\/microblocks.fun\/\" target=\"_blank\" rel=\"noopener noreferrer\">http:\/\/microblocks.fun\/<\/a><\/li>\n<li><a href=\"https:\/\/makecode.microbit.org\/\" target=\"_blank\" rel=\"noopener noreferrer\">https:\/\/makecode.microbit.org\/<\/a><\/li>\n<\/ul>\n<\/li>\n<\/ul>\n<\/td>\n<\/tr>\n<tr>\n<td style=\"background-color: #449fff; width: 36.8197%;\"><strong><span style=\"font-size: 14px;\"><span style=\"font-family: verdana,geneva,sans-serif;\">Propostes did\u00e0ctiques:<\/span> <\/span><\/strong><br \/>\n<a href=\"https:\/\/docs.google.com\/forms\/d\/e\/1FAIpQLSd71ZR5ClMD3dMscXgLR_nqfTHRmCQMpIze3bGgU1mDWjkgCA\/viewform\" target=\"_blank\" rel=\"noopener\"><span style=\"font-size: 14px;\"><span style=\"color: #ffffff; font-family: verdana, geneva, sans-serif;\"><i>Envia&#8217;ns les teves propostes de treball<\/i><\/span><\/span><\/a><\/td>\n<td style=\"background-color: #449fff; width: 62.6001%;\"><span style=\"font-size: 14px;\"><span style=\"font-family: verdana,geneva,sans-serif;\"><strong>Mirem qu\u00e8 fan els centres?<\/strong><\/span><\/span><\/td>\n<\/tr>\n<tr>\n<td style=\"text-align: left; vertical-align: top; width: 36.8197%;\">\n<ul>\n<li><a href=\"https:\/\/projectes.xtec.cat\/programacioirobotica\/programacio\/targeter-reptes\/\" target=\"_blank\" rel=\"noopener\">Targeter de reptes<\/a> (projectes.xtec.cat\/programaci\u00f3 i rob\u00f2tica)<\/li>\n<li><a href=\"https:\/\/projectes.xtec.cat\/programacioirobotica\/programacio\/microbit\/\" target=\"_blank\" rel=\"noopener\">Materials did\u00e0ctics<\/a> (projectes.xtec.cat\/programaci\u00f3 i rob\u00f2tica)<\/li>\n<\/ul>\n<\/td>\n<td style=\"text-align: left; vertical-align: top; width: 62.6001%;\">\n<ul>\n<li>\u00a0<\/li>\n<\/ul>\n<\/td>\n<\/tr>\n<tr>\n<td style=\"background-color: #449fff; width: 99.4198%;\" colspan=\"2\"><strong><span style=\"font-family: verdana,geneva,sans-serif;\"><span style=\"font-size: 14px;\">Qu\u00e8 fem a Badalona amb Micro:bit<\/span><\/span><\/strong><\/td>\n<\/tr>\n<tr>\n<td style=\"text-align: left; vertical-align: top; width: 99.4198%;\" colspan=\"2\">\u00a0<\/td>\n<\/tr>\n<\/tbody>\n<\/table>\n<p>&nbsp;<\/p>\n<p>&nbsp;<\/p>\n","protected":false},"excerpt":{"rendered":"<p>Micro:bit Prop\u00f2sit: Petit dispositiu inform\u00e0tic programable, llan\u00e7at per la BBC l\u2019any 2015 amb l\u2019objectiu de facilitar i fer divertit l\u2019aprenentatge [&hellip;]<\/p>\n","protected":false},"author":1,"featured_media":0,"parent":2804,"menu_order":0,"comment_status":"closed","ping_status":"closed","template":"","meta":{"_bbp_topic_count":0,"_bbp_reply_count":0,"_bbp_total_topic_count":0,"_bbp_total_reply_count":0,"_bbp_voice_count":0,"_bbp_anonymous_reply_count":0,"_bbp_topic_count_hidden":0,"_bbp_reply_count_hidden":0,"_bbp_forum_subforum_count":0,"site-sidebar-layout":"default","site-content-layout":"","ast-site-content-layout":"","site-content-style":"default","site-sidebar-style":"default","ast-global-header-display":"","ast-banner-title-visibility":"","ast-main-header-display":"","ast-hfb-above-header-display":"","ast-hfb-below-header-display":"","ast-hfb-mobile-header-display":"","site-post-title":"","ast-breadcrumbs-content":"","ast-featured-img":"","footer-sml-layout":"","theme-transparent-header-meta":"","adv-header-id-meta":"","stick-header-meta":"","header-above-stick-meta":"","header-main-stick-meta":"","header-below-stick-meta":"","astra-migrate-meta-layouts":"default","ast-page-background-enabled":"default","ast-page-background-meta":{"desktop":{"background-color":"var(--ast-global-color-4)","background-image":"","background-repeat":"repeat","background-position":"center center","background-size":"auto","background-attachment":"scroll","background-type":"","background-media":"","overlay-type":"","overlay-color":"","overlay-opacity":"","overlay-gradient":""},"tablet":{"background-color":"","background-image":"","background-repeat":"repeat","background-position":"center center","background-size":"auto","background-attachment":"scroll","background-type":"","background-media":"","overlay-type":"","overlay-color":"","overlay-opacity":"","overlay-gradient":""},"mobile":{"background-color":"","background-image":"","background-repeat":"repeat","background-position":"center center","background-size":"auto","background-attachment":"scroll","background-type":"","background-media":"","overlay-type":"","overlay-color":"","overlay-opacity":"","overlay-gradient":""}},"ast-content-background-meta":{"desktop":{"background-color":"var(--ast-global-color-5)","background-image":"","background-repeat":"repeat","background-position":"center center","background-size":"auto","background-attachment":"scroll","background-type":"","background-media":"","overlay-type":"","overlay-color":"","overlay-opacity":"","overlay-gradient":""},"tablet":{"background-color":"var(--ast-global-color-5)","background-image":"","background-repeat":"repeat","background-position":"center center","background-size":"auto","background-attachment":"scroll","background-type":"","background-media":"","overlay-type":"","overlay-color":"","overlay-opacity":"","overlay-gradient":""},"mobile":{"background-color":"var(--ast-global-color-5)","background-image":"","background-repeat":"repeat","background-position":"center center","background-size":"auto","background-attachment":"scroll","background-type":"","background-media":"","overlay-type":"","overlay-color":"","overlay-opacity":"","overlay-gradient":""}},"footnotes":""},"class_list":["post-11184","page","type-page","status-publish","hentry"],"post_mailing_queue_ids":[],"_links":{"self":[{"href":"https:\/\/serveiseducatius.xtec.cat\/badalona\/wp-json\/wp\/v2\/pages\/11184","targetHints":{"allow":["GET"]}}],"collection":[{"href":"https:\/\/serveiseducatius.xtec.cat\/badalona\/wp-json\/wp\/v2\/pages"}],"about":[{"href":"https:\/\/serveiseducatius.xtec.cat\/badalona\/wp-json\/wp\/v2\/types\/page"}],"author":[{"embeddable":true,"href":"https:\/\/serveiseducatius.xtec.cat\/badalona\/wp-json\/wp\/v2\/users\/1"}],"replies":[{"embeddable":true,"href":"https:\/\/serveiseducatius.xtec.cat\/badalona\/wp-json\/wp\/v2\/comments?post=11184"}],"version-history":[{"count":4,"href":"https:\/\/serveiseducatius.xtec.cat\/badalona\/wp-json\/wp\/v2\/pages\/11184\/revisions"}],"predecessor-version":[{"id":19705,"href":"https:\/\/serveiseducatius.xtec.cat\/badalona\/wp-json\/wp\/v2\/pages\/11184\/revisions\/19705"}],"up":[{"embeddable":true,"href":"https:\/\/serveiseducatius.xtec.cat\/badalona\/wp-json\/wp\/v2\/pages\/2804"}],"wp:attachment":[{"href":"https:\/\/serveiseducatius.xtec.cat\/badalona\/wp-json\/wp\/v2\/media?parent=11184"}],"curies":[{"name":"wp","href":"https:\/\/api.w.org\/{rel}","templated":true}]}}