{"id":9763,"date":"2019-03-01T11:19:53","date_gmt":"2019-03-01T10:19:53","guid":{"rendered":"http:\/\/serveiseducatius.xtec.cat\/aribagorca-aran\/?page_id=9763"},"modified":"2022-11-15T13:10:29","modified_gmt":"2022-11-15T12:10:29","slug":"reserva-de-recorsi","status":"publish","type":"page","link":"https:\/\/serveiseducatius.xtec.cat\/aribagorca-aran\/reserva-de-recorsi\/","title":{"rendered":"Res\u00e8rva de recorsi"},"content":{"rendered":"<p>Ent\u00e0 facilitar era res\u00e8rva des recorsi o ben materiaus, auetz ara v\u00f2sta disposicion un formulari ent\u00e0 h\u00e8r era demana. Sonque cau clicar aciu baish. Se vos cau b\u00e8ra causa que non auem en Servici, podetz demanar-la e nosates sajaram de cercar-la.<\/p>\n<p><a href=\"https:\/\/docs.google.com\/forms\/d\/e\/1FAIpQLSdUt7p7Vp89KFSRanYus5b8b_1tWbeuz0LNqeqWWrpSZBYOkw\/viewform?usp=sf_link\" target=\"_blank\" rel=\"noopener\">FORMULARI DE RES\u00c8RVA<\/a><\/p>\n<p>&nbsp;<\/p>\n<p>&nbsp;<\/p>\n","protected":false},"excerpt":{"rendered":"<p>Ent\u00e0 facilitar era res\u00e8rva des recorsi o ben materiaus, auetz ara v\u00f2sta disposicion un formulari ent\u00e0 h\u00e8r era demana. Sonque cau clicar aciu baish. Se vos cau b\u00e8ra causa que non auem en Servici, podetz demanar-la e nosates sajaram de cercar-la.<br \/>\n<a href=\"https:\/\/docs.google.com\/forms\/d\/e\/1FAIpQLSdUt7p7Vp89KFSRanYus5b8b_1tWbeuz0LNqeqWWrpSZBYOkw\/viewform?usp=sf_link\" target=\"_blank\" rel=\"noopener\">FORMULARI DE&hellip;  <a href=\"https:\/\/serveiseducatius.xtec.cat\/aribagorca-aran\/reserva-de-recorsi\/\" title=\"Read Res\u00e8rva de recorsi\">Llegeix m\u00e9s\u00bb<\/a><\/p>\n","protected":false},"author":1,"featured_media":0,"parent":0,"menu_order":0,"comment_status":"closed","ping_status":"closed","template":"","meta":{"_bbp_topic_count":0,"_bbp_reply_count":0,"_bbp_total_topic_count":0,"_bbp_total_reply_count":0,"_bbp_voice_count":0,"_bbp_anonymous_reply_count":0,"_bbp_topic_count_hidden":0,"_bbp_reply_count_hidden":0,"_bbp_forum_subforum_count":0,"footnotes":""},"class_list":["post-9763","page","type-page","status-publish","hentry"],"post_mailing_queue_ids":[],"_links":{"self":[{"href":"https:\/\/serveiseducatius.xtec.cat\/aribagorca-aran\/wp-json\/wp\/v2\/pages\/9763","targetHints":{"allow":["GET"]}}],"collection":[{"href":"https:\/\/serveiseducatius.xtec.cat\/aribagorca-aran\/wp-json\/wp\/v2\/pages"}],"about":[{"href":"https:\/\/serveiseducatius.xtec.cat\/aribagorca-aran\/wp-json\/wp\/v2\/types\/page"}],"author":[{"embeddable":true,"href":"https:\/\/serveiseducatius.xtec.cat\/aribagorca-aran\/wp-json\/wp\/v2\/users\/1"}],"replies":[{"embeddable":true,"href":"https:\/\/serveiseducatius.xtec.cat\/aribagorca-aran\/wp-json\/wp\/v2\/comments?post=9763"}],"version-history":[{"count":3,"href":"https:\/\/serveiseducatius.xtec.cat\/aribagorca-aran\/wp-json\/wp\/v2\/pages\/9763\/revisions"}],"predecessor-version":[{"id":19095,"href":"https:\/\/serveiseducatius.xtec.cat\/aribagorca-aran\/wp-json\/wp\/v2\/pages\/9763\/revisions\/19095"}],"wp:attachment":[{"href":"https:\/\/serveiseducatius.xtec.cat\/aribagorca-aran\/wp-json\/wp\/v2\/media?parent=9763"}],"curies":[{"name":"wp","href":"https:\/\/api.w.org\/{rel}","templated":true}]}}