{"id":9742,"date":"2019-02-28T17:04:23","date_gmt":"2019-02-28T16:04:23","guid":{"rendered":"http:\/\/serveiseducatius.xtec.cat\/aribagorca-aran\/?page_id=9742"},"modified":"2020-11-23T09:45:01","modified_gmt":"2020-11-23T08:45:01","slug":"beebots","status":"publish","type":"page","link":"https:\/\/serveiseducatius.xtec.cat\/aribagorca-aran\/pensament-computacionau-2\/beebots\/","title":{"rendered":"Beebots"},"content":{"rendered":"<p><strong>Beebot<\/strong>\u00a0ei un rob\u00f2t educatiu damb un foncionament plan simple e pensat entar usatge educatiu der escolanat. Apr\u00f2pe tara bastida d&#8217;activitats de seq\u00fcenciacion, estimacion e resolucion de probl\u00e8mes.<a href=\"https:\/\/serveiseducatius.xtec.cat\/aribagorca-aran\/wp-content\/uploads\/usu1143\/2019\/02\/bebot.jpg\"><img loading=\"lazy\" decoding=\"async\" class=\"size-full wp-image-9743 alignright\" src=\"https:\/\/serveiseducatius.xtec.cat\/aribagorca-aran\/wp-content\/uploads\/usu1143\/2019\/02\/bebot.jpg\" alt=\"\" width=\"248\" height=\"203\" \/><\/a><\/p>\n<p><strong>Beebot<\/strong>\u00a0se botge en passi de 15 cm e vire 90\u00b0, dispause d&#8217;ues tecls direccionaus que s&#8217;utilizen ent\u00e0 balhar es instruccions ent\u00e0 botjar eth dispositius. Es seq\u00fcencies p\u00f2den \u00e8ster enqui\u00e0 40.<\/p>\n<p>Cadua des unitats ei equipada damb ua\u00a0bateria recarregable integrada\u00a0que se cargue damb un cable USB est\u00e0ndard.<\/p>\n<p>Ena\u00a0<a href=\"https:\/\/www.bee-bot.us\/\" target=\"_blank\" rel=\"noopener noreferrer\">web oficiau<\/a>\u00a0podetz trapar f\u00f2r\u00e7a materiaus, atau coma materiaus curriculars, access\u00f2ris e moquetes.<\/p>\n<p><a href=\"http:\/\/blocs.xtec.cat\/roboticaalescola\/files\/2015\/03\/plantilla_ex.pdf\" target=\"_blank\" rel=\"noopener noreferrer\">Plantilles exemple bee-bot<\/a><br \/>\n<a href=\"http:\/\/codigo21.educacion.navarra.es\/wp-content\/uploads\/2015\/10\/plantilla_beebot_A4.pdf\" target=\"_blank\" rel=\"noopener noreferrer\">Plantilla imprimible 15\u00d715 cm<\/a><\/p>\n<p><a href=\"https:\/\/www.bee-bot.us\/downloads.html\" target=\"_blank\" rel=\"noopener noreferrer\">P\u00e0gina de desc\u00e0rregues oficial de Bee-Bot<\/a><\/p>\n<ul>\n<li>Tauler Pinterest de\u00a0<a href=\"https:\/\/es.pinterest.com\/cdelanoguera\/bee-bots\/\" target=\"_blank\" rel=\"noopener noreferrer\">recursos per a Bee Bot\u00a0<\/a><\/li>\n<li><a href=\"http:\/\/olmedarein7.wixsite.com\/roboticainfantil\/actividades\" target=\"_blank\" rel=\"noopener noreferrer\">ACTIVIDADES CON BEE BOT Y BLUE BOT<\/a>\u00a0en\u00a0<a href=\"http:\/\/olmedarein7.wixsite.com\/roboticainfantil\" target=\"_blank\" rel=\"noopener noreferrer\">ROB\u00d3TICA y mucho m\u00e1s\u2026<\/a><\/li>\n<li><a href=\"https:\/\/programamos.es\/recursos\/beebots\/\" target=\"_blank\" rel=\"noopener noreferrer\">Recursos Bee Bot<\/a>\u00a0en Programamos<\/li>\n<li><a href=\"http:\/\/apprendiendoconrobotica.blogspot.com.es\/p\/actividades-con-bee-bot.html\" target=\"_blank\" rel=\"noopener noreferrer\">EJEMPLOS DE ACTIVIDADES CON BEE BOT<\/a>\u00a0en Aprendiendo con rob\u00f3tica<\/li>\n<li><a href=\"http:\/\/codigo21.educacion.navarra.es\/recursos\/alfombras-para-bee-bots\/\" target=\"_blank\" rel=\"noopener noreferrer\">Escenarios para Bee-Bots<\/a>\u00a0en C\u00f3digo 21<\/li>\n<\/ul>\n","protected":false},"excerpt":{"rendered":"<p>Beebot\u00a0ei un rob\u00f2t educatiu damb un foncionament plan simple e pensat entar usatge educatiu der escolanat. Apr\u00f2pe tara bastida d&#8217;activitats de seq\u00fcenciacion, estimacion e resolucion de probl\u00e8mes.<a href=\"https:\/\/serveiseducatius.xtec.cat\/aribagorca-aran\/wp-content\/uploads\/usu1143\/2019\/02\/bebot.jpg\"><\/a><br \/>\nBeebot\u00a0se botge en passi de 15 cm e vire 90\u00b0, dispause d&#8217;ues tecls direccionaus que s&#8217;utilizen ent\u00e0 balhar&hellip;  <a href=\"https:\/\/serveiseducatius.xtec.cat\/aribagorca-aran\/pensament-computacionau-2\/beebots\/\" title=\"Read Beebots\">Llegeix m\u00e9s\u00bb<\/a><\/p>\n","protected":false},"author":1,"featured_media":0,"parent":17241,"menu_order":2,"comment_status":"closed","ping_status":"closed","template":"","meta":{"_bbp_topic_count":0,"_bbp_reply_count":0,"_bbp_total_topic_count":0,"_bbp_total_reply_count":0,"_bbp_voice_count":0,"_bbp_anonymous_reply_count":0,"_bbp_topic_count_hidden":0,"_bbp_reply_count_hidden":0,"_bbp_forum_subforum_count":0,"footnotes":""},"class_list":["post-9742","page","type-page","status-publish","hentry"],"post_mailing_queue_ids":[],"_links":{"self":[{"href":"https:\/\/serveiseducatius.xtec.cat\/aribagorca-aran\/wp-json\/wp\/v2\/pages\/9742","targetHints":{"allow":["GET"]}}],"collection":[{"href":"https:\/\/serveiseducatius.xtec.cat\/aribagorca-aran\/wp-json\/wp\/v2\/pages"}],"about":[{"href":"https:\/\/serveiseducatius.xtec.cat\/aribagorca-aran\/wp-json\/wp\/v2\/types\/page"}],"author":[{"embeddable":true,"href":"https:\/\/serveiseducatius.xtec.cat\/aribagorca-aran\/wp-json\/wp\/v2\/users\/1"}],"replies":[{"embeddable":true,"href":"https:\/\/serveiseducatius.xtec.cat\/aribagorca-aran\/wp-json\/wp\/v2\/comments?post=9742"}],"version-history":[{"count":2,"href":"https:\/\/serveiseducatius.xtec.cat\/aribagorca-aran\/wp-json\/wp\/v2\/pages\/9742\/revisions"}],"predecessor-version":[{"id":16737,"href":"https:\/\/serveiseducatius.xtec.cat\/aribagorca-aran\/wp-json\/wp\/v2\/pages\/9742\/revisions\/16737"}],"up":[{"embeddable":true,"href":"https:\/\/serveiseducatius.xtec.cat\/aribagorca-aran\/wp-json\/wp\/v2\/pages\/17241"}],"wp:attachment":[{"href":"https:\/\/serveiseducatius.xtec.cat\/aribagorca-aran\/wp-json\/wp\/v2\/media?parent=9742"}],"curies":[{"name":"wp","href":"https:\/\/api.w.org\/{rel}","templated":true}]}}