{"id":9740,"date":"2019-02-28T17:04:16","date_gmt":"2019-02-28T16:04:16","guid":{"rendered":"http:\/\/serveiseducatius.xtec.cat\/aribagorca-aran\/?page_id=9740"},"modified":"2021-07-07T11:28:31","modified_gmt":"2021-07-07T09:28:31","slug":"pensament-computacionau","status":"publish","type":"page","link":"https:\/\/serveiseducatius.xtec.cat\/aribagorca-aran\/pensament-computacionau\/","title":{"rendered":"Coma pensam en tot programar?"},"content":{"rendered":"<p>Apr\u00e9ner a programar\u00a0 ei sinonim d\u2019apr\u00e9ner a res\u00f2ler probl\u00e8mes, apr\u00e9ner a seq\u00fcenciar, apr\u00e9ner a pensar,&#8230;Era sua faison multidisciplinara qu\u2019ajude a desvolopar abilitats ling\u00fcistiques e numeriques, contribus\u00eds \u00a0en desvolopament des intellig\u00e9ncies multiples.<\/p>\n<p><iframe loading=\"lazy\" title=\"What Most Schools Don&#039;t Teach\" width=\"500\" height=\"281\" src=\"https:\/\/www.youtube.com\/embed\/nKIu9yen5nc?feature=oembed\" frameborder=\"0\" allow=\"accelerometer; autoplay; clipboard-write; encrypted-media; gyroscope; picture-in-picture; web-share\" referrerpolicy=\"strict-origin-when-cross-origin\" allowfullscreen><\/iframe><\/p>\n<p>&nbsp;<\/p>\n<p>Art\u00e9nher un bon domini deth lenguatge computacionau, estimule era creativitat en escolanat que p\u00f2t aplicar solucions imaginatiues en prepauses bastides per eri madeishi.<\/p>\n<p>Fin finau eth pensament computacionau fomente er aprenedissatge collaboratiu. En tot res\u00f2ler probl\u00e8mes interactiuament\u00a0 e bastint responses diu\u00e8rses.<\/p>\n<h5><\/h5>\n<p>&nbsp;<\/p>\n","protected":false},"excerpt":{"rendered":"<p>Apr\u00e9ner a programar\u00a0 ei sinonim d\u2019apr\u00e9ner a res\u00f2ler probl\u00e8mes, apr\u00e9ner a seq\u00fcenciar, apr\u00e9ner a pensar,&#8230;Era sua faison multidisciplinara qu\u2019ajude a desvolopar abilitats ling\u00fcistiques e numeriques, contribus\u00eds \u00a0en desvolopament des intellig\u00e9ncies multiples.<\/p>\n<p>&nbsp;<br \/>\nArt\u00e9nher un bon domini deth lenguatge computacionau, estimule era creativitat en escolanat que p\u00f2t aplicar&hellip;  <a href=\"https:\/\/serveiseducatius.xtec.cat\/aribagorca-aran\/pensament-computacionau\/\" title=\"Read Coma pensam en tot programar?\">Llegeix m\u00e9s\u00bb<\/a><\/p>\n","protected":false},"author":1,"featured_media":0,"parent":0,"menu_order":0,"comment_status":"closed","ping_status":"closed","template":"","meta":{"_bbp_topic_count":0,"_bbp_reply_count":0,"_bbp_total_topic_count":0,"_bbp_total_reply_count":0,"_bbp_voice_count":0,"_bbp_anonymous_reply_count":0,"_bbp_topic_count_hidden":0,"_bbp_reply_count_hidden":0,"_bbp_forum_subforum_count":0,"footnotes":""},"class_list":["post-9740","page","type-page","status-publish","hentry"],"post_mailing_queue_ids":[],"_links":{"self":[{"href":"https:\/\/serveiseducatius.xtec.cat\/aribagorca-aran\/wp-json\/wp\/v2\/pages\/9740","targetHints":{"allow":["GET"]}}],"collection":[{"href":"https:\/\/serveiseducatius.xtec.cat\/aribagorca-aran\/wp-json\/wp\/v2\/pages"}],"about":[{"href":"https:\/\/serveiseducatius.xtec.cat\/aribagorca-aran\/wp-json\/wp\/v2\/types\/page"}],"author":[{"embeddable":true,"href":"https:\/\/serveiseducatius.xtec.cat\/aribagorca-aran\/wp-json\/wp\/v2\/users\/1"}],"replies":[{"embeddable":true,"href":"https:\/\/serveiseducatius.xtec.cat\/aribagorca-aran\/wp-json\/wp\/v2\/comments?post=9740"}],"version-history":[{"count":4,"href":"https:\/\/serveiseducatius.xtec.cat\/aribagorca-aran\/wp-json\/wp\/v2\/pages\/9740\/revisions"}],"predecessor-version":[{"id":18171,"href":"https:\/\/serveiseducatius.xtec.cat\/aribagorca-aran\/wp-json\/wp\/v2\/pages\/9740\/revisions\/18171"}],"wp:attachment":[{"href":"https:\/\/serveiseducatius.xtec.cat\/aribagorca-aran\/wp-json\/wp\/v2\/media?parent=9740"}],"curies":[{"name":"wp","href":"https:\/\/api.w.org\/{rel}","templated":true}]}}