{"id":9733,"date":"2019-02-26T14:13:00","date_gmt":"2019-02-26T13:13:00","guid":{"rendered":"http:\/\/serveiseducatius.xtec.cat\/aribagorca-aran\/?page_id=9733"},"modified":"2021-07-08T12:28:13","modified_gmt":"2021-07-08T10:28:13","slug":"servici-comunitari","status":"publish","type":"page","link":"https:\/\/serveiseducatius.xtec.cat\/aribagorca-aran\/servici-comunitari\/","title":{"rendered":"Servici comunitari"},"content":{"rendered":"<p><strong>Er impuls deth servici comunitari entar escolanat dera segond\u00e0ria obligat\u00f2ria<\/strong> ei ua accion que v\u00f2 prebotjar qu&#8217;es escolans e escolanes experimenten e protagonizen accions de comprom\u00eds civic, qu&#8217;apr\u00e9nen en exercici actiu dera ciutadania e qu&#8217;er escolanat sigue protagonista des accions civiques per miei des sues accions, capacitats e coneishements.<\/p>\n<p><strong>Objectius generaus deth Servici comunitari<\/strong>:<\/p>\n<ul>\n<li>\u00a0Desvolopar era compet\u00e9ncia sociau e ciutadana, favorir ua actitud critica e compromesa deuant dera societat,\u00a0 \u00a0pr&#8217;amor de dev\u00eder deuant dera societat coma membres actius.<\/li>\n<li>\u00a0Desvolopar abilitats restacades damb eth dessenh e realizacion de proj\u00e8ctes e damb eth trebalh en equipa..<\/li>\n<li>\u00a0Balhar coneishement tar escolanat e es sues famlhes deth hilat sociau, associatiu e damb es entitats der entorn\u00a0 \u00a0pr&#8217;amor de prom\u00f2ir era participacion des joeni.<\/li>\n<li>\u00a0Prom\u00f2ir eth trebalh en hilat entre es despari\u00e8rs agents educatius der entorn.<\/li>\n<li>\u00a0Balhar ua responsa educatiua t\u00e0s besonhs emergents der entorn escolar..<\/li>\n<li>\u00a0Aumentar era participacion en hilat associatiu\u00a0 e enes entitats sociaus pr&#8217;amor de fomentar eth comprom\u00eds ent\u00e0 bastir ua societat m\u00e8s justa, coesionada damb eth par\u00e7an..<\/li>\n<\/ul>\n<p><strong>Finalitat<\/strong><\/p>\n<p>Eth Servici Comunit\u00e0ri ei un esturment deth desvolopament des compet\u00e9cies basiques mercades en curriculum dera educacion segond\u00e0ria sus era compet\u00e9ncia sociau e ciutadana.<\/p>\n<p>A coma objectiu garantisar qu&#8217; er escolanat ath long dera sua traject\u00f2ria escolara e en encastre curricular, experimente e protagonize accions de comprom\u00eds civic, en tot apr\u00e9ner en exercici actiu dera ciutadania e mobilizar es propris coneishements e capacitat en servici dera comunautat. Apren a \u00e8ster ciutadan ena practica.<\/p>\n<p>&nbsp;<\/p>\n<p><strong>A on encaishe?<\/strong><\/p>\n<p>Eth Servici Comunitari cau que se h\u00e8sque en 3au e\/o 4au dera ESO\u00a0 e cau que forme part dera programacion d&#8217;un o m\u00e8s airaus. Es proj\u00e8ctes deth Servici Comunitari v\u00f2len desvolopar\u00a0 era compet\u00e9ncia basica sociau e ciutadana e poder \u00e8ster ubicadi en quisevolh encastre que desvolope era predita compet\u00e9ncia.<\/p>\n<p>&nbsp;<\/p>\n<p><strong>Dedicacion<\/strong><\/p>\n<p>Eth temps dedicat p\u00f2t \u00e8ster flexible, en tot at\u00eder era tipologia d&#8217;activitat que s&#8217;amie. Des dera experi\u00e9ncia des centres a on s&#8217;an desvolopat activitats deth servici comunitari, s&#8217;aconselhe ua dedicacion apropr\u00e8tz de 20 ores en desvolopament des quaus 10 ores cau que siguen de servici actiu entara comunautat.<\/p>\n<p id=\"h.p_7R-KVNBX050P\">Eth servici comunitari ei ua activitat curriculara, non ei ua activitatat extraescolara, per tant a eth tractament academic corresponent..<\/p>\n<p><strong>Encastre orari<\/strong><\/p>\n<p>Eth servici comunitari compren ua part d\u2019aprenedissatge que se realitzar\u00e0 laguens der orari escolar e d&#8217;un servici\u00a0 actiu tara comunautat que se amiar\u00e0 deh\u00f2ra d&#8217;aguest orari, cossent damb es besonhs dera entatitat damb es que collabore.<\/p>\n<p>Aguest servici actiu caler\u00e0 que sigue inclodit ena programacion generau annau deth centre. Aprovada peth director damb consulta preceptiua deth conselh escolar.<\/p>\n<p><strong><em>Resolucion de 20 de junh de 2014<\/em><\/strong><\/p>\n<p><strong><em>Documents per a l\u2019organitzaci\u00f3 i la gesti\u00f3 de centres. Organitzaci\u00f3 del temps escola. Apartat 6. Activitats fora del recinte escolar. Apartat 6.1. Programaci\u00f3<\/em><\/strong><\/p>\n<p><em>\u201cLa programaci\u00f3 de les activitats que s\u2019hagin de fer fora del recinte escolar o que pel seu car\u00e0cter general impliquin l\u2019alteraci\u00f3 de l\u2019horari habitual, s\u2019ha d\u2019incloure en la programaci\u00f3 general anual del centre o s\u2019ha de preveure amb prou antelaci\u00f3 i ser valorada pel consell escolar. En el marc d\u2019aquesta programaci\u00f3, les activitats espec\u00edfiques les ha d\u2019autoritzar el director del centre\u201d<\/em><\/p>\n<p><strong>Obligatorietat<\/strong><\/p>\n<p>Era activitat deth servici comunitari forme part deth curriculum, per tant obligat\u00f2ri. Coma eth pr\u00e8st deth servici implique realizar es activitats deh\u00f2ra deth centre, se p\u00f2t dar eth cas que i age escolanat que damb justificacion non pogue participar. En aguesti casi, eth centre caler\u00e0 que h\u00e8sque prevision der sua atencion especifica e eth contengut curricular alternatiu.<\/p>\n<p><strong><em>Resolucion de 20 de juny de 2014<\/em><\/strong><\/p>\n<p>M\u00e8s informacion sus eth\u00a0<a href=\"http:\/\/xtec.gencat.cat\/ca\/comunitat\/serveicomunitari\/\" target=\"_blank\" rel=\"noopener noreferrer\">Servei comunitari a la XTEC<\/a>.<br \/>\nWeb del\u00a0<a href=\"https:\/\/sites.google.com\/site\/serveicomunitarilleida\/\" target=\"_blank\" rel=\"noopener noreferrer\">Servei Comunitari de les terres de Lleida<\/a>.<\/p>\n","protected":false},"excerpt":{"rendered":"<p>Er impuls deth servici comunitari entar escolanat dera segond\u00e0ria obligat\u00f2ria ei ua accion que v\u00f2 prebotjar qu&#8217;es escolans e escolanes experimenten e protagonizen accions de comprom\u00eds civic, qu&#8217;apr\u00e9nen en exercici actiu dera ciutadania e qu&#8217;er escolanat sigue protagonista des accions civiques per miei des sues&hellip;  <a href=\"https:\/\/serveiseducatius.xtec.cat\/aribagorca-aran\/servici-comunitari\/\" title=\"Read Servici comunitari\">Llegeix m\u00e9s\u00bb<\/a><\/p>\n","protected":false},"author":1,"featured_media":0,"parent":0,"menu_order":0,"comment_status":"closed","ping_status":"closed","template":"","meta":{"_bbp_topic_count":0,"_bbp_reply_count":0,"_bbp_total_topic_count":0,"_bbp_total_reply_count":0,"_bbp_voice_count":0,"_bbp_anonymous_reply_count":0,"_bbp_topic_count_hidden":0,"_bbp_reply_count_hidden":0,"_bbp_forum_subforum_count":0,"footnotes":""},"class_list":["post-9733","page","type-page","status-publish","hentry"],"post_mailing_queue_ids":[],"_links":{"self":[{"href":"https:\/\/serveiseducatius.xtec.cat\/aribagorca-aran\/wp-json\/wp\/v2\/pages\/9733","targetHints":{"allow":["GET"]}}],"collection":[{"href":"https:\/\/serveiseducatius.xtec.cat\/aribagorca-aran\/wp-json\/wp\/v2\/pages"}],"about":[{"href":"https:\/\/serveiseducatius.xtec.cat\/aribagorca-aran\/wp-json\/wp\/v2\/types\/page"}],"author":[{"embeddable":true,"href":"https:\/\/serveiseducatius.xtec.cat\/aribagorca-aran\/wp-json\/wp\/v2\/users\/1"}],"replies":[{"embeddable":true,"href":"https:\/\/serveiseducatius.xtec.cat\/aribagorca-aran\/wp-json\/wp\/v2\/comments?post=9733"}],"version-history":[{"count":3,"href":"https:\/\/serveiseducatius.xtec.cat\/aribagorca-aran\/wp-json\/wp\/v2\/pages\/9733\/revisions"}],"predecessor-version":[{"id":18184,"href":"https:\/\/serveiseducatius.xtec.cat\/aribagorca-aran\/wp-json\/wp\/v2\/pages\/9733\/revisions\/18184"}],"wp:attachment":[{"href":"https:\/\/serveiseducatius.xtec.cat\/aribagorca-aran\/wp-json\/wp\/v2\/media?parent=9733"}],"curies":[{"name":"wp","href":"https:\/\/api.w.org\/{rel}","templated":true}]}}