{"id":9730,"date":"2019-02-26T13:23:25","date_gmt":"2019-02-26T12:23:25","guid":{"rendered":"http:\/\/serveiseducatius.xtec.cat\/aribagorca-aran\/?page_id=9730"},"modified":"2021-07-08T10:45:58","modified_gmt":"2021-07-08T08:45:58","slug":"programa-dimplementacion-descoles-verdes","status":"publish","type":"page","link":"https:\/\/serveiseducatius.xtec.cat\/aribagorca-aran\/programa-dimplementacion-descoles-verdes\/","title":{"rendered":"Programa d&#8217;implementacion d&#8217;esc\u00f2les v\u00e8rdes"},"content":{"rendered":"<header class=\"entry-header\">\n<h5 class=\"entry-title\"><span style=\"color: #008080;\">Programa d\u2019Esc\u00f2les V\u00e8rdes<\/span><\/h5>\n<\/header>\n<div class=\"entry-content\">\n<p><span style=\"color: #003300;\">Eth programa esc\u00f2les v\u00e8rdes ges coma un comprom\u00eds ent\u00e0 balhar sup\u00f2rt a toti es centres educatius de Catalunya que v\u00f2len innovar, inclodir, auan\u00e7ar, sistematizar e organizar accions educatiues que&#8217;agen era finalitat d&#8217;implentar des der encastre educatius naui r\u00e8ptes e valors de sostenibilitat.<img loading=\"lazy\" decoding=\"async\" class=\" wp-image-8406 alignright\" src=\"http:\/\/serveiseducatius.xtec.cat\/noguera\/wp-content\/uploads\/usu1149\/2016\/11\/ev.png\" alt=\"ev\" width=\"150\" height=\"160\" \/><\/span><\/p>\n<p><span style=\"color: #003300;\">E, per tant, se plantegen tres grani objectius:<\/span><\/p>\n<ol>\n<li><span style=\"color: #003300;\">Ajudar t\u00e0s centres era incorporacion des valors dera educacion pr&#8217;amor dera sostenibilitat en toti es encastres dera vida deth centre (curriculum, gestion, relacions damb er entorn, eca.).<\/span><\/li>\n<li><span style=\"color: #003300;\">Prom\u00f2ir era participacion e era implicacion activa dera comunautat educatiua ena milhora deth s\u00f2n entorn.<\/span><\/li>\n<li><span style=\"color: #003300;\">Favorir er escambi damb auti centres que compartissen es madeishi objectius..<\/span><\/li>\n<\/ol>\n<p><span style=\"color: #003300;\"><strong>Enlaci de refer\u00e9ncia deth proj\u00e8cte esc\u00f2les verdes:<br \/>\n<\/strong><\/span><\/p>\n<ul>\n<li><span style=\"color: #003300;\"><a style=\"color: #003300;\" href=\"http:\/\/mediambient.gencat.cat\/ca\/05_ambits_dactuacio\/educacio_i_sostenibilitat\/educacio_per_a_la_sostenibilitat\/escoles_verdes\/\" target=\"_blank\" rel=\"noopener noreferrer\">Escoles Verdes<\/a>.\u00a0Educaci\u00f3 per a la sostenibilitat Departament de Territori i Sostenibilitat de la Generalitat de Catalunya<\/span><\/li>\n<li><a href=\"http:\/\/mediambient.gencat.cat\/ca\/05_ambits_dactuacio\/educacio_i_sostenibilitat\/educacio_per_a_la_sostenibilitat\/escoles_verdes\/el_programa_escoles_verdes\/\" target=\"_blank\" rel=\"noopener noreferrer\"><span style=\"color: #003300;\">Programa Escoles Verdes de Lleida<\/span><\/a><\/li>\n<\/ul>\n<\/div>\n","protected":false},"excerpt":{"rendered":"<p>Programa d\u2019Esc\u00f2les V\u00e8rdes<\/p>\n<p>Eth programa esc\u00f2les v\u00e8rdes ges coma un comprom\u00eds ent\u00e0 balhar sup\u00f2rt a toti es centres educatius de Catalunya que v\u00f2len innovar, inclodir, auan\u00e7ar, sistematizar e organizar accions educatiues que&#8217;agen era finalitat d&#8217;implentar des der encastre educatius naui r\u00e8ptes e valors de sostenibilitat.<br \/>\nE, per&hellip;  <a href=\"https:\/\/serveiseducatius.xtec.cat\/aribagorca-aran\/programa-dimplementacion-descoles-verdes\/\" title=\"Read Programa d&#8217;implementacion d&#8217;esc\u00f2les v\u00e8rdes\">Llegeix m\u00e9s\u00bb<\/a><\/p>\n","protected":false},"author":1,"featured_media":0,"parent":0,"menu_order":0,"comment_status":"closed","ping_status":"closed","template":"","meta":{"_bbp_topic_count":0,"_bbp_reply_count":0,"_bbp_total_topic_count":0,"_bbp_total_reply_count":0,"_bbp_voice_count":0,"_bbp_anonymous_reply_count":0,"_bbp_topic_count_hidden":0,"_bbp_reply_count_hidden":0,"_bbp_forum_subforum_count":0,"footnotes":""},"class_list":["post-9730","page","type-page","status-publish","hentry"],"post_mailing_queue_ids":[],"_links":{"self":[{"href":"https:\/\/serveiseducatius.xtec.cat\/aribagorca-aran\/wp-json\/wp\/v2\/pages\/9730","targetHints":{"allow":["GET"]}}],"collection":[{"href":"https:\/\/serveiseducatius.xtec.cat\/aribagorca-aran\/wp-json\/wp\/v2\/pages"}],"about":[{"href":"https:\/\/serveiseducatius.xtec.cat\/aribagorca-aran\/wp-json\/wp\/v2\/types\/page"}],"author":[{"embeddable":true,"href":"https:\/\/serveiseducatius.xtec.cat\/aribagorca-aran\/wp-json\/wp\/v2\/users\/1"}],"replies":[{"embeddable":true,"href":"https:\/\/serveiseducatius.xtec.cat\/aribagorca-aran\/wp-json\/wp\/v2\/comments?post=9730"}],"version-history":[{"count":3,"href":"https:\/\/serveiseducatius.xtec.cat\/aribagorca-aran\/wp-json\/wp\/v2\/pages\/9730\/revisions"}],"predecessor-version":[{"id":18177,"href":"https:\/\/serveiseducatius.xtec.cat\/aribagorca-aran\/wp-json\/wp\/v2\/pages\/9730\/revisions\/18177"}],"wp:attachment":[{"href":"https:\/\/serveiseducatius.xtec.cat\/aribagorca-aran\/wp-json\/wp\/v2\/media?parent=9730"}],"curies":[{"name":"wp","href":"https:\/\/api.w.org\/{rel}","templated":true}]}}