{"id":9724,"date":"2019-02-26T13:07:53","date_gmt":"2019-02-26T12:07:53","guid":{"rendered":"http:\/\/serveiseducatius.xtec.cat\/aribagorca-aran\/?page_id=9724"},"modified":"2021-07-08T12:47:20","modified_gmt":"2021-07-08T10:47:20","slug":"hilat-de-competencies-basiques","status":"publish","type":"page","link":"https:\/\/serveiseducatius.xtec.cat\/aribagorca-aran\/hilat-de-competencies-basiques\/","title":{"rendered":"Hilat de compet\u00e9ncies basiques"},"content":{"rendered":"<p><a href=\"https:\/\/blocs.xtec.cat\/xcbprojecte291\/category\/cronologia\/producte-final-cronologia\/\"><img loading=\"lazy\" decoding=\"async\" class=\"wp-image-9725 alignleft\" src=\"https:\/\/serveiseducatius.xtec.cat\/aribagorca-aran\/wp-content\/uploads\/usu1143\/2019\/02\/xcb.png\" alt=\"\" width=\"128\" height=\"226\" srcset=\"https:\/\/serveiseducatius.xtec.cat\/aribagorca-aran\/wp-content\/uploads\/usu1143\/2019\/02\/xcb.png 195w, https:\/\/serveiseducatius.xtec.cat\/aribagorca-aran\/wp-content\/uploads\/usu1143\/2019\/02\/xcb-170x300.png 170w\" sizes=\"auto, (max-width: 128px) 100vw, 128px\" \/><\/a><\/p>\n<p>&nbsp;<\/p>\n<p>&nbsp;<\/p>\n<p>Er hilat de compet\u00e9ncies basiques\u00a0ei format per ua equipa docenta, que desvolope eth trebalh competenciau enes s\u00f2ns centres, que bast\u00eds esturments de sup\u00f2rt ent\u00e0 orientar processi de reflexion e dera gestion deth curriculum competenciau e compart\u00eds processi d&#8217; autoavaloracion.<\/p>\n<p><img decoding=\"async\" class=\"alignright\" src=\"https:\/\/serveiseducatius.xtec.cat\/noguera\/wp-content\/uploads\/usu1149\/2019\/01\/Logo-color1.png\" \/><\/p>\n","protected":false},"excerpt":{"rendered":"<p><a href=\"https:\/\/blocs.xtec.cat\/xcbprojecte291\/category\/cronologia\/producte-final-cronologia\/\"><\/a><br \/>\n&nbsp;<br \/>\n&nbsp;<br \/>\nEr hilat de compet\u00e9ncies basiques\u00a0ei format per ua equipa docenta, que desvolope eth trebalh competenciau enes s\u00f2ns centres, que bast\u00eds esturments de sup\u00f2rt ent\u00e0 orientar processi de reflexion e dera gestion deth curriculum competenciau e compart\u00eds processi d&#8217; autoavaloracion.<\/p>\n","protected":false},"author":1,"featured_media":0,"parent":0,"menu_order":0,"comment_status":"closed","ping_status":"closed","template":"","meta":{"_bbp_topic_count":0,"_bbp_reply_count":0,"_bbp_total_topic_count":0,"_bbp_total_reply_count":0,"_bbp_voice_count":0,"_bbp_anonymous_reply_count":0,"_bbp_topic_count_hidden":0,"_bbp_reply_count_hidden":0,"_bbp_forum_subforum_count":0,"footnotes":""},"class_list":["post-9724","page","type-page","status-publish","hentry"],"post_mailing_queue_ids":[],"_links":{"self":[{"href":"https:\/\/serveiseducatius.xtec.cat\/aribagorca-aran\/wp-json\/wp\/v2\/pages\/9724","targetHints":{"allow":["GET"]}}],"collection":[{"href":"https:\/\/serveiseducatius.xtec.cat\/aribagorca-aran\/wp-json\/wp\/v2\/pages"}],"about":[{"href":"https:\/\/serveiseducatius.xtec.cat\/aribagorca-aran\/wp-json\/wp\/v2\/types\/page"}],"author":[{"embeddable":true,"href":"https:\/\/serveiseducatius.xtec.cat\/aribagorca-aran\/wp-json\/wp\/v2\/users\/1"}],"replies":[{"embeddable":true,"href":"https:\/\/serveiseducatius.xtec.cat\/aribagorca-aran\/wp-json\/wp\/v2\/comments?post=9724"}],"version-history":[{"count":3,"href":"https:\/\/serveiseducatius.xtec.cat\/aribagorca-aran\/wp-json\/wp\/v2\/pages\/9724\/revisions"}],"predecessor-version":[{"id":18185,"href":"https:\/\/serveiseducatius.xtec.cat\/aribagorca-aran\/wp-json\/wp\/v2\/pages\/9724\/revisions\/18185"}],"wp:attachment":[{"href":"https:\/\/serveiseducatius.xtec.cat\/aribagorca-aran\/wp-json\/wp\/v2\/media?parent=9724"}],"curies":[{"name":"wp","href":"https:\/\/api.w.org\/{rel}","templated":true}]}}