{"id":9303,"date":"2018-10-31T12:35:02","date_gmt":"2018-10-31T11:35:02","guid":{"rendered":"http:\/\/serveiseducatius.xtec.cat\/aribagorca-aran\/?page_id=9303"},"modified":"2021-07-08T12:01:13","modified_gmt":"2021-07-08T10:01:13","slug":"es-mil-e-ua-nets","status":"publish","type":"page","link":"https:\/\/serveiseducatius.xtec.cat\/aribagorca-aran\/projecte-comun-de-lectura\/es-mil-e-ua-nets\/","title":{"rendered":"Es mil e ua nets"},"content":{"rendered":"<table class=\" aligncenter\" style=\"height: 126px; border-color: #ffffff;\" width=\"858\">\n<tbody>\n<tr style=\"height: 225px;\">\n<td style=\"width: 763px; height: 225px; background-color: #ffffff; border-color: #ffffff;\">\n<p style=\"text-align: justify;\"><span style=\"color: #401e40;\"><strong><a href=\"https:\/\/serveiseducatius.xtec.cat\/aribagorca-aran\/wp-content\/uploads\/usu1143\/2018\/10\/las-mil-y-una-noches-5-1024x543.jpeg\"><img loading=\"lazy\" decoding=\"async\" class=\"wp-image-9301 alignleft\" src=\"https:\/\/serveiseducatius.xtec.cat\/aribagorca-aran\/wp-content\/uploads\/usu1143\/2018\/10\/las-mil-y-una-noches-5-1024x543-1024x543.jpeg\" alt=\"\" width=\"427\" height=\"226\" srcset=\"https:\/\/serveiseducatius.xtec.cat\/aribagorca-aran\/wp-content\/uploads\/usu1143\/2018\/10\/las-mil-y-una-noches-5-1024x543.jpeg 1024w, https:\/\/serveiseducatius.xtec.cat\/aribagorca-aran\/wp-content\/uploads\/usu1143\/2018\/10\/las-mil-y-una-noches-5-1024x543-300x159.jpeg 300w, https:\/\/serveiseducatius.xtec.cat\/aribagorca-aran\/wp-content\/uploads\/usu1143\/2018\/10\/las-mil-y-una-noches-5-1024x543-768x407.jpeg 768w\" sizes=\"auto, (max-width: 427px) 100vw, 427px\" \/><\/a><\/strong><\/span><\/p>\n<h5 style=\"text-align: justify;\"><span style=\"color: #401e40;\"><strong>Benvengudes\/di tara pagina des recorsi deth tap\u00eds volaire des mil e ua nets!<\/strong><\/span><\/h5>\n<h6 style=\"text-align: justify;\"><span style=\"color: #401e40;\"><strong> Aciu poiratz trapar tot eth materiau e recorsi online damb eth que desvolopar eth proj\u00e8cte comun de lectura: Es mil e ua nets.\u00a0<\/strong><\/span><span style=\"color: #401e40;\"><strong>En materiau premanit poiratz trapar ua prepausa d&#8217;activitats restacades damb era compet\u00e9ncia lectora: Activitats preapausades ent\u00e0 tot er escolanat (Educacion infantila, cicle iniciau, cicle miei, cicle superior e\u00a0 d&#8217;ESO), atau coma es indicadors e niv\u00e8us d&#8217;aqueriment dera lectura, ent\u00e0 facilitar era avaloracion dera activitat. Ath del\u00e0 poiratz compdar damb ua maleta virtuau des lectures e vid\u00e8us e ua de recorsi ent\u00e0 desvolopar es activiats prespausades. Fin finau enes servicis educatius, auram tara v\u00f2sta dispausicion ua maleta damb es libres e audiovisuaus e ua maleta damb j\u00f2cs t\u00e0 desvolopar d&#8217;autes activitats se son deth v\u00f2ste gust. <\/strong><\/span><span style=\"color: #401e40;\"><strong>Demoram que vos agrade tot eth materiau qu&#8217;auem premanit e qu&#8217;ac disfrutetz damb es v\u00f2sti escolans!<\/strong><\/span><\/h6>\n<table style=\"width: 100%; border-collapse: collapse; border-color: #7c3885; background-color: #612e6b;\" border=\"1\">\n<tbody>\n<tr style=\"height: 26px;\">\n<td style=\"width: 50%; height: 26px;\"><span style=\"color: #ffffff;\">\u00a0 \u00a0 \u00a0 \u00a0 \u00a0 \u00a0 \u00a0 \u00a0 \u00a0 \u00a0 \u00a0 \u00a0 \u00a0 <strong>\u00a0 \u00a0 \u00a0 \u00a0MALETA VIRTUAU<\/strong><\/span><\/td>\n<td style=\"width: 50%; height: 26px;\"><strong><span style=\"color: #ffffff;\">\u00a0 \u00a0 \u00a0 \u00a0 \u00a0 \u00a0 \u00a0 \u00a0 \u00a0 \u00a0 \u00a0 \u00a0 \u00a0MALETA VIATJAIRA<\/span><\/strong><\/td>\n<\/tr>\n<tr>\n<td style=\"width: 50%;\"><strong><span style=\"color: #ffffff;\"><span style=\"color: #800080;\">PREPAUSA D&#8217;ACTIVITATS<\/span><br \/>\n<\/span><\/strong><\/p>\n<ul>\n<li><a href=\"https:\/\/drive.google.com\/open?id=1Eo_AHXGNxPmzSA0SDjD80FrNplvgGgSt\"><strong><span style=\"color: #800080;\">Activitats tara educaci\u00f3n infantila e cicle iniciau<\/span><\/strong><\/a><\/li>\n<li><a href=\"https:\/\/drive.google.com\/open?id=1PIhRDx4wR4n8uB2VfCawwB922NyWb7s3\"><strong><span style=\"color: #800080;\">Activitats tath cicle miei e cicle su<\/span><span style=\"color: #800080;\">perio<\/span><span style=\"color: #800080;\">r<\/span><\/strong><\/a><\/li>\n<li><a href=\"https:\/\/drive.google.com\/open?id=1S9OCMHXuuJgDt2oQngBP5d5eD714RD-6\"><strong><span style=\"color: #800080;\">Activitats tara educacion segond\u00e0ria\u00a0<\/span><\/strong><\/a><\/li>\n<\/ul>\n<p><strong><span style=\"color: #800080;\">MATERIAUS E RECORSI:<\/span><\/strong><strong style=\"font-family: inherit; font-size: 1em;\"><a href=\"https:\/\/drive.google.com\/drive\/u\/1\/folders\/1jLnlZem59kNM1Yljfcm4AxxVEINQR-wj\"><span style=\"color: #800080;\">Lectures en aran\u00e9s<\/span><\/a><\/strong><\/p>\n<ul>\n<li><strong><a href=\"https:\/\/drive.google.com\/drive\/u\/1\/folders\/1jLnlZem59kNM1Yljfcm4AxxVEINQR-wj\"><span style=\"color: #800080;\">Lectures en catal\u00e1n<\/span><\/a><\/strong><\/li>\n<li><strong><a href=\"https:\/\/drive.google.com\/drive\/u\/1\/folders\/1jLnlZem59kNM1Yljfcm4AxxVEINQR-wj\"><span style=\"color: #800080;\">Lectures en angl\u00e9s<\/span><\/a><\/strong><\/li>\n<li><strong><a href=\"https:\/\/drive.google.com\/drive\/u\/1\/folders\/1jLnlZem59kNM1Yljfcm4AxxVEINQR-wj\"><span style=\"color: #800080;\">Lectures en franc\u00e9s<\/span><\/a><\/strong><\/li>\n<li><strong><a href=\"https:\/\/drive.google.com\/drive\/u\/1\/folders\/1jLnlZem59kNM1Yljfcm4AxxVEINQR-wj\"><span style=\"color: #800080;\">Lectures en castelhan<\/span><\/a><\/strong><\/li>\n<\/ul>\n<p><strong><span style=\"color: #800080;\">RECORSI AUDIOVISUAUS:<\/span><\/strong><\/p>\n<ul>\n<li><a href=\"https:\/\/drive.google.com\/file\/d\/1VNcoRcogtPYZqurW8zcMQfsxQpQMoO9L\/view?usp=sharing\"><strong><span style=\"color: #800080;\">Cuerts d&#8217;animacion<\/span><\/strong><\/a><\/li>\n<\/ul>\n<\/td>\n<td style=\"width: 50%; text-align: left;\"><strong><span style=\"color: #800080;\">MALETA DE LECTURES E RECORSI AUDIOVISUAUS<\/span><\/strong><\/p>\n<p>&nbsp;<\/p>\n<p>&nbsp;<\/p>\n<p>&nbsp;<\/p>\n<p>&nbsp;<\/p>\n<p>&nbsp;<\/p>\n<p>&nbsp;<\/p>\n<p>&nbsp;<\/td>\n<\/tr>\n<tr>\n<td style=\"width: 50%;\"><strong><span style=\"color: #800080;\">\u00a0<\/span><\/strong><\/td>\n<td style=\"width: 50%;\"><strong><span style=\"color: #800080;\">\u00a0<\/span><\/strong><\/td>\n<\/tr>\n<\/tbody>\n<\/table>\n<\/td>\n<\/tr>\n<\/tbody>\n<\/table>\n<p>&nbsp;<\/p>\n<p>&nbsp;<\/p>\n<p>&nbsp;<\/p>\n<p>&nbsp;<\/p>\n<p>&nbsp;<\/p>\n<p>&nbsp;<\/p>\n<p>&nbsp;<\/p>\n<p>&nbsp;<\/p>\n<p>&nbsp;<\/p>\n<p>&nbsp;<\/p>\n<p>&nbsp;<\/p>\n<p>&nbsp;<\/p>\n<p>&nbsp;<\/p>\n<p>&nbsp;<\/p>\n","protected":false},"excerpt":{"rendered":"<p><a href=\"https:\/\/serveiseducatius.xtec.cat\/aribagorca-aran\/wp-content\/uploads\/usu1143\/2018\/10\/las-mil-y-una-noches-5-1024x543.jpeg\"><\/a><br \/>\nBenvengudes\/di tara pagina des recorsi deth tap\u00eds volaire des mil e ua nets!<br \/>\n Aciu poiratz trapar tot eth materiau e recorsi online damb eth que desvolopar eth proj\u00e8cte comun de lectura: Es mil e ua nets.\u00a0En materiau premanit poiratz trapar ua prepausa d&#8217;activitats restacades&hellip;  <a href=\"https:\/\/serveiseducatius.xtec.cat\/aribagorca-aran\/projecte-comun-de-lectura\/es-mil-e-ua-nets\/\" title=\"Read Es mil e ua nets\">Llegeix m\u00e9s\u00bb<\/a><\/p>\n","protected":false},"author":1,"featured_media":0,"parent":8355,"menu_order":0,"comment_status":"closed","ping_status":"closed","template":"","meta":{"_bbp_topic_count":0,"_bbp_reply_count":0,"_bbp_total_topic_count":0,"_bbp_total_reply_count":0,"_bbp_voice_count":0,"_bbp_anonymous_reply_count":0,"_bbp_topic_count_hidden":0,"_bbp_reply_count_hidden":0,"_bbp_forum_subforum_count":0,"footnotes":""},"class_list":["post-9303","page","type-page","status-publish","hentry"],"post_mailing_queue_ids":[],"_links":{"self":[{"href":"https:\/\/serveiseducatius.xtec.cat\/aribagorca-aran\/wp-json\/wp\/v2\/pages\/9303","targetHints":{"allow":["GET"]}}],"collection":[{"href":"https:\/\/serveiseducatius.xtec.cat\/aribagorca-aran\/wp-json\/wp\/v2\/pages"}],"about":[{"href":"https:\/\/serveiseducatius.xtec.cat\/aribagorca-aran\/wp-json\/wp\/v2\/types\/page"}],"author":[{"embeddable":true,"href":"https:\/\/serveiseducatius.xtec.cat\/aribagorca-aran\/wp-json\/wp\/v2\/users\/1"}],"replies":[{"embeddable":true,"href":"https:\/\/serveiseducatius.xtec.cat\/aribagorca-aran\/wp-json\/wp\/v2\/comments?post=9303"}],"version-history":[{"count":3,"href":"https:\/\/serveiseducatius.xtec.cat\/aribagorca-aran\/wp-json\/wp\/v2\/pages\/9303\/revisions"}],"predecessor-version":[{"id":18181,"href":"https:\/\/serveiseducatius.xtec.cat\/aribagorca-aran\/wp-json\/wp\/v2\/pages\/9303\/revisions\/18181"}],"up":[{"embeddable":true,"href":"https:\/\/serveiseducatius.xtec.cat\/aribagorca-aran\/wp-json\/wp\/v2\/pages\/8355"}],"wp:attachment":[{"href":"https:\/\/serveiseducatius.xtec.cat\/aribagorca-aran\/wp-json\/wp\/v2\/media?parent=9303"}],"curies":[{"name":"wp","href":"https:\/\/api.w.org\/{rel}","templated":true}]}}