{"id":8593,"date":"2017-09-13T10:09:33","date_gmt":"2017-09-13T08:09:33","guid":{"rendered":"http:\/\/serveiseducatius.xtec.cat\/aribagorca-aran\/?page_id=8593"},"modified":"2021-07-07T09:37:17","modified_gmt":"2021-07-07T07:37:17","slug":"plan-de-formacion-de-zona","status":"publish","type":"page","link":"https:\/\/serveiseducatius.xtec.cat\/aribagorca-aran\/plan-de-formacion-de-zona\/","title":{"rendered":"Plan de formacion de z\u00f2na"},"content":{"rendered":"<p>Eth Departament d&#8217;Educacion a establit un am\u00e0s de linhes de formacion permanenta t\u00e0 dar responsa as besonhs de formacion permanenta des centres educatius e des docents de Catalonha. Eth <strong>Plan de Formacion de Z\u00f2na (PFZ) dera Val d&#8217;Aran\u00a0<\/strong>ei era planificacion a niv\u00e8u comarcau dera formacion permanenta deth professorat, qu&#8217;incorp\u00f2re es activitats de formacion en centre e autes activitats adre\u00e7ades a tot eth professorat deth par\u00e7an. Eth professorat participe deth proc\u00e9s de deteccion de besonhs (demanes formatives) mejan\u00e7ant era sua representacion ena comission deth PFZ dera Val d&#8217;Aran.<\/p>\n<p>&nbsp;<\/p>\n<p><strong>Calendari<\/strong><\/p>\n<div class=\"hfeed site\"><\/div>\n<div class=\"hfeed site\"><strong>Inscripcions (cors 2020-2021) Pr&#8217;amor des condicionants espaciaus, entath present cors tota era formacion deth departament d&#8217;Educacion aur\u00e0 un caracter telematic.<\/strong><\/div>\n<div class=\"hfeed site\"><\/div>\n<div class=\"hfeed site\"><\/div>\n<div class=\"hfeed site\">\n<table style=\"width: 931px; height: 114px;\">\n<tbody>\n<tr style=\"height: 17px;\">\n<td style=\"text-align: center; height: 17px; width: 273.81px;\"><strong>Peri\u00f2des d&#8217;inscripcion<\/strong><\/td>\n<td style=\"text-align: center; height: 17px; width: 341.27px;\"><strong>Sollicitud de pla\u00e7a<\/strong><\/td>\n<td style=\"text-align: center; height: 17px; width: 305.556px;\"><strong>Consulta d&#8217;adjudicacions<\/strong><\/td>\n<\/tr>\n<tr style=\"height: 31px;\">\n<td style=\"height: 31px; width: 273.81px;\">Prum\u00e8r torn<\/td>\n<td style=\"height: 31px; width: 341.27px;\"><\/td>\n<td style=\"height: 31px; width: 305.556px;\"><\/td>\n<\/tr>\n<tr style=\"height: 31px;\">\n<td style=\"height: 31px; width: 273.81px;\">Segon torn<\/td>\n<td style=\"height: 31px; width: 341.27px;\"><\/td>\n<td style=\"height: 31px; width: 305.556px;\"><\/td>\n<\/tr>\n<tr style=\"height: 55px;\">\n<td style=\"height: 35px; width: 273.81px;\">Formacion d&#8217;ostiu<\/td>\n<td style=\"height: 35px; width: 341.27px;\"><\/td>\n<td style=\"height: 35px; width: 305.556px;\"><\/td>\n<\/tr>\n<\/tbody>\n<\/table>\n<p><strong>M\u00e8s informacion\u00a0<\/strong><\/p>\n<ul>\n<li><a href=\"http:\/\/xtec.gencat.cat\/ca\/formacio\/\">Informacion generau (XTEC)<\/a><\/li>\n<li><a href=\"http:\/\/xtec.gencat.cat\/ca\/formacio\/info-general\/cercador-activitats\/\">Plans de formacion de z\u00f2na (XTEC)<\/a><\/li>\n<\/ul>\n<\/div>\n<div id=\"page\" class=\"hfeed site\"><\/div>\n","protected":false},"excerpt":{"rendered":"<p>Eth Departament d&#8217;Educacion a establit un am\u00e0s de linhes de formacion permanenta t\u00e0 dar responsa as besonhs de formacion permanenta des centres educatius e des docents de Catalonha. Eth Plan de Formacion de Z\u00f2na (PFZ) dera Val d&#8217;Aran\u00a0ei era planificacion a niv\u00e8u comarcau dera formacion&hellip;  <a href=\"https:\/\/serveiseducatius.xtec.cat\/aribagorca-aran\/plan-de-formacion-de-zona\/\" title=\"Read Plan de formacion de z\u00f2na\">Llegeix m\u00e9s\u00bb<\/a><\/p>\n","protected":false},"author":1,"featured_media":0,"parent":0,"menu_order":0,"comment_status":"closed","ping_status":"closed","template":"","meta":{"_bbp_topic_count":0,"_bbp_reply_count":0,"_bbp_total_topic_count":0,"_bbp_total_reply_count":0,"_bbp_voice_count":0,"_bbp_anonymous_reply_count":0,"_bbp_topic_count_hidden":0,"_bbp_reply_count_hidden":0,"_bbp_forum_subforum_count":0,"footnotes":""},"class_list":["post-8593","page","type-page","status-publish","hentry"],"post_mailing_queue_ids":[],"_links":{"self":[{"href":"https:\/\/serveiseducatius.xtec.cat\/aribagorca-aran\/wp-json\/wp\/v2\/pages\/8593","targetHints":{"allow":["GET"]}}],"collection":[{"href":"https:\/\/serveiseducatius.xtec.cat\/aribagorca-aran\/wp-json\/wp\/v2\/pages"}],"about":[{"href":"https:\/\/serveiseducatius.xtec.cat\/aribagorca-aran\/wp-json\/wp\/v2\/types\/page"}],"author":[{"embeddable":true,"href":"https:\/\/serveiseducatius.xtec.cat\/aribagorca-aran\/wp-json\/wp\/v2\/users\/1"}],"replies":[{"embeddable":true,"href":"https:\/\/serveiseducatius.xtec.cat\/aribagorca-aran\/wp-json\/wp\/v2\/comments?post=8593"}],"version-history":[{"count":4,"href":"https:\/\/serveiseducatius.xtec.cat\/aribagorca-aran\/wp-json\/wp\/v2\/pages\/8593\/revisions"}],"predecessor-version":[{"id":18169,"href":"https:\/\/serveiseducatius.xtec.cat\/aribagorca-aran\/wp-json\/wp\/v2\/pages\/8593\/revisions\/18169"}],"wp:attachment":[{"href":"https:\/\/serveiseducatius.xtec.cat\/aribagorca-aran\/wp-json\/wp\/v2\/media?parent=8593"}],"curies":[{"name":"wp","href":"https:\/\/api.w.org\/{rel}","templated":true}]}}