{"id":797,"date":"2015-11-28T21:06:57","date_gmt":"2015-11-28T20:06:57","guid":{"rendered":"http:\/\/serveiseducatius.xtec.cat\/aribagorca-aran\/?page_id=797"},"modified":"2020-09-07T11:12:40","modified_gmt":"2020-09-07T09:12:40","slug":"presentacio","status":"publish","type":"page","link":"https:\/\/serveiseducatius.xtec.cat\/aribagorca-aran\/el-servei-educatiu\/presentacio\/","title":{"rendered":"Presentacion"},"content":{"rendered":"<p>Es <strong>Servicis Educatius<\/strong> deth Departament d&#8217;Ensenhament dan sup\u00f2rt\u00a0e assessorament as centres educatius publics\u00a0e privats concertats de niv\u00e8us educatius non universitaris. Cada servici educatiu ei format per ua equipa multidisciplinara qu&#8217;aufr\u00eds es seg\u00fcents servicis:<\/p>\n<ul>\n<li>Sup\u00f2rt\u00a0e assessorament en estrat\u00e9gies organizatiues, didactiques\u00a0e metodologiques entar assolidament des <strong>compet\u00e9ncies basiques.<\/strong><\/li>\n<li>Sup\u00f2rt ena <strong>tutoria e ena orientacion<\/strong> educatiua.<\/li>\n<li><strong>Deteccion prec\u00f2\u00e7<\/strong> des dificultats d\u2019aprendissatge, sociaus, motrius\u00a0e h\u00e8r avaloracions psicopedagogiques.<\/li>\n<li>Assessorament\u00a0en proc\u00e9s d\u2019escolarizacion\u00a0en\u00a0<strong>besonhs educatius especifics\u00a0e especiaus<\/strong> (NEE).<\/li>\n<li>Assessorament\u00a0en <strong>adaptacions curriculares individuaus<\/strong> (CI).<\/li>\n<li>Sup\u00f2rt ena <strong>prevencion\u00a0der abandonament escolar<\/strong> prematur.<\/li>\n<li>Sup\u00f2rt en tractament integrat dera <strong>lengua\u00a0e contenguts<\/strong>.<\/li>\n<li>Planificacion\u00a0e gestion deth catal\u00f2g de <strong>formacion deth professorat<\/strong> dera z\u00f2na.<\/li>\n<li>Sup\u00f2rt\u00a0e assessorament en didactica, <strong>innovacion<\/strong> e\/o <strong>planificacion<\/strong>: plans de milhora, TAC, sup\u00f2rt ara lectura\u2026<\/li>\n<li><strong>Servici de pr\u00e9stec<\/strong> de maquinaria, vid\u00e8os\u00a0e\u00a0libres especializats en t\u00e8mes educatius.<\/li>\n<li>Sup\u00f2rt a <strong>proj\u00e8ctes internacionaus <\/strong>tath\u00a0desvolopament deth <strong>pluriling\u00fcisme <\/strong>e\u00a0des <strong>compet\u00e9ncies comunicatiues<\/strong> des escolans.<\/li>\n<\/ul>\n<p>Er encastre d&#8217;actuacion deth servici educatiu\u00a0ei era comarca dera Val d&#8217;Aran, a m\u00e8s de b\u00e8res\u00a0poblacions de comarques vesies qu\u00e9, per motius diu\u00e8rsi s&#8217;int\u00e8gren en par\u00e7an.<\/p>\n<h4>Qui pot h\u00e8r era demana des servicis?<\/h4>\n<ul>\n<li>Es centres,\u00a0a traues\u00a0des sues equipes directiues.<\/li>\n<li>Collectius de docents, d\u2019especialitat, de niv\u00e8u, d\u2019inter\u00e9ssi, etc.<\/li>\n<li>Es docents directament.<\/li>\n<li>Autes entitats vinculades ara Educacion.<\/li>\n<\/ul>\n<h4>Com se h\u00e8r era demana?<\/h4>\n<p>Trucant ath tel\u00e8fon\u00a0<strong>973.64 23 77 <\/strong>o enviant un corr\u00e8u electronic a\u00a0<span lang=\"CA\"><span style=\"color: #660000; font-size: medium;\"><a href=\"mailto:c5900769@xtec.cat\">c5900769@xtec.cat<\/a>\u00a0o\u00a0c5990109@xtec.cat\u00a0<\/span><\/span><\/p>\n<p>&nbsp;<\/p>\n<p>&nbsp;<\/p>\n<p>&nbsp;<\/p>\n<h4><\/h4>\n","protected":false},"excerpt":{"rendered":"<p>Es Servicis Educatius deth Departament d&#8217;Ensenhament dan sup\u00f2rt\u00a0e assessorament as centres educatius publics\u00a0e privats concertats de niv\u00e8us educatius non universitaris. Cada servici educatiu ei format per ua equipa multidisciplinara qu&#8217;aufr\u00eds es seg\u00fcents servicis:<\/p>\n<ul>\n<li>Sup\u00f2rt\u00a0e assessorament en estrat\u00e9gies organizatiues, didactiques\u00a0e metodologiques entar assolidament des compet\u00e9ncies basiques.<\/li>\n<li>Sup\u00f2rt ena&hellip;  <a href=\"https:\/\/serveiseducatius.xtec.cat\/aribagorca-aran\/el-servei-educatiu\/presentacio\/\" title=\"Read Presentacion\">Llegeix m\u00e9s\u00bb<\/a><br \/>\n","protected":false},"author":1,"featured_media":0,"parent":806,"menu_order":10,"comment_status":"closed","ping_status":"closed","template":"page-templates\/side-menu.php","meta":{"_bbp_topic_count":0,"_bbp_reply_count":0,"_bbp_total_topic_count":0,"_bbp_total_reply_count":0,"_bbp_voice_count":0,"_bbp_anonymous_reply_count":0,"_bbp_topic_count_hidden":0,"_bbp_reply_count_hidden":0,"_bbp_forum_subforum_count":0,"footnotes":""},"class_list":["post-797","page","type-page","status-publish","hentry"],"post_mailing_queue_ids":[],"_links":{"self":[{"href":"https:\/\/serveiseducatius.xtec.cat\/aribagorca-aran\/wp-json\/wp\/v2\/pages\/797","targetHints":{"allow":["GET"]}}],"collection":[{"href":"https:\/\/serveiseducatius.xtec.cat\/aribagorca-aran\/wp-json\/wp\/v2\/pages"}],"about":[{"href":"https:\/\/serveiseducatius.xtec.cat\/aribagorca-aran\/wp-json\/wp\/v2\/types\/page"}],"author":[{"embeddable":true,"href":"https:\/\/serveiseducatius.xtec.cat\/aribagorca-aran\/wp-json\/wp\/v2\/users\/1"}],"replies":[{"embeddable":true,"href":"https:\/\/serveiseducatius.xtec.cat\/aribagorca-aran\/wp-json\/wp\/v2\/comments?post=797"}],"version-history":[{"count":3,"href":"https:\/\/serveiseducatius.xtec.cat\/aribagorca-aran\/wp-json\/wp\/v2\/pages\/797\/revisions"}],"predecessor-version":[{"id":16726,"href":"https:\/\/serveiseducatius.xtec.cat\/aribagorca-aran\/wp-json\/wp\/v2\/pages\/797\/revisions\/16726"}],"up":[{"embeddable":true,"href":"https:\/\/serveiseducatius.xtec.cat\/aribagorca-aran\/wp-json\/wp\/v2\/pages\/806"}],"wp:attachment":[{"href":"https:\/\/serveiseducatius.xtec.cat\/aribagorca-aran\/wp-json\/wp\/v2\/media?parent=797"}],"curies":[{"name":"wp","href":"https:\/\/api.w.org\/{rel}","templated":true}]}}