{"id":608,"date":"2015-11-27T10:04:51","date_gmt":"2015-11-27T09:04:51","guid":{"rendered":"http:\/\/serveiseducatius.xtec.cat\/aribagorca-aran\/?page_id=608"},"modified":"2024-09-09T11:59:24","modified_gmt":"2024-09-09T09:59:24","slug":"horari-i-calendari","status":"publish","type":"page","link":"https:\/\/serveiseducatius.xtec.cat\/aribagorca-aran\/el-servei-educatiu\/horari-i-calendari\/","title":{"rendered":"Orari e calendari"},"content":{"rendered":"<h3><strong>Orari d&#8217;atencion ath public:<\/strong><\/h3>\n<ul style=\"list-style-type: disc;\">\n<li><strong>De deluns a diuendres:<\/strong>\n<ul>\n<li>Peth maitin (de deluns a diuendres): de 10:00 a 14:00 ores.<\/li>\n<\/ul>\n<ul style=\"list-style-type: circle;\">\n<li>Pera tarde (deluns, dimars, dim\u00e8rcles e dijaus): de 16:30 a 18:00 ores.<\/li>\n<\/ul>\n<\/li>\n<\/ul>\n<p>&nbsp;<\/p>\n<ul style=\"list-style-type: disc;\">\n<li><strong>En dates damb orari intensiu <\/strong>(deth 2 ath 6 de seteme; deth 9 de junh ath 15 de junhs\u00e8ga)<strong>: <\/strong><span style=\"font-size: large;\"><span style=\"font-size: medium;\"><span style=\"font-family: arial, sans-serif;\">De deluns a diuendres de 10:00 a 14:00 ores.<\/span><\/span><\/span><\/li>\n<\/ul>\n<p>&nbsp;<\/p>\n<p>Eth n\u00f2ste servici educatiu ser\u00e0<strong> barrat ath public<\/strong>, enes peri\u00f2des de vacances escolares: Nadau, Semana Santa e estiu, e es dies de h\u00e8sta laboraus oficiaus en Catalonha. Es seg\u00fcents dies de h\u00e8sta locau e de liure disposicion deth cors 24-25 son:<\/p>\n<ul>\n<li>7 e 8 d&#8217;octobre.<\/li>\n<li>28 d&#8217;hereu\u00e8r<\/li>\n<li>3 de mar\u00e7<\/li>\n<li>2 de mai<\/li>\n<\/ul>\n","protected":false},"excerpt":{"rendered":"<p>Orari d&#8217;atencion ath public:<\/p>\n<ul style=\"list-style-type: disc;\">\n<li>De deluns a diuendres:\n<ul>\n<li>Peth maitin (de deluns a diuendres): de 10:00 a 14:00 ores.<\/li>\n<\/ul>\n<ul style=\"list-style-type: circle;\">\n<li>Pera tarde (deluns, dimars, dim\u00e8rcles e dijaus): de 16:30 a 18:00 ores.<\/li>\n<\/ul>\n<\/li>\n<\/ul>\n<p>&nbsp;<\/p>\n<ul style=\"list-style-type: disc;\">\n<li>En dates damb orari intensiu (deth 2 ath 6 de seteme; deth&hellip;  <a href=\"https:\/\/serveiseducatius.xtec.cat\/aribagorca-aran\/el-servei-educatiu\/horari-i-calendari\/\" title=\"Read Orari e calendari\">Llegeix m\u00e9s\u00bb<\/a><br \/>\n","protected":false},"author":1,"featured_media":0,"parent":806,"menu_order":30,"comment_status":"closed","ping_status":"closed","template":"page-templates\/side-menu.php","meta":{"_bbp_topic_count":0,"_bbp_reply_count":0,"_bbp_total_topic_count":0,"_bbp_total_reply_count":0,"_bbp_voice_count":0,"_bbp_anonymous_reply_count":0,"_bbp_topic_count_hidden":0,"_bbp_reply_count_hidden":0,"_bbp_forum_subforum_count":0,"footnotes":""},"class_list":["post-608","page","type-page","status-publish","hentry"],"post_mailing_queue_ids":[],"_links":{"self":[{"href":"https:\/\/serveiseducatius.xtec.cat\/aribagorca-aran\/wp-json\/wp\/v2\/pages\/608","targetHints":{"allow":["GET"]}}],"collection":[{"href":"https:\/\/serveiseducatius.xtec.cat\/aribagorca-aran\/wp-json\/wp\/v2\/pages"}],"about":[{"href":"https:\/\/serveiseducatius.xtec.cat\/aribagorca-aran\/wp-json\/wp\/v2\/types\/page"}],"author":[{"embeddable":true,"href":"https:\/\/serveiseducatius.xtec.cat\/aribagorca-aran\/wp-json\/wp\/v2\/users\/1"}],"replies":[{"embeddable":true,"href":"https:\/\/serveiseducatius.xtec.cat\/aribagorca-aran\/wp-json\/wp\/v2\/comments?post=608"}],"version-history":[{"count":6,"href":"https:\/\/serveiseducatius.xtec.cat\/aribagorca-aran\/wp-json\/wp\/v2\/pages\/608\/revisions"}],"predecessor-version":[{"id":19398,"href":"https:\/\/serveiseducatius.xtec.cat\/aribagorca-aran\/wp-json\/wp\/v2\/pages\/608\/revisions\/19398"}],"up":[{"embeddable":true,"href":"https:\/\/serveiseducatius.xtec.cat\/aribagorca-aran\/wp-json\/wp\/v2\/pages\/806"}],"wp:attachment":[{"href":"https:\/\/serveiseducatius.xtec.cat\/aribagorca-aran\/wp-json\/wp\/v2\/media?parent=608"}],"curies":[{"name":"wp","href":"https:\/\/api.w.org\/{rel}","templated":true}]}}