{"id":572,"date":"2015-11-26T21:44:54","date_gmt":"2015-11-26T20:44:54","guid":{"rendered":"http:\/\/serveiseducatius.xtec.cat\/aribagorca-aran\/?page_id=572"},"modified":"2021-07-07T09:39:11","modified_gmt":"2021-07-07T07:39:11","slug":"formacio-interna-fic","status":"publish","type":"page","link":"https:\/\/serveiseducatius.xtec.cat\/aribagorca-aran\/formacio\/formacio-interna-fic\/","title":{"rendered":"Formacion int\u00e8rna de centre (FIC)"},"content":{"rendered":"<p>Modalitat formatiua qu&#8217;a l\u00f2c laguens de cada centre educatiu, ei adre\u00e7ada ara m\u00e0ger part deth claustre o a un collectiu d\u2019un centre<\/p>\n<p><iframe loading=\"lazy\" title=\"Formaci\u00f3 interna de centre\" width=\"500\" height=\"375\" src=\"https:\/\/www.youtube.com\/embed\/GPuOkHsICWk?feature=oembed\" frameborder=\"0\" allow=\"accelerometer; autoplay; clipboard-write; encrypted-media; gyroscope; picture-in-picture; web-share\" referrerpolicy=\"strict-origin-when-cross-origin\" allowfullscreen><\/iframe><\/p>\n<ul>\n<li>Ei liderat e dinamizat per ua equipa de coordinacion format per tres persones deth centre entre es que cau que i age un membre, min\u00edmum, dera equipa directiua. Non i a un formador ext\u00e8rn.<\/li>\n<li>A ua durada de 30 ores, des quaus 20 an\u00a0d&#8217;\u00e8ster de trabalh conjunt\u00a0e 10 s&#8217;an de dedicar ath trabalh individuau o en grops redusits.<\/li>\n<\/ul>\n<p>Se voletz engegar ua formacion int\u00e8rna en v\u00f2ste centre, metetz-vos en contacte damb nosates. Podetz consultar es formacions int\u00e8rnes que\u00a0se h\u00e8nt enes centres dera v\u00f2sta zona.<\/p>\n<p>&nbsp;<\/p>\n","protected":false},"excerpt":{"rendered":"<p>Modalitat formatiua qu&#8217;a l\u00f2c laguens de cada centre educatiu, ei adre\u00e7ada ara m\u00e0ger part deth claustre o a un collectiu d\u2019un centre<\/p>\n<ul>\n<li>Ei liderat e dinamizat per ua equipa de coordinacion format per tres persones deth centre entre es que cau que i age un membre,&hellip;  <a href=\"https:\/\/serveiseducatius.xtec.cat\/aribagorca-aran\/formacio\/formacio-interna-fic\/\" title=\"Read Formacion int\u00e8rna de centre (FIC)\">Llegeix m\u00e9s\u00bb<\/a><br \/>\n","protected":false},"author":1,"featured_media":0,"parent":416,"menu_order":16,"comment_status":"closed","ping_status":"closed","template":"","meta":{"_bbp_topic_count":0,"_bbp_reply_count":0,"_bbp_total_topic_count":0,"_bbp_total_reply_count":0,"_bbp_voice_count":0,"_bbp_anonymous_reply_count":0,"_bbp_topic_count_hidden":0,"_bbp_reply_count_hidden":0,"_bbp_forum_subforum_count":0,"footnotes":""},"class_list":["post-572","page","type-page","status-publish","hentry"],"post_mailing_queue_ids":[],"_links":{"self":[{"href":"https:\/\/serveiseducatius.xtec.cat\/aribagorca-aran\/wp-json\/wp\/v2\/pages\/572","targetHints":{"allow":["GET"]}}],"collection":[{"href":"https:\/\/serveiseducatius.xtec.cat\/aribagorca-aran\/wp-json\/wp\/v2\/pages"}],"about":[{"href":"https:\/\/serveiseducatius.xtec.cat\/aribagorca-aran\/wp-json\/wp\/v2\/types\/page"}],"author":[{"embeddable":true,"href":"https:\/\/serveiseducatius.xtec.cat\/aribagorca-aran\/wp-json\/wp\/v2\/users\/1"}],"replies":[{"embeddable":true,"href":"https:\/\/serveiseducatius.xtec.cat\/aribagorca-aran\/wp-json\/wp\/v2\/comments?post=572"}],"version-history":[{"count":4,"href":"https:\/\/serveiseducatius.xtec.cat\/aribagorca-aran\/wp-json\/wp\/v2\/pages\/572\/revisions"}],"predecessor-version":[{"id":18170,"href":"https:\/\/serveiseducatius.xtec.cat\/aribagorca-aran\/wp-json\/wp\/v2\/pages\/572\/revisions\/18170"}],"up":[{"embeddable":true,"href":"https:\/\/serveiseducatius.xtec.cat\/aribagorca-aran\/wp-json\/wp\/v2\/pages\/416"}],"wp:attachment":[{"href":"https:\/\/serveiseducatius.xtec.cat\/aribagorca-aran\/wp-json\/wp\/v2\/media?parent=572"}],"curies":[{"name":"wp","href":"https:\/\/api.w.org\/{rel}","templated":true}]}}