{"id":548,"date":"2015-11-26T18:10:47","date_gmt":"2015-11-26T17:10:47","guid":{"rendered":"http:\/\/serveiseducatius.xtec.cat\/aribagorca-aran\/?page_id=548"},"modified":"2016-05-23T12:59:24","modified_gmt":"2016-05-23T11:59:24","slug":"zona-formadors","status":"publish","type":"page","link":"https:\/\/serveiseducatius.xtec.cat\/aribagorca-aran\/formacio\/zona-formadors\/","title":{"rendered":"Z\u00f2na formadors"},"content":{"rendered":"<p><img decoding=\"async\" src=\"http:\/\/serveiseducatius.xtec.cat\/aribagorca-aran\/wp-content\/uploads\/usu1143\/2015\/11\/formador.png\" alt=\"\" \/><\/p>\n<p>Prum\u00e8r de tot,\u00a0 vos\u00a0arregra\u00efm era v\u00f2sta collaboracion e vos desiram que gaudisquetz dera experi\u00e9ncia coma formadors.<\/p>\n<ul>\n<li>Vos podetz connectar ath\u00a0<a href=\"http:\/\/serveiseducatius.xtec.cat\/aribagorca-aran\/nodes\/formadors\/\">node privat<\/a> de formadors,\u00a0ent\u00e0 quinsevolh dubte o comentari.<\/li>\n<li>Podetz consultar es\u00a0<a href=\"http:\/\/serveiseducatius.xtec.cat\/aribagorca-aran\/docs\/?bpd_tag=formadors\">documents de refer\u00e9ncia<\/a> que<strong>\u00a0<\/strong>vos ser\u00e0n d&#8217;utilitat ara ora de h\u00e8r es diferents tr\u00e0mits associadi ath desvolopament e eth\u00a0barratge des activitats de formacion.<\/li>\n<\/ul>\n<p>Se vos va milhor, podetz\u00a0contactar damb eth servici educatiu\u00a0dera\u00a0Val d&#8217;Aran &#8211; Alta Ribagor\u00e7a\u00a0a trau\u00e8s\u00a0deth corr\u00e8u electronic se-aribagorca-aran@xtec.cat\u00a0o trucant ath tel\u00e8fon 973 64 23 77.<\/p>\n","protected":false},"excerpt":{"rendered":"<p>Prum\u00e8r de tot,\u00a0 vos\u00a0arregra\u00efm era v\u00f2sta collaboracion e vos desiram que gaudisquetz dera experi\u00e9ncia coma formadors.<\/p>\n<ul>\n<li>Vos podetz connectar ath\u00a0<a href=\"http:\/\/serveiseducatius.xtec.cat\/aribagorca-aran\/nodes\/formadors\/\">node privat<\/a> de formadors,\u00a0ent\u00e0 quinsevolh dubte o comentari.<\/li>\n<li>Podetz consultar es\u00a0<a href=\"http:\/\/serveiseducatius.xtec.cat\/aribagorca-aran\/docs\/?bpd_tag=formadors\">documents de refer\u00e9ncia<\/a> que\u00a0vos ser\u00e0n d&#8217;utilitat ara ora de h\u00e8r es diferents tr\u00e0mits associadi ath desvolopament&hellip;  <a href=\"https:\/\/serveiseducatius.xtec.cat\/aribagorca-aran\/formacio\/zona-formadors\/\" title=\"Read Z\u00f2na formadors\">Llegeix m\u00e9s\u00bb<\/a><br \/>\n","protected":false},"author":1,"featured_media":0,"parent":416,"menu_order":30,"comment_status":"closed","ping_status":"closed","template":"","meta":{"_bbp_topic_count":0,"_bbp_reply_count":0,"_bbp_total_topic_count":0,"_bbp_total_reply_count":0,"_bbp_voice_count":0,"_bbp_anonymous_reply_count":0,"_bbp_topic_count_hidden":0,"_bbp_reply_count_hidden":0,"_bbp_forum_subforum_count":0,"footnotes":""},"class_list":["post-548","page","type-page","status-publish","hentry"],"post_mailing_queue_ids":[],"_links":{"self":[{"href":"https:\/\/serveiseducatius.xtec.cat\/aribagorca-aran\/wp-json\/wp\/v2\/pages\/548","targetHints":{"allow":["GET"]}}],"collection":[{"href":"https:\/\/serveiseducatius.xtec.cat\/aribagorca-aran\/wp-json\/wp\/v2\/pages"}],"about":[{"href":"https:\/\/serveiseducatius.xtec.cat\/aribagorca-aran\/wp-json\/wp\/v2\/types\/page"}],"author":[{"embeddable":true,"href":"https:\/\/serveiseducatius.xtec.cat\/aribagorca-aran\/wp-json\/wp\/v2\/users\/1"}],"replies":[{"embeddable":true,"href":"https:\/\/serveiseducatius.xtec.cat\/aribagorca-aran\/wp-json\/wp\/v2\/comments?post=548"}],"version-history":[{"count":3,"href":"https:\/\/serveiseducatius.xtec.cat\/aribagorca-aran\/wp-json\/wp\/v2\/pages\/548\/revisions"}],"predecessor-version":[{"id":8173,"href":"https:\/\/serveiseducatius.xtec.cat\/aribagorca-aran\/wp-json\/wp\/v2\/pages\/548\/revisions\/8173"}],"up":[{"embeddable":true,"href":"https:\/\/serveiseducatius.xtec.cat\/aribagorca-aran\/wp-json\/wp\/v2\/pages\/416"}],"wp:attachment":[{"href":"https:\/\/serveiseducatius.xtec.cat\/aribagorca-aran\/wp-json\/wp\/v2\/media?parent=548"}],"curies":[{"name":"wp","href":"https:\/\/api.w.org\/{rel}","templated":true}]}}