{"id":306,"date":"2015-11-24T18:02:44","date_gmt":"2015-11-24T17:02:44","guid":{"rendered":"http:\/\/serveiseducatius.xtec.cat\/aribagorca-aran\/?page_id=306"},"modified":"2024-09-09T12:01:02","modified_gmt":"2024-09-09T10:01:02","slug":"equip","status":"publish","type":"page","link":"https:\/\/serveiseducatius.xtec.cat\/aribagorca-aran\/el-servei-educatiu\/equip\/","title":{"rendered":"Qui \u00e8m"},"content":{"rendered":"<p>&nbsp;<\/p>\n<table style=\"height: 477px;\" width=\"829\">\n<tbody>\n<tr style=\"height: 31px;\">\n<td style=\"width: 409px; height: 31px;\"><strong>CRP<\/strong><\/td>\n<td style=\"width: 412px; height: 31px;\"><strong>EAP<\/strong><\/td>\n<\/tr>\n<tr style=\"height: 31px;\">\n<td style=\"width: 409px; height: 31px;\"><strong>Centre de Recorsi Pedagogics<\/strong><\/td>\n<td style=\"width: 412px; height: 31px;\"><strong>Equip d\u2019Assesorament\u00a0e Orientacion Psicopedagogica<\/strong><\/td>\n<\/tr>\n<tr style=\"height: 199px;\">\n<td style=\"height: 199px;\">\n<p style=\"text-align: left;\"><span lang=\"CA\">Eth Centre de Recorsi Pedagogics ei un servici educatiu deth Departament d&#8217;Educacion dera Generalitat de Catalonha que, en ambit comarcau, balhe sup\u00f2rt permanent ara activitat pedagogica des centres educatius e ath trabalh docent des m\u00e8stres e professors. <\/span><span lang=\"CA\">Eth principau objectiu des CRP ei potenciar era renovacion pedagogica, en tot facilitar es airines entara reflexi\u00f3n e tara rec\u00e8rca des naues estrategies d&#8217;ensenhament.<\/span><\/p>\n<\/td>\n<td style=\"height: 199px;\">\n<p style=\"text-align: left;\">Es equipes d&#8217;assessorament e orientacion psicopedagogica(EAP) son servici educatius que balhen sup\u00f2rt ath professorat des centres docents ent\u00e0 poder aufrir era responsa educatiua m\u00e8s avienta ar ensem der escolanat, especiauments ad aguest que presente disminucions o m\u00e8s dificultats en proc\u00e8s d&#8217;aprenedissatge e es sues familhes.<\/p>\n<p>&nbsp;<\/td>\n<\/tr>\n<tr style=\"height: 41px;\">\n<td style=\"width: 409px; height: 41px;\"><a href=\"https:\/\/serveiseducatius.xtec.cat\/aribagorca-aran\/?page_id=8264&amp;preview=true\">Professionaus\u00a0adscrits<\/a><\/td>\n<td style=\"width: 412px; height: 41px;\"><a href=\"https:\/\/serveiseducatius.xtec.cat\/aribagorca-aran\/?page_id=8267&amp;preview=true\">Professionaus adscrits<\/a><\/td>\n<\/tr>\n<tr style=\"height: 31px;\">\n<td style=\"width: 409px; height: 31px;\"><strong>Actuacion priorit\u00e0ries:<\/strong><\/p>\n<ul>\n<li>Dinamizacion e innovacion educatiua. Sup\u00f2rt e assessorament a projectes de centre de milhora, d\u2019innovacion e de recerca. Recuelhuda, intercambi e difusion de practiques e experi\u00e9ncies educatiues.<\/li>\n<\/ul>\n<ul>\n<li>Assessorament en recorsi tath professorat e des centres educatius. Informacion e assessorament sus materiaus didactics, curriculars e d\u2019auti recorsi educatius.<\/li>\n<\/ul>\n<ul>\n<li>Orientacion e assessorament ena formacion permanent deth professorat. Coordinacion, organizacion e seguiment des activitats deth Plan de Formacion de Z\u00f2na.<\/li>\n<\/ul>\n<p>&nbsp;<\/p>\n<p>&nbsp;<\/p>\n<p>&nbsp;<\/p>\n<p>&nbsp;<\/p>\n<p>&nbsp;<\/p>\n<p>&nbsp;<\/p>\n<p>&nbsp;<\/td>\n<td style=\"width: 412px; height: 31px;\"><strong>Foncions principaus:<\/strong><\/p>\n<ul>\n<li>Identificacion e avaloracion des besonhs educatius especiaus der escolanat, amassa damb eth professorat e d&#8217;auti servicis especifics ent\u00e0 poder dar ua responsa educatiua m\u00e8s avienta en cada cas.<\/li>\n<\/ul>\n<ul>\n<li>Assessorament ar escolanat, as familhes e ath professorat sus asp\u00e8ctes restacats damb era orientacion personau, educatiua e professionau.<\/li>\n<li>Elaboracion e seguiment des diu\u00e8rses adaptacions curriculars que poguen auer de besonh es escolans, amassa damb eth professorat e d&#8217;auti servicis especifics.<\/li>\n<li>\u00a0Assessorament as m\u00e8stres e professors sus es proj\u00e8ctes curriculars des centres educatius, concretament en asp\u00e8ctes psicopedagogics e que mielhoren era atencion ara diuersitat des besonhs des escolans.<\/li>\n<\/ul>\n<ul>\n<li>Collaboracion damb es servicis sociaus ent\u00e0 aufrir era atencion as escolans e es familhes qu&#8217;ac agen de besonh.<\/li>\n<\/ul>\n<ul>\n<li>Auf\u00e8rta de recorsi, infraestructura e de servicis as centres docents e ath professorat ent\u00e0 que dispusen de materiau especific des diu\u00e8rsi airaus curriculars, de mieis pr\u00f2pris dera tecnologia educatiua e de publicacions especializades, damb er assessorament e instruccions de utilizacion.<\/li>\n<\/ul>\n<\/td>\n<\/tr>\n<tr style=\"height: 45px;\">\n<td style=\"width: 409px; height: 45px;\"><strong><a href=\"mailto:c5990109@xtec.cat\">c5990109@xtec.cat<\/a><\/strong><\/td>\n<td style=\"width: 412px; height: 45px;\"><strong><a href=\"mailto:c5900769@xtec.cat\">c5900769@xtec.cat<\/a><\/strong><\/td>\n<\/tr>\n<tr style=\"height: 31px;\">\n<td style=\"width: 409px; height: 31px;\" colspan=\"2\"><strong>ALIC<\/strong><\/td>\n<\/tr>\n<tr style=\"height: 31px;\">\n<td style=\"width: 409px; height: 31px;\" colspan=\"2\"><strong>Equips d\u2019assessorament e orientacion en<span class=\"Apple-converted-space\">\u00a0<\/span>lengua, interculturalitat e coesion sociau<\/strong><\/td>\n<\/tr>\n<tr style=\"height: 41px;\">\n<td style=\"width: 409px; height: 41px;\" colspan=\"2\">Eth Servici Educatiu de Lengua, Interculturalitat e Coesion sociau ei un servici especializat en encastre educatiu e curricular qu\u2019aufr\u00eds assessorament, formacion e sup\u00f2rt ath pr\u00e8tzh\u00e8t docent deth professorat, ar escolanat, as familhes\u00a0 e ar entorn en relacion damb era lengua, era interculturalitat e era coesion sociau, autant ena educacion prim\u00e0ria com ena segond\u00e0ria e ena educacion d\u2019adults.<\/p>\n<table style=\"height: 17px; width: 806px;\">\n<tbody>\n<tr style=\"height: 27px;\">\n<td style=\"width: 133px; height: 27px;\">\n<h5>Alba Orrit Borrell<\/h5>\n<\/td>\n<td style=\"width: 201px; height: 27px;\">\n<h5><a href=\"mailto:molive82@xtec.cat\" target=\"_blank\" rel=\"noopener\">morrit@xtec.cat<\/a><\/h5>\n<\/td>\n<td style=\"width: 210px; height: 27px;\">Assessora Ling\u00fcistica d&#8217;Integracion e coesion sociau<\/td>\n<\/tr>\n<\/tbody>\n<\/table>\n<\/td>\n<\/tr>\n<tr style=\"height: 31px;\">\n<td style=\"width: 409px; height: 31px;\" colspan=\"2\">Eth Servici Educatiu trabalhe de forma coordinada damb eth <a href=\"http:\/\/www.xtec.cat\/creda-lleida\/\">CREDA<\/a> (Centre de Recorsi Educatius\u00a0ent\u00e0 Deficients<\/p>\n<p>Auditius) de l&#8217;Alt Pirineu i Aran e damb eth professorat qu&#8217;at\u00e9n er escolanat damb discapacitadi visuaus.<\/td>\n<\/tr>\n<\/tbody>\n<\/table>\n<p>&nbsp;<\/p>\n<p>&nbsp;<\/p>\n<p><img loading=\"lazy\" decoding=\"async\" class=\" size-full wp-image-185 alignright\" src=\"http:\/\/serveiseducatius.xtec.cat\/aribagorca-aran\/wp-content\/uploads\/usu1143\/2014\/09\/ampa.png\" alt=\"ampa\" width=\"315\" height=\"126\" srcset=\"https:\/\/serveiseducatius.xtec.cat\/aribagorca-aran\/wp-content\/uploads\/usu1143\/2014\/09\/ampa.png 315w, https:\/\/serveiseducatius.xtec.cat\/aribagorca-aran\/wp-content\/uploads\/usu1143\/2014\/09\/ampa-300x120.png 300w\" sizes=\"auto, (max-width: 315px) 100vw, 315px\" \/>Podetz consultar\u00a0es <a href=\"http:\/\/serveiseducatius.xtec.cat\/aribagorca-aran\/docs\/distribucio-de-professionals-per-centres\/\">professionaus assignadi ath v\u00f2ste centre<\/a>.<\/p>\n<p>&nbsp;<\/p>\n","protected":false},"excerpt":{"rendered":"<p>&nbsp;<\/p>\n<p>CRP<br \/>\nEAP<\/p>\n<p>Centre de Recorsi Pedagogics<br \/>\nEquip d\u2019Assesorament\u00a0e Orientacion Psicopedagogica<\/p>\n<p>Eth Centre de Recorsi Pedagogics ei un servici educatiu deth Departament d&#8217;Educacion dera Generalitat de Catalonha que, en ambit comarcau, balhe sup\u00f2rt permanent ara activitat pedagogica des centres educatius e ath trabalh docent des m\u00e8stres e professors. Eth principau&hellip;  <a href=\"https:\/\/serveiseducatius.xtec.cat\/aribagorca-aran\/el-servei-educatiu\/equip\/\" title=\"Read Qui \u00e8m\">Llegeix m\u00e9s\u00bb<\/a><\/p>\n","protected":false},"author":1,"featured_media":0,"parent":806,"menu_order":20,"comment_status":"closed","ping_status":"closed","template":"page-templates\/side-menu.php","meta":{"_bbp_topic_count":0,"_bbp_reply_count":0,"_bbp_total_topic_count":0,"_bbp_total_reply_count":0,"_bbp_voice_count":0,"_bbp_anonymous_reply_count":0,"_bbp_topic_count_hidden":0,"_bbp_reply_count_hidden":0,"_bbp_forum_subforum_count":0,"footnotes":""},"class_list":["post-306","page","type-page","status-publish","hentry"],"post_mailing_queue_ids":[],"_links":{"self":[{"href":"https:\/\/serveiseducatius.xtec.cat\/aribagorca-aran\/wp-json\/wp\/v2\/pages\/306","targetHints":{"allow":["GET"]}}],"collection":[{"href":"https:\/\/serveiseducatius.xtec.cat\/aribagorca-aran\/wp-json\/wp\/v2\/pages"}],"about":[{"href":"https:\/\/serveiseducatius.xtec.cat\/aribagorca-aran\/wp-json\/wp\/v2\/types\/page"}],"author":[{"embeddable":true,"href":"https:\/\/serveiseducatius.xtec.cat\/aribagorca-aran\/wp-json\/wp\/v2\/users\/1"}],"replies":[{"embeddable":true,"href":"https:\/\/serveiseducatius.xtec.cat\/aribagorca-aran\/wp-json\/wp\/v2\/comments?post=306"}],"version-history":[{"count":6,"href":"https:\/\/serveiseducatius.xtec.cat\/aribagorca-aran\/wp-json\/wp\/v2\/pages\/306\/revisions"}],"predecessor-version":[{"id":19399,"href":"https:\/\/serveiseducatius.xtec.cat\/aribagorca-aran\/wp-json\/wp\/v2\/pages\/306\/revisions\/19399"}],"up":[{"embeddable":true,"href":"https:\/\/serveiseducatius.xtec.cat\/aribagorca-aran\/wp-json\/wp\/v2\/pages\/806"}],"wp:attachment":[{"href":"https:\/\/serveiseducatius.xtec.cat\/aribagorca-aran\/wp-json\/wp\/v2\/media?parent=306"}],"curies":[{"name":"wp","href":"https:\/\/api.w.org\/{rel}","templated":true}]}}