{"id":19934,"date":"2025-11-18T10:37:46","date_gmt":"2025-11-18T09:37:46","guid":{"rendered":"https:\/\/serveiseducatius.xtec.cat\/aribagorca-aran\/?page_id=19934"},"modified":"2025-11-18T10:38:22","modified_gmt":"2025-11-18T09:38:22","slug":"convocatoria-des-premis-baldiri-2025-2026-dera-fundacion-carulla","status":"publish","type":"page","link":"https:\/\/serveiseducatius.xtec.cat\/aribagorca-aran\/convocatoria-des-premis-baldiri-2025-2026-dera-fundacion-carulla\/","title":{"rendered":"Convocat\u00f2ria des Pr\u00e8mis Baldiri 2025-2026 dera Fundacion Carulla"},"content":{"rendered":"<p>T\u00e0 esc\u00f2les e m\u00e8stres comprometudi, valenti e creatius\u2026tornen es Baldiri damb 44.000\u20ac en pr\u00e8mis t\u00e0s esc\u00f2les damb proj\u00e8ctes d\u2019arts, lengua e educacion!<\/p>\n<p><img loading=\"lazy\" decoding=\"async\" class=\"\" src=\"https:\/\/www.ucev.coop\/ficheros\/noticias\/Premis_Baldiri_Reixac_2025_26.jpg\" alt=\"UCEV - La Fundaci\u00f3 Carulla obre la convocat\u00f2ria dels Premis Baldiri 2025-26\" width=\"379\" height=\"264\" \/><\/p>\n<p><a href=\"https:\/\/fundaciocarulla.cat\/premis-baldiri-reixac\/baldiri-arts-i-llengua\/\">Baldiri Arts e Lengua<\/a>&#8211; 8 pr\u00e8mis de 3.500\u20ac: t\u00e0 proj\u00e8ctes educatius que en a prom\u00f2ir er \u00fas sociau dera lengua catalana desde es lenguatges art\u00edstics.<\/p>\n<p><a href=\"https:\/\/fundaciocarulla.cat\/premis-baldiri-reixac\/baldiri-experiencies\/\">Baldiri Experi\u00e9ncies<\/a>&#8211; 20 pr\u00e8mis de 600\u20ac: t\u00e0 experi\u00e9ncies d\u2019aprenentatge innovadores a trau\u00e8s dera creativitat e es arts.<\/p>\n<p><a href=\"https:\/\/fundaciocarulla.cat\/premis-baldiri-reixac\/baldiri-escola-transformadora\/\">Baldiri Esc\u00f2la<\/a>&#8211; 1 pr\u00e8mi de 4.500\u20ac: a centri comprometudi damb era cultura, era lengua e es arts com a motors de transformacion educatiua.<\/p>\n<p>H\u00e8m que es arts transformen era esc\u00f2la!<\/p>\n<p><a href=\"https:\/\/fundaciocarulla.cat\/premis-baldiri-reixac\/formularis-baldiri\/\">INFORMACION E INSCRIPCION:<\/a><\/p>\n<p>Era convocat\u00f2ria ei dub\u00e8rta enquia eth 26 de g\u00e8r deth 2026.<\/p>\n","protected":false},"excerpt":{"rendered":"<p>T\u00e0 esc\u00f2les e m\u00e8stres comprometudi, valenti e creatius\u2026tornen es Baldiri damb 44.000\u20ac en pr\u00e8mis t\u00e0s esc\u00f2les damb proj\u00e8ctes d\u2019arts, lengua e educacion!<\/p>\n<p><a href=\"https:\/\/fundaciocarulla.cat\/premis-baldiri-reixac\/baldiri-arts-i-llengua\/\">Baldiri Arts e Lengua<\/a>&#8211; 8 pr\u00e8mis de 3.500\u20ac: t\u00e0 proj\u00e8ctes educatius que en a prom\u00f2ir er \u00fas sociau dera lengua catalana desde es&hellip;  <a href=\"https:\/\/serveiseducatius.xtec.cat\/aribagorca-aran\/convocatoria-des-premis-baldiri-2025-2026-dera-fundacion-carulla\/\" title=\"Read Convocat\u00f2ria des Pr\u00e8mis Baldiri 2025-2026 dera Fundacion Carulla\">Llegeix m\u00e9s\u00bb<\/a><\/p>\n","protected":false},"author":1,"featured_media":0,"parent":0,"menu_order":0,"comment_status":"closed","ping_status":"closed","template":"","meta":{"_bbp_topic_count":0,"_bbp_reply_count":0,"_bbp_total_topic_count":0,"_bbp_total_reply_count":0,"_bbp_voice_count":0,"_bbp_anonymous_reply_count":0,"_bbp_topic_count_hidden":0,"_bbp_reply_count_hidden":0,"_bbp_forum_subforum_count":0,"footnotes":""},"class_list":["post-19934","page","type-page","status-publish","hentry"],"post_mailing_queue_ids":[],"_links":{"self":[{"href":"https:\/\/serveiseducatius.xtec.cat\/aribagorca-aran\/wp-json\/wp\/v2\/pages\/19934","targetHints":{"allow":["GET"]}}],"collection":[{"href":"https:\/\/serveiseducatius.xtec.cat\/aribagorca-aran\/wp-json\/wp\/v2\/pages"}],"about":[{"href":"https:\/\/serveiseducatius.xtec.cat\/aribagorca-aran\/wp-json\/wp\/v2\/types\/page"}],"author":[{"embeddable":true,"href":"https:\/\/serveiseducatius.xtec.cat\/aribagorca-aran\/wp-json\/wp\/v2\/users\/1"}],"replies":[{"embeddable":true,"href":"https:\/\/serveiseducatius.xtec.cat\/aribagorca-aran\/wp-json\/wp\/v2\/comments?post=19934"}],"version-history":[{"count":2,"href":"https:\/\/serveiseducatius.xtec.cat\/aribagorca-aran\/wp-json\/wp\/v2\/pages\/19934\/revisions"}],"predecessor-version":[{"id":19936,"href":"https:\/\/serveiseducatius.xtec.cat\/aribagorca-aran\/wp-json\/wp\/v2\/pages\/19934\/revisions\/19936"}],"wp:attachment":[{"href":"https:\/\/serveiseducatius.xtec.cat\/aribagorca-aran\/wp-json\/wp\/v2\/media?parent=19934"}],"curies":[{"name":"wp","href":"https:\/\/api.w.org\/{rel}","templated":true}]}}