{"id":19331,"date":"2024-05-10T12:31:11","date_gmt":"2024-05-10T10:31:11","guid":{"rendered":"https:\/\/serveiseducatius.xtec.cat\/aribagorca-aran\/?page_id=19331"},"modified":"2024-05-14T10:26:51","modified_gmt":"2024-05-14T08:26:51","slug":"projecte-sandaran","status":"publish","type":"page","link":"https:\/\/serveiseducatius.xtec.cat\/aribagorca-aran\/projecte-sandaran\/","title":{"rendered":"Proj\u00e8cte SANDARAN"},"content":{"rendered":"<p><a href=\"https:\/\/serveiseducatius.xtec.cat\/aribagorca-aran\/wp-content\/uploads\/usu1143\/2024\/05\/Sandaran-1.jpg\"><img loading=\"lazy\" decoding=\"async\" class=\"wp-image-19332 alignleft\" src=\"https:\/\/serveiseducatius.xtec.cat\/aribagorca-aran\/wp-content\/uploads\/usu1143\/2024\/05\/Sandaran-1-270x300.jpg\" alt=\"\" width=\"191\" height=\"212\" srcset=\"https:\/\/serveiseducatius.xtec.cat\/aribagorca-aran\/wp-content\/uploads\/usu1143\/2024\/05\/Sandaran-1-270x300.jpg 270w, https:\/\/serveiseducatius.xtec.cat\/aribagorca-aran\/wp-content\/uploads\/usu1143\/2024\/05\/Sandaran-1.jpg 502w\" sizes=\"auto, (max-width: 191px) 100vw, 191px\" \/><\/a><\/p>\n<p>A compdar dera declaracion deth 2022 coma &#8220;An Sandaran&#8221;, commemoracion deth 80 aniversari dera m\u00f2rt de Josep Sandaran Bacaria, per part deth gov\u00e8rn aran\u00e9s,\u00a0 eth Conselh realiz\u00e8c un seguit d&#8217;actes t\u00e0 celebrar aguest aniversari que culmin\u00e8c damb era presentacion deth<a href=\"https:\/\/productes.conselharan.org\/producto\/josep-sandaran-bacaria-un-aranes-en-barcelona-defensor-dera-val-daran-e-dera-sua-lengua\/\"> LIBE SUS ERA SUA VIDA E \u00d2BRA<\/a>. Eth CRP se volguec h\u00edger ad aguesta commemoracion plantejant aguest proj\u00e8cte que se concret\u00e8c en ua maleta pedagogica e era participacion des esc\u00f2les en proj\u00e8cte.<\/p>\n<p>Ac\u00ed auetz es\u00a0 <a href=\"https:\/\/drive.google.com\/drive\/folders\/11wtEF1Jv8WMzHkWRfgl-J47uTMYa1kB1?usp=sharing\">MATERIAUS <\/a>ent\u00e0 descargar.<\/p>\n<p>&nbsp;<\/p>\n","protected":false},"excerpt":{"rendered":"<p><a href=\"https:\/\/serveiseducatius.xtec.cat\/aribagorca-aran\/wp-content\/uploads\/usu1143\/2024\/05\/Sandaran-1.jpg\"><\/a><br \/>\nA compdar dera declaracion deth 2022 coma &#8220;An Sandaran&#8221;, commemoracion deth 80 aniversari dera m\u00f2rt de Josep Sandaran Bacaria, per part deth gov\u00e8rn aran\u00e9s,\u00a0 eth Conselh realiz\u00e8c un seguit d&#8217;actes t\u00e0 celebrar aguest aniversari que culmin\u00e8c damb era presentacion deth<a href=\"https:\/\/productes.conselharan.org\/producto\/josep-sandaran-bacaria-un-aranes-en-barcelona-defensor-dera-val-daran-e-dera-sua-lengua\/\"> LIBE SUS ERA&hellip;  <a href=\"https:\/\/serveiseducatius.xtec.cat\/aribagorca-aran\/projecte-sandaran\/\" title=\"Read Proj\u00e8cte SANDARAN\">Llegeix m\u00e9s\u00bb<\/a><\/p>\n","protected":false},"author":1,"featured_media":0,"parent":0,"menu_order":0,"comment_status":"closed","ping_status":"closed","template":"","meta":{"_bbp_topic_count":0,"_bbp_reply_count":0,"_bbp_total_topic_count":0,"_bbp_total_reply_count":0,"_bbp_voice_count":0,"_bbp_anonymous_reply_count":0,"_bbp_topic_count_hidden":0,"_bbp_reply_count_hidden":0,"_bbp_forum_subforum_count":0,"footnotes":""},"class_list":["post-19331","page","type-page","status-publish","hentry"],"post_mailing_queue_ids":[],"_links":{"self":[{"href":"https:\/\/serveiseducatius.xtec.cat\/aribagorca-aran\/wp-json\/wp\/v2\/pages\/19331","targetHints":{"allow":["GET"]}}],"collection":[{"href":"https:\/\/serveiseducatius.xtec.cat\/aribagorca-aran\/wp-json\/wp\/v2\/pages"}],"about":[{"href":"https:\/\/serveiseducatius.xtec.cat\/aribagorca-aran\/wp-json\/wp\/v2\/types\/page"}],"author":[{"embeddable":true,"href":"https:\/\/serveiseducatius.xtec.cat\/aribagorca-aran\/wp-json\/wp\/v2\/users\/1"}],"replies":[{"embeddable":true,"href":"https:\/\/serveiseducatius.xtec.cat\/aribagorca-aran\/wp-json\/wp\/v2\/comments?post=19331"}],"version-history":[{"count":3,"href":"https:\/\/serveiseducatius.xtec.cat\/aribagorca-aran\/wp-json\/wp\/v2\/pages\/19331\/revisions"}],"predecessor-version":[{"id":19339,"href":"https:\/\/serveiseducatius.xtec.cat\/aribagorca-aran\/wp-json\/wp\/v2\/pages\/19331\/revisions\/19339"}],"wp:attachment":[{"href":"https:\/\/serveiseducatius.xtec.cat\/aribagorca-aran\/wp-json\/wp\/v2\/media?parent=19331"}],"curies":[{"name":"wp","href":"https:\/\/api.w.org\/{rel}","templated":true}]}}