{"id":19325,"date":"2024-05-10T10:12:21","date_gmt":"2024-05-10T08:12:21","guid":{"rendered":"https:\/\/serveiseducatius.xtec.cat\/aribagorca-aran\/?page_id=19325"},"modified":"2024-05-10T10:12:21","modified_gmt":"2024-05-10T08:12:21","slug":"projectes-comuns-de-lectura","status":"publish","type":"page","link":"https:\/\/serveiseducatius.xtec.cat\/aribagorca-aran\/projectes-comuns-de-lectura\/","title":{"rendered":"Proj\u00e8ctes Comuns de Lectura"},"content":{"rendered":"<p>Des deth CRP s&#8217;anar\u00e0n aufrint maletes de lectura restacades damb autors\/es aranesi e occitans damb era finalitat de con\u00e9isher eth patrim\u00f2ni literari deth n\u00f2ste pa\u00eds.<\/p>\n<p><a href=\"https:\/\/serveiseducatius.xtec.cat\/aribagorca-aran\/wp-content\/uploads\/usu1143\/2024\/05\/Captura-25.png\"><img loading=\"lazy\" decoding=\"async\" class=\"aligncenter size-medium wp-image-19327\" src=\"https:\/\/serveiseducatius.xtec.cat\/aribagorca-aran\/wp-content\/uploads\/usu1143\/2024\/05\/Captura-25-300x170.png\" alt=\"\" width=\"300\" height=\"170\" srcset=\"https:\/\/serveiseducatius.xtec.cat\/aribagorca-aran\/wp-content\/uploads\/usu1143\/2024\/05\/Captura-25-300x170.png 300w, https:\/\/serveiseducatius.xtec.cat\/aribagorca-aran\/wp-content\/uploads\/usu1143\/2024\/05\/Captura-25.png 752w\" sizes=\"auto, (max-width: 300px) 100vw, 300px\" \/><\/a><\/p>\n<p>&nbsp;<\/p>\n<p>&nbsp;<\/p>\n","protected":false},"excerpt":{"rendered":"<p>Des deth CRP s&#8217;anar\u00e0n aufrint maletes de lectura restacades damb autors\/es aranesi e occitans damb era finalitat de con\u00e9isher eth patrim\u00f2ni literari deth n\u00f2ste pa\u00eds.<br \/>\n<a href=\"https:\/\/serveiseducatius.xtec.cat\/aribagorca-aran\/wp-content\/uploads\/usu1143\/2024\/05\/Captura-25.png\"><\/a><br \/>\n&nbsp;<br \/>\n&nbsp;<\/p>\n","protected":false},"author":1,"featured_media":0,"parent":0,"menu_order":0,"comment_status":"closed","ping_status":"closed","template":"","meta":{"_bbp_topic_count":0,"_bbp_reply_count":0,"_bbp_total_topic_count":0,"_bbp_total_reply_count":0,"_bbp_voice_count":0,"_bbp_anonymous_reply_count":0,"_bbp_topic_count_hidden":0,"_bbp_reply_count_hidden":0,"_bbp_forum_subforum_count":0,"footnotes":""},"class_list":["post-19325","page","type-page","status-publish","hentry"],"post_mailing_queue_ids":[],"_links":{"self":[{"href":"https:\/\/serveiseducatius.xtec.cat\/aribagorca-aran\/wp-json\/wp\/v2\/pages\/19325","targetHints":{"allow":["GET"]}}],"collection":[{"href":"https:\/\/serveiseducatius.xtec.cat\/aribagorca-aran\/wp-json\/wp\/v2\/pages"}],"about":[{"href":"https:\/\/serveiseducatius.xtec.cat\/aribagorca-aran\/wp-json\/wp\/v2\/types\/page"}],"author":[{"embeddable":true,"href":"https:\/\/serveiseducatius.xtec.cat\/aribagorca-aran\/wp-json\/wp\/v2\/users\/1"}],"replies":[{"embeddable":true,"href":"https:\/\/serveiseducatius.xtec.cat\/aribagorca-aran\/wp-json\/wp\/v2\/comments?post=19325"}],"version-history":[{"count":2,"href":"https:\/\/serveiseducatius.xtec.cat\/aribagorca-aran\/wp-json\/wp\/v2\/pages\/19325\/revisions"}],"predecessor-version":[{"id":19330,"href":"https:\/\/serveiseducatius.xtec.cat\/aribagorca-aran\/wp-json\/wp\/v2\/pages\/19325\/revisions\/19330"}],"wp:attachment":[{"href":"https:\/\/serveiseducatius.xtec.cat\/aribagorca-aran\/wp-json\/wp\/v2\/media?parent=19325"}],"curies":[{"name":"wp","href":"https:\/\/api.w.org\/{rel}","templated":true}]}}