{"id":19034,"date":"2022-10-27T13:58:56","date_gmt":"2022-10-27T11:58:56","guid":{"rendered":"https:\/\/serveiseducatius.xtec.cat\/aribagorca-aran\/?page_id=19034"},"modified":"2022-10-27T13:58:56","modified_gmt":"2022-10-27T11:58:56","slug":"plan-de-dinamica-educativa","status":"publish","type":"page","link":"https:\/\/serveiseducatius.xtec.cat\/aribagorca-aran\/plan-de-dinamica-educativa\/","title":{"rendered":"Plan de dinamica educativa"},"content":{"rendered":"<p>Eth Plan de Dinamica Educativa dera Val d\u2019Aran ei un proj\u00e8cte conjunt, que se realize des de h\u00e8 sies ans,\u00a0 entre eth Conselh Generau d\u2019Aran e eth Centre de Recorsi Pedagogics dera Val d\u2019Aran deth Departament d\u2019Educacion dera Generalitat de Catalunya.<\/p>\n<p>Aguest Plan ei adre\u00e7at a toti es centres educatius deth territ\u00f2ri: Esc\u00f2les Mairaus, Esc\u00f2les d\u2019Infantila e Prim\u00e0ria e Esc\u00f2les de Segond\u00e0ria, damb era finalitat d&#8217;aufrir e h\u00e8r a con\u00e9isher as centres, es activitats que s\u2019amien a t\u00e8rme enes diferentes entitats o institucions deth territ\u00f2ri, e aportar recorsi e iniciatives pedagogiques ara n\u00f2sta comunitat educativa.<\/p>\n<p>Es prop\u00f2stes d\u2019aguest\u00a0 Plan son estructurades pes diferentes entitats collaboradores que se meten a disposicion des centres t\u00e0 fomentar era participacion e art\u00e9nher es objectius seg\u00fcents:<\/p>\n<ul>\n<li>Prom\u00f2ir er usatge der aran\u00e9s.<\/li>\n<li>Desvolopar iniciatives educatives que supausen un milhor coneishement e apropament ara n\u00f2sta realitat istorica, culturau, naturau e sociau deth par\u00e7an.<\/li>\n<li>Facilitar as m\u00e8stres e professors un s\u00f2rta d\u2019activitats que se poguen includir ena programacion deth cors e que siguen motivadores ent\u00e0s alumnes.<\/li>\n<li>Potenciar era implicacion des Institucions e Entitats locaus e deth territ\u00f2ri, atau coma de tota era comunautat educativa, enes activitats informatives e culturaus que s\u2019organizen des des centres e des deth servici educatiu.<\/li>\n<li>Organizar activitats que faciliten era relacion d\u2019escambi entre eth professorat e er alumnat des diferenti centres educatius deth par\u00e7an.<\/li>\n<\/ul>\n","protected":false},"excerpt":{"rendered":"<p>Eth Plan de Dinamica Educativa dera Val d\u2019Aran ei un proj\u00e8cte conjunt, que se realize des de h\u00e8 sies ans,\u00a0 entre eth Conselh Generau d\u2019Aran e eth Centre de Recorsi Pedagogics dera Val d\u2019Aran deth Departament d\u2019Educacion dera Generalitat de Catalunya.<br \/>\nAguest Plan ei adre\u00e7at a&hellip;  <a href=\"https:\/\/serveiseducatius.xtec.cat\/aribagorca-aran\/plan-de-dinamica-educativa\/\" title=\"Read Plan de dinamica educativa\">Llegeix m\u00e9s\u00bb<\/a><\/p>\n","protected":false},"author":1,"featured_media":0,"parent":0,"menu_order":0,"comment_status":"closed","ping_status":"closed","template":"","meta":{"_bbp_topic_count":0,"_bbp_reply_count":0,"_bbp_total_topic_count":0,"_bbp_total_reply_count":0,"_bbp_voice_count":0,"_bbp_anonymous_reply_count":0,"_bbp_topic_count_hidden":0,"_bbp_reply_count_hidden":0,"_bbp_forum_subforum_count":0,"footnotes":""},"class_list":["post-19034","page","type-page","status-publish","hentry"],"post_mailing_queue_ids":[],"_links":{"self":[{"href":"https:\/\/serveiseducatius.xtec.cat\/aribagorca-aran\/wp-json\/wp\/v2\/pages\/19034","targetHints":{"allow":["GET"]}}],"collection":[{"href":"https:\/\/serveiseducatius.xtec.cat\/aribagorca-aran\/wp-json\/wp\/v2\/pages"}],"about":[{"href":"https:\/\/serveiseducatius.xtec.cat\/aribagorca-aran\/wp-json\/wp\/v2\/types\/page"}],"author":[{"embeddable":true,"href":"https:\/\/serveiseducatius.xtec.cat\/aribagorca-aran\/wp-json\/wp\/v2\/users\/1"}],"replies":[{"embeddable":true,"href":"https:\/\/serveiseducatius.xtec.cat\/aribagorca-aran\/wp-json\/wp\/v2\/comments?post=19034"}],"version-history":[{"count":1,"href":"https:\/\/serveiseducatius.xtec.cat\/aribagorca-aran\/wp-json\/wp\/v2\/pages\/19034\/revisions"}],"predecessor-version":[{"id":19037,"href":"https:\/\/serveiseducatius.xtec.cat\/aribagorca-aran\/wp-json\/wp\/v2\/pages\/19034\/revisions\/19037"}],"wp:attachment":[{"href":"https:\/\/serveiseducatius.xtec.cat\/aribagorca-aran\/wp-json\/wp\/v2\/media?parent=19034"}],"curies":[{"name":"wp","href":"https:\/\/api.w.org\/{rel}","templated":true}]}}