{"id":18767,"date":"2022-04-21T17:00:16","date_gmt":"2022-04-21T15:00:16","guid":{"rendered":"https:\/\/serveiseducatius.xtec.cat\/aribagorca-aran\/?page_id=18767"},"modified":"2022-04-21T17:09:07","modified_gmt":"2022-04-21T15:09:07","slug":"practiques-educatiues-de-referencia-dinnovacion-pedagogica","status":"publish","type":"page","link":"https:\/\/serveiseducatius.xtec.cat\/aribagorca-aran\/practiques-educatiues-de-referencia-dinnovacion-pedagogica\/","title":{"rendered":"Practiques educatiues de refer\u00e9ncia"},"content":{"rendered":"<p>Es practiques educatives de refer\u00e9ncia, consistissen en iniciatiues deth professorat vinculades ath proj\u00e8cte educatiu de centre que evidencien ua milhora educativa, atau com es materiaus e recorsi educatius elaboradi peth professorat, un c\u00f2p an estat implementats e tostemp qu&#8217;ap\u00f2rten milhores entar aprendissatge. (Article 2 Ordre ENS\/303\/2015)<\/p>\n<p>Eth Departament d\u2019Educacion v\u00f2 prom\u00f2ir, recon\u00e9isher e certificar es practiques educatives de refer\u00e9ncia impulsades des deth professorat des centres educatius ent\u00e0 milhorar era qualitat der aprendissatge e contribu\u00efnt ara milhora deth sist\u00e8ma educatiu.<\/p>\n<p><a href=\"https:\/\/innovacio.xtec.gencat.cat\/programa\/2001\" target=\"_blank\" rel=\"noopener\">MAPA DERA INNOVACION PEDAGOGICA<\/a><\/p>\n<p><a href=\"http:\/\/xtec.gencat.cat\/ca\/innovacio\/practiques_educatives_referencia\/\" target=\"_blank\" rel=\"noopener\">M\u00c8S INFORMACION<\/a><\/p>\n","protected":false},"excerpt":{"rendered":"<p>Es practiques educatives de refer\u00e9ncia, consistissen en iniciatiues deth professorat vinculades ath proj\u00e8cte educatiu de centre que evidencien ua milhora educativa, atau com es materiaus e recorsi educatius elaboradi peth professorat, un c\u00f2p an estat implementats e tostemp qu&#8217;ap\u00f2rten milhores entar aprendissatge. (Article 2 Ordre&hellip;  <a href=\"https:\/\/serveiseducatius.xtec.cat\/aribagorca-aran\/practiques-educatiues-de-referencia-dinnovacion-pedagogica\/\" title=\"Read Practiques educatiues de refer\u00e9ncia\">Llegeix m\u00e9s\u00bb<\/a><\/p>\n","protected":false},"author":1,"featured_media":0,"parent":0,"menu_order":0,"comment_status":"closed","ping_status":"closed","template":"","meta":{"_bbp_topic_count":0,"_bbp_reply_count":0,"_bbp_total_topic_count":0,"_bbp_total_reply_count":0,"_bbp_voice_count":0,"_bbp_anonymous_reply_count":0,"_bbp_topic_count_hidden":0,"_bbp_reply_count_hidden":0,"_bbp_forum_subforum_count":0,"footnotes":""},"class_list":["post-18767","page","type-page","status-publish","hentry"],"post_mailing_queue_ids":[],"_links":{"self":[{"href":"https:\/\/serveiseducatius.xtec.cat\/aribagorca-aran\/wp-json\/wp\/v2\/pages\/18767","targetHints":{"allow":["GET"]}}],"collection":[{"href":"https:\/\/serveiseducatius.xtec.cat\/aribagorca-aran\/wp-json\/wp\/v2\/pages"}],"about":[{"href":"https:\/\/serveiseducatius.xtec.cat\/aribagorca-aran\/wp-json\/wp\/v2\/types\/page"}],"author":[{"embeddable":true,"href":"https:\/\/serveiseducatius.xtec.cat\/aribagorca-aran\/wp-json\/wp\/v2\/users\/1"}],"replies":[{"embeddable":true,"href":"https:\/\/serveiseducatius.xtec.cat\/aribagorca-aran\/wp-json\/wp\/v2\/comments?post=18767"}],"version-history":[{"count":2,"href":"https:\/\/serveiseducatius.xtec.cat\/aribagorca-aran\/wp-json\/wp\/v2\/pages\/18767\/revisions"}],"predecessor-version":[{"id":18774,"href":"https:\/\/serveiseducatius.xtec.cat\/aribagorca-aran\/wp-json\/wp\/v2\/pages\/18767\/revisions\/18774"}],"wp:attachment":[{"href":"https:\/\/serveiseducatius.xtec.cat\/aribagorca-aran\/wp-json\/wp\/v2\/media?parent=18767"}],"curies":[{"name":"wp","href":"https:\/\/api.w.org\/{rel}","templated":true}]}}