{"id":18753,"date":"2022-04-21T16:15:15","date_gmt":"2022-04-21T14:15:15","guid":{"rendered":"https:\/\/serveiseducatius.xtec.cat\/aribagorca-aran\/?page_id=18753"},"modified":"2022-04-21T16:18:50","modified_gmt":"2022-04-21T14:18:50","slug":"invesjove","status":"publish","type":"page","link":"https:\/\/serveiseducatius.xtec.cat\/aribagorca-aran\/invesjove\/","title":{"rendered":"INVESJOVE"},"content":{"rendered":"<p>Es jornades Invesjove, Investigacion e Rec\u00e8rca ena Educacion Segond\u00e0ria, formen part d&#8217;un proj\u00e8cte iniciat er an 2008 pes serveis educatius des diferenti par\u00e7ans der Alt Pirineu e Aran damb era finalitat de dar visibilitat e reconeishement ara bona faena realizada pes estudiants e estudiantes pirinencs en encastre dera rec\u00e8rca e qu&#8217;a auut en tot moment eth sup\u00f2rt incondicionau der IDAPA.<br \/>\nInvesjove a coma objectiu potenciar era investigacion e era rec\u00e8rca entre es alumnes de segon de bachilherat, proporcionar pautes estrategiques ent\u00e0 dessenhar-la e posteriorment comunicar es resultats. Aguestes es presenten en forma de libe damb es t\u00e8xti-resums des produccions seleccionades pes respectius centres educatius.<\/p>\n<p><a href=\"https:\/\/territori.gencat.cat\/ca\/06_territori_i_urbanisme\/idapa\/documentacio\/invesjove\/\" target=\"_blank\" rel=\"noopener\">AM\u00c0S DE PUBLICACIONS DES TREBALHS DE REC\u00c8RCA<\/a><\/p>\n<p>&nbsp;<\/p>\n<p><a href=\"https:\/\/serveiseducatius.xtec.cat\/aribagorca-aran\/wp-content\/uploads\/usu1143\/2022\/01\/Screenshot_3-1.png\"><img loading=\"lazy\" decoding=\"async\" class=\"size-medium wp-image-18478 alignleft\" src=\"https:\/\/serveiseducatius.xtec.cat\/aribagorca-aran\/wp-content\/uploads\/usu1143\/2022\/01\/Screenshot_3-1-300x198.png\" alt=\"\" width=\"300\" height=\"198\" srcset=\"https:\/\/serveiseducatius.xtec.cat\/aribagorca-aran\/wp-content\/uploads\/usu1143\/2022\/01\/Screenshot_3-1-300x198.png 300w, https:\/\/serveiseducatius.xtec.cat\/aribagorca-aran\/wp-content\/uploads\/usu1143\/2022\/01\/Screenshot_3-1.png 619w\" sizes=\"auto, (max-width: 300px) 100vw, 300px\" \/><\/a><\/p>\n","protected":false},"excerpt":{"rendered":"<p>Es jornades Invesjove, Investigacion e Rec\u00e8rca ena Educacion Segond\u00e0ria, formen part d&#8217;un proj\u00e8cte iniciat er an 2008 pes serveis educatius des diferenti par\u00e7ans der Alt Pirineu e Aran damb era finalitat de dar visibilitat e reconeishement ara bona faena realizada pes estudiants e estudiantes pirinencs&hellip;  <a href=\"https:\/\/serveiseducatius.xtec.cat\/aribagorca-aran\/invesjove\/\" title=\"Read INVESJOVE\">Llegeix m\u00e9s\u00bb<\/a><\/p>\n","protected":false},"author":1,"featured_media":0,"parent":0,"menu_order":0,"comment_status":"closed","ping_status":"closed","template":"","meta":{"_bbp_topic_count":0,"_bbp_reply_count":0,"_bbp_total_topic_count":0,"_bbp_total_reply_count":0,"_bbp_voice_count":0,"_bbp_anonymous_reply_count":0,"_bbp_topic_count_hidden":0,"_bbp_reply_count_hidden":0,"_bbp_forum_subforum_count":0,"footnotes":""},"class_list":["post-18753","page","type-page","status-publish","hentry"],"post_mailing_queue_ids":[],"_links":{"self":[{"href":"https:\/\/serveiseducatius.xtec.cat\/aribagorca-aran\/wp-json\/wp\/v2\/pages\/18753","targetHints":{"allow":["GET"]}}],"collection":[{"href":"https:\/\/serveiseducatius.xtec.cat\/aribagorca-aran\/wp-json\/wp\/v2\/pages"}],"about":[{"href":"https:\/\/serveiseducatius.xtec.cat\/aribagorca-aran\/wp-json\/wp\/v2\/types\/page"}],"author":[{"embeddable":true,"href":"https:\/\/serveiseducatius.xtec.cat\/aribagorca-aran\/wp-json\/wp\/v2\/users\/1"}],"replies":[{"embeddable":true,"href":"https:\/\/serveiseducatius.xtec.cat\/aribagorca-aran\/wp-json\/wp\/v2\/comments?post=18753"}],"version-history":[{"count":3,"href":"https:\/\/serveiseducatius.xtec.cat\/aribagorca-aran\/wp-json\/wp\/v2\/pages\/18753\/revisions"}],"predecessor-version":[{"id":18763,"href":"https:\/\/serveiseducatius.xtec.cat\/aribagorca-aran\/wp-json\/wp\/v2\/pages\/18753\/revisions\/18763"}],"wp:attachment":[{"href":"https:\/\/serveiseducatius.xtec.cat\/aribagorca-aran\/wp-json\/wp\/v2\/media?parent=18753"}],"curies":[{"name":"wp","href":"https:\/\/api.w.org\/{rel}","templated":true}]}}