{"id":18638,"date":"2022-03-24T17:32:46","date_gmt":"2022-03-24T16:32:46","guid":{"rendered":"https:\/\/serveiseducatius.xtec.cat\/aribagorca-aran\/?page_id=18638"},"modified":"2022-03-24T17:32:46","modified_gmt":"2022-03-24T16:32:46","slug":"pacte-acceleracion-dera-transformacion-educatiua-airines-entath-cambi","status":"publish","type":"page","link":"https:\/\/serveiseducatius.xtec.cat\/aribagorca-aran\/pacte-acceleracion-dera-transformacion-educatiua-airines-entath-cambi\/","title":{"rendered":"PACTE (acceleracion dera transformacion educatiua\/Airines entath cambi)"},"content":{"rendered":"<p>Eth Departament d\u2019Educacion cree eth Programa d&#8217;innovacion pedagogica d\u2019acceleracion dera transformacion educatiua damb era finalitat de proporcionar as centres participants es recorsi e es airines de besonh ent\u00e0 impulsar era transformacion deth centre a trau\u00e9s dera actualizacion deth proj\u00e8cte educatiu de centre damb ua revision deth prop\u00f2sit institucionau, era organizacion deth centre, es metodologies de trebalh, era cultura dera avaloracion e era incorporacion de mesures d\u2019inclusion e equitat educatiues, ent\u00e0 devier ua organizacion escolara aut\u00f2noma, centrada en alumne\/a, damb capacitat d\u2019interactuar damb er entorn.<\/p>\n<p><a href=\"http:\/\/xtec.gencat.cat\/ca\/innovacio\/programes_innovacio\/educacio-infantil-i-primaria\/pacte-programa-acceleracio-transformacio-educativa-eines-canvi\/\" target=\"_blank\" rel=\"noopener\">M\u00c8S INFORMACION<\/a><\/p>\n<p><a href=\"https:\/\/serveiseducatius.xtec.cat\/aribagorca-aran\/wp-content\/uploads\/usu1143\/2022\/03\/Screenshot_56.png\"><img loading=\"lazy\" decoding=\"async\" class=\"size-medium wp-image-18639 alignleft\" src=\"https:\/\/serveiseducatius.xtec.cat\/aribagorca-aran\/wp-content\/uploads\/usu1143\/2022\/03\/Screenshot_56-300x224.png\" alt=\"\" width=\"300\" height=\"224\" srcset=\"https:\/\/serveiseducatius.xtec.cat\/aribagorca-aran\/wp-content\/uploads\/usu1143\/2022\/03\/Screenshot_56-300x224.png 300w, https:\/\/serveiseducatius.xtec.cat\/aribagorca-aran\/wp-content\/uploads\/usu1143\/2022\/03\/Screenshot_56-200x150.png 200w, https:\/\/serveiseducatius.xtec.cat\/aribagorca-aran\/wp-content\/uploads\/usu1143\/2022\/03\/Screenshot_56.png 569w\" sizes=\"auto, (max-width: 300px) 100vw, 300px\" \/><\/a><\/p>\n","protected":false},"excerpt":{"rendered":"<p>Eth Departament d\u2019Educacion cree eth Programa d&#8217;innovacion pedagogica d\u2019acceleracion dera transformacion educatiua damb era finalitat de proporcionar as centres participants es recorsi e es airines de besonh ent\u00e0 impulsar era transformacion deth centre a trau\u00e9s dera actualizacion deth proj\u00e8cte educatiu de centre damb ua revision&hellip;  <a href=\"https:\/\/serveiseducatius.xtec.cat\/aribagorca-aran\/pacte-acceleracion-dera-transformacion-educatiua-airines-entath-cambi\/\" title=\"Read PACTE (acceleracion dera transformacion educatiua\/Airines entath cambi)\">Llegeix m\u00e9s\u00bb<\/a><\/p>\n","protected":false},"author":1,"featured_media":0,"parent":0,"menu_order":0,"comment_status":"closed","ping_status":"closed","template":"","meta":{"_bbp_topic_count":0,"_bbp_reply_count":0,"_bbp_total_topic_count":0,"_bbp_total_reply_count":0,"_bbp_voice_count":0,"_bbp_anonymous_reply_count":0,"_bbp_topic_count_hidden":0,"_bbp_reply_count_hidden":0,"_bbp_forum_subforum_count":0,"footnotes":""},"class_list":["post-18638","page","type-page","status-publish","hentry"],"post_mailing_queue_ids":[],"_links":{"self":[{"href":"https:\/\/serveiseducatius.xtec.cat\/aribagorca-aran\/wp-json\/wp\/v2\/pages\/18638","targetHints":{"allow":["GET"]}}],"collection":[{"href":"https:\/\/serveiseducatius.xtec.cat\/aribagorca-aran\/wp-json\/wp\/v2\/pages"}],"about":[{"href":"https:\/\/serveiseducatius.xtec.cat\/aribagorca-aran\/wp-json\/wp\/v2\/types\/page"}],"author":[{"embeddable":true,"href":"https:\/\/serveiseducatius.xtec.cat\/aribagorca-aran\/wp-json\/wp\/v2\/users\/1"}],"replies":[{"embeddable":true,"href":"https:\/\/serveiseducatius.xtec.cat\/aribagorca-aran\/wp-json\/wp\/v2\/comments?post=18638"}],"version-history":[{"count":1,"href":"https:\/\/serveiseducatius.xtec.cat\/aribagorca-aran\/wp-json\/wp\/v2\/pages\/18638\/revisions"}],"predecessor-version":[{"id":18640,"href":"https:\/\/serveiseducatius.xtec.cat\/aribagorca-aran\/wp-json\/wp\/v2\/pages\/18638\/revisions\/18640"}],"wp:attachment":[{"href":"https:\/\/serveiseducatius.xtec.cat\/aribagorca-aran\/wp-json\/wp\/v2\/media?parent=18638"}],"curies":[{"name":"wp","href":"https:\/\/api.w.org\/{rel}","templated":true}]}}