{"id":18631,"date":"2022-03-24T17:04:13","date_gmt":"2022-03-24T16:04:13","guid":{"rendered":"https:\/\/serveiseducatius.xtec.cat\/aribagorca-aran\/?page_id=18631"},"modified":"2022-03-24T17:07:45","modified_gmt":"2022-03-24T16:07:45","slug":"programes-dinnovacion","status":"publish","type":"page","link":"https:\/\/serveiseducatius.xtec.cat\/aribagorca-aran\/programes-dinnovacion\/","title":{"rendered":"PROGRAMES D&#8217;INNOVACION"},"content":{"rendered":"<p>Era innovacion ei un proc\u00e8s planificat de milhora que cerque era qualitat deth sist\u00e8ma educatiu ent\u00e0 aufrir milhors oportunitats d\u2019aprendissatge personalizat e ent\u00e0 art\u00e9nher eth plen desvolupament personau e sociau des n\u00f2sti escolans e escolanes.<\/p>\n<p>Cada cors eth Departament d&#8217;Educacion aufr\u00eds diu\u00e8rsi Programes d&#8217;Innovacion, as quaus es esc\u00f2les es p\u00f2den h\u00edger en foncion deth s\u00f2n Proj\u00e8cte Educatiu\u00a0 e es besonhs deth s\u00f2n entorn.<\/p>\n<p>Ent\u00e0 <a href=\"http:\/\/xtec.gencat.cat\/ca\/innovacio\/marc_innovacio_pedagogica\/\" target=\"_blank\" rel=\"noopener\">M\u00c8S INFORMACION<\/a><\/p>\n<p><a href=\"https:\/\/innovacio.xtec.gencat.cat\/\" target=\"_blank\" rel=\"noopener\"><img loading=\"lazy\" decoding=\"async\" class=\"aligncenter size-medium wp-image-18632\" src=\"https:\/\/serveiseducatius.xtec.cat\/aribagorca-aran\/wp-content\/uploads\/usu1143\/2022\/03\/Screenshot_55-300x300.png\" alt=\"\" width=\"300\" height=\"300\" srcset=\"https:\/\/serveiseducatius.xtec.cat\/aribagorca-aran\/wp-content\/uploads\/usu1143\/2022\/03\/Screenshot_55-300x300.png 300w, https:\/\/serveiseducatius.xtec.cat\/aribagorca-aran\/wp-content\/uploads\/usu1143\/2022\/03\/Screenshot_55-150x150.png 150w, https:\/\/serveiseducatius.xtec.cat\/aribagorca-aran\/wp-content\/uploads\/usu1143\/2022\/03\/Screenshot_55.png 488w\" sizes=\"auto, (max-width: 300px) 100vw, 300px\" \/><\/a><\/p>\n","protected":false},"excerpt":{"rendered":"<p>Era innovacion ei un proc\u00e8s planificat de milhora que cerque era qualitat deth sist\u00e8ma educatiu ent\u00e0 aufrir milhors oportunitats d\u2019aprendissatge personalizat e ent\u00e0 art\u00e9nher eth plen desvolupament personau e sociau des n\u00f2sti escolans e escolanes.<br \/>\nCada cors eth Departament d&#8217;Educacion aufr\u00eds diu\u00e8rsi Programes d&#8217;Innovacion, as quaus&hellip;  <a href=\"https:\/\/serveiseducatius.xtec.cat\/aribagorca-aran\/programes-dinnovacion\/\" title=\"Read PROGRAMES D&#8217;INNOVACION\">Llegeix m\u00e9s\u00bb<\/a><\/p>\n","protected":false},"author":1,"featured_media":0,"parent":0,"menu_order":0,"comment_status":"closed","ping_status":"closed","template":"","meta":{"_bbp_topic_count":0,"_bbp_reply_count":0,"_bbp_total_topic_count":0,"_bbp_total_reply_count":0,"_bbp_voice_count":0,"_bbp_anonymous_reply_count":0,"_bbp_topic_count_hidden":0,"_bbp_reply_count_hidden":0,"_bbp_forum_subforum_count":0,"footnotes":""},"class_list":["post-18631","page","type-page","status-publish","hentry"],"post_mailing_queue_ids":[],"_links":{"self":[{"href":"https:\/\/serveiseducatius.xtec.cat\/aribagorca-aran\/wp-json\/wp\/v2\/pages\/18631","targetHints":{"allow":["GET"]}}],"collection":[{"href":"https:\/\/serveiseducatius.xtec.cat\/aribagorca-aran\/wp-json\/wp\/v2\/pages"}],"about":[{"href":"https:\/\/serveiseducatius.xtec.cat\/aribagorca-aran\/wp-json\/wp\/v2\/types\/page"}],"author":[{"embeddable":true,"href":"https:\/\/serveiseducatius.xtec.cat\/aribagorca-aran\/wp-json\/wp\/v2\/users\/1"}],"replies":[{"embeddable":true,"href":"https:\/\/serveiseducatius.xtec.cat\/aribagorca-aran\/wp-json\/wp\/v2\/comments?post=18631"}],"version-history":[{"count":2,"href":"https:\/\/serveiseducatius.xtec.cat\/aribagorca-aran\/wp-json\/wp\/v2\/pages\/18631\/revisions"}],"predecessor-version":[{"id":18637,"href":"https:\/\/serveiseducatius.xtec.cat\/aribagorca-aran\/wp-json\/wp\/v2\/pages\/18631\/revisions\/18637"}],"wp:attachment":[{"href":"https:\/\/serveiseducatius.xtec.cat\/aribagorca-aran\/wp-json\/wp\/v2\/media?parent=18631"}],"curies":[{"name":"wp","href":"https:\/\/api.w.org\/{rel}","templated":true}]}}