{"id":17399,"date":"2020-12-17T11:10:11","date_gmt":"2020-12-17T10:10:11","guid":{"rendered":"http:\/\/serveiseducatius.xtec.cat\/aribagorca-aran\/?page_id=17399"},"modified":"2020-12-17T16:48:35","modified_gmt":"2020-12-17T15:48:35","slug":"eirines-davaloracion-der-aprenedissatge-basat-en-problemes","status":"publish","type":"page","link":"https:\/\/serveiseducatius.xtec.cat\/aribagorca-aran\/eirines-davaloracion-der-aprenedissatge-basat-en-problemes\/","title":{"rendered":"Eirines d&#8217;avaloracion der aprenedissatge basat en probl\u00e8mes"},"content":{"rendered":"<p>Era avaloracion der aprenedissatge basat en probl\u00e8mes e r\u00e8ptes cau que contemple totes es sues dimensions: Avaloracion formativa, autoavaloracion, coavaloracion e avaloracion sumatiua.<\/p>\n<p>Caler\u00e0 auer e compde toti es aspectes que seguissen: observar er aqueriment de compet\u00e9ncies, destreses, motivacion, processi, creativitat, participacion e collaboracion, era organizacion, eth guidatge e eth producte finau.<\/p>\n<p>Podem trapar f\u00f2r\u00e7a esturments que faciliten eth proc\u00e9s avaloratiu, quaui les podem trapar aciu:<a href=\"https:\/\/serveiseducatius.xtec.cat\/aribagorca-aran\/wp-content\/uploads\/usu1143\/2020\/12\/AVALOR-COMPETENCIAU.png\"><br \/>\n<img loading=\"lazy\" decoding=\"async\" class=\"wp-image-17403 aligncenter\" src=\"https:\/\/serveiseducatius.xtec.cat\/aribagorca-aran\/wp-content\/uploads\/usu1143\/2020\/12\/AVALOR-COMPETENCIAU-300x206.png\" alt=\"\" width=\"494\" height=\"339\" srcset=\"https:\/\/serveiseducatius.xtec.cat\/aribagorca-aran\/wp-content\/uploads\/usu1143\/2020\/12\/AVALOR-COMPETENCIAU-300x206.png 300w, https:\/\/serveiseducatius.xtec.cat\/aribagorca-aran\/wp-content\/uploads\/usu1143\/2020\/12\/AVALOR-COMPETENCIAU.png 594w\" sizes=\"auto, (max-width: 494px) 100vw, 494px\" \/><\/a><\/p>\n<p><a href=\"https:\/\/serveiseducatius.xtec.cat\/aribagorca-aran\/wp-content\/uploads\/usu1143\/2020\/12\/adcl_exemples_instruments_avaluacio.pdf\" target=\"_blank\" rel=\"noopener noreferrer\">Mod\u00e8us avaloratius competenciaus<\/a><\/p>\n","protected":false},"excerpt":{"rendered":"<p>Era avaloracion der aprenedissatge basat en probl\u00e8mes e r\u00e8ptes cau que contemple totes es sues dimensions: Avaloracion formativa, autoavaloracion, coavaloracion e avaloracion sumatiua.<br \/>\nCaler\u00e0 auer e compde toti es aspectes que seguissen: observar er aqueriment de compet\u00e9ncies, destreses, motivacion, processi, creativitat, participacion e collaboracion, era organizacion,&hellip;  <a href=\"https:\/\/serveiseducatius.xtec.cat\/aribagorca-aran\/eirines-davaloracion-der-aprenedissatge-basat-en-problemes\/\" title=\"Read Eirines d&#8217;avaloracion der aprenedissatge basat en probl\u00e8mes\">Llegeix m\u00e9s\u00bb<\/a><\/p>\n","protected":false},"author":1,"featured_media":0,"parent":0,"menu_order":0,"comment_status":"closed","ping_status":"closed","template":"","meta":{"_bbp_topic_count":0,"_bbp_reply_count":0,"_bbp_total_topic_count":0,"_bbp_total_reply_count":0,"_bbp_voice_count":0,"_bbp_anonymous_reply_count":0,"_bbp_topic_count_hidden":0,"_bbp_reply_count_hidden":0,"_bbp_forum_subforum_count":0,"footnotes":""},"class_list":["post-17399","page","type-page","status-publish","hentry"],"post_mailing_queue_ids":[],"_links":{"self":[{"href":"https:\/\/serveiseducatius.xtec.cat\/aribagorca-aran\/wp-json\/wp\/v2\/pages\/17399","targetHints":{"allow":["GET"]}}],"collection":[{"href":"https:\/\/serveiseducatius.xtec.cat\/aribagorca-aran\/wp-json\/wp\/v2\/pages"}],"about":[{"href":"https:\/\/serveiseducatius.xtec.cat\/aribagorca-aran\/wp-json\/wp\/v2\/types\/page"}],"author":[{"embeddable":true,"href":"https:\/\/serveiseducatius.xtec.cat\/aribagorca-aran\/wp-json\/wp\/v2\/users\/1"}],"replies":[{"embeddable":true,"href":"https:\/\/serveiseducatius.xtec.cat\/aribagorca-aran\/wp-json\/wp\/v2\/comments?post=17399"}],"version-history":[{"count":4,"href":"https:\/\/serveiseducatius.xtec.cat\/aribagorca-aran\/wp-json\/wp\/v2\/pages\/17399\/revisions"}],"predecessor-version":[{"id":17448,"href":"https:\/\/serveiseducatius.xtec.cat\/aribagorca-aran\/wp-json\/wp\/v2\/pages\/17399\/revisions\/17448"}],"wp:attachment":[{"href":"https:\/\/serveiseducatius.xtec.cat\/aribagorca-aran\/wp-json\/wp\/v2\/media?parent=17399"}],"curies":[{"name":"wp","href":"https:\/\/api.w.org\/{rel}","templated":true}]}}