{"id":17370,"date":"2020-12-17T11:15:27","date_gmt":"2020-12-17T10:15:27","guid":{"rendered":"http:\/\/serveiseducatius.xtec.cat\/aribagorca-aran\/?page_id=17370"},"modified":"2021-07-14T13:52:44","modified_gmt":"2021-07-14T11:52:44","slug":"era-recerca-dera-informacion","status":"publish","type":"page","link":"https:\/\/serveiseducatius.xtec.cat\/aribagorca-aran\/era-recerca-dera-informacion\/","title":{"rendered":"Era recerca dera informacion"},"content":{"rendered":"<p>Era obtencion des h\u00f2nts de consulta e informacion supausen eth desvolopament dera compet\u00e9ncia informacionau:<\/p>\n<p>Es eirines tecnologiques aufrissen era hi\u00e8stra dub\u00e8rta en infinitat de recorsi de recerca d&#8217;informacion.\u00a0Ent\u00e0 cada pas podem trapar es esturments ent\u00e0 facilitar era organizacion:<\/p>\n<table style=\"height: 2172px; width: 1019px;\" width=\"150\">\n<tbody>\n<tr style=\"height: 10px;\">\n<td style=\"width: 386.607px; height: 10px;\" colspan=\"2\">\n<h4 style=\"text-align: center;\"><strong><span style=\"color: #808000;\">Besonhs<\/span><\/strong><\/h4>\n<h5><span style=\"color: #808000;\"><strong>\u00a0<\/strong><\/span><\/h5>\n<\/td>\n<td style=\"width: 625px; height: 10px;\">\n<h4 style=\"text-align: center;\"><span style=\"color: #808000;\"><strong>Eirines<\/strong><\/span><\/h4>\n<\/td>\n<\/tr>\n<tr style=\"height: 146px;\">\n<td style=\"width: 207.143px; height: 146px;\">\n<h5><span style=\"color: #808000;\">Planificar,\u00a0 organizar eth trebalh en grop.<strong><br \/>\n<\/strong><\/span><\/h5>\n<\/td>\n<td style=\"width: 177.679px; height: 146px;\">\n<h6><span style=\"color: #808000;\"><strong>Planificadors<\/strong><\/span><\/h6>\n<\/td>\n<td style=\"width: 625px; height: 146px;\">\n<h6 style=\"font-family: 'Helvetica Neue', Helvetica, Helvetica, Arial, sans-serif; font-size: 16px;\"><span style=\"color: #808000;\">Entara organizacion dera informacion podem utilizar eirines gratu\u00eftes coma:<\/span><\/h6>\n<ul style=\"list-style-type: circle;\">\n<li>\n<h6><span style=\"color: #808000;\"><a style=\"color: #808000;\" href=\"https:\/\/calendar.google.com\/calendar\">Google calendar<\/a><\/span><\/h6>\n<\/li>\n<li>\n<h6><span style=\"color: #808000;\"><a style=\"color: #808000;\" href=\"https:\/\/trello.com\/\">Trello<\/a><\/span><\/h6>\n<\/li>\n<\/ul>\n<\/td>\n<\/tr>\n<tr style=\"height: 144px;\">\n<td style=\"width: 207.143px; height: 144px;\">\n<h5><span style=\"color: #808000;\">Discutir e deb\u00e0ter es elements de resolucion<strong><br \/>\n<\/strong><\/span><\/h5>\n<\/td>\n<td style=\"width: 177.679px; height: 144px;\">\n<h6><span style=\"color: #808000;\"><strong>Difusion des ah\u00e8rs:<\/strong><\/span><\/h6>\n<\/td>\n<td style=\"width: 625px; height: 144px;\">\n<ul style=\"list-style-type: circle;\">\n<li><span style=\"color: #808000;\">Corr\u00e8u electr\u00f2nic<\/span><\/li>\n<li><span style=\"color: #808000;\">Documents compartits (drive, dropbox,..)<\/span><\/li>\n<li><span style=\"color: #808000;\">Videoconfer\u00e9ncies. (meet, zoom,&#8230;)<\/span><\/li>\n<\/ul>\n<\/td>\n<\/tr>\n<tr style=\"height: 161px;\">\n<td style=\"width: 207.143px; height: 1226px;\" rowspan=\"4\">\n<h5><span style=\"font-family: Arial; color: #808000;\">Cerca dera informacion.<b><br \/>\n<\/b><\/span><\/h5>\n<p><span style=\"color: #808000; font-size: 16px; font-weight: bold; background-color: #ffffff;\"><br \/>\n<\/span><b style=\"color: #808000; font-family: Arial; font-size: 16px; background-color: #ffffff;\"><br \/>\n<\/b><\/td>\n<td style=\"width: 177.679px; height: 375px;\" rowspan=\"2\">\n<h6><span style=\"font-family: Arial; color: #808000;\"><b>Motors de cerca dera informacion<\/b><\/span><\/h6>\n<\/td>\n<td style=\"width: 625px; height: 161px;\">\n<h6><span style=\"font-size: 16px; color: #808000;\">Es motors de cerca son bases de donades formades a compdar der usatge de programes que capturen era informacion. Responen segontes es paraules clau dera recerca qu&#8217;auem h\u00e8t.<\/span><\/h6>\n<\/td>\n<\/tr>\n<tr style=\"height: 214px;\">\n<td style=\"width: 625px; height: 214px;\">\n<ul style=\"list-style-type: circle;\">\n<li><span style=\"color: #808000;\"><a style=\"color: #808000;\" href=\"https:\/\/www.ecosia.org\/\" target=\"_blank\" rel=\"noopener noreferrer\">Ecosia<\/a><\/span><\/li>\n<li><span style=\"color: #808000;\"><a style=\"color: #808000;\" href=\"https:\/\/www.google.com\/webhp?hl=ca&amp;sa=X&amp;ved=0ahUKEwiRt6HYkM3tAhVznVwKHa55CDYQPAgI\" target=\"_blank\" rel=\"noopener noreferrer\">Google.<\/a><\/span><\/li>\n<li><span style=\"color: #808000;\">Bing \u2013\u00a0<a style=\"color: #808000;\" href=\"https:\/\/www.bing.com\/?setlang=es\">www.bing.com<\/a><\/span><\/li>\n<li><span style=\"color: #808000;\">Yahoo \u2013\u00a0<a style=\"color: #808000;\" href=\"https:\/\/es.yahoo.com\/\">es.yahoo.com<\/a><\/span><\/li>\n<li><span style=\"color: #808000;\">Alta Vista \u2013\u00a0<a style=\"color: #808000;\" href=\"http:\/\/www.altavista.com\/\" rel=\"nofollow&quot;\">www.altavista.com<\/a><\/span><\/li>\n<li><span style=\"color: #808000;\">Ask \u2013\u00a0<a style=\"color: #808000;\" href=\"https:\/\/es.ask.com\/?o=312&amp;l=dir\" rel=\"nofollow&quot;\">www.ask.com<\/a><\/span><\/li>\n<li><span style=\"color: #808000;\">Gigablast \u2013\u00a0<a style=\"color: #808000;\" href=\"http:\/\/www.gigablast.com\/\" rel=\"nofollow&quot;\">http:\/\/www.gigablast.com\/<\/a><\/span><\/li>\n<li><span style=\"color: #808000;\">Excite \u2013\u00a0<a style=\"color: #808000;\" href=\"http:\/\/www.excite.com\/\" rel=\"nofollow&quot;\">www.excite.com<\/a><\/span><\/li>\n<li><span style=\"color: #808000;\">Lycos \u2013\u00a0<a style=\"color: #808000;\" href=\"http:\/\/www.lycos.com\/\" rel=\"nofollow&quot;\">www.lycos.com<\/a><\/span><\/li>\n<\/ul>\n<\/td>\n<\/tr>\n<tr style=\"height: 617px;\">\n<td style=\"width: 177.679px; height: 617px;\">\n<h6><b style=\"color: #808000; font-family: Arial; font-size: 16px;\">Ind\u00e8x tematics<\/b><\/h6>\n<\/td>\n<td style=\"width: 625px; height: 617px;\">\n<h6 style=\"font-family: 'Helvetica Neue', Helvetica, Helvetica, Arial, sans-serif; font-size: 16px;\"><span style=\"color: #808000;\">Es index tematics non responen a cerques automatiques se non a introduccion d&#8217;informacions organizades dera informacion per eishi tematics e collaboratius. Aguesti entorns soent an processi de filtracion ent\u00e0 milhorar era classificacion . Un bon exemple serie era plataforma\u00a0<a style=\"color: #808000;\" href=\"https:\/\/es.wikipedia.org\/wiki\/Wikipedia:Portada\" target=\"_blank\" rel=\"noopener noreferrer\">wikipedia<\/a><\/span><\/h6>\n<h6 style=\"font-family: 'Helvetica Neue', Helvetica, Helvetica, Arial, sans-serif; font-size: 16px;\"><span style=\"color: #808000;\">D&#8217;auti cercadors tematics p\u00f2den ajudar ena recerca dera informacion m\u00e9s especifica:<\/span><\/h6>\n<ul style=\"list-style-type: circle;\">\n<li>\n<h6><span style=\"color: #808000;\"><a style=\"color: #808000;\" href=\"https:\/\/scielo.org\/es\/\"><strong>SciELO<\/strong>\u00a0<\/a>_<strong>\u00a0Scientific Electronic Library Online<\/strong>\u00a0(Bibliot\u00e8ca Scient\u00edfica Electronica en Linha) ei un mod\u00e8u entara publicacion electronica coorperatiua de revistes scientifiques en internet.<\/span><\/h6>\n<\/li>\n<li>\n<h6><span style=\"color: #808000;\"><a style=\"color: #808000;\" href=\"https:\/\/dialnet.unirioja.es\/\"><strong>Dialnet<\/strong><\/a>\u00a0 ei ua des m\u00e8s granes bases de donades scientifiques que compde damb documents, articles, Tessis doctoraus, libres, actes, eca de contengut scientific.<\/span><\/h6>\n<\/li>\n<li>\n<h6><span style=\"color: #808000;\"><a style=\"color: #808000;\" href=\"https:\/\/worldwidescience.org\/\"><strong>WorldWideScience.org<\/strong><\/a>\u00a0ei ua p\u00f2rta d&#8217;acc\u00e9s tath coneishement scientific compausada de bases de donades e portaus scientifics.<\/span><\/h6>\n<\/li>\n<li>\n<h6><span style=\"color: #808000;\"><strong><a style=\"color: #808000;\" href=\"https:\/\/scholar.google.es\/\">Google Scholar<\/a>\u00a0(Google Academic)<\/strong>\u00a0proporcione ua forma simpla de recerca de bibliograf\u00eda academica.<\/span><\/h6>\n<\/li>\n<li>\n<h6><span style=\"color: #808000;\"><a style=\"color: #808000;\" href=\"http:\/\/www.scholarpedia.org\/article\/Main_Page\"><strong>Scholarpedia<\/strong>\u00a0<\/a>ei ua enciclopedia d&#8217;acc\u00e9s liure de t\u00e8xtes revisadi per exp\u00e8rts academics de tot eth mon.<\/span><\/h6>\n<\/li>\n<li>\n<h6><span style=\"color: #808000;\"><a style=\"color: #808000;\" href=\"https:\/\/www.refseek.com\/\"><strong>RefSeek<\/strong><\/a> ei un motor de recerca ent\u00e0 escolanat e investigaires qu&#8217;a coma objetiu h\u00e8r qu&#8217;era informacion academica sigue de facil acc\u00e9s.<\/span><\/h6>\n<\/li>\n<li>\n<h6><span style=\"color: #808000;\"><a style=\"color: #808000;\" href=\"https:\/\/eric.ed.gov\/\"><strong>ERIC<\/strong><\/a>\u00a0damb f\u00f2r\u00e7a recorsi restacadi damb\u00a0 educacion e investigacion.<\/span><\/h6>\n<\/li>\n<li>\n<h6><span style=\"color: #808000;\"><strong><a style=\"color: #808000;\" href=\"https:\/\/www.base-search.net\/\">BASE<\/a>\u00a0(Bielefeld Academia Search Engine)<\/strong>\u00a0ei un des motors de recerca m\u00e8s grani deth mon damb recorsi academics d&#8217;acc\u00e9s dub\u00e8rt.<\/span><\/h6>\n<\/li>\n<li>\n<h6><span style=\"color: #808000;\"><a style=\"color: #808000;\" href=\"https:\/\/cse.google.com\/cse?cx=017986067167581999535:rnewgrysmpe#gsc.tab=0\"><strong>JURN<\/strong><\/a>\u00a0ei ua eirina ent\u00e0 trapar articles academics e libres sus arts, umanitats e deth mon naturau e era ecologia.<\/span><\/h6>\n<\/li>\n<\/ul>\n<\/td>\n<\/tr>\n<tr style=\"height: 234px;\">\n<td style=\"width: 177.679px; height: 234px;\">\n<h6><span style=\"color: #808000;\"><b style=\"font-family: Arial; font-size: 16px; background-color: #ffffff;\">Multicercadors<\/b><\/span><\/h6>\n<\/td>\n<td style=\"width: 625px; height: 234px;\">\n<h6 style=\"font-family: 'Helvetica Neue', Helvetica, Helvetica, Arial, sans-serif; font-size: 16px;\"><span style=\"color: #808000;\">Son cercadors en diuersi motors ath madeish temps:<\/span><\/h6>\n<ul style=\"font-size: 16px; font-family: 'Helvetica Neue', Helvetica, Helvetica, Arial, sans-serif;\">\n<li>\n<h6><span style=\"color: #808000;\"><strong>Copernic<\/strong>\u00a0\u2013\u00a0<a style=\"color: #808000;\" href=\"https:\/\/www.copernic.com\/en\/\">www.copernic.com<\/a>.<\/span><\/h6>\n<\/li>\n<li>\n<h6><span style=\"color: #808000;\"><strong>Metacrawler<\/strong>\u00a0\u2013\u00a0<a style=\"color: #808000;\" href=\"http:\/\/www.metacrawler.co.uk\/\">www.metacrawler.co.uk<\/a>.<\/span><\/h6>\n<\/li>\n<li>\n<h6><span style=\"color: #808000;\"><strong>Ixquick<\/strong>\u00a0\u2013\u00a0<a style=\"color: #808000;\" href=\"https:\/\/www.ixquick.com\/\">www.ixquick.com<\/a><\/span><\/h6>\n<\/li>\n<li>\n<h6><span style=\"color: #808000;\"><strong>Dogpile<\/strong>\u00a0\u2013\u00a0<a style=\"color: #808000;\" href=\"http:\/\/www.dogpile.com\/\">www.dogpile.com<\/a><\/span><\/h6>\n<\/li>\n<li>\n<h6><span style=\"color: #808000;\"><strong>Yippy\u00a0\u2013\u00a0<\/strong><a style=\"color: #808000;\" href=\"http:\/\/yippy.com\/\">yippy.com<\/a><\/span><\/h6>\n<\/li>\n<\/ul>\n<\/td>\n<\/tr>\n<tr style=\"height: 131px;\">\n<td style=\"width: 207.143px; height: 131px;\">\n<h5><span style=\"color: #808000;\">Organizar era informacion.<\/span><\/h5>\n<\/td>\n<td style=\"width: 177.679px; height: 131px;\">\n<h6><strong><span style=\"color: #808000;\">Organizadors<\/span><\/strong><\/h6>\n<\/td>\n<td style=\"width: 625px; height: 131px;\">\n<h6><a href=\"https:\/\/www.goconqr.com\/es\/mapas-mentales\/\" target=\"_blank\" rel=\"noopener noreferrer\"><span style=\"color: #808000;\">Goconqu<\/span><\/a><span style=\"color: #808000;\">, ent\u00e0 realizar mapes mentaus<\/span><\/h6>\n<h6><span style=\"color: #808000;\"><a style=\"color: #808000;\" href=\"https:\/\/coggle.it\/\" target=\"_blank\" rel=\"noopener noreferrer\">Coogle, <\/a>ent\u00e0 desvolopar colaboratiuament<\/span><\/h6>\n<h6><span style=\"color: #808000;\"><a style=\"color: #808000;\" href=\"https:\/\/creately.com\/\" target=\"_blank\" rel=\"noopener noreferrer\">Creately<\/a>, ent\u00e0 dessenh de lin\u00e7\u00f2s d&#8217;informacion<\/span><\/h6>\n<h6><span style=\"color: #808000;\"><a style=\"color: #808000;\" href=\"https:\/\/www.canva.com\/es_es\/graficos\/mapas-conceptuales\/\" target=\"_blank\" rel=\"noopener noreferrer\">Canvas<\/a>, dessenh de mapes conceptuaus<\/span><\/h6>\n<h5><\/h5>\n<\/td>\n<\/tr>\n<tr style=\"height: 149px;\">\n<td style=\"width: 207.143px; height: 149px;\">\n<h5><span style=\"color: #808000;\"><b style=\"color: #808000; font-family: Arial; font-size: 16px;\">Generar naua informacion.<\/b><\/span><\/h5>\n<\/td>\n<td style=\"width: 177.679px; height: 149px;\">\n<h6><strong><span style=\"color: #808000;\">Eirines de processament de t\u00e8xte<\/span><\/strong><\/h6>\n<\/td>\n<td style=\"width: 625px; height: 149px;\">\n<h6><span style=\"color: #808000;\"><span style=\"font-size: 16px; background-color: #ffffff;\">Un viatge organizada era informacion obtenguda e processada, caler\u00e0 dar pas ara solucion dera situacion plantejada. Ent\u00e0 processar mos caleran editors de t\u00e8xte e processadors de t\u00e8xte coma office,\u00a0<\/span><a style=\"font-size: 16px; background-color: #ffffff; color: #808000;\" href=\"https:\/\/www.openoffice.org\/es\/descargar\/\" target=\"_blank\" rel=\"noopener noreferrer\">openoffice<\/a><span style=\"font-size: 16px; background-color: #ffffff;\">, google docs, &#8230;<\/span><\/span><\/h6>\n<\/td>\n<\/tr>\n<tr style=\"height: 209px;\">\n<td style=\"width: 207.143px; height: 209px;\">\n<h5><span style=\"color: #808000;\">\u00a0<\/span><\/h5>\n<\/td>\n<td style=\"width: 177.679px; height: 209px;\">\n<h6><span style=\"color: #808000;\"><strong>P<span style=\"color: #808000;\">rogramari ent\u00e0 bastir taules, diagrames, mapes conceptuaus<\/span><\/strong><br \/>\n<\/span><\/h6>\n<\/td>\n<td style=\"width: 625px; height: 209px;\">\n<h6><span style=\"color: #808000;\"><a style=\"color: #808000;\" href=\"https:\/\/www.goconqr.com\/es\/mapas-mentales\/\" target=\"_blank\" rel=\"noopener noreferrer\">Goconqu<\/a>, ent\u00e0 realizar mapes mentaus<\/span><\/h6>\n<h6><span style=\"color: #808000;\"><a style=\"color: #808000;\" href=\"https:\/\/coggle.it\/\" target=\"_blank\" rel=\"noopener noreferrer\">Coogle, <\/a>ent\u00e0 desvolopar colaboratiuament<\/span><\/h6>\n<h6><span style=\"color: #808000;\"><a style=\"color: #808000;\" href=\"https:\/\/creately.com\/\" target=\"_blank\" rel=\"noopener noreferrer\">Creately<\/a>, ent\u00e0 dessenh de lin\u00e7\u00f2s d&#8217;informacion<\/span><\/h6>\n<h6><span style=\"color: #808000;\"><a style=\"color: #808000;\" href=\"https:\/\/www.canva.com\/es_es\/graficos\/mapas-conceptuales\/\" target=\"_blank\" rel=\"noopener noreferrer\">Canvas<\/a>, dessenh de mapes conceptuaus<\/span><\/h6>\n<p>&nbsp;<\/td>\n<\/tr>\n<tr style=\"height: 157px;\">\n<td style=\"width: 207.143px; height: 157px;\">\n<h5><span style=\"color: #808000;\">Ipotetizar sus situacions reaus.<\/span><\/h5>\n<\/td>\n<td style=\"width: 177.679px; height: 157px;\">\n<h6><strong><span style=\"color: #808000;\">J\u00f2cs de simolacion ent\u00e0 preveir resultats<\/span><\/strong><\/h6>\n<\/td>\n<td style=\"width: 625px; height: 157px;\">\n<h6 style=\"font-family: 'Helvetica Neue', Helvetica, Helvetica, Arial, sans-serif; font-size: 16px;\"><a href=\"https:\/\/phet.colorado.edu\/es\/simulations\/browse\"><span style=\"color: #808000;\">Simolador de f\u00f2rces fisiques\u00a0<\/span><\/a><\/h6>\n<h6 style=\"font-family: 'Helvetica Neue', Helvetica, Helvetica, Arial, sans-serif; font-size: 16px;\"><span style=\"color: #808000;\"><a style=\"color: #808000;\" href=\"https:\/\/www.edumedia-sciences.com\/es\/\">Simolador de sci\u00e9ncia en accion<\/a><\/span><\/h6>\n<h6 style=\"font-family: 'Helvetica Neue', Helvetica, Helvetica, Arial, sans-serif; font-size: 16px;\"><span style=\"color: #808000;\"><a style=\"color: #808000;\" href=\"https:\/\/scratch.mit.edu\/\">Scratch ent\u00e0 simolar moviments de rob\u00f2ts<\/a><\/span><\/h6>\n<h6 style=\"font-family: 'Helvetica Neue', Helvetica, Helvetica, Arial, sans-serif; font-size: 16px;\"><span style=\"color: #808000;\"><a style=\"color: #808000;\" href=\"http:\/\/www.eduforics.com\/es\/10-apps-aprendizaje-musical\/\">Simoladors musicaus<\/a><\/span><\/h6>\n<\/td>\n<\/tr>\n<\/tbody>\n<\/table>\n<p>&nbsp;<\/p>\n<p>&nbsp;<\/p>\n<p>&nbsp;<\/p>\n<p>&nbsp;<\/p>\n","protected":false},"excerpt":{"rendered":"<p>Era obtencion des h\u00f2nts de consulta e informacion supausen eth desvolopament dera compet\u00e9ncia informacionau:<br \/>\nEs eirines tecnologiques aufrissen era hi\u00e8stra dub\u00e8rta en infinitat de recorsi de recerca d&#8217;informacion.\u00a0Ent\u00e0 cada pas podem trapar es esturments ent\u00e0 facilitar era organizacion:<\/p>\n<p>Besonhs<br \/>\n\u00a0<\/p>\n<p>Eirines<\/p>\n<p>Planificar,\u00a0 organizar eth trebalh en grop.<\/p>\n<p>Planificadors<\/p>\n<p>Entara organizacion dera informacion&hellip;  <a href=\"https:\/\/serveiseducatius.xtec.cat\/aribagorca-aran\/era-recerca-dera-informacion\/\" title=\"Read Era recerca dera informacion\">Llegeix m\u00e9s\u00bb<\/a><\/p>\n","protected":false},"author":1,"featured_media":0,"parent":0,"menu_order":0,"comment_status":"closed","ping_status":"closed","template":"","meta":{"_bbp_topic_count":0,"_bbp_reply_count":0,"_bbp_total_topic_count":0,"_bbp_total_reply_count":0,"_bbp_voice_count":0,"_bbp_anonymous_reply_count":0,"_bbp_topic_count_hidden":0,"_bbp_reply_count_hidden":0,"_bbp_forum_subforum_count":0,"footnotes":""},"class_list":["post-17370","page","type-page","status-publish","hentry"],"post_mailing_queue_ids":[],"_links":{"self":[{"href":"https:\/\/serveiseducatius.xtec.cat\/aribagorca-aran\/wp-json\/wp\/v2\/pages\/17370","targetHints":{"allow":["GET"]}}],"collection":[{"href":"https:\/\/serveiseducatius.xtec.cat\/aribagorca-aran\/wp-json\/wp\/v2\/pages"}],"about":[{"href":"https:\/\/serveiseducatius.xtec.cat\/aribagorca-aran\/wp-json\/wp\/v2\/types\/page"}],"author":[{"embeddable":true,"href":"https:\/\/serveiseducatius.xtec.cat\/aribagorca-aran\/wp-json\/wp\/v2\/users\/1"}],"replies":[{"embeddable":true,"href":"https:\/\/serveiseducatius.xtec.cat\/aribagorca-aran\/wp-json\/wp\/v2\/comments?post=17370"}],"version-history":[{"count":3,"href":"https:\/\/serveiseducatius.xtec.cat\/aribagorca-aran\/wp-json\/wp\/v2\/pages\/17370\/revisions"}],"predecessor-version":[{"id":18201,"href":"https:\/\/serveiseducatius.xtec.cat\/aribagorca-aran\/wp-json\/wp\/v2\/pages\/17370\/revisions\/18201"}],"wp:attachment":[{"href":"https:\/\/serveiseducatius.xtec.cat\/aribagorca-aran\/wp-json\/wp\/v2\/media?parent=17370"}],"curies":[{"name":"wp","href":"https:\/\/api.w.org\/{rel}","templated":true}]}}