{"id":17359,"date":"2020-12-17T15:59:35","date_gmt":"2020-12-17T14:59:35","guid":{"rendered":"http:\/\/serveiseducatius.xtec.cat\/aribagorca-aran\/?page_id=17359"},"modified":"2021-07-14T14:06:34","modified_gmt":"2021-07-14T12:06:34","slug":"estrategies-de-resolucion-dun-problema","status":"publish","type":"page","link":"https:\/\/serveiseducatius.xtec.cat\/aribagorca-aran\/estrategies-de-resolucion-dun-problema\/","title":{"rendered":"Estrategies de resolucion d&#8217;un probl\u00e8ma"},"content":{"rendered":"<h5><span style=\"color: #808000;\">ESTRAT\u00c9GIES DER ANALISI CRITIC DERA REALITAT<\/span><\/h5>\n<table style=\"height: 144px; width: 962px;\" width=\"679\">\n<tbody>\n<tr style=\"height: 36px;\">\n<td style=\"width: 167.344px; height: 36px;\"><span style=\"font-size: 16px; color: #808000;\">Estudi de casI<\/span><\/td>\n<td style=\"width: 786.656px; height: 36px;\"><span style=\"color: #808000;\">En tot observar d&#8217;auti mod\u00e8us damb similituds, observar quini elements se poirien profitar ent\u00e0 res\u00f2ler era situacion<\/span><\/td>\n<\/tr>\n<tr style=\"height: 36px;\">\n<td style=\"width: 167.344px; height: 36px;\"><span style=\"color: #808000;\"><span style=\"font-size: 16px; background-color: #ffffff;\">Mapes <\/span><span style=\"font-size: 16px; background-color: #ffffff;\">conceptuaus<\/span><\/span><\/td>\n<td style=\"width: 786.656px; height: 36px;\"><span style=\"color: #808000;\">Organizar era informacion damb que compdam ent\u00e0 poder restacar e estructurar eth coneishement qu&#8217;auem<\/span><\/td>\n<\/tr>\n<tr style=\"height: 36px;\">\n<td style=\"width: 167.344px; height: 36px;\"><span style=\"font-size: 16px; color: #808000;\">Role Playing\u00a0<\/span><\/td>\n<td style=\"width: 786.656px; height: 36px;\"><span style=\"color: #808000;\">En tot representar ua situacion ficticia, dramatizam\u00a0 encastres ent\u00e0 obt\u00eder informacions des d&#8217;auti punts de vista<\/span><\/td>\n<\/tr>\n<tr style=\"height: 36px;\">\n<td style=\"width: 167.344px; height: 36px;\"><span style=\"font-size: 16px; background-color: #ffffff; color: #808000;\">Dilemes moraus<\/span><\/td>\n<td style=\"width: 786.656px; height: 36px;\"><span style=\"color: #808000;\">Rasoament de prepauses a compdar de valors pr\u00f2pris e des auti.<\/span><\/td>\n<\/tr>\n<\/tbody>\n<\/table>\n<h5><span style=\"color: #808000;\">ESTRAT\u00c8GIES D\u2019INDAGACION E BASTIMENT CONJUNT DETH CONEISHEMENT<\/span><\/h5>\n<table style=\"height: 133px; width: 959px;\" width=\"1149\">\n<tbody>\n<tr style=\"height: 54px;\">\n<td style=\"width: 165.573px; height: 54px;\"><span style=\"color: #808000;\">Trebalh per proj\u00e8ctes<\/span><\/td>\n<td style=\"width: 787.865px; height: 54px;\"><span style=\"color: #808000;\">Damb aguesta prepausa se cerque fomentar en escolanat un aprenedisatge centrat enes motivacions personaus, es interessi a on er alumne se plantege quina informacion li cau, coma cercar-la e coma interpretar-la.<\/span><\/td>\n<\/tr>\n<tr style=\"height: 39px;\">\n<td style=\"width: 165.573px; height: 39px;\"><span style=\"color: #808000;\">Webquest<\/span><\/td>\n<td style=\"width: 787.865px; height: 39px;\"><span style=\"color: #808000;\">Tecnica de recerca d&#8217;informacion e categorizacion dera informacion obtenguda e bastir eth coneishement damb tot eth proc\u00e9s.<\/span><\/td>\n<\/tr>\n<tr style=\"height: 40px;\">\n<td style=\"width: 165.573px; height: 40px;\"><span style=\"color: #808000;\">Grup d&#8217;investigacion<\/span><\/td>\n<td style=\"width: 787.865px; height: 40px;\"><span style=\"color: #808000;\">Tecnica de trebalh a on se diversifiquen es ah\u00e8rs e era recerca d&#8217;informacion. Era tecnica se base en grops guidats pes s\u00f2s interesi\u00a0 que planifiquen es ah\u00e8rs en tot despartir-les.<\/span><\/td>\n<\/tr>\n<\/tbody>\n<\/table>\n<h5><span style=\"color: #808000;\">ESTRAT\u00c9GIES D&#8217;APRENEDISSATGE PERSONALIZAT<\/span><\/h5>\n<table style=\"height: 120px; width: 950px;\" width=\"1151\">\n<tbody>\n<tr>\n<td style=\"width: 169.427px;\"><span style=\"font-size: 16px; color: #808000;\">Cooperatiu per<\/span><br style=\"font-size: 16px;\" \/><span style=\"font-size: 16px; color: #808000;\">experts<\/span><\/td>\n<td style=\"width: 775.017px;\"><span style=\"color: #808000;\">Ei ua tecnica de resolucion a on grops eterogenis se responsabilizen individuaument d&#8217;asp\u00e8ctes en foncion des sues abilitats o fortaleses entath benefici conjunt deth grop.<\/span><\/td>\n<\/tr>\n<tr>\n<td style=\"width: 169.427px;\"><span style=\"font-size: 16px; background-color: #ffffff; color: #808000;\">Tutoria entre<\/span><br style=\"font-size: 16px; background-color: #ffffff;\" \/><span style=\"font-size: 16px; background-color: #ffffff; color: #808000;\">iguals<\/span><\/td>\n<td style=\"width: 775.017px;\"><span style=\"color: #808000;\">Ei ua tecnica ena qu&#8217;er escolanat forme parelhes a on un des membres assom\u00eds eth r\u00f2l de tutor e e er aute de tutorizat, toti dus an coma objectiu\u00a0 er aprenedissatge compartit.<\/span><\/td>\n<\/tr>\n<tr>\n<td style=\"width: 169.427px;\"><span style=\"font-size: 16px; color: #808000;\">Treball<\/span><br style=\"font-size: 16px;\" \/><span style=\"font-size: 16px; color: #808000;\">cooperatiu<\/span><\/td>\n<td style=\"width: 775.017px;\"><span style=\"color: #808000;\">Ei ua tecnica que part\u00eds dera organizacion dera classa en petits grops qu&#8217;an coma objectiu era resolucion des ah\u00e8rs prepausadi e der apringondiment en proc\u00e9s d&#8217;aprenendissatge.<\/span><\/td>\n<\/tr>\n<\/tbody>\n<\/table>\n<h5><span style=\"color: #808000;\">ESTRAT\u00c9GIES ENTARA TRANSFORMACION SOCIAU E COMUNITARI<\/span><\/h5>\n<table style=\"width: 945px; height: 73px;\">\n<tbody>\n<tr style=\"height: 31px;\">\n<td style=\"width: 170.66px; height: 31px;\"><span style=\"font-size: 16px; color: #808000;\">Campanha de<\/span><br style=\"font-size: 16px;\" \/><span style=\"font-size: 16px; color: #808000;\">sensibilizacion<\/span><\/td>\n<td style=\"width: 768.785px; height: 31px;\"><span style=\"color: #808000;\">Observar en grop quini son es besonhs d&#8217;un proc\u00e9s d&#8217;aprenedissatge e organizar ua campanha de coneishement de s\u00f2 que h\u00e8m e ent\u00e0 qu\u00e9 ac h\u00e8m<\/span><\/td>\n<\/tr>\n<tr style=\"height: 31px;\">\n<td style=\"width: 170.66px; height: 31px;\"><span style=\"font-size: 16px; background-color: #ffffff; color: #808000;\">Aprenedissatge<\/span><br style=\"font-size: 16px; background-color: #ffffff;\" \/><span style=\"font-size: 16px; background-color: #ffffff; color: #808000;\">Servici<\/span><\/td>\n<td style=\"width: 768.785px; height: 31px;\"><span style=\"color: #808000;\">Organizar en aprenedissatge damb er objeciu d&#8217;aufrir un benefici sociau ent\u00e0 sajar d&#8217;incidir en asp\u00e8ctes que p\u00f2den milhorar era vida des persones.<\/span><\/td>\n<\/tr>\n<\/tbody>\n<\/table>\n<p>&nbsp;<\/p>\n<h5><span style=\"color: #808000;\">ESTRAT\u00c9GIES PARTICIPATIUES<\/span><\/h5>\n<table style=\"height: 212px; width: 939px;\" width=\"1141\">\n<tbody>\n<tr style=\"height: 49px;\">\n<td style=\"width: 172.396px; height: 49px;\"><span style=\"font-size: 16px; color: #808000;\">Assamblea<\/span><\/td>\n<td style=\"width: 761.042px; height: 49px;\"><span style=\"color: #808000;\">Aguesta tecnica aufr\u00eds era possiblitat de milhorar er aprenedissatge a compdar dera expausicion publica des pr\u00f2pris pensaments e escotar es opinions des auti.<\/span><\/td>\n<\/tr>\n<tr style=\"height: 34px;\">\n<td style=\"width: 172.396px; height: 34px;\"><span style=\"font-size: 16px; background-color: #ffffff; color: #808000;\">\u00a0Forum<\/span><\/td>\n<td style=\"width: 761.042px; height: 34px;\"><span style=\"color: #808000;\">Expausicion d&#8217;idies e exposicions sus tematiques.<\/span><\/td>\n<\/tr>\n<tr style=\"height: 49px;\">\n<td style=\"width: 172.396px; height: 49px;\"><span style=\"font-size: 16px; color: #808000;\">Dialog dirigit<\/span><\/td>\n<td style=\"width: 761.042px; height: 49px;\"><span style=\"color: #808000;\">Ua discussion de grops se definissen coma ua conversa planificada e dessenhada en un ambient dirigit, realizada per grops de 7 a 10 persones e guidades per un moderador.<\/span><\/td>\n<\/tr>\n<tr style=\"height: 80px;\">\n<td style=\"width: 172.396px; height: 80px;\"><span style=\"font-size: 16px; background-color: #ffffff; color: #808000;\">Philips 6\/6<\/span><\/td>\n<td style=\"width: 761.042px; height: 80px;\"><span style=\"color: #808000;\">En grops de 6 persones se nomente un coordinador\/a . toti an ua menuta ent\u00e0 expausar era opinion (sies persones, 6 menutes. En ua reflexion posteriora es coodinadors des grops liegen es arguments generadi en grop e en tauleu s&#8217;extr\u00e8n es conclusions.<\/span><\/td>\n<\/tr>\n<\/tbody>\n<\/table>\n<h5><span style=\"color: #808000;\">ESTRAT\u00c9GIES DE DESVOLOPAMENT PERSONAU<\/span><\/h5>\n<table style=\"height: 115px; width: 935px;\" width=\"1141\">\n<tbody>\n<tr>\n<td style=\"width: 181.406px;\"><span style=\"color: #808000;\">Diari personau<\/span><\/td>\n<td style=\"width: 748.038px;\"><span style=\"color: #808000;\">Ei ua tecnica que prebotge eth desvolopament de responses creatiues en tot fomentar era autoestima e deishar const\u00e0ncia ds ah\u00e8rs, activitats e exercicis.<\/span><\/td>\n<\/tr>\n<tr>\n<td style=\"width: 181.406px;\"><span style=\"color: #808000;\">Autobriografia<\/span><\/td>\n<td style=\"width: 748.038px;\"><span style=\"color: #808000;\">Ei ua tecnica que combine era redaccion personau de t\u00e8xtes autobiografics damb era lectura e comentari\u00a0 en grop en tot ajudar a registrar corred\u00e8rs vitaus e experi\u00e9ncies qu&#8217;ajuden en aprendissatge.<\/span><\/td>\n<\/tr>\n<tr>\n<td style=\"width: 181.406px;\"><span style=\"color: #808000;\">Enfocaments socioafectius<\/span><\/td>\n<td style=\"width: 748.038px;\"><span style=\"color: #808000;\">Ei ua tecnica de descripcion d&#8217;emocions que genre er aprenedissatge, atau coma era conscienciacion en proc\u00e9s de resolucion de naues situacions.<\/span><\/td>\n<\/tr>\n<\/tbody>\n<\/table>\n<p>&nbsp;<\/p>\n","protected":false},"excerpt":{"rendered":"<p>ESTRAT\u00c9GIES DER ANALISI CRITIC DERA REALITAT<\/p>\n<p>Estudi de casI<br \/>\nEn tot observar d&#8217;auti mod\u00e8us damb similituds, observar quini elements se poirien profitar ent\u00e0 res\u00f2ler era situacion<\/p>\n<p>Mapes conceptuaus<br \/>\nOrganizar era informacion damb que compdam ent\u00e0 poder restacar e estructurar eth coneishement qu&#8217;auem<\/p>\n<p>Role Playing\u00a0<br \/>\nEn tot representar ua situacion ficticia, dramatizam\u00a0&hellip;  <a href=\"https:\/\/serveiseducatius.xtec.cat\/aribagorca-aran\/estrategies-de-resolucion-dun-problema\/\" title=\"Read Estrategies de resolucion d&#8217;un probl\u00e8ma\">Llegeix m\u00e9s\u00bb<\/a><\/p>\n","protected":false},"author":1,"featured_media":0,"parent":0,"menu_order":0,"comment_status":"closed","ping_status":"closed","template":"","meta":{"_bbp_topic_count":0,"_bbp_reply_count":0,"_bbp_total_topic_count":0,"_bbp_total_reply_count":0,"_bbp_voice_count":0,"_bbp_anonymous_reply_count":0,"_bbp_topic_count_hidden":0,"_bbp_reply_count_hidden":0,"_bbp_forum_subforum_count":0,"footnotes":""},"class_list":["post-17359","page","type-page","status-publish","hentry"],"post_mailing_queue_ids":[],"_links":{"self":[{"href":"https:\/\/serveiseducatius.xtec.cat\/aribagorca-aran\/wp-json\/wp\/v2\/pages\/17359","targetHints":{"allow":["GET"]}}],"collection":[{"href":"https:\/\/serveiseducatius.xtec.cat\/aribagorca-aran\/wp-json\/wp\/v2\/pages"}],"about":[{"href":"https:\/\/serveiseducatius.xtec.cat\/aribagorca-aran\/wp-json\/wp\/v2\/types\/page"}],"author":[{"embeddable":true,"href":"https:\/\/serveiseducatius.xtec.cat\/aribagorca-aran\/wp-json\/wp\/v2\/users\/1"}],"replies":[{"embeddable":true,"href":"https:\/\/serveiseducatius.xtec.cat\/aribagorca-aran\/wp-json\/wp\/v2\/comments?post=17359"}],"version-history":[{"count":3,"href":"https:\/\/serveiseducatius.xtec.cat\/aribagorca-aran\/wp-json\/wp\/v2\/pages\/17359\/revisions"}],"predecessor-version":[{"id":18202,"href":"https:\/\/serveiseducatius.xtec.cat\/aribagorca-aran\/wp-json\/wp\/v2\/pages\/17359\/revisions\/18202"}],"wp:attachment":[{"href":"https:\/\/serveiseducatius.xtec.cat\/aribagorca-aran\/wp-json\/wp\/v2\/media?parent=17359"}],"curies":[{"name":"wp","href":"https:\/\/api.w.org\/{rel}","templated":true}]}}