{"id":17326,"date":"2020-12-17T11:07:00","date_gmt":"2020-12-17T10:07:00","guid":{"rendered":"http:\/\/serveiseducatius.xtec.cat\/aribagorca-aran\/?page_id=17326"},"modified":"2020-12-17T16:47:42","modified_gmt":"2020-12-17T15:47:42","slug":"aprenedissatge-basat-en-problemes-o-reptes","status":"publish","type":"page","link":"https:\/\/serveiseducatius.xtec.cat\/aribagorca-aran\/aprenedissatge-basat-en-problemes-o-reptes\/","title":{"rendered":"Aprenedissatge basat en probl\u00e8mes o r\u00e8ptes"},"content":{"rendered":"<p>En una situacion nau\u00e8ra se plantegen es r\u00e8ptes dera resolucion en tot observar era realitat. Eth proc\u00e9s poirie \u00e8ster eth que segu\u00eds:<\/p>\n<p>Er aprenedissatge basat en probl\u00e8mes ei ua metodologia basada en aprenedissatge a compdar dera resolucion de situacions, damb er analisi dera situacion.\u00a0 Eth punt de partida iniciau deth proc\u00e9s d\u2019aprenedissatge part\u00eds dera comprenen\u00e7a dera situacion, dera formulacion d\u2019ipot\u00e8sis explicatiues, era identificacion des besonhs e era formulacion de possibles solucions. En un punt posterior sajaram d\u2019extr\u00e8ir principis restacadi damb es coneishements naui aquerits atau coma eth pensament critic que se desvolope en tot apr\u00e9ner a observar e analizar situacions.<\/p>\n<p>&nbsp;<\/p>\n<p><a href=\"https:\/\/serveiseducatius.xtec.cat\/aribagorca-aran\/wp-content\/uploads\/usu1143\/2020\/12\/esquema-ABP.png\"><img loading=\"lazy\" decoding=\"async\" class=\" wp-image-17330 aligncenter\" src=\"https:\/\/serveiseducatius.xtec.cat\/aribagorca-aran\/wp-content\/uploads\/usu1143\/2020\/12\/esquema-ABP-300x170.png\" alt=\"\" width=\"459\" height=\"260\" srcset=\"https:\/\/serveiseducatius.xtec.cat\/aribagorca-aran\/wp-content\/uploads\/usu1143\/2020\/12\/esquema-ABP-300x170.png 300w, https:\/\/serveiseducatius.xtec.cat\/aribagorca-aran\/wp-content\/uploads\/usu1143\/2020\/12\/esquema-ABP-768x434.png 768w, https:\/\/serveiseducatius.xtec.cat\/aribagorca-aran\/wp-content\/uploads\/usu1143\/2020\/12\/esquema-ABP-1024x579.png 1024w, https:\/\/serveiseducatius.xtec.cat\/aribagorca-aran\/wp-content\/uploads\/usu1143\/2020\/12\/esquema-ABP.png 1319w\" sizes=\"auto, (max-width: 459px) 100vw, 459px\" \/><\/a><\/p>\n<p>&nbsp;<\/p>\n<p>En plantejar ua situacion probl\u00e8ma:<\/p>\n<ul style=\"list-style-type: circle;\">\n<li>Eth prum\u00e8r pas entara sua comprenen\u00e7a ei ua ploja d&#8217;id\u00e8es ena que cadua des persones ditz quina possibilitat i aur\u00e0 ent\u00e0 res\u00f2ler.<\/li>\n<li>En un dusau pas, caler\u00e0 botjar toti aqueri recorsi des que dispausar\u00e0 ent\u00e0 determinar era comprenen\u00e7a dera situacion: ara seguida caler\u00e0 compr\u00e9ner ben s\u00f2 que mos demanen, es estrategies de cercar de h\u00f2nts d&#8217;informacion, consulta de manuaus, bases de donades, opinons d&#8217;exp\u00e8rts, eca&#8230;Aguest asp\u00e8cte p\u00f2t \u00e8ster de resolucion individuau ent\u00e0 diversificar es h\u00f2nts d&#8217;obtencion dera informacion.<\/li>\n<li>Un viatge realizat eth pas dera recerca dera informacion, eth pas que segu\u00eds ei era metuda en comun de totes es h\u00f2nts obtengudes e deth cribatge dera informacion que mos anar\u00e0 ben ent\u00e0 realizar era resolucion deth probl\u00e8ma. Aguest pas se realizar\u00e0 en petit grop. Aguest proc\u00e9s a coma finalitat desvolopar compet\u00e9ncies d&#8217;apr\u00e9ner a apr\u00e9ner. En tot trebalhar en petit grop se cercaran es solucions ent\u00e0 res\u00f2ler era situacion probl\u00e8ma e s&#8217;expausaran en gran grop es solucions.<\/li>\n<li>Fin finau se realizar\u00e0 un proc\u00e9s d&#8217;avaloracion que comportar\u00e0 era comprovacion dera situacion m\u00e8s tanben era analisi deth proc\u00e9s seguit.<\/li>\n<\/ul>\n<p>&nbsp;<\/p>\n<p><a href=\"https:\/\/serveiseducatius.xtec.cat\/aribagorca-aran\/wp-content\/uploads\/usu1143\/2020\/12\/esquema-reslucion-de-problemes.png\"><img loading=\"lazy\" decoding=\"async\" class=\" wp-image-17339 aligncenter\" src=\"https:\/\/serveiseducatius.xtec.cat\/aribagorca-aran\/wp-content\/uploads\/usu1143\/2020\/12\/esquema-reslucion-de-problemes-300x151.png\" alt=\"\" width=\"509\" height=\"256\" srcset=\"https:\/\/serveiseducatius.xtec.cat\/aribagorca-aran\/wp-content\/uploads\/usu1143\/2020\/12\/esquema-reslucion-de-problemes-300x151.png 300w, https:\/\/serveiseducatius.xtec.cat\/aribagorca-aran\/wp-content\/uploads\/usu1143\/2020\/12\/esquema-reslucion-de-problemes-768x387.png 768w, https:\/\/serveiseducatius.xtec.cat\/aribagorca-aran\/wp-content\/uploads\/usu1143\/2020\/12\/esquema-reslucion-de-problemes.png 824w\" sizes=\"auto, (max-width: 509px) 100vw, 509px\" \/><\/a><\/p>\n<p>&nbsp;<\/p>\n<p>&nbsp;<\/p>\n","protected":false},"excerpt":{"rendered":"<p>En una situacion nau\u00e8ra se plantegen es r\u00e8ptes dera resolucion en tot observar era realitat. Eth proc\u00e9s poirie \u00e8ster eth que segu\u00eds:<br \/>\nEr aprenedissatge basat en probl\u00e8mes ei ua metodologia basada en aprenedissatge a compdar dera resolucion de situacions, damb er analisi dera situacion.\u00a0 Eth punt&hellip;  <a href=\"https:\/\/serveiseducatius.xtec.cat\/aribagorca-aran\/aprenedissatge-basat-en-problemes-o-reptes\/\" title=\"Read Aprenedissatge basat en probl\u00e8mes o r\u00e8ptes\">Llegeix m\u00e9s\u00bb<\/a><\/p>\n","protected":false},"author":1,"featured_media":0,"parent":0,"menu_order":0,"comment_status":"closed","ping_status":"closed","template":"","meta":{"_bbp_topic_count":0,"_bbp_reply_count":0,"_bbp_total_topic_count":0,"_bbp_total_reply_count":0,"_bbp_voice_count":0,"_bbp_anonymous_reply_count":0,"_bbp_topic_count_hidden":0,"_bbp_reply_count_hidden":0,"_bbp_forum_subforum_count":0,"footnotes":""},"class_list":["post-17326","page","type-page","status-publish","hentry"],"post_mailing_queue_ids":[],"_links":{"self":[{"href":"https:\/\/serveiseducatius.xtec.cat\/aribagorca-aran\/wp-json\/wp\/v2\/pages\/17326","targetHints":{"allow":["GET"]}}],"collection":[{"href":"https:\/\/serveiseducatius.xtec.cat\/aribagorca-aran\/wp-json\/wp\/v2\/pages"}],"about":[{"href":"https:\/\/serveiseducatius.xtec.cat\/aribagorca-aran\/wp-json\/wp\/v2\/types\/page"}],"author":[{"embeddable":true,"href":"https:\/\/serveiseducatius.xtec.cat\/aribagorca-aran\/wp-json\/wp\/v2\/users\/1"}],"replies":[{"embeddable":true,"href":"https:\/\/serveiseducatius.xtec.cat\/aribagorca-aran\/wp-json\/wp\/v2\/comments?post=17326"}],"version-history":[{"count":3,"href":"https:\/\/serveiseducatius.xtec.cat\/aribagorca-aran\/wp-json\/wp\/v2\/pages\/17326\/revisions"}],"predecessor-version":[{"id":17446,"href":"https:\/\/serveiseducatius.xtec.cat\/aribagorca-aran\/wp-json\/wp\/v2\/pages\/17326\/revisions\/17446"}],"wp:attachment":[{"href":"https:\/\/serveiseducatius.xtec.cat\/aribagorca-aran\/wp-json\/wp\/v2\/media?parent=17326"}],"curies":[{"name":"wp","href":"https:\/\/api.w.org\/{rel}","templated":true}]}}